{"id":775,"date":"2020-04-29T19:38:04","date_gmt":"2020-04-29T19:38:04","guid":{"rendered":"https:\/\/unceasinglypray.org\/?page_id=775"},"modified":"2020-04-29T22:49:35","modified_gmt":"2020-04-29T22:49:35","slug":"letter-1","status":"publish","type":"page","link":"https:\/\/unceasinglypray.org\/tr\/letter-1\/","title":{"rendered":"Letter 1"},"content":{"rendered":"<h2>\n\t\tK\u00dcRESEL DUA \u0130\u00c7\u0130N \u00c7A\u011eRI\n\t<\/h2>\n\t<p>30, Mart, 2020<\/p>\n\t<p><img \/><\/p>\n<p><em>Ey Yeru\u015falim, surlar\u0131na bek\u00e7iler diktim, Gece g\u00fcnd\u00fcz hi\u00e7 susmayacaklar. Ey RAB'be s\u00f6z\u00fcn\u00fc an\u0131msatanlar, Yeru\u015falim'i peki\u015ftirene, Onu yery\u00fcz\u00fcn\u00fcn \u00f6v\u00fcnc\u00fc k\u0131lana dek Durup dinlenmeden RAB'be yakar\u0131n, O'na rahat vermeyin. RAB sa\u011f elini, g\u00fc\u00e7l\u00fc kolunu kald\u0131r\u0131p ant i\u00e7ti: \"Tah\u0131l\u0131n\u0131 bir daha d\u00fc\u015fmanlar\u0131na yedirmeyece\u011fim, Emek verdi\u011fin yeni \u015farab\u0131 yabanc\u0131lar i\u00e7meyecek.\u00a0\u00a0<\/em><em>and until He makes Jerusalem a praise in the earth.\u00a0<\/em><em>Ye\u015faya 62: 6-7<\/em><\/p>\n&nbsp;<br \/>\nTanr\u0131'n\u0131n kilisesinin iki katl\u0131 stratejik bir komisyonu vard\u0131r - Tanr\u0131'ya dua etmek ve \u0130sa Mesih'in M\u00fcjdesi'ni insanlara vaaz etmektir. Genellikle insanlara ula\u015fmak \u00fczere Rab'bin i\u00e7in yapt\u0131\u011f\u0131m\u0131z \u00e7al\u0131\u015fmalara odaklan\u0131r\u0131z, ancak kilisenin dua hizmeti asl\u0131nda \u00e7ok daha \u00f6nemlidir. D\u00fcnyadaki mevcut durum, Rab'bin geri kazanmas\u0131nda t\u00fcm kutsallar\u0131n kilisenin ihmal edilen i\u015flevini yerine getirmesi i\u00e7in kalkmalar\u0131 i\u00e7in bir \u00e7a\u011fr\u0131d\u0131r: Yery\u00fcz\u00fcndeki ilgilerini ilerlemesi i\u00e7in dua ederek Tanr\u0131 ile i\u015fbirli\u011fi yapmak i\u00e7indir. Bu ama\u00e7la, d\u00fcnyan\u0131n d\u00f6rt bir yan\u0131ndaki kiliselerdeki kutsallardan, 1. Nisan ile 21. Nisan, 2020 tarihleri aras\u0131nda her g\u00fcn on be\u015f dakikal\u0131k bir zaman dilimi i\u00e7in ki\u015fisel veya karde\u015fleriyle dua etmek i\u00e7in kaydolmalar\u0131n\u0131 istiyoruz. Ne i\u00e7in dua edilece\u011fine dair baz\u0131 \u00f6neriler sunaca\u011f\u0131z, ancak \u00f6nce Rab'bin ihtiya\u00e7 duydu\u011fu dua t\u00fcr\u00fcn\u00fc temel bir anlay\u0131\u015fa girelim.<br \/>\n&nbsp;<br \/>\nToo often we think of prayer as something we do only when we are aware of a particular spiritual or practical need or when we want to accomplish something for the Lord in a way of service, whether personally, with others, or as the church. Prayer for these things is legitimate and even necessary, but the highest and deepest prayers in the New Testament are, first and foremost, for God&#8217;s work in the saints and for His move on the earth (Phil. 1:9-11; Eph. 1:15-23; 3:14-21; Acts 4:24-31; Eph. 6:18-20; Col. 4:2-4). Intercessory prayer is a matter of co-laboring with Christ in His heavenly ministry. Such prayer is the pinnacle of the church\u2019s service to Christ. He as the heavenly Intercessor needs His people on the earth to echo His desire. Matthew 18:18 says, \u201cTruly I say to you, Whatever you bind on the earth shall have been bound in heaven, and whatever you loose on the earth shall have been loosed in heaven.\u201d Brother Watchman Nee helped us see from this verse that God in the heavens is waiting for the church to execute His will on the earth through prayer. Something may have been bound or loosed in the heavens, but it is only through the church&#8217;s prayer that it can be bound or loosed on the earth.<br \/>\n&nbsp;<br \/>\nThe book of Revelation shows us God&#8217;s divine administration in His consummating of this age. In this book we do not see the churches carrying out so many activities. Rather, we see prayer in relation to God&#8217;s governmental move. The saints&#8217; prayers are present in the scene in heaven at Christ&#8217;s ascension and the opening of the scroll of God&#8217;s economy (Rev. 5:8). God responds to the cry of the martyred saints (6:9-10) with the opening of the sixth seal, which marks the beginning of the great tribulation (vv. 12-17). After Christ as \u201canother Angel\u201d offers the saints&#8217; prayers with Himself as the incense before the throne, fire is cast to the earth followed by supernatural calamities, marking the beginning of God&#8217;s judgment of the earth and its inhabitants (8:3-5). In each case the prayers mentioned have dispensational significance and enable God to carry out His administration.<br \/>\n&nbsp;<br \/>\nRab bu \u00e7a\u011fa son vermek ve Egemenli\u011fi'ni yery\u00fcz\u00fcne kurmak istiyor (Va. 11:15; 12:10). Gelini ve ordusu olarak yeterli say\u0131da inananlar\u0131n haz\u0131rlanmas\u0131n\u0131 beklemektedir (Va. 19: 7, 14). \u015eimdi, Matta 6: 9-10'a g\u00f6re, Baba'y\u0131 her zamankinden daha fazla, ad\u0131 kutsal k\u0131l\u0131naca\u011f\u0131n\u0131, Egemenli\u011fi'nin gelece\u011fini ve O'nun yery\u00fcz\u00fcnde iste\u011finin yap\u0131laca\u011f\u0131n\u0131 yalvarmal\u0131y\u0131z. Bir yandan, \u015fu anda d\u00fcnya \u00e7ap\u0131nda hasara yol a\u00e7an salg\u0131n, Rab'bin uluslara bir uyar\u0131d\u0131r. \u00d6te yandan, Rab'bin halk\u0131na, buhur suna\u011f\u0131nda y\u00fckselmi\u015f Mesih'le birlikte olma ve O'nun arac\u0131l\u0131k edi\u015fine uyma komisyonunu y\u00fcr\u00fctme \u00e7a\u011fr\u0131s\u0131d\u0131r.<br \/>\n&nbsp;<br \/>\nThe Bible shows us that the created race of Adam, the called race of Abraham, and the church as a whole all failed God in cooperating with Him to accomplish His purpose. For this reason, in Revelation 2 and 3 the Lord called for overcomers. We must realize that God&#8217;s move depends upon overcomers, and a key characteristic of overcomers is their prayer. The martyred saints crying out beneath the altar in Revelation 6 become the overcoming man-child in chapter 12, and when the man-child is caught up to heaven, Satan is cast down (12:5, 9). One aspect of the Lord&#8217;s recovery today is to produce overcomers who will fully cooperate with the Lord so that His purpose can be fulfilled and He can return. We must be those overcomers who are praying at the incense altar in the house of God to correspond with Christ, our heavenly High Priest, and to cooperate with God by praying on the earth what is out from His throne.<br \/>\n&nbsp;<br \/>\nThe saints in the churches in the Lord&#8217;s recovery should all aspire to be overcomers. However, we must realize that such spiritual warriors are not produced overnight. We need to build up our praying and fighting capacity. We believe that the unprecedented restriction many of us find ourselves under is sovereign of the Lord to grant us the opportunity to recover and uplift both our personal and corporate prayer life. If you read the New Testament carefully, you will realize that the apostle Paul&#8217;s ability to minister from prison was quite limited, but he prayed much. Similarly, Brother Nee carried out his public ministry for thirty years, but while he was in prison during the last twenty years of his life, he could minister only in a limited way to those around him. Yet during that time of confinement, he was able to join with the interceding Christ in a hidden ministry of prayer.<br \/>\n&nbsp;<br \/>\nWe are accustomed to viewing all the provisions of God, the bountiful supply of the Spirit, and the riches that we have received from this ministry as the spiritual supply for our growth in life for the building up of the church. This is not wrong, but we should realize that all these things are also to strengthen us to carry out the church&#8217;s paramount ministry of prayer. We need to read the Bible, know the anointing, and be nourished by the ministry of the age so that we can know how to pray according to God&#8217;s will and not our own. We all want to have the Lord&#8217;s presence, but we should realize that the Lord&#8217;s promise to be with us when we gather together in His name is in the context of two or three offering binding and loosing prayer in harmony with one another and with God\u2019s will (Matt. 18:18-20).<br \/>\n&nbsp;<br \/>\nSon olarak, kendimizi dua ederek Rab'ble birle\u015ftirdik\u00e7e, S\u00fcleyman'\u0131n 1. Krallar 8:48'deki dua etmesini hat\u0131rlamam\u0131z gerekir, burada Tanr\u0131'n\u0131n halk\u0131n\u0131n Tanr\u0131'ya Tanr\u0131 taraf\u0131ndan halk\u0131na da\u011f\u0131t\u0131lm\u0131\u015f pay olarak Mesih'i simgeleyen kutsal toprak i\u00e7in; Mesih'te Tanr\u0131'n\u0131n Egemenli\u011fi'ni simgleyen kutsal kent i\u00e7in ve yery\u00fcz\u00fcndeki Tanr\u0131'n\u0131n evini, kiliseyi simgeleyen kutal tap\u0131nak i\u00e7in dua etti\u011fini s\u00f6yledi. Bu, Tanr\u0131'ya olan dualar\u0131m\u0131z\u0131n Mesih'e, Tanr\u0131'n\u0131n Egemenli\u011fi'ne ve Tanr\u0131'n\u0131n ebedi tasar\u0131s\u0131ndaki hedef olarak Tanr\u0131'n\u0131n evine do\u011fru oldu\u011funda Tanr\u0131'n\u0131n duam\u0131z\u0131 dinleyece\u011fini g\u00f6sterir. Bu, kimin i\u00e7in dua etti\u011fimiz \u00f6nemli de\u011fil, dualar\u0131m\u0131z\u0131n,  tasar\u0131s\u0131n\u0131n yerine getirilmesi i\u00e7in yery\u00fcz\u00fcndeki Tanr\u0131'n\u0131n hakk\u0131n\u0131 yani Mesih'i ve kiliseyi  ama\u00e7lanmas\u0131 gerekti\u011fi anlam\u0131na gelir.<br \/>\n&nbsp;<br \/>\nKarde\u015fler, ilerlemeliyiz. Bu dua hizmetini hem ki\u015fisel hem de birbirimizle kurmak i\u00e7in bu g\u00fcnlerde a\u011f\u0131r olmal\u0131y\u0131z. \u0130ster bireysel ister toplu olsun t\u00fcm s\u0131k\u0131nt\u0131lar\u0131m\u0131z, dua eksikli\u011fine kadar k\u00f6kenini bulunabilir. \u015eu anda, bu kadar g\u00fc\u00e7l\u00fc veya \u00e7ok uzun s\u00fcre dua edemeyebiliriz, ancak kar\u015f\u0131 kar\u015f\u0131ya kald\u0131\u011f\u0131m\u0131z k\u0131s\u0131tlamalar, kednimizi  vermek i\u00e7in bir zihnimiz varsa, dua kapasitemizi geli\u015ftirmenin bir yolunu sa\u011flar. Dahas\u0131, fiziksel olarak izole edilmi\u015f olsak da, Rab bize modern teknolojiyle birlikte hala dua etmemiz i\u00e7in bir yol verdi. Bu f\u0131rsat\u0131 de\u011ferlendirmek i\u00e7in zaman\u0131m\u0131z\u0131 b\u00fct\u00e7elendirmeli ve d\u00fczenli olarak dua etmeye al\u0131\u015ft\u0131rmal\u0131y\u0131z.<br \/>\n&nbsp;<br \/>\nThe saints in the churches in the Lord&#8217;s recovery have never been so ready to enter into such prayer. Today, more than ever, there is a strong one accord and rich blending among the co-workers and the churches on the earth. We can truly pray as one Body, even as one new man, joined to Christ, our ascended Head. Together let us put on the whole armor of God to stand against the rulers and authorities of darkness and the spiritual forces of evil in the heavenlies. Let us continue steadfastly to pray at every time and in every place for God\u2019s will to be done on the earth.<br \/>\n&nbsp;<br \/>\nBu nedenle, bu kritik noktada ihtiyac\u0131 kar\u015f\u0131lamak i\u00e7in, Rab'bin geri kazanmas\u0131ndaki her k\u0131ta, ulus ve y\u00f6reden t\u00fcm kutsallar\u0131, bu dua hizmetine dikkatle ve ciddiyetle kat\u0131lmaya \u00e7a\u011f\u0131r\u0131yoruz. \u00d6zellikle, bu 21 g\u00fcn boyunca ve dunyan\u0131n her yerinde O'na \u00f6vg\u00fc oluncaya kadar, bir\u00e7ok ki\u015finin Yeru\u015falim surlar\u0131na (Ye\u015faya 62: 6) atanan bek\u00e7i olarak d\u00fcnya \u00e7ap\u0131nda, gece g\u00fcnd\u00fcz duaya kat\u0131lmas\u0131n\u0131 umuyoruz!<br \/>\n&nbsp;<br \/>\n<em>Kutsallar\u0131n dualar\u0131yla buhurun duman\u0131, Tanr\u0131'n\u0131n \u00f6n\u00fcnde mele\u011fin elinden y\u00fckseldi.\u00a0Melek buhurdan\u0131 ald\u0131, suna\u011f\u0131n ate\u015fiyle doldurup yery\u00fcz\u00fcne att\u0131. G\u00f6k g\u00fcrlemeleri, u\u011fultular i\u015fitildi, \u015fim\u015fekler \u00e7akt\u0131, yer sars\u0131ld\u0131.\u00a0- Va. 8:4-5<\/em>\n<p><img alt=\"\" width=\"25650\" height=\"150\" \/><\/p>","protected":false},"excerpt":{"rendered":"<p>A CALL FOR GLOBAL PRAYER MARCH 30, 2020 Upon your walls, O Jerusalem, I have appointed watchmen; all day and all night they will never keep silent. You who remind Jehovah, do not be dumb; and do not give Him quiet until He establishes\u00a0and until He makes Jerusalem a praise in the earth.\u00a0\u2014Isaiah 62:6-7 &nbsp;&hellip;<\/p>","protected":false},"author":1,"featured_media":0,"parent":0,"menu_order":0,"comment_status":"closed","ping_status":"closed","template":"","meta":{"inline_featured_image":false,"footnotes":""},"class_list":["post-775","page","type-page","status-publish","hentry"],"yoast_head":"<!-- This site is optimized with the Yoast SEO plugin v27.4 - https:\/\/yoast.com\/product\/yoast-seo-wordpress\/ -->\n<title>Letter 1 - Unceasingly Pray<\/title>\n<meta name=\"robots\" content=\"index, follow, max-snippet:-1, max-image-preview:large, max-video-preview:-1\" \/>\n<link rel=\"canonical\" href=\"https:\/\/unceasinglypray.org\/tr\/letter-1\/\" \/>\n<meta property=\"og:locale\" content=\"tr_TR\" \/>\n<meta property=\"og:type\" content=\"article\" \/>\n<meta property=\"og:title\" content=\"Letter 1 - Unceasingly Pray\" \/>\n<meta property=\"og:description\" content=\"A CALL FOR GLOBAL PRAYER MARCH 30, 2020 Upon your walls, O Jerusalem, I have appointed watchmen; all day and all night they will never keep silent. You who remind Jehovah, do not be dumb; and do not give Him quiet until He establishes\u00a0and until He makes Jerusalem a praise in the earth.\u00a0\u2014Isaiah 62:6-7 &nbsp;&hellip;\" \/>\n<meta property=\"og:url\" content=\"https:\/\/unceasinglypray.org\/tr\/letter-1\/\" \/>\n<meta property=\"og:site_name\" content=\"Unceasingly Pray\" \/>\n<meta property=\"article:modified_time\" content=\"2020-04-29T22:49:35+00:00\" \/>\n<meta name=\"twitter:card\" content=\"summary_large_image\" \/>\n<meta name=\"twitter:label1\" content=\"Tahmini okuma s\u00fcresi\" \/>\n\t<meta name=\"twitter:data1\" content=\"8 dakika\" \/>\n<script type=\"application\/ld+json\" class=\"yoast-schema-graph\">{\"@context\":\"https:\\\/\\\/schema.org\",\"@graph\":[{\"@type\":\"WebPage\",\"@id\":\"https:\\\/\\\/unceasinglypray.org\\\/ro\\\/letter-1\\\/\",\"url\":\"https:\\\/\\\/unceasinglypray.org\\\/ro\\\/letter-1\\\/\",\"name\":\"Letter 1 - Unceasingly Pray\",\"isPartOf\":{\"@id\":\"https:\\\/\\\/unceasinglypray.org\\\/ar\\\/#website\"},\"datePublished\":\"2020-04-29T19:38:04+00:00\",\"dateModified\":\"2020-04-29T22:49:35+00:00\",\"breadcrumb\":{\"@id\":\"https:\\\/\\\/unceasinglypray.org\\\/ro\\\/letter-1\\\/#breadcrumb\"},\"inLanguage\":\"tr\",\"potentialAction\":[{\"@type\":\"ReadAction\",\"target\":[\"https:\\\/\\\/unceasinglypray.org\\\/ro\\\/letter-1\\\/\"]}]},{\"@type\":\"BreadcrumbList\",\"@id\":\"https:\\\/\\\/unceasinglypray.org\\\/ro\\\/letter-1\\\/#breadcrumb\",\"itemListElement\":[{\"@type\":\"ListItem\",\"position\":1,\"name\":\"Home\",\"item\":\"https:\\\/\\\/unceasinglypray.org\\\/pt\\\/\"},{\"@type\":\"ListItem\",\"position\":2,\"name\":\"Letter 1\"}]},{\"@type\":\"WebSite\",\"@id\":\"https:\\\/\\\/unceasinglypray.org\\\/ar\\\/#website\",\"url\":\"https:\\\/\\\/unceasinglypray.org\\\/ar\\\/\",\"name\":\"Unceasingly Pray\",\"description\":\"\",\"potentialAction\":[{\"@type\":\"SearchAction\",\"target\":{\"@type\":\"EntryPoint\",\"urlTemplate\":\"https:\\\/\\\/unceasinglypray.org\\\/ar\\\/?s={search_term_string}\"},\"query-input\":{\"@type\":\"PropertyValueSpecification\",\"valueRequired\":true,\"valueName\":\"search_term_string\"}}],\"inLanguage\":\"tr\"}]}<\/script>\n<!-- \/ Yoast SEO plugin. -->","yoast_head_json":{"title":"Letter 1 - Unceasingly Pray","robots":{"index":"index","follow":"follow","max-snippet":"max-snippet:-1","max-image-preview":"max-image-preview:large","max-video-preview":"max-video-preview:-1"},"canonical":"https:\/\/unceasinglypray.org\/tr\/letter-1\/","og_locale":"tr_TR","og_type":"article","og_title":"Letter 1 - Unceasingly Pray","og_description":"A CALL FOR GLOBAL PRAYER MARCH 30, 2020 Upon your walls, O Jerusalem, I have appointed watchmen; all day and all night they will never keep silent. You who remind Jehovah, do not be dumb; and do not give Him quiet until He establishes\u00a0and until He makes Jerusalem a praise in the earth.\u00a0\u2014Isaiah 62:6-7 &nbsp;&hellip;","og_url":"https:\/\/unceasinglypray.org\/tr\/letter-1\/","og_site_name":"Unceasingly Pray","article_modified_time":"2020-04-29T22:49:35+00:00","twitter_card":"summary_large_image","twitter_misc":{"Tahmini okuma s\u00fcresi":"8 dakika"},"schema":{"@context":"https:\/\/schema.org","@graph":[{"@type":"WebPage","@id":"https:\/\/unceasinglypray.org\/ro\/letter-1\/","url":"https:\/\/unceasinglypray.org\/ro\/letter-1\/","name":"Letter 1 - Unceasingly Pray","isPartOf":{"@id":"https:\/\/unceasinglypray.org\/ar\/#website"},"datePublished":"2020-04-29T19:38:04+00:00","dateModified":"2020-04-29T22:49:35+00:00","breadcrumb":{"@id":"https:\/\/unceasinglypray.org\/ro\/letter-1\/#breadcrumb"},"inLanguage":"tr","potentialAction":[{"@type":"ReadAction","target":["https:\/\/unceasinglypray.org\/ro\/letter-1\/"]}]},{"@type":"BreadcrumbList","@id":"https:\/\/unceasinglypray.org\/ro\/letter-1\/#breadcrumb","itemListElement":[{"@type":"ListItem","position":1,"name":"Home","item":"https:\/\/unceasinglypray.org\/pt\/"},{"@type":"ListItem","position":2,"name":"Letter 1"}]},{"@type":"WebSite","@id":"https:\/\/unceasinglypray.org\/ar\/#website","url":"https:\/\/unceasinglypray.org\/ar\/","name":"Unceasingly Pray","description":"","potentialAction":[{"@type":"SearchAction","target":{"@type":"EntryPoint","urlTemplate":"https:\/\/unceasinglypray.org\/ar\/?s={search_term_string}"},"query-input":{"@type":"PropertyValueSpecification","valueRequired":true,"valueName":"search_term_string"}}],"inLanguage":"tr"}]}},"_links":{"self":[{"href":"https:\/\/unceasinglypray.org\/tr\/wp-json\/wp\/v2\/pages\/775","targetHints":{"allow":["GET"]}}],"collection":[{"href":"https:\/\/unceasinglypray.org\/tr\/wp-json\/wp\/v2\/pages"}],"about":[{"href":"https:\/\/unceasinglypray.org\/tr\/wp-json\/wp\/v2\/types\/page"}],"author":[{"embeddable":true,"href":"https:\/\/unceasinglypray.org\/tr\/wp-json\/wp\/v2\/users\/1"}],"replies":[{"embeddable":true,"href":"https:\/\/unceasinglypray.org\/tr\/wp-json\/wp\/v2\/comments?post=775"}],"version-history":[{"count":0,"href":"https:\/\/unceasinglypray.org\/tr\/wp-json\/wp\/v2\/pages\/775\/revisions"}],"wp:attachment":[{"href":"https:\/\/unceasinglypray.org\/tr\/wp-json\/wp\/v2\/media?parent=775"}],"curies":[{"name":"wp","href":"https:\/\/api.w.org\/{rel}","templated":true}]}}