{"id":750,"date":"2020-04-21T17:29:53","date_gmt":"2020-04-21T17:29:53","guid":{"rendered":"https:\/\/unceasinglypray.org\/?page_id=750"},"modified":"2020-06-11T15:11:41","modified_gmt":"2020-06-11T15:11:41","slug":"day-25","status":"publish","type":"page","link":"https:\/\/unceasinglypray.org\/tr\/day-25\/","title":{"rendered":"Day 25"},"content":{"rendered":"<p><a href=\"https:\/\/unceasinglypray.org\/tr\/day-25\/\">DAY 25: PRAYER TO HAVE A HIDDEN LIFE WITH THE FATHER<\/a><\/p>\n\t<p>Mat. 6:1-6; Kol. 3:3<\/p>\n\t<p>Kutsallar\u0131n, Egemenlik insanlar\u0131, g\u00f6ksel Baba'n\u0131n \u00e7ocuklar\u0131 olarak, g\u00f6ksel Babalar\u0131'na gizlice dua ederek, Baba'n\u0131n gizli zevkini tecr\u00fcbe ederek ve O'ndan gizli bir cevap alarak ilahi ya\u015fam\u0131n gizemli, gizli do\u011fas\u0131na kar\u015f\u0131l\u0131k gelen ruhsal bir ya\u015fama sahip olmalar\u0131 i\u00e7in dua edin  (Mat. 6: 1-6; Kol. 3: 3).<\/p>\n\t<p><strong>Mat. 6:1-6<\/strong>\u2014 Do\u011frulu\u011funuzu insanlar\u0131n g\u00f6z\u00fc \u00f6n\u00fcnde g\u00f6steri\u015f amac\u0131yla sergilemekten ka\u00e7\u0131n\u0131n. Yoksa g\u00f6klerdeki Baban\u0131z'dan \u00f6d\u00fcl alamazs\u0131n\u0131z.\u00a0Bu nedenle, birisine sadaka verirken bunu borazan \u00e7ald\u0131rarak ilan etmeyin. \u0130kiy\u00fczl\u00fcler, insanlar\u0131n \u00f6vg\u00fcs\u00fcn\u00fc kazanmak i\u00e7in havralarda ve sokaklarda b\u00f6yle yaparlar. Size do\u011frusunu s\u00f6yleyeyim, onlar \u00f6d\u00fcllerini alm\u0131\u015flard\u0131r.\u00a0Siz sadaka verirken, sol eliniz sa\u011f elinizin ne yapt\u0131\u011f\u0131n\u0131 bilmesin.\u00a0\u00d6yle ki, verdi\u011finiz sadaka gizli kals\u0131n. Gizlice yap\u0131lan\u0131 g\u00f6ren Baban\u0131z sizi \u00f6ld\u00fcllendirecektir. Dua etti\u011finiz zaman ikiy\u00fczl\u00fcler gibi olmay\u0131n. Onlar, herkes kendilerini g\u00f6rs\u00fcn diye havralarda ve caddelerin k\u00f6\u015fe ba\u015flar\u0131nda dikilip dua etmekten zevk al\u0131rlar. Size do\u011frusunu s\u00f6yleyeyim, onlar \u00f6d\u00fcllerini alm\u0131\u015flard\u0131r.\u00a0Ama siz dua edece\u011finiz zaman i\u00e7 odan\u0131za \u00e7ekilip kap\u0131y\u0131 \u00f6rt\u00fcn ve gizlide olan Baban\u0131z'a dua edin. Gizlilik i\u00e7inde yap\u0131lan\u0131 g\u00f6ren Baban\u0131z sizi \u00f6d\u00fcllendirecektir.\u00a0<\/p>\n<p><strong>Kol. 3:3<\/strong>\u2014 \u00c7\u00fcnk\u00fc siz \u00f6ld\u00fcn\u00fcz, ya\u015fam\u0131n\u0131z Mesih'le birlikte Tanr\u0131'da sakl\u0131d\u0131r.\u00a0<\/p>\n\t\t<h3><\/h3>\n\t\t<p>Kendinizi duaya verin.<\/p>\n\t\t\t<a href=\"https:\/\/unceasinglypray.org\/tr\/sign-up\/\" target=\"_self\" role=\"button\" rel=\"noopener noreferrer\">\n\t\t\t\t\t\t\tZAMAN ARALI\u011eINI SE\u00c7\u0130N\n\t\t\t\t\t<\/a>","protected":false},"excerpt":{"rendered":"<p>DAY 25: PRAYER TO HAVE A HIDDEN LIFE WITH THE FATHER Matt. 6:1-6; Col. 3:3 Pray for the saints, as kingdom people, children of the heavenly Father, to have a spiritual life that corresponds with the mysterious, hidden nature of the divine life, praying to their heavenly Father in secret, experiencing some secret enjoyment of&hellip;<\/p>","protected":false},"author":2,"featured_media":0,"parent":0,"menu_order":0,"comment_status":"closed","ping_status":"closed","template":"","meta":{"inline_featured_image":false,"footnotes":""},"class_list":["post-750","page","type-page","status-publish","hentry"],"yoast_head":"<!-- This site is optimized with the Yoast SEO plugin v27.3 - https:\/\/yoast.com\/product\/yoast-seo-wordpress\/ -->\n<title>Day 25 - Unceasingly Pray<\/title>\n<meta name=\"robots\" content=\"index, follow, max-snippet:-1, max-image-preview:large, max-video-preview:-1\" \/>\n<link rel=\"canonical\" href=\"https:\/\/unceasinglypray.org\/tr\/day-25\/\" \/>\n<meta property=\"og:locale\" content=\"tr_TR\" \/>\n<meta property=\"og:type\" content=\"article\" \/>\n<meta property=\"og:title\" content=\"Day 25 - Unceasingly Pray\" \/>\n<meta property=\"og:description\" content=\"DAY 25: PRAYER TO HAVE A HIDDEN LIFE WITH THE FATHER Matt. 6:1-6; Col. 3:3 Pray for the saints, as kingdom people, children of the heavenly Father, to have a spiritual life that corresponds with the mysterious, hidden nature of the divine life, praying to their heavenly Father in secret, experiencing some secret enjoyment of&hellip;\" \/>\n<meta property=\"og:url\" content=\"https:\/\/unceasinglypray.org\/tr\/day-25\/\" \/>\n<meta property=\"og:site_name\" content=\"Unceasingly Pray\" \/>\n<meta property=\"article:modified_time\" content=\"2020-06-11T15:11:41+00:00\" \/>\n<meta name=\"twitter:card\" content=\"summary_large_image\" \/>\n<meta name=\"twitter:label1\" content=\"Tahmini okuma s\u00fcresi\" \/>\n\t<meta name=\"twitter:data1\" content=\"1 dakika\" \/>\n<script type=\"application\/ld+json\" class=\"yoast-schema-graph\">{\"@context\":\"https:\\\/\\\/schema.org\",\"@graph\":[{\"@type\":\"WebPage\",\"@id\":\"https:\\\/\\\/unceasinglypray.org\\\/day-25\\\/\",\"url\":\"https:\\\/\\\/unceasinglypray.org\\\/day-25\\\/\",\"name\":\"Day 25 - Unceasingly Pray\",\"isPartOf\":{\"@id\":\"https:\\\/\\\/unceasinglypray.org\\\/ar\\\/#website\"},\"datePublished\":\"2020-04-21T17:29:53+00:00\",\"dateModified\":\"2020-06-11T15:11:41+00:00\",\"breadcrumb\":{\"@id\":\"https:\\\/\\\/unceasinglypray.org\\\/day-25\\\/#breadcrumb\"},\"inLanguage\":\"tr\",\"potentialAction\":[{\"@type\":\"ReadAction\",\"target\":[\"https:\\\/\\\/unceasinglypray.org\\\/day-25\\\/\"]}]},{\"@type\":\"BreadcrumbList\",\"@id\":\"https:\\\/\\\/unceasinglypray.org\\\/day-25\\\/#breadcrumb\",\"itemListElement\":[{\"@type\":\"ListItem\",\"position\":1,\"name\":\"Home\",\"item\":\"https:\\\/\\\/unceasinglypray.org\\\/pt\\\/\"},{\"@type\":\"ListItem\",\"position\":2,\"name\":\"Day 25\"}]},{\"@type\":\"WebSite\",\"@id\":\"https:\\\/\\\/unceasinglypray.org\\\/ar\\\/#website\",\"url\":\"https:\\\/\\\/unceasinglypray.org\\\/ar\\\/\",\"name\":\"Unceasingly Pray\",\"description\":\"\",\"potentialAction\":[{\"@type\":\"SearchAction\",\"target\":{\"@type\":\"EntryPoint\",\"urlTemplate\":\"https:\\\/\\\/unceasinglypray.org\\\/ar\\\/?s={search_term_string}\"},\"query-input\":{\"@type\":\"PropertyValueSpecification\",\"valueRequired\":true,\"valueName\":\"search_term_string\"}}],\"inLanguage\":\"tr\"}]}<\/script>\n<!-- \/ Yoast SEO plugin. -->","yoast_head_json":{"title":"Day 25 - Unceasingly Pray","robots":{"index":"index","follow":"follow","max-snippet":"max-snippet:-1","max-image-preview":"max-image-preview:large","max-video-preview":"max-video-preview:-1"},"canonical":"https:\/\/unceasinglypray.org\/tr\/day-25\/","og_locale":"tr_TR","og_type":"article","og_title":"Day 25 - Unceasingly Pray","og_description":"DAY 25: PRAYER TO HAVE A HIDDEN LIFE WITH THE FATHER Matt. 6:1-6; Col. 3:3 Pray for the saints, as kingdom people, children of the heavenly Father, to have a spiritual life that corresponds with the mysterious, hidden nature of the divine life, praying to their heavenly Father in secret, experiencing some secret enjoyment of&hellip;","og_url":"https:\/\/unceasinglypray.org\/tr\/day-25\/","og_site_name":"Unceasingly Pray","article_modified_time":"2020-06-11T15:11:41+00:00","twitter_card":"summary_large_image","twitter_misc":{"Tahmini okuma s\u00fcresi":"1 dakika"},"schema":{"@context":"https:\/\/schema.org","@graph":[{"@type":"WebPage","@id":"https:\/\/unceasinglypray.org\/day-25\/","url":"https:\/\/unceasinglypray.org\/day-25\/","name":"Day 25 - Unceasingly Pray","isPartOf":{"@id":"https:\/\/unceasinglypray.org\/ar\/#website"},"datePublished":"2020-04-21T17:29:53+00:00","dateModified":"2020-06-11T15:11:41+00:00","breadcrumb":{"@id":"https:\/\/unceasinglypray.org\/day-25\/#breadcrumb"},"inLanguage":"tr","potentialAction":[{"@type":"ReadAction","target":["https:\/\/unceasinglypray.org\/day-25\/"]}]},{"@type":"BreadcrumbList","@id":"https:\/\/unceasinglypray.org\/day-25\/#breadcrumb","itemListElement":[{"@type":"ListItem","position":1,"name":"Home","item":"https:\/\/unceasinglypray.org\/pt\/"},{"@type":"ListItem","position":2,"name":"Day 25"}]},{"@type":"WebSite","@id":"https:\/\/unceasinglypray.org\/ar\/#website","url":"https:\/\/unceasinglypray.org\/ar\/","name":"Unceasingly Pray","description":"","potentialAction":[{"@type":"SearchAction","target":{"@type":"EntryPoint","urlTemplate":"https:\/\/unceasinglypray.org\/ar\/?s={search_term_string}"},"query-input":{"@type":"PropertyValueSpecification","valueRequired":true,"valueName":"search_term_string"}}],"inLanguage":"tr"}]}},"_links":{"self":[{"href":"https:\/\/unceasinglypray.org\/tr\/wp-json\/wp\/v2\/pages\/750","targetHints":{"allow":["GET"]}}],"collection":[{"href":"https:\/\/unceasinglypray.org\/tr\/wp-json\/wp\/v2\/pages"}],"about":[{"href":"https:\/\/unceasinglypray.org\/tr\/wp-json\/wp\/v2\/types\/page"}],"author":[{"embeddable":true,"href":"https:\/\/unceasinglypray.org\/tr\/wp-json\/wp\/v2\/users\/2"}],"replies":[{"embeddable":true,"href":"https:\/\/unceasinglypray.org\/tr\/wp-json\/wp\/v2\/comments?post=750"}],"version-history":[{"count":0,"href":"https:\/\/unceasinglypray.org\/tr\/wp-json\/wp\/v2\/pages\/750\/revisions"}],"wp:attachment":[{"href":"https:\/\/unceasinglypray.org\/tr\/wp-json\/wp\/v2\/media?parent=750"}],"curies":[{"name":"wp","href":"https:\/\/api.w.org\/{rel}","templated":true}]}}