{"id":748,"date":"2020-04-21T17:27:58","date_gmt":"2020-04-21T17:27:58","guid":{"rendered":"https:\/\/unceasinglypray.org\/?page_id=748"},"modified":"2023-06-26T13:25:30","modified_gmt":"2023-06-26T13:25:30","slug":"day-23","status":"publish","type":"page","link":"https:\/\/unceasinglypray.org\/tr\/day-23\/","title":{"rendered":"Day 23"},"content":{"rendered":"<p><a href=\"https:\/\/unceasinglypray.org\/tr\/day-23\/\">DAY 23: PRAYER FOR GOD&#8217;S RIGHTEOUS JUDGMENT<\/a><\/p>\n\t<p>Va. 8:1-8<\/p>\n\t<p>Kutsallar\u0131n, Mesih'in ba\u015fka bir Melek olarak buhur ekleyebilece\u011fi dualar sunmas\u0131 i\u00e7in dua edin, b\u00f6ylece Tanr\u0131'n\u0131n taht\u0131ndan adil yarg\u0131lama ate\u015fi, tanr\u0131s\u0131zl\u0131k ve kanunsuzluk ile ba\u015fa \u00e7\u0131kmak i\u00e7in yery\u00fcz\u00fcne at\u0131lacakt\u0131r (Va. 8: 1-8).<\/p>\n\t<p><strong>Va. 8:1-8<\/strong>\u2014 Kuzu yedinci m\u00fchr\u00fc a\u00e7\u0131nca, g\u00f6kte yar\u0131m saat kadar sessizlik oldu.\u00a0Tanr\u0131'n\u0131n \u00f6n\u00fcnde duran yedi mele\u011fi g\u00f6rd\u00fcm. Onlara yedi borazan verildi.\u00a0Alt\u0131n bir buhurdan ta\u015f\u0131yan ba\u015fka bir melek gelip suna\u011f\u0131n \u00f6n\u00fcnde durdu. Taht\u0131n \u00f6n\u00fcndeki alt\u0131n sunakta b\u00fct\u00fcn kutsallar\u0131n dualar\u0131yla birlikte sunmak \u00fczere kendisine \u00e7ok miktarda buhur verildi.\u00a0Kutsallar\u0131n dualar\u0131yla buhurun duman\u0131, Tanr\u0131'n\u0131n \u00f6n\u00fcnde mele\u011fin elinden y\u00fckseldi.\u00a0Melek buhurdan\u0131 ald\u0131, suna\u011f\u0131n ate\u015fiyle doldurup yery\u00fcz\u00fcne att\u0131. G\u00f6k g\u00fcrlemeleri, u\u011fultular i\u015fitildi, \u015fim\u015fekler \u00e7akt\u0131, yer sars\u0131ld\u0131.\u00a0Yedi melek ellerindeki yedi borazan\u0131 \u00e7almaya haz\u0131rland\u0131.\u00a0\nRev 8:7\u00a0 Birinci melek borazan\u0131n\u0131 \u00e7ald\u0131. Kanla kar\u0131\u015f\u0131k dolu ve ate\u015f olu\u015ftu, yery\u00fcz\u00fcne ya\u011fd\u0131. Yerin \u00fc\u00e7te biri, a\u011fa\u00e7lar\u0131n \u00fc\u00e7te biri ve b\u00fct\u00fcn ye\u015fil otlar yand\u0131.\u00a0\u0130kinci melek borazan\u0131n\u0131 \u00e7ald\u0131. Alev alev yanan, da\u011f gibi b\u00fcy\u00fck bir k\u00fctle denize at\u0131ld\u0131. Denizin \u00fc\u00e7te biri kana d\u00f6n\u00fc\u015ft\u00fc.\u00a0<\/p>\n\t\t<h3><\/h3>\n\t\t<p>Kendinizi duaya verin.<\/p>\n\t\t\t<a href=\"https:\/\/unceasinglypray.org\/tr\/sign-up\/\" target=\"_self\" role=\"button\" rel=\"noopener noreferrer\">\n\t\t\t\t\t\t\tZAMAN ARALI\u011eINI SE\u00c7\u0130N\n\t\t\t\t\t<\/a>","protected":false},"excerpt":{"rendered":"<p>DAY 23: PRAYER FOR GOD&#8217;S RIGHTEOUS JUDGMENT Rev. 8:1-8 Pray for the saints to offer prayers to which Christ as another Angel can add incense so that from the throne of God the fire of righteous judgment will be cast to the earth to deal with godlessness and lawlessness (Rev. 8:1-8). Rev. 8:1-8\u2014And when He&hellip;<\/p>","protected":false},"author":2,"featured_media":0,"parent":0,"menu_order":0,"comment_status":"closed","ping_status":"closed","template":"","meta":{"inline_featured_image":false,"footnotes":""},"class_list":["post-748","page","type-page","status-publish","hentry"],"yoast_head":"<!-- This site is optimized with the Yoast SEO plugin v27.5 - https:\/\/yoast.com\/product\/yoast-seo-wordpress\/ -->\n<title>Day 23 - Unceasingly Pray<\/title>\n<meta name=\"robots\" content=\"index, follow, max-snippet:-1, max-image-preview:large, max-video-preview:-1\" \/>\n<link rel=\"canonical\" href=\"https:\/\/unceasinglypray.org\/tr\/day-23\/\" \/>\n<meta property=\"og:locale\" content=\"tr_TR\" \/>\n<meta property=\"og:type\" content=\"article\" \/>\n<meta property=\"og:title\" content=\"Day 23 - Unceasingly Pray\" \/>\n<meta property=\"og:description\" content=\"DAY 23: PRAYER FOR GOD&#8217;S RIGHTEOUS JUDGMENT Rev. 8:1-8 Pray for the saints to offer prayers to which Christ as another Angel can add incense so that from the throne of God the fire of righteous judgment will be cast to the earth to deal with godlessness and lawlessness (Rev. 8:1-8). Rev. 8:1-8\u2014And when He&hellip;\" \/>\n<meta property=\"og:url\" content=\"https:\/\/unceasinglypray.org\/tr\/day-23\/\" \/>\n<meta property=\"og:site_name\" content=\"Unceasingly Pray\" \/>\n<meta property=\"article:modified_time\" content=\"2023-06-26T13:25:30+00:00\" \/>\n<meta name=\"twitter:card\" content=\"summary_large_image\" \/>\n<meta name=\"twitter:label1\" content=\"Tahmini okuma s\u00fcresi\" \/>\n\t<meta name=\"twitter:data1\" content=\"2 dakika\" \/>\n<script type=\"application\/ld+json\" class=\"yoast-schema-graph\">{\"@context\":\"https:\\\/\\\/schema.org\",\"@graph\":[{\"@type\":\"WebPage\",\"@id\":\"https:\\\/\\\/unceasinglypray.org\\\/day-23\\\/\",\"url\":\"https:\\\/\\\/unceasinglypray.org\\\/day-23\\\/\",\"name\":\"Day 23 - Unceasingly Pray\",\"isPartOf\":{\"@id\":\"https:\\\/\\\/unceasinglypray.org\\\/ar\\\/#website\"},\"datePublished\":\"2020-04-21T17:27:58+00:00\",\"dateModified\":\"2023-06-26T13:25:30+00:00\",\"breadcrumb\":{\"@id\":\"https:\\\/\\\/unceasinglypray.org\\\/day-23\\\/#breadcrumb\"},\"inLanguage\":\"tr\",\"potentialAction\":[{\"@type\":\"ReadAction\",\"target\":[\"https:\\\/\\\/unceasinglypray.org\\\/day-23\\\/\"]}]},{\"@type\":\"BreadcrumbList\",\"@id\":\"https:\\\/\\\/unceasinglypray.org\\\/day-23\\\/#breadcrumb\",\"itemListElement\":[{\"@type\":\"ListItem\",\"position\":1,\"name\":\"Home\",\"item\":\"https:\\\/\\\/unceasinglypray.org\\\/pt\\\/\"},{\"@type\":\"ListItem\",\"position\":2,\"name\":\"Day 23\"}]},{\"@type\":\"WebSite\",\"@id\":\"https:\\\/\\\/unceasinglypray.org\\\/ar\\\/#website\",\"url\":\"https:\\\/\\\/unceasinglypray.org\\\/ar\\\/\",\"name\":\"Unceasingly Pray\",\"description\":\"\",\"potentialAction\":[{\"@type\":\"SearchAction\",\"target\":{\"@type\":\"EntryPoint\",\"urlTemplate\":\"https:\\\/\\\/unceasinglypray.org\\\/ar\\\/?s={search_term_string}\"},\"query-input\":{\"@type\":\"PropertyValueSpecification\",\"valueRequired\":true,\"valueName\":\"search_term_string\"}}],\"inLanguage\":\"tr\"}]}<\/script>\n<!-- \/ Yoast SEO plugin. -->","yoast_head_json":{"title":"Day 23 - Unceasingly Pray","robots":{"index":"index","follow":"follow","max-snippet":"max-snippet:-1","max-image-preview":"max-image-preview:large","max-video-preview":"max-video-preview:-1"},"canonical":"https:\/\/unceasinglypray.org\/tr\/day-23\/","og_locale":"tr_TR","og_type":"article","og_title":"Day 23 - Unceasingly Pray","og_description":"DAY 23: PRAYER FOR GOD&#8217;S RIGHTEOUS JUDGMENT Rev. 8:1-8 Pray for the saints to offer prayers to which Christ as another Angel can add incense so that from the throne of God the fire of righteous judgment will be cast to the earth to deal with godlessness and lawlessness (Rev. 8:1-8). Rev. 8:1-8\u2014And when He&hellip;","og_url":"https:\/\/unceasinglypray.org\/tr\/day-23\/","og_site_name":"Unceasingly Pray","article_modified_time":"2023-06-26T13:25:30+00:00","twitter_card":"summary_large_image","twitter_misc":{"Tahmini okuma s\u00fcresi":"2 dakika"},"schema":{"@context":"https:\/\/schema.org","@graph":[{"@type":"WebPage","@id":"https:\/\/unceasinglypray.org\/day-23\/","url":"https:\/\/unceasinglypray.org\/day-23\/","name":"Day 23 - Unceasingly Pray","isPartOf":{"@id":"https:\/\/unceasinglypray.org\/ar\/#website"},"datePublished":"2020-04-21T17:27:58+00:00","dateModified":"2023-06-26T13:25:30+00:00","breadcrumb":{"@id":"https:\/\/unceasinglypray.org\/day-23\/#breadcrumb"},"inLanguage":"tr","potentialAction":[{"@type":"ReadAction","target":["https:\/\/unceasinglypray.org\/day-23\/"]}]},{"@type":"BreadcrumbList","@id":"https:\/\/unceasinglypray.org\/day-23\/#breadcrumb","itemListElement":[{"@type":"ListItem","position":1,"name":"Home","item":"https:\/\/unceasinglypray.org\/pt\/"},{"@type":"ListItem","position":2,"name":"Day 23"}]},{"@type":"WebSite","@id":"https:\/\/unceasinglypray.org\/ar\/#website","url":"https:\/\/unceasinglypray.org\/ar\/","name":"Unceasingly Pray","description":"","potentialAction":[{"@type":"SearchAction","target":{"@type":"EntryPoint","urlTemplate":"https:\/\/unceasinglypray.org\/ar\/?s={search_term_string}"},"query-input":{"@type":"PropertyValueSpecification","valueRequired":true,"valueName":"search_term_string"}}],"inLanguage":"tr"}]}},"_links":{"self":[{"href":"https:\/\/unceasinglypray.org\/tr\/wp-json\/wp\/v2\/pages\/748","targetHints":{"allow":["GET"]}}],"collection":[{"href":"https:\/\/unceasinglypray.org\/tr\/wp-json\/wp\/v2\/pages"}],"about":[{"href":"https:\/\/unceasinglypray.org\/tr\/wp-json\/wp\/v2\/types\/page"}],"author":[{"embeddable":true,"href":"https:\/\/unceasinglypray.org\/tr\/wp-json\/wp\/v2\/users\/2"}],"replies":[{"embeddable":true,"href":"https:\/\/unceasinglypray.org\/tr\/wp-json\/wp\/v2\/comments?post=748"}],"version-history":[{"count":0,"href":"https:\/\/unceasinglypray.org\/tr\/wp-json\/wp\/v2\/pages\/748\/revisions"}],"wp:attachment":[{"href":"https:\/\/unceasinglypray.org\/tr\/wp-json\/wp\/v2\/media?parent=748"}],"curies":[{"name":"wp","href":"https:\/\/api.w.org\/{rel}","templated":true}]}}