{"id":533,"date":"2020-04-04T21:56:46","date_gmt":"2020-04-04T21:56:46","guid":{"rendered":"https:\/\/unceasinglypray.org\/?page_id=533"},"modified":"2020-06-11T14:47:29","modified_gmt":"2020-06-11T14:47:29","slug":"day-20","status":"publish","type":"page","link":"https:\/\/unceasinglypray.org\/tr\/day-20\/","title":{"rendered":"Day 20"},"content":{"rendered":"<p>DAY 20: PRAYER TO BIND THE ENEMY<\/p>\n\t<p>Mar. 3:27; 1Yu. 3:8; Va. 12:10-11; Luk. 18:7<\/p>\n\t<p>D\u00fc\u015fman\u0131n, \u015eeytan'\u0131n ba\u011flanmas\u0131 i\u00e7in, \u015feytan\u0131n i\u015flerinin yok edilmesi i\u00e7in, karde\u015flerin su\u00e7lay\u0131c\u0131s\u0131n\u0131n a\u015fa\u011fa at\u0131lmas\u0131 ve kutsallar\u0131n  d\u00fc\u015fmanlar\u0131na kar\u015f\u0131 hakk\u0131n\u0131 al\u0131nmalar\u0131 i\u00e7in dua edin (Mar. 3:27; 1Yu. 3: 8; Va. 12: 10-11; Luk. 18: 7).<\/p>\n\t<p><strong>Mar. 3:27<\/strong>\u2014Hi\u00e7 kimse g\u00fc\u00e7l\u00fc adam\u0131n evine girip mal\u0131n\u0131 \u00e7alamaz. Ancak onu ba\u011flad\u0131ktan sonra evini soyabilir.\u00a0<\/p>\n<p><strong>1Yu. 3:8<\/strong>\u2014G\u00fcnah i\u015fleyen, \u0130blis'tendir. \u00c7\u00fcnk\u00fc \u0130blis ba\u015flang\u0131\u00e7tan beri g\u00fcnah i\u015flemektedir. Tanr\u0131'n\u0131n O\u011flu, \u0130blis'in yapt\u0131klar\u0131na son vermek i\u00e7in ortaya \u00e7\u0131kt\u0131.\u00a0<\/p>\n<p><strong>Va. 12:10-11<\/strong>\u2014Bundan sonra g\u00f6kte y\u00fcksek bir sesin \u015f\u00f6yle dedi\u011fini duydum: \"Tanr\u0131m\u0131z'\u0131n kurtar\u0131\u015f\u0131, g\u00fcc\u00fc, egemenli\u011fi Ve Mesihi'nin yetkisi \u015fimdi ger\u00e7ekle\u015fti. \u00c7\u00fcnk\u00fc karde\u015flerimizin su\u00e7lay\u0131c\u0131s\u0131, Onlar\u0131 Tanr\u0131m\u0131z'\u0131n \u00f6n\u00fcnde gece g\u00fcnd\u00fcz su\u00e7layan A\u015fa\u011f\u0131 at\u0131ld\u0131.\u00a0Karde\u015flerimiz Kuzu'nun kan\u0131yla Ve ettikleri tan\u0131kl\u0131k bildirisiyle Onu yendiler. \u00d6l\u00fcm\u00fc g\u00f6ze alacak kadar Vazge\u00e7mi\u015flerdi can sevgisinden.\u00a0<\/p>\n<p><strong>Luk. 18:7<\/strong>\u2014Tanr\u0131 da, gece g\u00fcnd\u00fcz kendisine yakaran se\u00e7ilmi\u015flerinin hakk\u0131n\u0131 almayacak m\u0131? Onlar\u0131 \u00e7ok bekletecek mi?\u00a0<\/p>\n\t\t<h3><\/h3>\n\t\t<p>Kendinizi duaya verin.<\/p>\n\t\t\t<a href=\"https:\/\/unceasinglypray.org\/tr\/sign-up\/\" target=\"_self\" role=\"button\" rel=\"noopener noreferrer\">\n\t\t\t\t\t\t\tZAMAN ARALI\u011eINI SE\u00c7\u0130N\n\t\t\t\t\t<\/a>","protected":false},"excerpt":{"rendered":"<p>DAY 20: PRAYER TO BIND THE ENEMY Mark 3:27; 1 John 3:8; Rev. 12:10-11; Luke 18:7 For the enemy, Satan, to be bound, for the works of the devil to be destroyed, for the accuser of the brothers to be cast down, and for the saints to be avenged of their adversary (Mark 3:27; 1&hellip;<\/p>","protected":false},"author":1,"featured_media":771,"parent":0,"menu_order":0,"comment_status":"closed","ping_status":"closed","template":"","meta":{"inline_featured_image":false,"footnotes":""},"class_list":["post-533","page","type-page","status-publish","has-post-thumbnail","hentry"],"yoast_head":"<!-- This site is optimized with the Yoast SEO plugin v27.5 - https:\/\/yoast.com\/product\/yoast-seo-wordpress\/ -->\n<title>Day 20 - Unceasingly Pray<\/title>\n<meta name=\"robots\" content=\"index, follow, max-snippet:-1, max-image-preview:large, max-video-preview:-1\" \/>\n<link rel=\"canonical\" href=\"https:\/\/unceasinglypray.org\/tr\/day-20\/\" \/>\n<meta property=\"og:locale\" content=\"tr_TR\" \/>\n<meta property=\"og:type\" content=\"article\" \/>\n<meta property=\"og:title\" content=\"Day 20 - Unceasingly Pray\" \/>\n<meta property=\"og:description\" content=\"DAY 20: PRAYER TO BIND THE ENEMY Mark 3:27; 1 John 3:8; Rev. 12:10-11; Luke 18:7 For the enemy, Satan, to be bound, for the works of the devil to be destroyed, for the accuser of the brothers to be cast down, and for the saints to be avenged of their adversary (Mark 3:27; 1&hellip;\" \/>\n<meta property=\"og:url\" content=\"https:\/\/unceasinglypray.org\/tr\/day-20\/\" \/>\n<meta property=\"og:site_name\" content=\"Unceasingly Pray\" \/>\n<meta property=\"article:modified_time\" content=\"2020-06-11T14:47:29+00:00\" \/>\n<meta property=\"og:image\" content=\"https:\/\/unceasinglypray.org\/wp-content\/uploads\/2020\/04\/social_share.gif\" \/>\n\t<meta property=\"og:image:width\" content=\"1200\" \/>\n\t<meta property=\"og:image:height\" content=\"630\" \/>\n\t<meta property=\"og:image:type\" content=\"image\/gif\" \/>\n<meta name=\"twitter:card\" content=\"summary_large_image\" \/>\n<meta name=\"twitter:label1\" content=\"Tahmini okuma s\u00fcresi\" \/>\n\t<meta name=\"twitter:data1\" content=\"1 dakika\" \/>\n<script type=\"application\/ld+json\" class=\"yoast-schema-graph\">{\"@context\":\"https:\\\/\\\/schema.org\",\"@graph\":[{\"@type\":\"WebPage\",\"@id\":\"https:\\\/\\\/unceasinglypray.org\\\/ar\\\/day-20\\\/\",\"url\":\"https:\\\/\\\/unceasinglypray.org\\\/ar\\\/day-20\\\/\",\"name\":\"Day 20 - Unceasingly Pray\",\"isPartOf\":{\"@id\":\"https:\\\/\\\/unceasinglypray.org\\\/ar\\\/#website\"},\"primaryImageOfPage\":{\"@id\":\"https:\\\/\\\/unceasinglypray.org\\\/ar\\\/day-20\\\/#primaryimage\"},\"image\":{\"@id\":\"https:\\\/\\\/unceasinglypray.org\\\/ar\\\/day-20\\\/#primaryimage\"},\"thumbnailUrl\":\"https:\\\/\\\/unceasinglypray.org\\\/wp-content\\\/uploads\\\/2020\\\/04\\\/social_share.gif\",\"datePublished\":\"2020-04-04T21:56:46+00:00\",\"dateModified\":\"2020-06-11T14:47:29+00:00\",\"breadcrumb\":{\"@id\":\"https:\\\/\\\/unceasinglypray.org\\\/ar\\\/day-20\\\/#breadcrumb\"},\"inLanguage\":\"tr\",\"potentialAction\":[{\"@type\":\"ReadAction\",\"target\":[\"https:\\\/\\\/unceasinglypray.org\\\/ar\\\/day-20\\\/\"]}]},{\"@type\":\"ImageObject\",\"inLanguage\":\"tr\",\"@id\":\"https:\\\/\\\/unceasinglypray.org\\\/ar\\\/day-20\\\/#primaryimage\",\"url\":\"https:\\\/\\\/unceasinglypray.org\\\/wp-content\\\/uploads\\\/2020\\\/04\\\/social_share.gif\",\"contentUrl\":\"https:\\\/\\\/unceasinglypray.org\\\/wp-content\\\/uploads\\\/2020\\\/04\\\/social_share.gif\",\"width\":1200,\"height\":630},{\"@type\":\"BreadcrumbList\",\"@id\":\"https:\\\/\\\/unceasinglypray.org\\\/ar\\\/day-20\\\/#breadcrumb\",\"itemListElement\":[{\"@type\":\"ListItem\",\"position\":1,\"name\":\"Home\",\"item\":\"https:\\\/\\\/unceasinglypray.org\\\/pt\\\/\"},{\"@type\":\"ListItem\",\"position\":2,\"name\":\"Day 20\"}]},{\"@type\":\"WebSite\",\"@id\":\"https:\\\/\\\/unceasinglypray.org\\\/ar\\\/#website\",\"url\":\"https:\\\/\\\/unceasinglypray.org\\\/ar\\\/\",\"name\":\"Unceasingly Pray\",\"description\":\"\",\"potentialAction\":[{\"@type\":\"SearchAction\",\"target\":{\"@type\":\"EntryPoint\",\"urlTemplate\":\"https:\\\/\\\/unceasinglypray.org\\\/ar\\\/?s={search_term_string}\"},\"query-input\":{\"@type\":\"PropertyValueSpecification\",\"valueRequired\":true,\"valueName\":\"search_term_string\"}}],\"inLanguage\":\"tr\"}]}<\/script>\n<!-- \/ Yoast SEO plugin. -->","yoast_head_json":{"title":"Day 20 - Unceasingly Pray","robots":{"index":"index","follow":"follow","max-snippet":"max-snippet:-1","max-image-preview":"max-image-preview:large","max-video-preview":"max-video-preview:-1"},"canonical":"https:\/\/unceasinglypray.org\/tr\/day-20\/","og_locale":"tr_TR","og_type":"article","og_title":"Day 20 - Unceasingly Pray","og_description":"DAY 20: PRAYER TO BIND THE ENEMY Mark 3:27; 1 John 3:8; Rev. 12:10-11; Luke 18:7 For the enemy, Satan, to be bound, for the works of the devil to be destroyed, for the accuser of the brothers to be cast down, and for the saints to be avenged of their adversary (Mark 3:27; 1&hellip;","og_url":"https:\/\/unceasinglypray.org\/tr\/day-20\/","og_site_name":"Unceasingly Pray","article_modified_time":"2020-06-11T14:47:29+00:00","og_image":[{"width":1200,"height":630,"url":"https:\/\/unceasinglypray.org\/wp-content\/uploads\/2020\/04\/social_share.gif","type":"image\/gif"}],"twitter_card":"summary_large_image","twitter_misc":{"Tahmini okuma s\u00fcresi":"1 dakika"},"schema":{"@context":"https:\/\/schema.org","@graph":[{"@type":"WebPage","@id":"https:\/\/unceasinglypray.org\/ar\/day-20\/","url":"https:\/\/unceasinglypray.org\/ar\/day-20\/","name":"Day 20 - Unceasingly Pray","isPartOf":{"@id":"https:\/\/unceasinglypray.org\/ar\/#website"},"primaryImageOfPage":{"@id":"https:\/\/unceasinglypray.org\/ar\/day-20\/#primaryimage"},"image":{"@id":"https:\/\/unceasinglypray.org\/ar\/day-20\/#primaryimage"},"thumbnailUrl":"https:\/\/unceasinglypray.org\/wp-content\/uploads\/2020\/04\/social_share.gif","datePublished":"2020-04-04T21:56:46+00:00","dateModified":"2020-06-11T14:47:29+00:00","breadcrumb":{"@id":"https:\/\/unceasinglypray.org\/ar\/day-20\/#breadcrumb"},"inLanguage":"tr","potentialAction":[{"@type":"ReadAction","target":["https:\/\/unceasinglypray.org\/ar\/day-20\/"]}]},{"@type":"ImageObject","inLanguage":"tr","@id":"https:\/\/unceasinglypray.org\/ar\/day-20\/#primaryimage","url":"https:\/\/unceasinglypray.org\/wp-content\/uploads\/2020\/04\/social_share.gif","contentUrl":"https:\/\/unceasinglypray.org\/wp-content\/uploads\/2020\/04\/social_share.gif","width":1200,"height":630},{"@type":"BreadcrumbList","@id":"https:\/\/unceasinglypray.org\/ar\/day-20\/#breadcrumb","itemListElement":[{"@type":"ListItem","position":1,"name":"Home","item":"https:\/\/unceasinglypray.org\/pt\/"},{"@type":"ListItem","position":2,"name":"Day 20"}]},{"@type":"WebSite","@id":"https:\/\/unceasinglypray.org\/ar\/#website","url":"https:\/\/unceasinglypray.org\/ar\/","name":"Unceasingly Pray","description":"","potentialAction":[{"@type":"SearchAction","target":{"@type":"EntryPoint","urlTemplate":"https:\/\/unceasinglypray.org\/ar\/?s={search_term_string}"},"query-input":{"@type":"PropertyValueSpecification","valueRequired":true,"valueName":"search_term_string"}}],"inLanguage":"tr"}]}},"_links":{"self":[{"href":"https:\/\/unceasinglypray.org\/tr\/wp-json\/wp\/v2\/pages\/533","targetHints":{"allow":["GET"]}}],"collection":[{"href":"https:\/\/unceasinglypray.org\/tr\/wp-json\/wp\/v2\/pages"}],"about":[{"href":"https:\/\/unceasinglypray.org\/tr\/wp-json\/wp\/v2\/types\/page"}],"author":[{"embeddable":true,"href":"https:\/\/unceasinglypray.org\/tr\/wp-json\/wp\/v2\/users\/1"}],"replies":[{"embeddable":true,"href":"https:\/\/unceasinglypray.org\/tr\/wp-json\/wp\/v2\/comments?post=533"}],"version-history":[{"count":0,"href":"https:\/\/unceasinglypray.org\/tr\/wp-json\/wp\/v2\/pages\/533\/revisions"}],"wp:featuredmedia":[{"embeddable":true,"href":"https:\/\/unceasinglypray.org\/tr\/wp-json\/wp\/v2\/media\/771"}],"wp:attachment":[{"href":"https:\/\/unceasinglypray.org\/tr\/wp-json\/wp\/v2\/media?parent=533"}],"curies":[{"name":"wp","href":"https:\/\/api.w.org\/{rel}","templated":true}]}}