{"id":532,"date":"2020-04-04T21:56:12","date_gmt":"2020-04-04T21:56:12","guid":{"rendered":"https:\/\/unceasinglypray.org\/?page_id=532"},"modified":"2020-06-11T14:46:40","modified_gmt":"2020-06-11T14:46:40","slug":"day-19","status":"publish","type":"page","link":"https:\/\/unceasinglypray.org\/tr\/day-19\/","title":{"rendered":"Day 19"},"content":{"rendered":"<p>DAY 19: PRAYER FOR THE OVERCOMERS<\/p>\n\t<p>Va. 2:7, 11, 17, 26; 3:5, 12, 21; 12:5, 10-11; 14:1-5<\/p>\n\t<p>For the saints to be raised up and constituted as overcomers to be the Lord&#8217;s dispensational instrument to turn the age (Rev. 2:7, 11, 17, 26; 3:5, 12, 21; 12:5, 10-11; 14:1-5).<\/p>\n\t<p><strong>Va. 3:21<\/strong>\u2014Ben nas\u0131l galip gelerek Babam'la birlikte Babam'\u0131n taht\u0131na oturdumsa, galip gelene de benimle birlikte taht\u0131ma oturma hakk\u0131n\u0131 verece\u011fim.\u00a0<\/p>\n<p><strong>Va. 12:5<\/strong>\u2014Kad\u0131n bir o\u011ful, b\u00fct\u00fcn uluslar\u0131 demir \u00e7omakla g\u00fcdecek bir erkek \u00e7ocuk do\u011furdu. \u00c7ocuk hemen al\u0131n\u0131p Tanr\u0131'ya, Tanr\u0131'n\u0131n taht\u0131na g\u00f6t\u00fcr\u00fcld\u00fc.<\/p>\n<p><strong>Va. 12:10-11<\/strong>\u2014Bundan sonra g\u00f6kte y\u00fcksek bir sesin \u015f\u00f6yle dedi\u011fini duydum: \"Tanr\u0131m\u0131z'\u0131n kurtar\u0131\u015f\u0131, g\u00fcc\u00fc, egemenli\u011fi Ve Mesihi'nin yetkisi \u015fimdi ger\u00e7ekle\u015fti. \u00c7\u00fcnk\u00fc karde\u015flerimizin su\u00e7lay\u0131c\u0131s\u0131, Onlar\u0131 Tanr\u0131m\u0131z'\u0131n \u00f6n\u00fcnde gece g\u00fcnd\u00fcz su\u00e7layan A\u015fa\u011f\u0131 at\u0131ld\u0131.\u00a0Karde\u015flerimiz Kuzu'nun kan\u0131yla Ve ettikleri tan\u0131kl\u0131k bildirisiyle Onu yendiler. \u00d6l\u00fcm\u00fc g\u00f6ze alacak kadar Vazge\u00e7mi\u015flerdi can sevgisinden.\u00a0<\/p>\n\t\t<h3><\/h3>\n\t\t<p>Kendinizi duaya verin.<\/p>\n\t\t\t<a href=\"https:\/\/unceasinglypray.org\/tr\/sign-up\/\" target=\"_self\" role=\"button\" rel=\"noopener noreferrer\">\n\t\t\t\t\t\t\tZAMAN ARALI\u011eINI SE\u00c7\u0130N\n\t\t\t\t\t<\/a>","protected":false},"excerpt":{"rendered":"<p>DAY 19: PRAYER FOR THE OVERCOMERS Rev. 2:7, 11, 17, 26; 3:5, 12, 21; 12:5, 10-11; 14:1-5 For the saints to be raised up and constituted as overcomers to be the Lord&#8217;s dispensational instrument to turn the age (Rev. 2:7, 11, 17, 26; 3:5, 12, 21; 12:5, 10-11; 14:1-5). Rev. 3:21\u2014He who overcomes, to him&hellip;<\/p>","protected":false},"author":1,"featured_media":771,"parent":0,"menu_order":0,"comment_status":"closed","ping_status":"closed","template":"","meta":{"inline_featured_image":false,"footnotes":""},"class_list":["post-532","page","type-page","status-publish","has-post-thumbnail","hentry"],"yoast_head":"<!-- This site is optimized with the Yoast SEO plugin v27.5 - https:\/\/yoast.com\/product\/yoast-seo-wordpress\/ -->\n<title>Day 19 - Unceasingly Pray<\/title>\n<meta name=\"robots\" content=\"index, follow, max-snippet:-1, max-image-preview:large, max-video-preview:-1\" \/>\n<link rel=\"canonical\" href=\"https:\/\/unceasinglypray.org\/tr\/day-19\/\" \/>\n<meta property=\"og:locale\" content=\"tr_TR\" \/>\n<meta property=\"og:type\" content=\"article\" \/>\n<meta property=\"og:title\" content=\"Day 19 - Unceasingly Pray\" \/>\n<meta property=\"og:description\" content=\"DAY 19: PRAYER FOR THE OVERCOMERS Rev. 2:7, 11, 17, 26; 3:5, 12, 21; 12:5, 10-11; 14:1-5 For the saints to be raised up and constituted as overcomers to be the Lord&#8217;s dispensational instrument to turn the age (Rev. 2:7, 11, 17, 26; 3:5, 12, 21; 12:5, 10-11; 14:1-5). Rev. 3:21\u2014He who overcomes, to him&hellip;\" \/>\n<meta property=\"og:url\" content=\"https:\/\/unceasinglypray.org\/tr\/day-19\/\" \/>\n<meta property=\"og:site_name\" content=\"Unceasingly Pray\" \/>\n<meta property=\"article:modified_time\" content=\"2020-06-11T14:46:40+00:00\" \/>\n<meta property=\"og:image\" content=\"https:\/\/unceasinglypray.org\/wp-content\/uploads\/2020\/04\/social_share.gif\" \/>\n\t<meta property=\"og:image:width\" content=\"1200\" \/>\n\t<meta property=\"og:image:height\" content=\"630\" \/>\n\t<meta property=\"og:image:type\" content=\"image\/gif\" \/>\n<meta name=\"twitter:card\" content=\"summary_large_image\" \/>\n<meta name=\"twitter:label1\" content=\"Tahmini okuma s\u00fcresi\" \/>\n\t<meta name=\"twitter:data1\" content=\"1 dakika\" \/>\n<script type=\"application\/ld+json\" class=\"yoast-schema-graph\">{\"@context\":\"https:\\\/\\\/schema.org\",\"@graph\":[{\"@type\":\"WebPage\",\"@id\":\"https:\\\/\\\/unceasinglypray.org\\\/fr\\\/day-19\\\/\",\"url\":\"https:\\\/\\\/unceasinglypray.org\\\/fr\\\/day-19\\\/\",\"name\":\"Day 19 - Unceasingly Pray\",\"isPartOf\":{\"@id\":\"https:\\\/\\\/unceasinglypray.org\\\/ar\\\/#website\"},\"primaryImageOfPage\":{\"@id\":\"https:\\\/\\\/unceasinglypray.org\\\/fr\\\/day-19\\\/#primaryimage\"},\"image\":{\"@id\":\"https:\\\/\\\/unceasinglypray.org\\\/fr\\\/day-19\\\/#primaryimage\"},\"thumbnailUrl\":\"https:\\\/\\\/unceasinglypray.org\\\/wp-content\\\/uploads\\\/2020\\\/04\\\/social_share.gif\",\"datePublished\":\"2020-04-04T21:56:12+00:00\",\"dateModified\":\"2020-06-11T14:46:40+00:00\",\"breadcrumb\":{\"@id\":\"https:\\\/\\\/unceasinglypray.org\\\/fr\\\/day-19\\\/#breadcrumb\"},\"inLanguage\":\"tr\",\"potentialAction\":[{\"@type\":\"ReadAction\",\"target\":[\"https:\\\/\\\/unceasinglypray.org\\\/fr\\\/day-19\\\/\"]}]},{\"@type\":\"ImageObject\",\"inLanguage\":\"tr\",\"@id\":\"https:\\\/\\\/unceasinglypray.org\\\/fr\\\/day-19\\\/#primaryimage\",\"url\":\"https:\\\/\\\/unceasinglypray.org\\\/wp-content\\\/uploads\\\/2020\\\/04\\\/social_share.gif\",\"contentUrl\":\"https:\\\/\\\/unceasinglypray.org\\\/wp-content\\\/uploads\\\/2020\\\/04\\\/social_share.gif\",\"width\":1200,\"height\":630},{\"@type\":\"BreadcrumbList\",\"@id\":\"https:\\\/\\\/unceasinglypray.org\\\/fr\\\/day-19\\\/#breadcrumb\",\"itemListElement\":[{\"@type\":\"ListItem\",\"position\":1,\"name\":\"Home\",\"item\":\"https:\\\/\\\/unceasinglypray.org\\\/pt\\\/\"},{\"@type\":\"ListItem\",\"position\":2,\"name\":\"Day 19\"}]},{\"@type\":\"WebSite\",\"@id\":\"https:\\\/\\\/unceasinglypray.org\\\/ar\\\/#website\",\"url\":\"https:\\\/\\\/unceasinglypray.org\\\/ar\\\/\",\"name\":\"Unceasingly Pray\",\"description\":\"\",\"potentialAction\":[{\"@type\":\"SearchAction\",\"target\":{\"@type\":\"EntryPoint\",\"urlTemplate\":\"https:\\\/\\\/unceasinglypray.org\\\/ar\\\/?s={search_term_string}\"},\"query-input\":{\"@type\":\"PropertyValueSpecification\",\"valueRequired\":true,\"valueName\":\"search_term_string\"}}],\"inLanguage\":\"tr\"}]}<\/script>\n<!-- \/ Yoast SEO plugin. -->","yoast_head_json":{"title":"Day 19 - Unceasingly Pray","robots":{"index":"index","follow":"follow","max-snippet":"max-snippet:-1","max-image-preview":"max-image-preview:large","max-video-preview":"max-video-preview:-1"},"canonical":"https:\/\/unceasinglypray.org\/tr\/day-19\/","og_locale":"tr_TR","og_type":"article","og_title":"Day 19 - Unceasingly Pray","og_description":"DAY 19: PRAYER FOR THE OVERCOMERS Rev. 2:7, 11, 17, 26; 3:5, 12, 21; 12:5, 10-11; 14:1-5 For the saints to be raised up and constituted as overcomers to be the Lord&#8217;s dispensational instrument to turn the age (Rev. 2:7, 11, 17, 26; 3:5, 12, 21; 12:5, 10-11; 14:1-5). Rev. 3:21\u2014He who overcomes, to him&hellip;","og_url":"https:\/\/unceasinglypray.org\/tr\/day-19\/","og_site_name":"Unceasingly Pray","article_modified_time":"2020-06-11T14:46:40+00:00","og_image":[{"width":1200,"height":630,"url":"https:\/\/unceasinglypray.org\/wp-content\/uploads\/2020\/04\/social_share.gif","type":"image\/gif"}],"twitter_card":"summary_large_image","twitter_misc":{"Tahmini okuma s\u00fcresi":"1 dakika"},"schema":{"@context":"https:\/\/schema.org","@graph":[{"@type":"WebPage","@id":"https:\/\/unceasinglypray.org\/fr\/day-19\/","url":"https:\/\/unceasinglypray.org\/fr\/day-19\/","name":"Day 19 - Unceasingly Pray","isPartOf":{"@id":"https:\/\/unceasinglypray.org\/ar\/#website"},"primaryImageOfPage":{"@id":"https:\/\/unceasinglypray.org\/fr\/day-19\/#primaryimage"},"image":{"@id":"https:\/\/unceasinglypray.org\/fr\/day-19\/#primaryimage"},"thumbnailUrl":"https:\/\/unceasinglypray.org\/wp-content\/uploads\/2020\/04\/social_share.gif","datePublished":"2020-04-04T21:56:12+00:00","dateModified":"2020-06-11T14:46:40+00:00","breadcrumb":{"@id":"https:\/\/unceasinglypray.org\/fr\/day-19\/#breadcrumb"},"inLanguage":"tr","potentialAction":[{"@type":"ReadAction","target":["https:\/\/unceasinglypray.org\/fr\/day-19\/"]}]},{"@type":"ImageObject","inLanguage":"tr","@id":"https:\/\/unceasinglypray.org\/fr\/day-19\/#primaryimage","url":"https:\/\/unceasinglypray.org\/wp-content\/uploads\/2020\/04\/social_share.gif","contentUrl":"https:\/\/unceasinglypray.org\/wp-content\/uploads\/2020\/04\/social_share.gif","width":1200,"height":630},{"@type":"BreadcrumbList","@id":"https:\/\/unceasinglypray.org\/fr\/day-19\/#breadcrumb","itemListElement":[{"@type":"ListItem","position":1,"name":"Home","item":"https:\/\/unceasinglypray.org\/pt\/"},{"@type":"ListItem","position":2,"name":"Day 19"}]},{"@type":"WebSite","@id":"https:\/\/unceasinglypray.org\/ar\/#website","url":"https:\/\/unceasinglypray.org\/ar\/","name":"Unceasingly Pray","description":"","potentialAction":[{"@type":"SearchAction","target":{"@type":"EntryPoint","urlTemplate":"https:\/\/unceasinglypray.org\/ar\/?s={search_term_string}"},"query-input":{"@type":"PropertyValueSpecification","valueRequired":true,"valueName":"search_term_string"}}],"inLanguage":"tr"}]}},"_links":{"self":[{"href":"https:\/\/unceasinglypray.org\/tr\/wp-json\/wp\/v2\/pages\/532","targetHints":{"allow":["GET"]}}],"collection":[{"href":"https:\/\/unceasinglypray.org\/tr\/wp-json\/wp\/v2\/pages"}],"about":[{"href":"https:\/\/unceasinglypray.org\/tr\/wp-json\/wp\/v2\/types\/page"}],"author":[{"embeddable":true,"href":"https:\/\/unceasinglypray.org\/tr\/wp-json\/wp\/v2\/users\/1"}],"replies":[{"embeddable":true,"href":"https:\/\/unceasinglypray.org\/tr\/wp-json\/wp\/v2\/comments?post=532"}],"version-history":[{"count":0,"href":"https:\/\/unceasinglypray.org\/tr\/wp-json\/wp\/v2\/pages\/532\/revisions"}],"wp:featuredmedia":[{"embeddable":true,"href":"https:\/\/unceasinglypray.org\/tr\/wp-json\/wp\/v2\/media\/771"}],"wp:attachment":[{"href":"https:\/\/unceasinglypray.org\/tr\/wp-json\/wp\/v2\/media?parent=532"}],"curies":[{"name":"wp","href":"https:\/\/api.w.org\/{rel}","templated":true}]}}