{"id":530,"date":"2020-04-04T21:54:56","date_gmt":"2020-04-04T21:54:56","guid":{"rendered":"https:\/\/unceasinglypray.org\/?page_id=530"},"modified":"2020-06-11T14:43:30","modified_gmt":"2020-06-11T14:43:30","slug":"day-17","status":"publish","type":"page","link":"https:\/\/unceasinglypray.org\/tr\/day-17\/","title":{"rendered":"Day 17"},"content":{"rendered":"<p>DAY 17: PRAYER FOR THE SAINTS TO BE LABORING PRIESTS<\/p>\n\t<p>Rom. 15:16; 2Ti. 4:2; El\u00e7. 10:24<\/p>\n\t<p>T\u00fcm kutsallar\u0131n, zaman uygun olsun olmas\u0131n S\u00f6z'\u00fc akrabalar\u0131na, arkada\u015flar\u0131na, meslekta\u015flar\u0131na ve tan\u0131\u015ft\u0131klar\u0131 insanlara emek veren M\u00fcjde'nin kahinleri olarak duyurup onlar\u0131 kazanmak ve onlar\u0131 kutsal bir sunu olarak Tanr\u0131'ya sunmak i\u00e7in enerjilendirilmeleri i\u00e7in dua edin  (Rom. 15:16;  2Ti. 4: 2; El\u00e7. 10:24).<\/p>\n\t<p><strong>Rom. 15:16<\/strong>\u2014Ben Tanr\u0131'n\u0131n l\u00fctfuyla uluslar yarar\u0131na Mesih \u0130sa'n\u0131n hizmetk\u00e2r\u0131 oldum. Tanr\u0131'n\u0131n M\u00fcjdesi'ni bir k\u00e2hin* olarak yaymaktay\u0131m. \u00d6yle ki uluslar, Kutsal Ruh'la kutsal k\u0131l\u0131narak Tanr\u0131'y\u0131 ho\u015fnut eden bir sunu olsun.\u00a0<\/p>\n<p><strong>2Ti. 4:2<\/strong>\u2014Tanr\u0131 s\u00f6z\u00fcn\u00fc duyur. Zaman uygun olsun olmas\u0131n, bu g\u00f6revi s\u00fcrd\u00fcr. \u0130nsanlar\u0131 tam bir sab\u0131rla e\u011fiterek ikna et, uyar, isteklendir.\u00a0<\/p>\n<p><strong>El\u00e7. 10:24<\/strong>\u2014\u0130kinci g\u00fcn Sezariye'ye vard\u0131lar. Bu arada Kornelius, akraba ve yak\u0131n dostlar\u0131n\u0131 toplam\u0131\u015f onlar\u0131 bekliyordu.\u00a0<\/p>\n\t\t<h3><\/h3>\n\t\t<p>Kendinizi duaya verin.<\/p>\n\t\t\t<a href=\"https:\/\/unceasinglypray.org\/tr\/sign-up\/\" target=\"_self\" role=\"button\" rel=\"noopener noreferrer\">\n\t\t\t\t\t\t\tZAMAN ARALI\u011eINI SE\u00c7\u0130N\n\t\t\t\t\t<\/a>","protected":false},"excerpt":{"rendered":"<p>DAY 17: PRAYER FOR THE SAINTS TO BE LABORING PRIESTS Rom. 15:16; 2 Tim. 4:2; Acts 10:24 For all the saints to be energized as laboring priests of the gospel, who preach the Word in season and out of season to their relatives, friends, colleagues, and people they meet, in order to gain them and&hellip;<\/p>","protected":false},"author":1,"featured_media":771,"parent":0,"menu_order":0,"comment_status":"closed","ping_status":"closed","template":"","meta":{"inline_featured_image":false,"footnotes":""},"class_list":["post-530","page","type-page","status-publish","has-post-thumbnail","hentry"],"yoast_head":"<!-- This site is optimized with the Yoast SEO plugin v27.5 - https:\/\/yoast.com\/product\/yoast-seo-wordpress\/ -->\n<title>Day 17 - Unceasingly Pray<\/title>\n<meta name=\"robots\" content=\"index, follow, max-snippet:-1, max-image-preview:large, max-video-preview:-1\" \/>\n<link rel=\"canonical\" href=\"https:\/\/unceasinglypray.org\/tr\/day-17\/\" \/>\n<meta property=\"og:locale\" content=\"tr_TR\" \/>\n<meta property=\"og:type\" content=\"article\" \/>\n<meta property=\"og:title\" content=\"Day 17 - Unceasingly Pray\" \/>\n<meta property=\"og:description\" content=\"DAY 17: PRAYER FOR THE SAINTS TO BE LABORING PRIESTS Rom. 15:16; 2 Tim. 4:2; Acts 10:24 For all the saints to be energized as laboring priests of the gospel, who preach the Word in season and out of season to their relatives, friends, colleagues, and people they meet, in order to gain them and&hellip;\" \/>\n<meta property=\"og:url\" content=\"https:\/\/unceasinglypray.org\/tr\/day-17\/\" \/>\n<meta property=\"og:site_name\" content=\"Unceasingly Pray\" \/>\n<meta property=\"article:modified_time\" content=\"2020-06-11T14:43:30+00:00\" \/>\n<meta property=\"og:image\" content=\"https:\/\/unceasinglypray.org\/wp-content\/uploads\/2020\/04\/social_share.gif\" \/>\n\t<meta property=\"og:image:width\" content=\"1200\" \/>\n\t<meta property=\"og:image:height\" content=\"630\" \/>\n\t<meta property=\"og:image:type\" content=\"image\/gif\" \/>\n<meta name=\"twitter:card\" content=\"summary_large_image\" \/>\n<meta name=\"twitter:label1\" content=\"Tahmini okuma s\u00fcresi\" \/>\n\t<meta name=\"twitter:data1\" content=\"1 dakika\" \/>\n<script type=\"application\/ld+json\" class=\"yoast-schema-graph\">{\"@context\":\"https:\\\/\\\/schema.org\",\"@graph\":[{\"@type\":\"WebPage\",\"@id\":\"https:\\\/\\\/unceasinglypray.org\\\/sk_sk\\\/day-17\\\/\",\"url\":\"https:\\\/\\\/unceasinglypray.org\\\/sk_sk\\\/day-17\\\/\",\"name\":\"Day 17 - Unceasingly Pray\",\"isPartOf\":{\"@id\":\"https:\\\/\\\/unceasinglypray.org\\\/ar\\\/#website\"},\"primaryImageOfPage\":{\"@id\":\"https:\\\/\\\/unceasinglypray.org\\\/sk_sk\\\/day-17\\\/#primaryimage\"},\"image\":{\"@id\":\"https:\\\/\\\/unceasinglypray.org\\\/sk_sk\\\/day-17\\\/#primaryimage\"},\"thumbnailUrl\":\"https:\\\/\\\/unceasinglypray.org\\\/wp-content\\\/uploads\\\/2020\\\/04\\\/social_share.gif\",\"datePublished\":\"2020-04-04T21:54:56+00:00\",\"dateModified\":\"2020-06-11T14:43:30+00:00\",\"breadcrumb\":{\"@id\":\"https:\\\/\\\/unceasinglypray.org\\\/sk_sk\\\/day-17\\\/#breadcrumb\"},\"inLanguage\":\"tr\",\"potentialAction\":[{\"@type\":\"ReadAction\",\"target\":[\"https:\\\/\\\/unceasinglypray.org\\\/sk_sk\\\/day-17\\\/\"]}]},{\"@type\":\"ImageObject\",\"inLanguage\":\"tr\",\"@id\":\"https:\\\/\\\/unceasinglypray.org\\\/sk_sk\\\/day-17\\\/#primaryimage\",\"url\":\"https:\\\/\\\/unceasinglypray.org\\\/wp-content\\\/uploads\\\/2020\\\/04\\\/social_share.gif\",\"contentUrl\":\"https:\\\/\\\/unceasinglypray.org\\\/wp-content\\\/uploads\\\/2020\\\/04\\\/social_share.gif\",\"width\":1200,\"height\":630},{\"@type\":\"BreadcrumbList\",\"@id\":\"https:\\\/\\\/unceasinglypray.org\\\/sk_sk\\\/day-17\\\/#breadcrumb\",\"itemListElement\":[{\"@type\":\"ListItem\",\"position\":1,\"name\":\"Home\",\"item\":\"https:\\\/\\\/unceasinglypray.org\\\/pt\\\/\"},{\"@type\":\"ListItem\",\"position\":2,\"name\":\"Day 17\"}]},{\"@type\":\"WebSite\",\"@id\":\"https:\\\/\\\/unceasinglypray.org\\\/ar\\\/#website\",\"url\":\"https:\\\/\\\/unceasinglypray.org\\\/ar\\\/\",\"name\":\"Unceasingly Pray\",\"description\":\"\",\"potentialAction\":[{\"@type\":\"SearchAction\",\"target\":{\"@type\":\"EntryPoint\",\"urlTemplate\":\"https:\\\/\\\/unceasinglypray.org\\\/ar\\\/?s={search_term_string}\"},\"query-input\":{\"@type\":\"PropertyValueSpecification\",\"valueRequired\":true,\"valueName\":\"search_term_string\"}}],\"inLanguage\":\"tr\"}]}<\/script>\n<!-- \/ Yoast SEO plugin. -->","yoast_head_json":{"title":"Day 17 - Unceasingly Pray","robots":{"index":"index","follow":"follow","max-snippet":"max-snippet:-1","max-image-preview":"max-image-preview:large","max-video-preview":"max-video-preview:-1"},"canonical":"https:\/\/unceasinglypray.org\/tr\/day-17\/","og_locale":"tr_TR","og_type":"article","og_title":"Day 17 - Unceasingly Pray","og_description":"DAY 17: PRAYER FOR THE SAINTS TO BE LABORING PRIESTS Rom. 15:16; 2 Tim. 4:2; Acts 10:24 For all the saints to be energized as laboring priests of the gospel, who preach the Word in season and out of season to their relatives, friends, colleagues, and people they meet, in order to gain them and&hellip;","og_url":"https:\/\/unceasinglypray.org\/tr\/day-17\/","og_site_name":"Unceasingly Pray","article_modified_time":"2020-06-11T14:43:30+00:00","og_image":[{"width":1200,"height":630,"url":"https:\/\/unceasinglypray.org\/wp-content\/uploads\/2020\/04\/social_share.gif","type":"image\/gif"}],"twitter_card":"summary_large_image","twitter_misc":{"Tahmini okuma s\u00fcresi":"1 dakika"},"schema":{"@context":"https:\/\/schema.org","@graph":[{"@type":"WebPage","@id":"https:\/\/unceasinglypray.org\/sk_sk\/day-17\/","url":"https:\/\/unceasinglypray.org\/sk_sk\/day-17\/","name":"Day 17 - Unceasingly Pray","isPartOf":{"@id":"https:\/\/unceasinglypray.org\/ar\/#website"},"primaryImageOfPage":{"@id":"https:\/\/unceasinglypray.org\/sk_sk\/day-17\/#primaryimage"},"image":{"@id":"https:\/\/unceasinglypray.org\/sk_sk\/day-17\/#primaryimage"},"thumbnailUrl":"https:\/\/unceasinglypray.org\/wp-content\/uploads\/2020\/04\/social_share.gif","datePublished":"2020-04-04T21:54:56+00:00","dateModified":"2020-06-11T14:43:30+00:00","breadcrumb":{"@id":"https:\/\/unceasinglypray.org\/sk_sk\/day-17\/#breadcrumb"},"inLanguage":"tr","potentialAction":[{"@type":"ReadAction","target":["https:\/\/unceasinglypray.org\/sk_sk\/day-17\/"]}]},{"@type":"ImageObject","inLanguage":"tr","@id":"https:\/\/unceasinglypray.org\/sk_sk\/day-17\/#primaryimage","url":"https:\/\/unceasinglypray.org\/wp-content\/uploads\/2020\/04\/social_share.gif","contentUrl":"https:\/\/unceasinglypray.org\/wp-content\/uploads\/2020\/04\/social_share.gif","width":1200,"height":630},{"@type":"BreadcrumbList","@id":"https:\/\/unceasinglypray.org\/sk_sk\/day-17\/#breadcrumb","itemListElement":[{"@type":"ListItem","position":1,"name":"Home","item":"https:\/\/unceasinglypray.org\/pt\/"},{"@type":"ListItem","position":2,"name":"Day 17"}]},{"@type":"WebSite","@id":"https:\/\/unceasinglypray.org\/ar\/#website","url":"https:\/\/unceasinglypray.org\/ar\/","name":"Unceasingly Pray","description":"","potentialAction":[{"@type":"SearchAction","target":{"@type":"EntryPoint","urlTemplate":"https:\/\/unceasinglypray.org\/ar\/?s={search_term_string}"},"query-input":{"@type":"PropertyValueSpecification","valueRequired":true,"valueName":"search_term_string"}}],"inLanguage":"tr"}]}},"_links":{"self":[{"href":"https:\/\/unceasinglypray.org\/tr\/wp-json\/wp\/v2\/pages\/530","targetHints":{"allow":["GET"]}}],"collection":[{"href":"https:\/\/unceasinglypray.org\/tr\/wp-json\/wp\/v2\/pages"}],"about":[{"href":"https:\/\/unceasinglypray.org\/tr\/wp-json\/wp\/v2\/types\/page"}],"author":[{"embeddable":true,"href":"https:\/\/unceasinglypray.org\/tr\/wp-json\/wp\/v2\/users\/1"}],"replies":[{"embeddable":true,"href":"https:\/\/unceasinglypray.org\/tr\/wp-json\/wp\/v2\/comments?post=530"}],"version-history":[{"count":0,"href":"https:\/\/unceasinglypray.org\/tr\/wp-json\/wp\/v2\/pages\/530\/revisions"}],"wp:featuredmedia":[{"embeddable":true,"href":"https:\/\/unceasinglypray.org\/tr\/wp-json\/wp\/v2\/media\/771"}],"wp:attachment":[{"href":"https:\/\/unceasinglypray.org\/tr\/wp-json\/wp\/v2\/media?parent=530"}],"curies":[{"name":"wp","href":"https:\/\/api.w.org\/{rel}","templated":true}]}}