{"id":528,"date":"2020-04-04T21:53:21","date_gmt":"2020-04-04T21:53:21","guid":{"rendered":"https:\/\/unceasinglypray.org\/?page_id=528"},"modified":"2020-06-11T14:26:31","modified_gmt":"2020-06-11T14:26:31","slug":"day-15","status":"publish","type":"page","link":"https:\/\/unceasinglypray.org\/tr\/day-15\/","title":{"rendered":"Day 15"},"content":{"rendered":"<p>DAY 15: PRAYER FOR THE BUILDING UP OF THE BODY<\/p>\n\t<p>Kol. 2:6-7; Rom. 8:4; Ef. 4:15-16<\/p>\n\t<p>Kutsallar\u0131n g\u00fcnl\u00fck ya\u015famlar\u0131nda ruha g\u00f6re Mesih'te y\u00fcr\u00fcmeleri, her durumda Mesih'e do\u011fru b\u00fcy\u00fcmeleri ve Mesih'in Bedeni olarak kenetlenip  birlikte in\u015fa edilmeleri i\u00e7in dua edin (Kol. 2: 6-7; Rom. 8: 4; Ef.4: 15-16).<\/p>\n\t<p><strong>Kol. 2:6-7<\/strong>\u2014Bu nedenle Rab Mesih \u0130sa'y\u0131 nas\u0131l kabul ettinizse, O'nda \u00f6ylece ya\u015fay\u0131n.\u00a0\u015e\u00fckranla dolup ta\u015farak O'nda k\u00f6klenin ve geli\u015fin, size \u00f6\u011fretildi\u011fi gibi imanda g\u00fc\u00e7lenin.\u00a0<\/p>\n<p><strong>Rom. 8:4<\/strong>\u2014\u00d6yle ki, Yasa'n\u0131n gere\u011fi, benli\u011fe g\u00f6re de\u011fil, Ruh'a g\u00f6re ya\u015fayan bizlerde yerine gelsin.\u00a0<\/p>\n<p><strong>Ef. 4:15-16<\/strong>\u2014Tersine, sevgiyle ger\u00e7e\u011fe uyarak bedenin ba\u015f\u0131 olan Mesih'e do\u011fru her y\u00f6nden b\u00fcy\u00fcyece\u011fiz.\u00a0O'nun \u00f6nderli\u011finde b\u00fct\u00fcn beden, her eklemin yard\u0131m\u0131yla kenetlenip kayna\u015fm\u0131\u015f olarak her \u00fcyesinin d\u00fczenli i\u015fleyi\u015fiyle b\u00fcy\u00fcy\u00fcp sevgide geli\u015fiyor.\u00a0<\/p>\n\t\t<h3><\/h3>\n\t\t<p>Kendinizi duaya verin.<\/p>\n\t\t\t<a href=\"https:\/\/unceasinglypray.org\/tr\/sign-up\/\" target=\"_self\" role=\"button\" rel=\"noopener noreferrer\">\n\t\t\t\t\t\t\tZAMAN ARALI\u011eINI SE\u00c7\u0130N\n\t\t\t\t\t<\/a>","protected":false},"excerpt":{"rendered":"<p>DAY 15: PRAYER FOR THE BUILDING UP OF THE BODY Col. 2:6-7; Rom. 8:4; Eph. 4:15-16 For the saints to walk in Christ by the spirit in their daily life, to grow up into Christ in all things, and to be knit and built together as the Body of Christ (Col. 2:6-7; Rom. 8:4; Eph.&hellip;<\/p>","protected":false},"author":1,"featured_media":771,"parent":0,"menu_order":0,"comment_status":"closed","ping_status":"closed","template":"","meta":{"inline_featured_image":false,"footnotes":""},"class_list":["post-528","page","type-page","status-publish","has-post-thumbnail","hentry"],"yoast_head":"<!-- This site is optimized with the Yoast SEO plugin v27.4 - https:\/\/yoast.com\/product\/yoast-seo-wordpress\/ -->\n<title>Day 15 - Unceasingly Pray<\/title>\n<meta name=\"robots\" content=\"index, follow, max-snippet:-1, max-image-preview:large, max-video-preview:-1\" \/>\n<link rel=\"canonical\" href=\"https:\/\/unceasinglypray.org\/tr\/day-15\/\" \/>\n<meta property=\"og:locale\" content=\"tr_TR\" \/>\n<meta property=\"og:type\" content=\"article\" \/>\n<meta property=\"og:title\" content=\"Day 15 - Unceasingly Pray\" \/>\n<meta property=\"og:description\" content=\"DAY 15: PRAYER FOR THE BUILDING UP OF THE BODY Col. 2:6-7; Rom. 8:4; Eph. 4:15-16 For the saints to walk in Christ by the spirit in their daily life, to grow up into Christ in all things, and to be knit and built together as the Body of Christ (Col. 2:6-7; Rom. 8:4; Eph.&hellip;\" \/>\n<meta property=\"og:url\" content=\"https:\/\/unceasinglypray.org\/tr\/day-15\/\" \/>\n<meta property=\"og:site_name\" content=\"Unceasingly Pray\" \/>\n<meta property=\"article:modified_time\" content=\"2020-06-11T14:26:31+00:00\" \/>\n<meta property=\"og:image\" content=\"https:\/\/unceasinglypray.org\/wp-content\/uploads\/2020\/04\/social_share.gif\" \/>\n\t<meta property=\"og:image:width\" content=\"1200\" \/>\n\t<meta property=\"og:image:height\" content=\"630\" \/>\n\t<meta property=\"og:image:type\" content=\"image\/gif\" \/>\n<meta name=\"twitter:card\" content=\"summary_large_image\" \/>\n<meta name=\"twitter:label1\" content=\"Tahmini okuma s\u00fcresi\" \/>\n\t<meta name=\"twitter:data1\" content=\"1 dakika\" \/>\n<script type=\"application\/ld+json\" class=\"yoast-schema-graph\">{\"@context\":\"https:\\\/\\\/schema.org\",\"@graph\":[{\"@type\":\"WebPage\",\"@id\":\"https:\\\/\\\/unceasinglypray.org\\\/cs\\\/day-15\\\/\",\"url\":\"https:\\\/\\\/unceasinglypray.org\\\/cs\\\/day-15\\\/\",\"name\":\"Day 15 - Unceasingly Pray\",\"isPartOf\":{\"@id\":\"https:\\\/\\\/unceasinglypray.org\\\/ar\\\/#website\"},\"primaryImageOfPage\":{\"@id\":\"https:\\\/\\\/unceasinglypray.org\\\/cs\\\/day-15\\\/#primaryimage\"},\"image\":{\"@id\":\"https:\\\/\\\/unceasinglypray.org\\\/cs\\\/day-15\\\/#primaryimage\"},\"thumbnailUrl\":\"https:\\\/\\\/unceasinglypray.org\\\/wp-content\\\/uploads\\\/2020\\\/04\\\/social_share.gif\",\"datePublished\":\"2020-04-04T21:53:21+00:00\",\"dateModified\":\"2020-06-11T14:26:31+00:00\",\"breadcrumb\":{\"@id\":\"https:\\\/\\\/unceasinglypray.org\\\/cs\\\/day-15\\\/#breadcrumb\"},\"inLanguage\":\"tr\",\"potentialAction\":[{\"@type\":\"ReadAction\",\"target\":[\"https:\\\/\\\/unceasinglypray.org\\\/cs\\\/day-15\\\/\"]}]},{\"@type\":\"ImageObject\",\"inLanguage\":\"tr\",\"@id\":\"https:\\\/\\\/unceasinglypray.org\\\/cs\\\/day-15\\\/#primaryimage\",\"url\":\"https:\\\/\\\/unceasinglypray.org\\\/wp-content\\\/uploads\\\/2020\\\/04\\\/social_share.gif\",\"contentUrl\":\"https:\\\/\\\/unceasinglypray.org\\\/wp-content\\\/uploads\\\/2020\\\/04\\\/social_share.gif\",\"width\":1200,\"height\":630},{\"@type\":\"BreadcrumbList\",\"@id\":\"https:\\\/\\\/unceasinglypray.org\\\/cs\\\/day-15\\\/#breadcrumb\",\"itemListElement\":[{\"@type\":\"ListItem\",\"position\":1,\"name\":\"Home\",\"item\":\"https:\\\/\\\/unceasinglypray.org\\\/pt\\\/\"},{\"@type\":\"ListItem\",\"position\":2,\"name\":\"Day 15\"}]},{\"@type\":\"WebSite\",\"@id\":\"https:\\\/\\\/unceasinglypray.org\\\/ar\\\/#website\",\"url\":\"https:\\\/\\\/unceasinglypray.org\\\/ar\\\/\",\"name\":\"Unceasingly Pray\",\"description\":\"\",\"potentialAction\":[{\"@type\":\"SearchAction\",\"target\":{\"@type\":\"EntryPoint\",\"urlTemplate\":\"https:\\\/\\\/unceasinglypray.org\\\/ar\\\/?s={search_term_string}\"},\"query-input\":{\"@type\":\"PropertyValueSpecification\",\"valueRequired\":true,\"valueName\":\"search_term_string\"}}],\"inLanguage\":\"tr\"}]}<\/script>\n<!-- \/ Yoast SEO plugin. -->","yoast_head_json":{"title":"Day 15 - Unceasingly Pray","robots":{"index":"index","follow":"follow","max-snippet":"max-snippet:-1","max-image-preview":"max-image-preview:large","max-video-preview":"max-video-preview:-1"},"canonical":"https:\/\/unceasinglypray.org\/tr\/day-15\/","og_locale":"tr_TR","og_type":"article","og_title":"Day 15 - Unceasingly Pray","og_description":"DAY 15: PRAYER FOR THE BUILDING UP OF THE BODY Col. 2:6-7; Rom. 8:4; Eph. 4:15-16 For the saints to walk in Christ by the spirit in their daily life, to grow up into Christ in all things, and to be knit and built together as the Body of Christ (Col. 2:6-7; Rom. 8:4; Eph.&hellip;","og_url":"https:\/\/unceasinglypray.org\/tr\/day-15\/","og_site_name":"Unceasingly Pray","article_modified_time":"2020-06-11T14:26:31+00:00","og_image":[{"width":1200,"height":630,"url":"https:\/\/unceasinglypray.org\/wp-content\/uploads\/2020\/04\/social_share.gif","type":"image\/gif"}],"twitter_card":"summary_large_image","twitter_misc":{"Tahmini okuma s\u00fcresi":"1 dakika"},"schema":{"@context":"https:\/\/schema.org","@graph":[{"@type":"WebPage","@id":"https:\/\/unceasinglypray.org\/cs\/day-15\/","url":"https:\/\/unceasinglypray.org\/cs\/day-15\/","name":"Day 15 - Unceasingly Pray","isPartOf":{"@id":"https:\/\/unceasinglypray.org\/ar\/#website"},"primaryImageOfPage":{"@id":"https:\/\/unceasinglypray.org\/cs\/day-15\/#primaryimage"},"image":{"@id":"https:\/\/unceasinglypray.org\/cs\/day-15\/#primaryimage"},"thumbnailUrl":"https:\/\/unceasinglypray.org\/wp-content\/uploads\/2020\/04\/social_share.gif","datePublished":"2020-04-04T21:53:21+00:00","dateModified":"2020-06-11T14:26:31+00:00","breadcrumb":{"@id":"https:\/\/unceasinglypray.org\/cs\/day-15\/#breadcrumb"},"inLanguage":"tr","potentialAction":[{"@type":"ReadAction","target":["https:\/\/unceasinglypray.org\/cs\/day-15\/"]}]},{"@type":"ImageObject","inLanguage":"tr","@id":"https:\/\/unceasinglypray.org\/cs\/day-15\/#primaryimage","url":"https:\/\/unceasinglypray.org\/wp-content\/uploads\/2020\/04\/social_share.gif","contentUrl":"https:\/\/unceasinglypray.org\/wp-content\/uploads\/2020\/04\/social_share.gif","width":1200,"height":630},{"@type":"BreadcrumbList","@id":"https:\/\/unceasinglypray.org\/cs\/day-15\/#breadcrumb","itemListElement":[{"@type":"ListItem","position":1,"name":"Home","item":"https:\/\/unceasinglypray.org\/pt\/"},{"@type":"ListItem","position":2,"name":"Day 15"}]},{"@type":"WebSite","@id":"https:\/\/unceasinglypray.org\/ar\/#website","url":"https:\/\/unceasinglypray.org\/ar\/","name":"Unceasingly Pray","description":"","potentialAction":[{"@type":"SearchAction","target":{"@type":"EntryPoint","urlTemplate":"https:\/\/unceasinglypray.org\/ar\/?s={search_term_string}"},"query-input":{"@type":"PropertyValueSpecification","valueRequired":true,"valueName":"search_term_string"}}],"inLanguage":"tr"}]}},"_links":{"self":[{"href":"https:\/\/unceasinglypray.org\/tr\/wp-json\/wp\/v2\/pages\/528","targetHints":{"allow":["GET"]}}],"collection":[{"href":"https:\/\/unceasinglypray.org\/tr\/wp-json\/wp\/v2\/pages"}],"about":[{"href":"https:\/\/unceasinglypray.org\/tr\/wp-json\/wp\/v2\/types\/page"}],"author":[{"embeddable":true,"href":"https:\/\/unceasinglypray.org\/tr\/wp-json\/wp\/v2\/users\/1"}],"replies":[{"embeddable":true,"href":"https:\/\/unceasinglypray.org\/tr\/wp-json\/wp\/v2\/comments?post=528"}],"version-history":[{"count":0,"href":"https:\/\/unceasinglypray.org\/tr\/wp-json\/wp\/v2\/pages\/528\/revisions"}],"wp:featuredmedia":[{"embeddable":true,"href":"https:\/\/unceasinglypray.org\/tr\/wp-json\/wp\/v2\/media\/771"}],"wp:attachment":[{"href":"https:\/\/unceasinglypray.org\/tr\/wp-json\/wp\/v2\/media?parent=528"}],"curies":[{"name":"wp","href":"https:\/\/api.w.org\/{rel}","templated":true}]}}