{"id":526,"date":"2020-04-04T21:52:20","date_gmt":"2020-04-04T21:52:20","guid":{"rendered":"https:\/\/unceasinglypray.org\/?page_id=526"},"modified":"2020-06-11T13:47:13","modified_gmt":"2020-06-11T13:47:13","slug":"day-13","status":"publish","type":"page","link":"https:\/\/unceasinglypray.org\/tr\/day-13\/","title":{"rendered":"Day 13"},"content":{"rendered":"<p>DAY 13: PRAYER FOR THE SAINTS TO BE SANCTIFIED<\/p>\n\t<p>1Se. 5:22-23; Rom. 12:2, 4-5<\/p>\n\t<p>Kutsallar\u0131n \u00fc\u00e7l\u00fc varl\u0131klar\u0131yla korunmas\u0131 ve kutsal k\u0131l\u0131nmas\u0131, Tanr\u0131'ya kutsal olmayan ve g\u00fcnah \u015feylerden (1Se. 5: 22-23) ayr\u0131lmalar\u0131 ve bu \u00e7a\u011f\u0131n gidi\u015fine  uymamalar\u0131 ama de\u011fi\u015ftirilip Beden hayat\u0131n\u0131 ya\u015fayarak Tanr\u0131\u2019n\u0131n iste\u011fini ay\u0131rt etmeleri i\u00e7in dua edin (Rom. 12:2, 4-5).<\/p>\n\t<p><strong>1Se. 5:22-23<\/strong>\u2014Her \u00e7e\u015fit k\u00f6t\u00fcl\u00fckten ka\u00e7\u0131n\u0131n.\u00a0Esenlik kayna\u011f\u0131 olan Tanr\u0131'n\u0131n kendisi sizi t\u00fcm\u00fcyle kutsal k\u0131ls\u0131n. Ruhunuz, can\u0131n\u0131z ve bedeniniz Rabbimiz \u0130sa Mesih'in geli\u015finde eksiksiz ve kusursuz olmak \u00fczere korunsun.<\/p>\n<p><strong>Rom. 12:2<\/strong>\u2014Bu \u00e7a\u011f\u0131n gidi\u015fine uymay\u0131n; bunun yerine, Tanr\u0131'n\u0131n iyi, be\u011fenilir ve yetkin iste\u011finin ne oldu\u011funu ay\u0131rt edebilmek i\u00e7in d\u00fc\u015f\u00fcncenizin yenilenmesiyle de\u011fi\u015fin.\u00a0<\/p>\n<p><strong>Rom. 12:4-5<\/strong>\u2014Bir bedende ayr\u0131 ayr\u0131 i\u015flevleri olan \u00e7ok say\u0131da \u00fcyemiz oldu\u011fu gibi, \u00e7ok say\u0131da olan bizler de Mesih'te tek bir bedeniz ve birbirimizin \u00fcyeleriyiz.\u00a0 <strong>\u00a0<\/strong><\/p>\n\t\t<h3><\/h3>\n\t\t<p>Kendinizi duaya verin.<\/p>\n\t\t\t<a href=\"https:\/\/unceasinglypray.org\/tr\/sign-up\/\" target=\"_self\" role=\"button\" rel=\"noopener noreferrer\">\n\t\t\t\t\t\t\tZAMAN ARALI\u011eINI SE\u00c7\u0130N\n\t\t\t\t\t<\/a>","protected":false},"excerpt":{"rendered":"<p>DAY 13: PRAYER FOR THE SAINTS TO BE SANCTIFIED 1 Thes. 5:22-23; Rom 12:2, 4-5 For the saints to be preserved and sanctified in their tripartite being, to be separated unto God from common and sinful things (1 Thes. 5:22-23), and to not be conformed to this age but to be transformed and prove the&hellip;<\/p>","protected":false},"author":1,"featured_media":771,"parent":0,"menu_order":0,"comment_status":"closed","ping_status":"closed","template":"","meta":{"inline_featured_image":false,"footnotes":""},"class_list":["post-526","page","type-page","status-publish","has-post-thumbnail","hentry"],"yoast_head":"<!-- This site is optimized with the Yoast SEO plugin v27.3 - https:\/\/yoast.com\/product\/yoast-seo-wordpress\/ -->\n<title>Day 13 - Unceasingly Pray<\/title>\n<meta name=\"robots\" content=\"index, follow, max-snippet:-1, max-image-preview:large, max-video-preview:-1\" \/>\n<link rel=\"canonical\" href=\"http:\/\/unceasinglypray.org\/tr\/day-13\/\" \/>\n<meta property=\"og:locale\" content=\"tr_TR\" \/>\n<meta property=\"og:type\" content=\"article\" \/>\n<meta property=\"og:title\" content=\"Day 13 - Unceasingly Pray\" \/>\n<meta property=\"og:description\" content=\"DAY 13: PRAYER FOR THE SAINTS TO BE SANCTIFIED 1 Thes. 5:22-23; Rom 12:2, 4-5 For the saints to be preserved and sanctified in their tripartite being, to be separated unto God from common and sinful things (1 Thes. 5:22-23), and to not be conformed to this age but to be transformed and prove the&hellip;\" \/>\n<meta property=\"og:url\" content=\"http:\/\/unceasinglypray.org\/tr\/day-13\/\" \/>\n<meta property=\"og:site_name\" content=\"Unceasingly Pray\" \/>\n<meta property=\"article:modified_time\" content=\"2020-06-11T13:47:13+00:00\" \/>\n<meta property=\"og:image\" content=\"https:\/\/unceasinglypray.org\/wp-content\/uploads\/2020\/04\/social_share.gif\" \/>\n\t<meta property=\"og:image:width\" content=\"1200\" \/>\n\t<meta property=\"og:image:height\" content=\"630\" \/>\n\t<meta property=\"og:image:type\" content=\"image\/gif\" \/>\n<meta name=\"twitter:card\" content=\"summary_large_image\" \/>\n<meta name=\"twitter:label1\" content=\"Tahmini okuma s\u00fcresi\" \/>\n\t<meta name=\"twitter:data1\" content=\"1 dakika\" \/>\n<script type=\"application\/ld+json\" class=\"yoast-schema-graph\">{\"@context\":\"https:\\\/\\\/schema.org\",\"@graph\":[{\"@type\":\"WebPage\",\"@id\":\"http:\\\/\\\/unceasinglypray.org\\\/cs\\\/day-13\\\/\",\"url\":\"http:\\\/\\\/unceasinglypray.org\\\/cs\\\/day-13\\\/\",\"name\":\"Day 13 - Unceasingly Pray\",\"isPartOf\":{\"@id\":\"https:\\\/\\\/unceasinglypray.org\\\/ar\\\/#website\"},\"primaryImageOfPage\":{\"@id\":\"http:\\\/\\\/unceasinglypray.org\\\/cs\\\/day-13\\\/#primaryimage\"},\"image\":{\"@id\":\"http:\\\/\\\/unceasinglypray.org\\\/cs\\\/day-13\\\/#primaryimage\"},\"thumbnailUrl\":\"https:\\\/\\\/unceasinglypray.org\\\/wp-content\\\/uploads\\\/2020\\\/04\\\/social_share.gif\",\"datePublished\":\"2020-04-04T21:52:20+00:00\",\"dateModified\":\"2020-06-11T13:47:13+00:00\",\"breadcrumb\":{\"@id\":\"http:\\\/\\\/unceasinglypray.org\\\/cs\\\/day-13\\\/#breadcrumb\"},\"inLanguage\":\"tr\",\"potentialAction\":[{\"@type\":\"ReadAction\",\"target\":[\"http:\\\/\\\/unceasinglypray.org\\\/cs\\\/day-13\\\/\"]}]},{\"@type\":\"ImageObject\",\"inLanguage\":\"tr\",\"@id\":\"http:\\\/\\\/unceasinglypray.org\\\/cs\\\/day-13\\\/#primaryimage\",\"url\":\"https:\\\/\\\/unceasinglypray.org\\\/wp-content\\\/uploads\\\/2020\\\/04\\\/social_share.gif\",\"contentUrl\":\"https:\\\/\\\/unceasinglypray.org\\\/wp-content\\\/uploads\\\/2020\\\/04\\\/social_share.gif\",\"width\":1200,\"height\":630},{\"@type\":\"BreadcrumbList\",\"@id\":\"http:\\\/\\\/unceasinglypray.org\\\/cs\\\/day-13\\\/#breadcrumb\",\"itemListElement\":[{\"@type\":\"ListItem\",\"position\":1,\"name\":\"Home\",\"item\":\"https:\\\/\\\/unceasinglypray.org\\\/pt\\\/\"},{\"@type\":\"ListItem\",\"position\":2,\"name\":\"Day 13\"}]},{\"@type\":\"WebSite\",\"@id\":\"https:\\\/\\\/unceasinglypray.org\\\/ar\\\/#website\",\"url\":\"https:\\\/\\\/unceasinglypray.org\\\/ar\\\/\",\"name\":\"Unceasingly Pray\",\"description\":\"\",\"potentialAction\":[{\"@type\":\"SearchAction\",\"target\":{\"@type\":\"EntryPoint\",\"urlTemplate\":\"https:\\\/\\\/unceasinglypray.org\\\/ar\\\/?s={search_term_string}\"},\"query-input\":{\"@type\":\"PropertyValueSpecification\",\"valueRequired\":true,\"valueName\":\"search_term_string\"}}],\"inLanguage\":\"tr\"}]}<\/script>\n<!-- \/ Yoast SEO plugin. -->","yoast_head_json":{"title":"Day 13 - Unceasingly Pray","robots":{"index":"index","follow":"follow","max-snippet":"max-snippet:-1","max-image-preview":"max-image-preview:large","max-video-preview":"max-video-preview:-1"},"canonical":"http:\/\/unceasinglypray.org\/tr\/day-13\/","og_locale":"tr_TR","og_type":"article","og_title":"Day 13 - Unceasingly Pray","og_description":"DAY 13: PRAYER FOR THE SAINTS TO BE SANCTIFIED 1 Thes. 5:22-23; Rom 12:2, 4-5 For the saints to be preserved and sanctified in their tripartite being, to be separated unto God from common and sinful things (1 Thes. 5:22-23), and to not be conformed to this age but to be transformed and prove the&hellip;","og_url":"http:\/\/unceasinglypray.org\/tr\/day-13\/","og_site_name":"Unceasingly Pray","article_modified_time":"2020-06-11T13:47:13+00:00","og_image":[{"width":1200,"height":630,"url":"https:\/\/unceasinglypray.org\/wp-content\/uploads\/2020\/04\/social_share.gif","type":"image\/gif"}],"twitter_card":"summary_large_image","twitter_misc":{"Tahmini okuma s\u00fcresi":"1 dakika"},"schema":{"@context":"https:\/\/schema.org","@graph":[{"@type":"WebPage","@id":"http:\/\/unceasinglypray.org\/cs\/day-13\/","url":"http:\/\/unceasinglypray.org\/cs\/day-13\/","name":"Day 13 - Unceasingly Pray","isPartOf":{"@id":"https:\/\/unceasinglypray.org\/ar\/#website"},"primaryImageOfPage":{"@id":"http:\/\/unceasinglypray.org\/cs\/day-13\/#primaryimage"},"image":{"@id":"http:\/\/unceasinglypray.org\/cs\/day-13\/#primaryimage"},"thumbnailUrl":"https:\/\/unceasinglypray.org\/wp-content\/uploads\/2020\/04\/social_share.gif","datePublished":"2020-04-04T21:52:20+00:00","dateModified":"2020-06-11T13:47:13+00:00","breadcrumb":{"@id":"http:\/\/unceasinglypray.org\/cs\/day-13\/#breadcrumb"},"inLanguage":"tr","potentialAction":[{"@type":"ReadAction","target":["http:\/\/unceasinglypray.org\/cs\/day-13\/"]}]},{"@type":"ImageObject","inLanguage":"tr","@id":"http:\/\/unceasinglypray.org\/cs\/day-13\/#primaryimage","url":"https:\/\/unceasinglypray.org\/wp-content\/uploads\/2020\/04\/social_share.gif","contentUrl":"https:\/\/unceasinglypray.org\/wp-content\/uploads\/2020\/04\/social_share.gif","width":1200,"height":630},{"@type":"BreadcrumbList","@id":"http:\/\/unceasinglypray.org\/cs\/day-13\/#breadcrumb","itemListElement":[{"@type":"ListItem","position":1,"name":"Home","item":"https:\/\/unceasinglypray.org\/pt\/"},{"@type":"ListItem","position":2,"name":"Day 13"}]},{"@type":"WebSite","@id":"https:\/\/unceasinglypray.org\/ar\/#website","url":"https:\/\/unceasinglypray.org\/ar\/","name":"Unceasingly Pray","description":"","potentialAction":[{"@type":"SearchAction","target":{"@type":"EntryPoint","urlTemplate":"https:\/\/unceasinglypray.org\/ar\/?s={search_term_string}"},"query-input":{"@type":"PropertyValueSpecification","valueRequired":true,"valueName":"search_term_string"}}],"inLanguage":"tr"}]}},"_links":{"self":[{"href":"https:\/\/unceasinglypray.org\/tr\/wp-json\/wp\/v2\/pages\/526","targetHints":{"allow":["GET"]}}],"collection":[{"href":"https:\/\/unceasinglypray.org\/tr\/wp-json\/wp\/v2\/pages"}],"about":[{"href":"https:\/\/unceasinglypray.org\/tr\/wp-json\/wp\/v2\/types\/page"}],"author":[{"embeddable":true,"href":"https:\/\/unceasinglypray.org\/tr\/wp-json\/wp\/v2\/users\/1"}],"replies":[{"embeddable":true,"href":"https:\/\/unceasinglypray.org\/tr\/wp-json\/wp\/v2\/comments?post=526"}],"version-history":[{"count":0,"href":"https:\/\/unceasinglypray.org\/tr\/wp-json\/wp\/v2\/pages\/526\/revisions"}],"wp:featuredmedia":[{"embeddable":true,"href":"https:\/\/unceasinglypray.org\/tr\/wp-json\/wp\/v2\/media\/771"}],"wp:attachment":[{"href":"https:\/\/unceasinglypray.org\/tr\/wp-json\/wp\/v2\/media?parent=526"}],"curies":[{"name":"wp","href":"https:\/\/api.w.org\/{rel}","templated":true}]}}