{"id":521,"date":"2020-04-04T21:48:49","date_gmt":"2020-04-04T21:48:49","guid":{"rendered":"https:\/\/unceasinglypray.org\/?page_id=521"},"modified":"2020-06-11T13:44:31","modified_gmt":"2020-06-11T13:44:31","slug":"day-8","status":"publish","type":"page","link":"https:\/\/unceasinglypray.org\/tr\/day-8\/","title":{"rendered":"Day 8"},"content":{"rendered":"<p>DAY 8: PRAYER FOR THE DORMANT, WAYWARD, &amp; BACKSLIDDEN<\/p>\n\t<p>Ef. 5:14; Yak. 5:19; Gal. 6:1<\/p>\n\t<p>Uyuyan inananlar\u0131n diriltilmesi i\u00e7in, yoldan sapm\u0131\u015f H\u0131ristiyanlar\u0131n yola geri getirilmesi i\u00e7in ve imandan uzakla\u015fm\u0131\u015f kutsallar\u0131n Rab'be ve kilisenin payda\u015fl\u0131\u011f\u0131na geri d\u00f6nd\u00fcr\u00fclmesi i\u00e7in dua edin (Ef. 5:14; Yak. 5:19; Gal. 6: 1).<\/p>\n\t<p><strong>Ef. 5:14<\/strong>\u2014\u00c7\u00fcnk\u00fc g\u00f6r\u00fcnen her \u015fey \u0131\u015f\u0131kt\u0131r. Bunun i\u00e7in \u015f\u00f6yle : \"Uyan, ey uyuyan! \u00d6l\u00fcmden diril! Mesih sana \u0131\u015f\u0131k sa\u00e7acak.\"\u00a0<\/p>\n<p><strong>Yak. 5:19<\/strong>\u2014Karde\u015flerim, i\u00e7inizden biri ger\u00e7e\u011fin yolundan sapar da ba\u015fka biri onu yine ger\u00e7e\u011fe d\u00f6nd\u00fcr\u00fcrse, bilsin ki, g\u00fcnahk\u00e2r\u0131 sap\u0131k yolundan d\u00f6nd\u00fcren, \u00f6l\u00fcmden bir can kurtarm\u0131\u015f, bir s\u00fcr\u00fc g\u00fcnah\u0131 \u00f6rtm\u00fc\u015f olur.<\/p>\n<p><strong>Gal. 6:1<\/strong>\u2014Karde\u015fler, e\u011fer biri su\u00e7 i\u015flerken yakalan\u0131rsa, ruhsal olan sizler, b\u00f6yle birini yumu\u015fak ruhla yola getirin. Siz de ayart\u0131lmamak i\u00e7in kendinizi kollay\u0131n.\u00a0<\/p>\n\t\t<h3><\/h3>\n\t\t<p>Kendinizi duaya verin.<\/p>\n\t\t\t<a href=\"https:\/\/unceasinglypray.org\/tr\/sign-up\/\" target=\"_self\" role=\"button\" rel=\"noopener noreferrer\">\n\t\t\t\t\t\t\tZAMAN ARALI\u011eINI SE\u00c7\u0130N\n\t\t\t\t\t<\/a>","protected":false},"excerpt":{"rendered":"<p>DAY 8: PRAYER FOR THE DORMANT, WAYWARD, &amp; BACKSLIDDEN Eph. 5:14; James 5:19; Gal. 6:1 For the dormant believers to be enlivened, the wayward Christians to be recovered, and the backslidden saints to be restored to the Lord and to the fellowship of the church (Eph. 5:14; James 5:19; Gal. 6:1). Eph. 5:14\u2014Therefore He says,&hellip;<\/p>","protected":false},"author":1,"featured_media":771,"parent":0,"menu_order":0,"comment_status":"closed","ping_status":"closed","template":"","meta":{"inline_featured_image":false,"footnotes":""},"class_list":["post-521","page","type-page","status-publish","has-post-thumbnail","hentry"],"yoast_head":"<!-- This site is optimized with the Yoast SEO plugin v27.5 - https:\/\/yoast.com\/product\/yoast-seo-wordpress\/ -->\n<title>Day 8 - Unceasingly Pray<\/title>\n<meta name=\"robots\" content=\"index, follow, max-snippet:-1, max-image-preview:large, max-video-preview:-1\" \/>\n<link rel=\"canonical\" href=\"https:\/\/unceasinglypray.org\/tr\/day-8\/\" \/>\n<meta property=\"og:locale\" content=\"tr_TR\" \/>\n<meta property=\"og:type\" content=\"article\" \/>\n<meta property=\"og:title\" content=\"Day 8 - Unceasingly Pray\" \/>\n<meta property=\"og:description\" content=\"DAY 8: PRAYER FOR THE DORMANT, WAYWARD, &amp; BACKSLIDDEN Eph. 5:14; James 5:19; Gal. 6:1 For the dormant believers to be enlivened, the wayward Christians to be recovered, and the backslidden saints to be restored to the Lord and to the fellowship of the church (Eph. 5:14; James 5:19; Gal. 6:1). Eph. 5:14\u2014Therefore He says,&hellip;\" \/>\n<meta property=\"og:url\" content=\"https:\/\/unceasinglypray.org\/tr\/day-8\/\" \/>\n<meta property=\"og:site_name\" content=\"Unceasingly Pray\" \/>\n<meta property=\"article:modified_time\" content=\"2020-06-11T13:44:31+00:00\" \/>\n<meta property=\"og:image\" content=\"https:\/\/unceasinglypray.org\/wp-content\/uploads\/2020\/04\/social_share.gif\" \/>\n\t<meta property=\"og:image:width\" content=\"1200\" \/>\n\t<meta property=\"og:image:height\" content=\"630\" \/>\n\t<meta property=\"og:image:type\" content=\"image\/gif\" \/>\n<meta name=\"twitter:card\" content=\"summary_large_image\" \/>\n<meta name=\"twitter:label1\" content=\"Tahmini okuma s\u00fcresi\" \/>\n\t<meta name=\"twitter:data1\" content=\"1 dakika\" \/>\n<script type=\"application\/ld+json\" class=\"yoast-schema-graph\">{\"@context\":\"https:\\\/\\\/schema.org\",\"@graph\":[{\"@type\":\"WebPage\",\"@id\":\"https:\\\/\\\/unceasinglypray.org\\\/day-8\\\/\",\"url\":\"https:\\\/\\\/unceasinglypray.org\\\/day-8\\\/\",\"name\":\"Day 8 - Unceasingly Pray\",\"isPartOf\":{\"@id\":\"https:\\\/\\\/unceasinglypray.org\\\/ar\\\/#website\"},\"primaryImageOfPage\":{\"@id\":\"https:\\\/\\\/unceasinglypray.org\\\/day-8\\\/#primaryimage\"},\"image\":{\"@id\":\"https:\\\/\\\/unceasinglypray.org\\\/day-8\\\/#primaryimage\"},\"thumbnailUrl\":\"https:\\\/\\\/unceasinglypray.org\\\/wp-content\\\/uploads\\\/2020\\\/04\\\/social_share.gif\",\"datePublished\":\"2020-04-04T21:48:49+00:00\",\"dateModified\":\"2020-06-11T13:44:31+00:00\",\"breadcrumb\":{\"@id\":\"https:\\\/\\\/unceasinglypray.org\\\/day-8\\\/#breadcrumb\"},\"inLanguage\":\"tr\",\"potentialAction\":[{\"@type\":\"ReadAction\",\"target\":[\"https:\\\/\\\/unceasinglypray.org\\\/day-8\\\/\"]}]},{\"@type\":\"ImageObject\",\"inLanguage\":\"tr\",\"@id\":\"https:\\\/\\\/unceasinglypray.org\\\/day-8\\\/#primaryimage\",\"url\":\"https:\\\/\\\/unceasinglypray.org\\\/wp-content\\\/uploads\\\/2020\\\/04\\\/social_share.gif\",\"contentUrl\":\"https:\\\/\\\/unceasinglypray.org\\\/wp-content\\\/uploads\\\/2020\\\/04\\\/social_share.gif\",\"width\":1200,\"height\":630},{\"@type\":\"BreadcrumbList\",\"@id\":\"https:\\\/\\\/unceasinglypray.org\\\/day-8\\\/#breadcrumb\",\"itemListElement\":[{\"@type\":\"ListItem\",\"position\":1,\"name\":\"Home\",\"item\":\"https:\\\/\\\/unceasinglypray.org\\\/pt\\\/\"},{\"@type\":\"ListItem\",\"position\":2,\"name\":\"Day 8\"}]},{\"@type\":\"WebSite\",\"@id\":\"https:\\\/\\\/unceasinglypray.org\\\/ar\\\/#website\",\"url\":\"https:\\\/\\\/unceasinglypray.org\\\/ar\\\/\",\"name\":\"Unceasingly Pray\",\"description\":\"\",\"potentialAction\":[{\"@type\":\"SearchAction\",\"target\":{\"@type\":\"EntryPoint\",\"urlTemplate\":\"https:\\\/\\\/unceasinglypray.org\\\/ar\\\/?s={search_term_string}\"},\"query-input\":{\"@type\":\"PropertyValueSpecification\",\"valueRequired\":true,\"valueName\":\"search_term_string\"}}],\"inLanguage\":\"tr\"}]}<\/script>\n<!-- \/ Yoast SEO plugin. -->","yoast_head_json":{"title":"Day 8 - Unceasingly Pray","robots":{"index":"index","follow":"follow","max-snippet":"max-snippet:-1","max-image-preview":"max-image-preview:large","max-video-preview":"max-video-preview:-1"},"canonical":"https:\/\/unceasinglypray.org\/tr\/day-8\/","og_locale":"tr_TR","og_type":"article","og_title":"Day 8 - Unceasingly Pray","og_description":"DAY 8: PRAYER FOR THE DORMANT, WAYWARD, &amp; BACKSLIDDEN Eph. 5:14; James 5:19; Gal. 6:1 For the dormant believers to be enlivened, the wayward Christians to be recovered, and the backslidden saints to be restored to the Lord and to the fellowship of the church (Eph. 5:14; James 5:19; Gal. 6:1). Eph. 5:14\u2014Therefore He says,&hellip;","og_url":"https:\/\/unceasinglypray.org\/tr\/day-8\/","og_site_name":"Unceasingly Pray","article_modified_time":"2020-06-11T13:44:31+00:00","og_image":[{"width":1200,"height":630,"url":"https:\/\/unceasinglypray.org\/wp-content\/uploads\/2020\/04\/social_share.gif","type":"image\/gif"}],"twitter_card":"summary_large_image","twitter_misc":{"Tahmini okuma s\u00fcresi":"1 dakika"},"schema":{"@context":"https:\/\/schema.org","@graph":[{"@type":"WebPage","@id":"https:\/\/unceasinglypray.org\/day-8\/","url":"https:\/\/unceasinglypray.org\/day-8\/","name":"Day 8 - Unceasingly Pray","isPartOf":{"@id":"https:\/\/unceasinglypray.org\/ar\/#website"},"primaryImageOfPage":{"@id":"https:\/\/unceasinglypray.org\/day-8\/#primaryimage"},"image":{"@id":"https:\/\/unceasinglypray.org\/day-8\/#primaryimage"},"thumbnailUrl":"https:\/\/unceasinglypray.org\/wp-content\/uploads\/2020\/04\/social_share.gif","datePublished":"2020-04-04T21:48:49+00:00","dateModified":"2020-06-11T13:44:31+00:00","breadcrumb":{"@id":"https:\/\/unceasinglypray.org\/day-8\/#breadcrumb"},"inLanguage":"tr","potentialAction":[{"@type":"ReadAction","target":["https:\/\/unceasinglypray.org\/day-8\/"]}]},{"@type":"ImageObject","inLanguage":"tr","@id":"https:\/\/unceasinglypray.org\/day-8\/#primaryimage","url":"https:\/\/unceasinglypray.org\/wp-content\/uploads\/2020\/04\/social_share.gif","contentUrl":"https:\/\/unceasinglypray.org\/wp-content\/uploads\/2020\/04\/social_share.gif","width":1200,"height":630},{"@type":"BreadcrumbList","@id":"https:\/\/unceasinglypray.org\/day-8\/#breadcrumb","itemListElement":[{"@type":"ListItem","position":1,"name":"Home","item":"https:\/\/unceasinglypray.org\/pt\/"},{"@type":"ListItem","position":2,"name":"Day 8"}]},{"@type":"WebSite","@id":"https:\/\/unceasinglypray.org\/ar\/#website","url":"https:\/\/unceasinglypray.org\/ar\/","name":"Unceasingly Pray","description":"","potentialAction":[{"@type":"SearchAction","target":{"@type":"EntryPoint","urlTemplate":"https:\/\/unceasinglypray.org\/ar\/?s={search_term_string}"},"query-input":{"@type":"PropertyValueSpecification","valueRequired":true,"valueName":"search_term_string"}}],"inLanguage":"tr"}]}},"_links":{"self":[{"href":"https:\/\/unceasinglypray.org\/tr\/wp-json\/wp\/v2\/pages\/521","targetHints":{"allow":["GET"]}}],"collection":[{"href":"https:\/\/unceasinglypray.org\/tr\/wp-json\/wp\/v2\/pages"}],"about":[{"href":"https:\/\/unceasinglypray.org\/tr\/wp-json\/wp\/v2\/types\/page"}],"author":[{"embeddable":true,"href":"https:\/\/unceasinglypray.org\/tr\/wp-json\/wp\/v2\/users\/1"}],"replies":[{"embeddable":true,"href":"https:\/\/unceasinglypray.org\/tr\/wp-json\/wp\/v2\/comments?post=521"}],"version-history":[{"count":0,"href":"https:\/\/unceasinglypray.org\/tr\/wp-json\/wp\/v2\/pages\/521\/revisions"}],"wp:featuredmedia":[{"embeddable":true,"href":"https:\/\/unceasinglypray.org\/tr\/wp-json\/wp\/v2\/media\/771"}],"wp:attachment":[{"href":"https:\/\/unceasinglypray.org\/tr\/wp-json\/wp\/v2\/media?parent=521"}],"curies":[{"name":"wp","href":"https:\/\/api.w.org\/{rel}","templated":true}]}}