{"id":520,"date":"2020-04-04T21:48:04","date_gmt":"2020-04-04T21:48:04","guid":{"rendered":"https:\/\/unceasinglypray.org\/?page_id=520"},"modified":"2020-06-11T13:44:12","modified_gmt":"2020-06-11T13:44:12","slug":"day-7","status":"publish","type":"page","link":"https:\/\/unceasinglypray.org\/tr\/day-7\/","title":{"rendered":"Day 7"},"content":{"rendered":"<p>DAY 7: PRAYER FOR THE PERSECUTED, OPPRESSED, &amp; SUFFERING<\/p>\n\t<p>1 Pet. 4:12-14; 5:9-10<\/p>\n\t<p>B\u00fct\u00fcn l\u00fctfun kayna\u011f\u0131 olan Tanr\u0131'n\u0131n, d\u00fcnyadaki karde\u015fleri, \u00f6zellikle zulme u\u011frayan, ezilen ve yoksunluk ve denemede maruz kalan karde\u015fleri,  teselli etmesi, yetkinle\u015ftirmesi ve peki\u015ftirmesi i\u00e7in dua edin (1Pe. 4: 12-14; 5: 9-10) .<\/p>\n\n\t<p><strong>1Pe. 4:12-14<\/strong>\u2014Sevgili karde\u015flerim, s\u0131nanman\u0131z i\u00e7in size giydirilen ate\u015ften g\u00f6mle\u011fi, size garip bir \u015fey oluyormu\u015f gibi yad\u0131rgamay\u0131n.\u00a0Tersine, Mesih'in ac\u0131lar\u0131na ortak oldu\u011funuz oranda sevinin ki, Mesih'in g\u00f6rkemi g\u00f6r\u00fcnd\u00fc\u011f\u00fcnde de sevin\u00e7le co\u015fas\u0131n\u0131z.\u00a0Mesih'in ad\u0131ndan \u00f6t\u00fcr\u00fc hakarete u\u011frarsan\u0131z, ne mutlu size! \u00c7\u00fcnk\u00fc Tanr\u0131'n\u0131n y\u00fcce Ruhu \u00fczerinizde bulunuyor.\u00a0<\/p>\n<p><strong>1Pe. 5:9-10<\/strong>\u2014D\u00fcnyan\u0131n her yerindeki karde\u015flerinizin de ayn\u0131 ac\u0131lar\u0131 \u00e7ekti\u011fini bilerek imanda sars\u0131lmadan \u0130blis'e kar\u015f\u0131 direnin.\u00a0Sizleri Mesih'te sonsuz y\u00fcceli\u011fine \u00e7a\u011f\u0131ran ve b\u00fct\u00fcn l\u00fctfun kayna\u011f\u0131 olan Tanr\u0131'n\u0131n kendisi k\u0131sa bir s\u00fcre ac\u0131 \u00e7ekmenizden sonra sizi yetkinle\u015ftirip peki\u015ftirecek, g\u00fc\u00e7lendirip temellendirecektir.\u00a0<\/p>\n\t\t<h3><\/h3>\n\t\t<p>Kendinizi duaya verin.<\/p>\n\t\t\t<a href=\"https:\/\/unceasinglypray.org\/tr\/sign-up\/\" target=\"_self\" role=\"button\" rel=\"noopener noreferrer\">\n\t\t\t\t\t\t\tZAMAN ARALI\u011eINI SE\u00c7\u0130N\n\t\t\t\t\t<\/a>","protected":false},"excerpt":{"rendered":"<p>DAY 7: PRAYER FOR THE PERSECUTED, OPPRESSED, &amp; SUFFERING 1 Pet. 4:12-14; 5:9-10 For the God of all grace to comfort, perfect, and establish the brothers and sisters throughout the world, especially those who are persecuted, oppressed, and suffering deprivation and trials (1 Pet. 4:12-14; 5:9-10). 1 Pet. 4:12-14\u2014Beloved, do not think that the fiery&hellip;<\/p>","protected":false},"author":1,"featured_media":771,"parent":0,"menu_order":0,"comment_status":"closed","ping_status":"closed","template":"","meta":{"inline_featured_image":false,"footnotes":""},"class_list":["post-520","page","type-page","status-publish","has-post-thumbnail","hentry"],"yoast_head":"<!-- This site is optimized with the Yoast SEO plugin v27.5 - https:\/\/yoast.com\/product\/yoast-seo-wordpress\/ -->\n<title>Day 7 - Unceasingly Pray<\/title>\n<meta name=\"robots\" content=\"index, follow, max-snippet:-1, max-image-preview:large, max-video-preview:-1\" \/>\n<link rel=\"canonical\" href=\"https:\/\/unceasinglypray.org\/tr\/day-7\/\" \/>\n<meta property=\"og:locale\" content=\"tr_TR\" \/>\n<meta property=\"og:type\" content=\"article\" \/>\n<meta property=\"og:title\" content=\"Day 7 - Unceasingly Pray\" \/>\n<meta property=\"og:description\" content=\"DAY 7: PRAYER FOR THE PERSECUTED, OPPRESSED, &amp; SUFFERING 1 Pet. 4:12-14; 5:9-10 For the God of all grace to comfort, perfect, and establish the brothers and sisters throughout the world, especially those who are persecuted, oppressed, and suffering deprivation and trials (1 Pet. 4:12-14; 5:9-10). 1 Pet. 4:12-14\u2014Beloved, do not think that the fiery&hellip;\" \/>\n<meta property=\"og:url\" content=\"https:\/\/unceasinglypray.org\/tr\/day-7\/\" \/>\n<meta property=\"og:site_name\" content=\"Unceasingly Pray\" \/>\n<meta property=\"article:modified_time\" content=\"2020-06-11T13:44:12+00:00\" \/>\n<meta property=\"og:image\" content=\"https:\/\/unceasinglypray.org\/wp-content\/uploads\/2020\/04\/social_share.gif\" \/>\n\t<meta property=\"og:image:width\" content=\"1200\" \/>\n\t<meta property=\"og:image:height\" content=\"630\" \/>\n\t<meta property=\"og:image:type\" content=\"image\/gif\" \/>\n<meta name=\"twitter:card\" content=\"summary_large_image\" \/>\n<meta name=\"twitter:label1\" content=\"Tahmini okuma s\u00fcresi\" \/>\n\t<meta name=\"twitter:data1\" content=\"1 dakika\" \/>\n<script type=\"application\/ld+json\" class=\"yoast-schema-graph\">{\"@context\":\"https:\\\/\\\/schema.org\",\"@graph\":[{\"@type\":\"WebPage\",\"@id\":\"https:\\\/\\\/unceasinglypray.org\\\/pt\\\/day-7\\\/\",\"url\":\"https:\\\/\\\/unceasinglypray.org\\\/pt\\\/day-7\\\/\",\"name\":\"Day 7 - Unceasingly Pray\",\"isPartOf\":{\"@id\":\"https:\\\/\\\/unceasinglypray.org\\\/ar\\\/#website\"},\"primaryImageOfPage\":{\"@id\":\"https:\\\/\\\/unceasinglypray.org\\\/pt\\\/day-7\\\/#primaryimage\"},\"image\":{\"@id\":\"https:\\\/\\\/unceasinglypray.org\\\/pt\\\/day-7\\\/#primaryimage\"},\"thumbnailUrl\":\"https:\\\/\\\/unceasinglypray.org\\\/wp-content\\\/uploads\\\/2020\\\/04\\\/social_share.gif\",\"datePublished\":\"2020-04-04T21:48:04+00:00\",\"dateModified\":\"2020-06-11T13:44:12+00:00\",\"breadcrumb\":{\"@id\":\"https:\\\/\\\/unceasinglypray.org\\\/pt\\\/day-7\\\/#breadcrumb\"},\"inLanguage\":\"tr\",\"potentialAction\":[{\"@type\":\"ReadAction\",\"target\":[\"https:\\\/\\\/unceasinglypray.org\\\/pt\\\/day-7\\\/\"]}]},{\"@type\":\"ImageObject\",\"inLanguage\":\"tr\",\"@id\":\"https:\\\/\\\/unceasinglypray.org\\\/pt\\\/day-7\\\/#primaryimage\",\"url\":\"https:\\\/\\\/unceasinglypray.org\\\/wp-content\\\/uploads\\\/2020\\\/04\\\/social_share.gif\",\"contentUrl\":\"https:\\\/\\\/unceasinglypray.org\\\/wp-content\\\/uploads\\\/2020\\\/04\\\/social_share.gif\",\"width\":1200,\"height\":630},{\"@type\":\"BreadcrumbList\",\"@id\":\"https:\\\/\\\/unceasinglypray.org\\\/pt\\\/day-7\\\/#breadcrumb\",\"itemListElement\":[{\"@type\":\"ListItem\",\"position\":1,\"name\":\"Home\",\"item\":\"https:\\\/\\\/unceasinglypray.org\\\/pt\\\/\"},{\"@type\":\"ListItem\",\"position\":2,\"name\":\"Day 7\"}]},{\"@type\":\"WebSite\",\"@id\":\"https:\\\/\\\/unceasinglypray.org\\\/ar\\\/#website\",\"url\":\"https:\\\/\\\/unceasinglypray.org\\\/ar\\\/\",\"name\":\"Unceasingly Pray\",\"description\":\"\",\"potentialAction\":[{\"@type\":\"SearchAction\",\"target\":{\"@type\":\"EntryPoint\",\"urlTemplate\":\"https:\\\/\\\/unceasinglypray.org\\\/ar\\\/?s={search_term_string}\"},\"query-input\":{\"@type\":\"PropertyValueSpecification\",\"valueRequired\":true,\"valueName\":\"search_term_string\"}}],\"inLanguage\":\"tr\"}]}<\/script>\n<!-- \/ Yoast SEO plugin. -->","yoast_head_json":{"title":"Day 7 - Unceasingly Pray","robots":{"index":"index","follow":"follow","max-snippet":"max-snippet:-1","max-image-preview":"max-image-preview:large","max-video-preview":"max-video-preview:-1"},"canonical":"https:\/\/unceasinglypray.org\/tr\/day-7\/","og_locale":"tr_TR","og_type":"article","og_title":"Day 7 - Unceasingly Pray","og_description":"DAY 7: PRAYER FOR THE PERSECUTED, OPPRESSED, &amp; SUFFERING 1 Pet. 4:12-14; 5:9-10 For the God of all grace to comfort, perfect, and establish the brothers and sisters throughout the world, especially those who are persecuted, oppressed, and suffering deprivation and trials (1 Pet. 4:12-14; 5:9-10). 1 Pet. 4:12-14\u2014Beloved, do not think that the fiery&hellip;","og_url":"https:\/\/unceasinglypray.org\/tr\/day-7\/","og_site_name":"Unceasingly Pray","article_modified_time":"2020-06-11T13:44:12+00:00","og_image":[{"width":1200,"height":630,"url":"https:\/\/unceasinglypray.org\/wp-content\/uploads\/2020\/04\/social_share.gif","type":"image\/gif"}],"twitter_card":"summary_large_image","twitter_misc":{"Tahmini okuma s\u00fcresi":"1 dakika"},"schema":{"@context":"https:\/\/schema.org","@graph":[{"@type":"WebPage","@id":"https:\/\/unceasinglypray.org\/pt\/day-7\/","url":"https:\/\/unceasinglypray.org\/pt\/day-7\/","name":"Day 7 - Unceasingly Pray","isPartOf":{"@id":"https:\/\/unceasinglypray.org\/ar\/#website"},"primaryImageOfPage":{"@id":"https:\/\/unceasinglypray.org\/pt\/day-7\/#primaryimage"},"image":{"@id":"https:\/\/unceasinglypray.org\/pt\/day-7\/#primaryimage"},"thumbnailUrl":"https:\/\/unceasinglypray.org\/wp-content\/uploads\/2020\/04\/social_share.gif","datePublished":"2020-04-04T21:48:04+00:00","dateModified":"2020-06-11T13:44:12+00:00","breadcrumb":{"@id":"https:\/\/unceasinglypray.org\/pt\/day-7\/#breadcrumb"},"inLanguage":"tr","potentialAction":[{"@type":"ReadAction","target":["https:\/\/unceasinglypray.org\/pt\/day-7\/"]}]},{"@type":"ImageObject","inLanguage":"tr","@id":"https:\/\/unceasinglypray.org\/pt\/day-7\/#primaryimage","url":"https:\/\/unceasinglypray.org\/wp-content\/uploads\/2020\/04\/social_share.gif","contentUrl":"https:\/\/unceasinglypray.org\/wp-content\/uploads\/2020\/04\/social_share.gif","width":1200,"height":630},{"@type":"BreadcrumbList","@id":"https:\/\/unceasinglypray.org\/pt\/day-7\/#breadcrumb","itemListElement":[{"@type":"ListItem","position":1,"name":"Home","item":"https:\/\/unceasinglypray.org\/pt\/"},{"@type":"ListItem","position":2,"name":"Day 7"}]},{"@type":"WebSite","@id":"https:\/\/unceasinglypray.org\/ar\/#website","url":"https:\/\/unceasinglypray.org\/ar\/","name":"Unceasingly Pray","description":"","potentialAction":[{"@type":"SearchAction","target":{"@type":"EntryPoint","urlTemplate":"https:\/\/unceasinglypray.org\/ar\/?s={search_term_string}"},"query-input":{"@type":"PropertyValueSpecification","valueRequired":true,"valueName":"search_term_string"}}],"inLanguage":"tr"}]}},"_links":{"self":[{"href":"https:\/\/unceasinglypray.org\/tr\/wp-json\/wp\/v2\/pages\/520","targetHints":{"allow":["GET"]}}],"collection":[{"href":"https:\/\/unceasinglypray.org\/tr\/wp-json\/wp\/v2\/pages"}],"about":[{"href":"https:\/\/unceasinglypray.org\/tr\/wp-json\/wp\/v2\/types\/page"}],"author":[{"embeddable":true,"href":"https:\/\/unceasinglypray.org\/tr\/wp-json\/wp\/v2\/users\/1"}],"replies":[{"embeddable":true,"href":"https:\/\/unceasinglypray.org\/tr\/wp-json\/wp\/v2\/comments?post=520"}],"version-history":[{"count":0,"href":"https:\/\/unceasinglypray.org\/tr\/wp-json\/wp\/v2\/pages\/520\/revisions"}],"wp:featuredmedia":[{"embeddable":true,"href":"https:\/\/unceasinglypray.org\/tr\/wp-json\/wp\/v2\/media\/771"}],"wp:attachment":[{"href":"https:\/\/unceasinglypray.org\/tr\/wp-json\/wp\/v2\/media?parent=520"}],"curies":[{"name":"wp","href":"https:\/\/api.w.org\/{rel}","templated":true}]}}