{"id":518,"date":"2020-04-04T21:46:02","date_gmt":"2020-04-04T21:46:02","guid":{"rendered":"https:\/\/unceasinglypray.org\/?page_id=518"},"modified":"2020-06-11T13:43:31","modified_gmt":"2020-06-11T13:43:31","slug":"day-5","status":"publish","type":"page","link":"https:\/\/unceasinglypray.org\/tr\/day-5\/","title":{"rendered":"Day 5"},"content":{"rendered":"<p><a href=\"https:\/\/unceasinglypray.org\/tr\/day-5\/\">DAY 5: PRAYER FOR GOD&#8217;S ULTIMATE MOVE OVER THE WHOLE EARTH<\/a><\/p>\n\t<p><b>El\u00e7. 17:26-27; Flp. 1:21a; Rom. 12:2; Ef. 4:16; Va. 19:7<\/b><\/p>\n\t<p>Harika, her \u015feyi kapsayan Mesih'i bilen, O'nu ya\u015famlar\u0131 olarak tecr\u00fcbe eden ve O'nu ya\u015fayan ve O'nun Bedeni ve O'nun geri geli\u015fi i\u00e7in nihayetinde haz\u0131rlanm\u0131\u015f gelini olarak d\u00f6n\u00fc\u015ft\u00fcr\u00fclm\u00fc\u015f ve in\u015fa edilmi\u015f olanlar bir halk\u0131 kazanmak i\u00e7in Tanr\u0131'n\u0131n t\u00fcm d\u00fcnya \u00fczerindeki nihai hareketi i\u00e7in dua edin (El\u00e7. 17: 26-27; Flp. 1: 21a; Rom. 12: 2; Ef. 4:16; Va. 19: 7).<\/p>\n\t<p><strong>El\u00e7. 17:26-27<\/strong>\u2014Uluslar\u0131n s\u00fcrelerini ve yerle\u015fecekleri b\u00f6lgelerin s\u0131n\u0131rlar\u0131n\u0131 \u00f6nceden saptad\u0131.\u00a0Bunu, kendisini aras\u0131nlar ve el yordam\u0131yla da olsa bulabilsinler diye yapt\u0131. Asl\u0131nda Tanr\u0131 hi\u00e7birimizden uzak de\u011fildir.\u00a0<\/p>\n<p><strong>Flp. 1:21a<\/strong>\u2014\u00c7\u00fcnk\u00fc benim i\u00e7in, ya\u015famak Mesih'tir,<\/p>\n<p><strong>Rom. 12:2<\/strong>\u2014Bu \u00e7a\u011f\u0131n gidi\u015fine uymay\u0131n; bunun yerine, Tanr\u0131'n\u0131n iyi, be\u011fenilir ve yetkin iste\u011finin ne oldu\u011funu ay\u0131rt edebilmek i\u00e7in d\u00fc\u015f\u00fcncenizin yenilenmesiyle de\u011fi\u015fin.\u00a0<\/p>\n<p><strong>Ef. 4:16<\/strong>\u2014O'nun \u00f6nderli\u011finde b\u00fct\u00fcn beden, her eklemin yard\u0131m\u0131yla kenetlenip kayna\u015fm\u0131\u015f olarak her \u00fcyesinin d\u00fczenli i\u015fleyi\u015fiyle b\u00fcy\u00fcy\u00fcp sevgide geli\u015fiyor.\u00a0<\/p>\n<p><strong>Va. 19:7<\/strong>\u2014Sevinelim, co\u015fal\u0131m! O'nu y\u00fcceltelim! \u00c7\u00fcnk\u00fc Kuzu'nun d\u00fc\u011f\u00fcn\u00fc ba\u015fl\u0131yor, Gelini haz\u0131rland\u0131.\u00a0<\/p>\n\t\t<h3><\/h3>\n\t\t<p>Kendinizi duaya verin.<\/p>\n\t\t\t<a href=\"https:\/\/unceasinglypray.org\/tr\/sign-up\/\" target=\"_self\" role=\"button\" rel=\"noopener noreferrer\">\n\t\t\t\t\t\t\tZAMAN ARALI\u011eINI SE\u00c7\u0130N\n\t\t\t\t\t<\/a>","protected":false},"excerpt":{"rendered":"<p>DAY 5: PRAYER FOR GOD&#8217;S ULTIMATE MOVE OVER THE WHOLE EARTH Acts 17:26-27; Phil. 1:21a; Rom. 12:2; Eph. 4:16; Rev. 19:7 Pray for God\u2019s ultimate move over the whole earth to gain a people who know the wonderful, all-inclusive Christ, who experience Him as their life and live Him, and who are transformed and built&hellip;<\/p>","protected":false},"author":1,"featured_media":771,"parent":0,"menu_order":0,"comment_status":"closed","ping_status":"closed","template":"","meta":{"inline_featured_image":false,"footnotes":""},"class_list":["post-518","page","type-page","status-publish","has-post-thumbnail","hentry"],"yoast_head":"<!-- This site is optimized with the Yoast SEO plugin v27.4 - https:\/\/yoast.com\/product\/yoast-seo-wordpress\/ -->\n<title>Day 5 - Unceasingly Pray<\/title>\n<meta name=\"robots\" content=\"index, follow, max-snippet:-1, max-image-preview:large, max-video-preview:-1\" \/>\n<link rel=\"canonical\" href=\"http:\/\/unceasinglypray.org\/tr\/day-5\/\" \/>\n<meta property=\"og:locale\" content=\"tr_TR\" \/>\n<meta property=\"og:type\" content=\"article\" \/>\n<meta property=\"og:title\" content=\"Day 5 - Unceasingly Pray\" \/>\n<meta property=\"og:description\" content=\"DAY 5: PRAYER FOR GOD&#8217;S ULTIMATE MOVE OVER THE WHOLE EARTH Acts 17:26-27; Phil. 1:21a; Rom. 12:2; Eph. 4:16; Rev. 19:7 Pray for God\u2019s ultimate move over the whole earth to gain a people who know the wonderful, all-inclusive Christ, who experience Him as their life and live Him, and who are transformed and built&hellip;\" \/>\n<meta property=\"og:url\" content=\"http:\/\/unceasinglypray.org\/tr\/day-5\/\" \/>\n<meta property=\"og:site_name\" content=\"Unceasingly Pray\" \/>\n<meta property=\"article:modified_time\" content=\"2020-06-11T13:43:31+00:00\" \/>\n<meta property=\"og:image\" content=\"https:\/\/unceasinglypray.org\/wp-content\/uploads\/2020\/04\/social_share.gif\" \/>\n\t<meta property=\"og:image:width\" content=\"1200\" \/>\n\t<meta property=\"og:image:height\" content=\"630\" \/>\n\t<meta property=\"og:image:type\" content=\"image\/gif\" \/>\n<meta name=\"twitter:card\" content=\"summary_large_image\" \/>\n<meta name=\"twitter:label1\" content=\"Tahmini okuma s\u00fcresi\" \/>\n\t<meta name=\"twitter:data1\" content=\"1 dakika\" \/>\n<script type=\"application\/ld+json\" class=\"yoast-schema-graph\">{\"@context\":\"https:\\\/\\\/schema.org\",\"@graph\":[{\"@type\":\"WebPage\",\"@id\":\"http:\\\/\\\/unceasinglypray.org\\\/de\\\/day-5\\\/\",\"url\":\"http:\\\/\\\/unceasinglypray.org\\\/de\\\/day-5\\\/\",\"name\":\"Day 5 - Unceasingly Pray\",\"isPartOf\":{\"@id\":\"https:\\\/\\\/unceasinglypray.org\\\/ar\\\/#website\"},\"primaryImageOfPage\":{\"@id\":\"http:\\\/\\\/unceasinglypray.org\\\/de\\\/day-5\\\/#primaryimage\"},\"image\":{\"@id\":\"http:\\\/\\\/unceasinglypray.org\\\/de\\\/day-5\\\/#primaryimage\"},\"thumbnailUrl\":\"https:\\\/\\\/unceasinglypray.org\\\/wp-content\\\/uploads\\\/2020\\\/04\\\/social_share.gif\",\"datePublished\":\"2020-04-04T21:46:02+00:00\",\"dateModified\":\"2020-06-11T13:43:31+00:00\",\"breadcrumb\":{\"@id\":\"http:\\\/\\\/unceasinglypray.org\\\/de\\\/day-5\\\/#breadcrumb\"},\"inLanguage\":\"tr\",\"potentialAction\":[{\"@type\":\"ReadAction\",\"target\":[\"http:\\\/\\\/unceasinglypray.org\\\/de\\\/day-5\\\/\"]}]},{\"@type\":\"ImageObject\",\"inLanguage\":\"tr\",\"@id\":\"http:\\\/\\\/unceasinglypray.org\\\/de\\\/day-5\\\/#primaryimage\",\"url\":\"https:\\\/\\\/unceasinglypray.org\\\/wp-content\\\/uploads\\\/2020\\\/04\\\/social_share.gif\",\"contentUrl\":\"https:\\\/\\\/unceasinglypray.org\\\/wp-content\\\/uploads\\\/2020\\\/04\\\/social_share.gif\",\"width\":1200,\"height\":630},{\"@type\":\"BreadcrumbList\",\"@id\":\"http:\\\/\\\/unceasinglypray.org\\\/de\\\/day-5\\\/#breadcrumb\",\"itemListElement\":[{\"@type\":\"ListItem\",\"position\":1,\"name\":\"Home\",\"item\":\"https:\\\/\\\/unceasinglypray.org\\\/pt\\\/\"},{\"@type\":\"ListItem\",\"position\":2,\"name\":\"Day 5\"}]},{\"@type\":\"WebSite\",\"@id\":\"https:\\\/\\\/unceasinglypray.org\\\/ar\\\/#website\",\"url\":\"https:\\\/\\\/unceasinglypray.org\\\/ar\\\/\",\"name\":\"Unceasingly Pray\",\"description\":\"\",\"potentialAction\":[{\"@type\":\"SearchAction\",\"target\":{\"@type\":\"EntryPoint\",\"urlTemplate\":\"https:\\\/\\\/unceasinglypray.org\\\/ar\\\/?s={search_term_string}\"},\"query-input\":{\"@type\":\"PropertyValueSpecification\",\"valueRequired\":true,\"valueName\":\"search_term_string\"}}],\"inLanguage\":\"tr\"}]}<\/script>\n<!-- \/ Yoast SEO plugin. -->","yoast_head_json":{"title":"Day 5 - Unceasingly Pray","robots":{"index":"index","follow":"follow","max-snippet":"max-snippet:-1","max-image-preview":"max-image-preview:large","max-video-preview":"max-video-preview:-1"},"canonical":"http:\/\/unceasinglypray.org\/tr\/day-5\/","og_locale":"tr_TR","og_type":"article","og_title":"Day 5 - Unceasingly Pray","og_description":"DAY 5: PRAYER FOR GOD&#8217;S ULTIMATE MOVE OVER THE WHOLE EARTH Acts 17:26-27; Phil. 1:21a; Rom. 12:2; Eph. 4:16; Rev. 19:7 Pray for God\u2019s ultimate move over the whole earth to gain a people who know the wonderful, all-inclusive Christ, who experience Him as their life and live Him, and who are transformed and built&hellip;","og_url":"http:\/\/unceasinglypray.org\/tr\/day-5\/","og_site_name":"Unceasingly Pray","article_modified_time":"2020-06-11T13:43:31+00:00","og_image":[{"width":1200,"height":630,"url":"https:\/\/unceasinglypray.org\/wp-content\/uploads\/2020\/04\/social_share.gif","type":"image\/gif"}],"twitter_card":"summary_large_image","twitter_misc":{"Tahmini okuma s\u00fcresi":"1 dakika"},"schema":{"@context":"https:\/\/schema.org","@graph":[{"@type":"WebPage","@id":"http:\/\/unceasinglypray.org\/de\/day-5\/","url":"http:\/\/unceasinglypray.org\/de\/day-5\/","name":"Day 5 - Unceasingly Pray","isPartOf":{"@id":"https:\/\/unceasinglypray.org\/ar\/#website"},"primaryImageOfPage":{"@id":"http:\/\/unceasinglypray.org\/de\/day-5\/#primaryimage"},"image":{"@id":"http:\/\/unceasinglypray.org\/de\/day-5\/#primaryimage"},"thumbnailUrl":"https:\/\/unceasinglypray.org\/wp-content\/uploads\/2020\/04\/social_share.gif","datePublished":"2020-04-04T21:46:02+00:00","dateModified":"2020-06-11T13:43:31+00:00","breadcrumb":{"@id":"http:\/\/unceasinglypray.org\/de\/day-5\/#breadcrumb"},"inLanguage":"tr","potentialAction":[{"@type":"ReadAction","target":["http:\/\/unceasinglypray.org\/de\/day-5\/"]}]},{"@type":"ImageObject","inLanguage":"tr","@id":"http:\/\/unceasinglypray.org\/de\/day-5\/#primaryimage","url":"https:\/\/unceasinglypray.org\/wp-content\/uploads\/2020\/04\/social_share.gif","contentUrl":"https:\/\/unceasinglypray.org\/wp-content\/uploads\/2020\/04\/social_share.gif","width":1200,"height":630},{"@type":"BreadcrumbList","@id":"http:\/\/unceasinglypray.org\/de\/day-5\/#breadcrumb","itemListElement":[{"@type":"ListItem","position":1,"name":"Home","item":"https:\/\/unceasinglypray.org\/pt\/"},{"@type":"ListItem","position":2,"name":"Day 5"}]},{"@type":"WebSite","@id":"https:\/\/unceasinglypray.org\/ar\/#website","url":"https:\/\/unceasinglypray.org\/ar\/","name":"Unceasingly Pray","description":"","potentialAction":[{"@type":"SearchAction","target":{"@type":"EntryPoint","urlTemplate":"https:\/\/unceasinglypray.org\/ar\/?s={search_term_string}"},"query-input":{"@type":"PropertyValueSpecification","valueRequired":true,"valueName":"search_term_string"}}],"inLanguage":"tr"}]}},"_links":{"self":[{"href":"https:\/\/unceasinglypray.org\/tr\/wp-json\/wp\/v2\/pages\/518","targetHints":{"allow":["GET"]}}],"collection":[{"href":"https:\/\/unceasinglypray.org\/tr\/wp-json\/wp\/v2\/pages"}],"about":[{"href":"https:\/\/unceasinglypray.org\/tr\/wp-json\/wp\/v2\/types\/page"}],"author":[{"embeddable":true,"href":"https:\/\/unceasinglypray.org\/tr\/wp-json\/wp\/v2\/users\/1"}],"replies":[{"embeddable":true,"href":"https:\/\/unceasinglypray.org\/tr\/wp-json\/wp\/v2\/comments?post=518"}],"version-history":[{"count":0,"href":"https:\/\/unceasinglypray.org\/tr\/wp-json\/wp\/v2\/pages\/518\/revisions"}],"wp:featuredmedia":[{"embeddable":true,"href":"https:\/\/unceasinglypray.org\/tr\/wp-json\/wp\/v2\/media\/771"}],"wp:attachment":[{"href":"https:\/\/unceasinglypray.org\/tr\/wp-json\/wp\/v2\/media?parent=518"}],"curies":[{"name":"wp","href":"https:\/\/api.w.org\/{rel}","templated":true}]}}