{"id":517,"date":"2020-04-04T21:45:15","date_gmt":"2020-04-04T21:45:15","guid":{"rendered":"https:\/\/unceasinglypray.org\/?page_id=517"},"modified":"2020-06-11T13:43:11","modified_gmt":"2020-06-11T13:43:11","slug":"day-4","status":"publish","type":"page","link":"https:\/\/unceasinglypray.org\/tr\/day-4\/","title":{"rendered":"Day 4"},"content":{"rendered":"<p>DAY 4: PRAYER FOR THOSE IN AUTHORITY<\/p>\n\t<p>1T\u0130. 2:2<\/p>\n\t<p>Kilise sakin ve huzurlu bir ya\u015fam s\u00fcrmeye devam etsin diye y\u00f6neticilerin sorumluluklar\u0131n\u0131 yerine getirme bilgisine sahip olmalar\u0131 ve Tanr\u0131'ya g\u00f6re do\u011fru y\u00f6netmeleri i\u00e7in (1Ti. 2: 2)<\/p>\n\t<p><strong>1 Ti. 2:2<\/strong>\u2014Tanr\u0131 yoluna tam bir ba\u011fl\u0131l\u0131k ve a\u011f\u0131rba\u015fl\u0131l\u0131k i\u00e7inde sakin ve huzurlu bir ya\u015fam s\u00fcrelim diye, krallarla b\u00fct\u00fcn \u00fcst y\u00f6neticiler dahil ... i\u00e7in<\/p>\n\t\t<h3><\/h3>\n\t\t<p>Kendinizi duaya verin.<\/p>\n\t\t\t<a href=\"https:\/\/unceasinglypray.org\/tr\/sign-up\/\" target=\"_self\" role=\"button\" rel=\"noopener noreferrer\">\n\t\t\t\t\t\t\tZAMAN ARALI\u011eINI SE\u00c7\u0130N\n\t\t\t\t\t<\/a>","protected":false},"excerpt":{"rendered":"<p>DAY 4: PRAYER FOR THOSE IN AUTHORITY 1 TIM. 2:2 For those in authority to have the wisdom to discharge their responsibilities and govern righteously according to God so that the church may go on in peace and tranquility (1 Tim. 2:2). 1 Tim. 2:2\u2014On behalf of kings and all who are in high position,&hellip;<\/p>","protected":false},"author":1,"featured_media":0,"parent":0,"menu_order":0,"comment_status":"closed","ping_status":"closed","template":"","meta":{"inline_featured_image":false,"footnotes":""},"class_list":["post-517","page","type-page","status-publish","hentry"],"yoast_head":"<!-- This site is optimized with the Yoast SEO plugin v27.4 - https:\/\/yoast.com\/product\/yoast-seo-wordpress\/ -->\n<title>Day 4 - Unceasingly Pray<\/title>\n<meta name=\"robots\" content=\"index, follow, max-snippet:-1, max-image-preview:large, max-video-preview:-1\" \/>\n<link rel=\"canonical\" href=\"http:\/\/unceasinglypray.org\/tr\/day-4\/\" \/>\n<meta property=\"og:locale\" content=\"tr_TR\" \/>\n<meta property=\"og:type\" content=\"article\" \/>\n<meta property=\"og:title\" content=\"Day 4 - Unceasingly Pray\" \/>\n<meta property=\"og:description\" content=\"DAY 4: PRAYER FOR THOSE IN AUTHORITY 1 TIM. 2:2 For those in authority to have the wisdom to discharge their responsibilities and govern righteously according to God so that the church may go on in peace and tranquility (1 Tim. 2:2). 1 Tim. 2:2\u2014On behalf of kings and all who are in high position,&hellip;\" \/>\n<meta property=\"og:url\" content=\"http:\/\/unceasinglypray.org\/tr\/day-4\/\" \/>\n<meta property=\"og:site_name\" content=\"Unceasingly Pray\" \/>\n<meta property=\"article:modified_time\" content=\"2020-06-11T13:43:11+00:00\" \/>\n<meta name=\"twitter:card\" content=\"summary_large_image\" \/>\n<script type=\"application\/ld+json\" class=\"yoast-schema-graph\">{\"@context\":\"https:\\\/\\\/schema.org\",\"@graph\":[{\"@type\":\"WebPage\",\"@id\":\"http:\\\/\\\/unceasinglypray.org\\\/de\\\/day-4\\\/\",\"url\":\"http:\\\/\\\/unceasinglypray.org\\\/de\\\/day-4\\\/\",\"name\":\"Day 4 - Unceasingly Pray\",\"isPartOf\":{\"@id\":\"https:\\\/\\\/unceasinglypray.org\\\/ar\\\/#website\"},\"datePublished\":\"2020-04-04T21:45:15+00:00\",\"dateModified\":\"2020-06-11T13:43:11+00:00\",\"breadcrumb\":{\"@id\":\"http:\\\/\\\/unceasinglypray.org\\\/de\\\/day-4\\\/#breadcrumb\"},\"inLanguage\":\"tr\",\"potentialAction\":[{\"@type\":\"ReadAction\",\"target\":[\"http:\\\/\\\/unceasinglypray.org\\\/de\\\/day-4\\\/\"]}]},{\"@type\":\"BreadcrumbList\",\"@id\":\"http:\\\/\\\/unceasinglypray.org\\\/de\\\/day-4\\\/#breadcrumb\",\"itemListElement\":[{\"@type\":\"ListItem\",\"position\":1,\"name\":\"Home\",\"item\":\"https:\\\/\\\/unceasinglypray.org\\\/pt\\\/\"},{\"@type\":\"ListItem\",\"position\":2,\"name\":\"Day 4\"}]},{\"@type\":\"WebSite\",\"@id\":\"https:\\\/\\\/unceasinglypray.org\\\/ar\\\/#website\",\"url\":\"https:\\\/\\\/unceasinglypray.org\\\/ar\\\/\",\"name\":\"Unceasingly Pray\",\"description\":\"\",\"potentialAction\":[{\"@type\":\"SearchAction\",\"target\":{\"@type\":\"EntryPoint\",\"urlTemplate\":\"https:\\\/\\\/unceasinglypray.org\\\/ar\\\/?s={search_term_string}\"},\"query-input\":{\"@type\":\"PropertyValueSpecification\",\"valueRequired\":true,\"valueName\":\"search_term_string\"}}],\"inLanguage\":\"tr\"}]}<\/script>\n<!-- \/ Yoast SEO plugin. -->","yoast_head_json":{"title":"Day 4 - Unceasingly Pray","robots":{"index":"index","follow":"follow","max-snippet":"max-snippet:-1","max-image-preview":"max-image-preview:large","max-video-preview":"max-video-preview:-1"},"canonical":"http:\/\/unceasinglypray.org\/tr\/day-4\/","og_locale":"tr_TR","og_type":"article","og_title":"Day 4 - Unceasingly Pray","og_description":"DAY 4: PRAYER FOR THOSE IN AUTHORITY 1 TIM. 2:2 For those in authority to have the wisdom to discharge their responsibilities and govern righteously according to God so that the church may go on in peace and tranquility (1 Tim. 2:2). 1 Tim. 2:2\u2014On behalf of kings and all who are in high position,&hellip;","og_url":"http:\/\/unceasinglypray.org\/tr\/day-4\/","og_site_name":"Unceasingly Pray","article_modified_time":"2020-06-11T13:43:11+00:00","twitter_card":"summary_large_image","schema":{"@context":"https:\/\/schema.org","@graph":[{"@type":"WebPage","@id":"http:\/\/unceasinglypray.org\/de\/day-4\/","url":"http:\/\/unceasinglypray.org\/de\/day-4\/","name":"Day 4 - Unceasingly Pray","isPartOf":{"@id":"https:\/\/unceasinglypray.org\/ar\/#website"},"datePublished":"2020-04-04T21:45:15+00:00","dateModified":"2020-06-11T13:43:11+00:00","breadcrumb":{"@id":"http:\/\/unceasinglypray.org\/de\/day-4\/#breadcrumb"},"inLanguage":"tr","potentialAction":[{"@type":"ReadAction","target":["http:\/\/unceasinglypray.org\/de\/day-4\/"]}]},{"@type":"BreadcrumbList","@id":"http:\/\/unceasinglypray.org\/de\/day-4\/#breadcrumb","itemListElement":[{"@type":"ListItem","position":1,"name":"Home","item":"https:\/\/unceasinglypray.org\/pt\/"},{"@type":"ListItem","position":2,"name":"Day 4"}]},{"@type":"WebSite","@id":"https:\/\/unceasinglypray.org\/ar\/#website","url":"https:\/\/unceasinglypray.org\/ar\/","name":"Unceasingly Pray","description":"","potentialAction":[{"@type":"SearchAction","target":{"@type":"EntryPoint","urlTemplate":"https:\/\/unceasinglypray.org\/ar\/?s={search_term_string}"},"query-input":{"@type":"PropertyValueSpecification","valueRequired":true,"valueName":"search_term_string"}}],"inLanguage":"tr"}]}},"_links":{"self":[{"href":"https:\/\/unceasinglypray.org\/tr\/wp-json\/wp\/v2\/pages\/517","targetHints":{"allow":["GET"]}}],"collection":[{"href":"https:\/\/unceasinglypray.org\/tr\/wp-json\/wp\/v2\/pages"}],"about":[{"href":"https:\/\/unceasinglypray.org\/tr\/wp-json\/wp\/v2\/types\/page"}],"author":[{"embeddable":true,"href":"https:\/\/unceasinglypray.org\/tr\/wp-json\/wp\/v2\/users\/1"}],"replies":[{"embeddable":true,"href":"https:\/\/unceasinglypray.org\/tr\/wp-json\/wp\/v2\/comments?post=517"}],"version-history":[{"count":0,"href":"https:\/\/unceasinglypray.org\/tr\/wp-json\/wp\/v2\/pages\/517\/revisions"}],"wp:attachment":[{"href":"https:\/\/unceasinglypray.org\/tr\/wp-json\/wp\/v2\/media?parent=517"}],"curies":[{"name":"wp","href":"https:\/\/api.w.org\/{rel}","templated":true}]}}