{"id":516,"date":"2020-04-04T21:44:41","date_gmt":"2020-04-04T21:44:41","guid":{"rendered":"https:\/\/unceasinglypray.org\/?page_id=516"},"modified":"2020-06-11T13:42:50","modified_gmt":"2020-06-11T13:42:50","slug":"day-3","status":"publish","type":"page","link":"https:\/\/unceasinglypray.org\/tr\/day-3\/","title":{"rendered":"Day 3"},"content":{"rendered":"<p>DAY 3: PRAYER FOR WORLD AFFAIRS<\/p>\n\t<p>DAN. 4:17; VA. 1:5; \u00d6ZD. 21:1; DAN. 2:21<\/p>\n\t<p>Tanr\u0131'n\u0131n t\u00fcm d\u00fcnya meseleleri \u00fczerinde egemenlik s\u00fcrd\u00fcrmesi i\u00e7in, O'nun iste\u011fini yapmak i\u00e7in krallar\u0131n y\u00fcre\u011fi \u00e7evirmesi (\u00d6zd. 21:1) ve uygun  g\u00f6rd\u00fck\u00e7e liderleri indirmesi ve \u00e7\u0131karmas\u0131 i\u00e7in (Dan. 2:21).<\/p>\n\n\t<p><strong>Dan. 4:17<\/strong>\u2014Bu yarg\u0131y\u0131 g\u00f6zc\u00fcler, karar\u0131 kutsallar verdi. \u00d6yle ki, her canl\u0131 Y\u00fcce Olan'\u0131n insan krall\u0131klar\u0131 \u00fczerinde egemenlik s\u00fcrd\u00fc\u011f\u00fcn\u00fc ve onlar\u0131 diledi\u011fi ki\u015fiye, en hor g\u00f6r\u00fclen birine bile verebilece\u011fini bilsin.\u00a0<\/p>\n<p><strong>Va. 1:5<\/strong>\u2014 Ayaklar\u0131, ocakta kor haline gelmi\u015f parlak tunca benziyordu. Sesi, g\u00fcr\u00fcl g\u00fcr\u00fcl akan sular\u0131n sesi gibiydi.<\/p>\n<p><strong>Prov. 21:1<\/strong>\u2014Kral\u0131n y\u00fcre\u011fi RAB'bin elindedir, Kanaldaki su gibi onu istedi\u011fi y\u00f6ne \u00e7evirir.\u00a0<\/p>\n<p><strong>Dan. 2:21<\/strong>\u2014O'dur zamanlar\u0131 ve mevsimleri de\u011fi\u015ftiren. Krallar\u0131 tahttan indirir, tahta \u00e7\u0131kar\u0131r. Bilgelere bilgelik, Anlay\u0131\u015fl\u0131lara bilgi verir.\u00a0<\/p>\n\t\t<h3><\/h3>\n\t\t<p>Kendinizi duaya verin.<\/p>\n\t\t\t<a href=\"https:\/\/unceasinglypray.org\/tr\/sign-up\/\" target=\"_self\" role=\"button\" rel=\"noopener noreferrer\">\n\t\t\t\t\t\t\tZAMAN ARALI\u011eINI SE\u00c7\u0130N\n\t\t\t\t\t<\/a>","protected":false},"excerpt":{"rendered":"<p>DAY 3: PRAYER FOR WORLD AFFAIRS DAN. 4:17; REV. 1:5; PROV. 21:1; DAN. 2:21 For God in Christ to rule over all world affairs (Dan. 4:17; Rev. 1:5), to turn the hearts of kings to do His will (Prov. 21:1), and to raise up and put down leaders as He sees fit (Dan. 2:21). Dan.&hellip;<\/p>","protected":false},"author":1,"featured_media":0,"parent":0,"menu_order":0,"comment_status":"closed","ping_status":"closed","template":"","meta":{"inline_featured_image":false,"footnotes":""},"class_list":["post-516","page","type-page","status-publish","hentry"],"yoast_head":"<!-- This site is optimized with the Yoast SEO plugin v27.3 - https:\/\/yoast.com\/product\/yoast-seo-wordpress\/ -->\n<title>Day 3 - Unceasingly Pray<\/title>\n<meta name=\"robots\" content=\"index, follow, max-snippet:-1, max-image-preview:large, max-video-preview:-1\" \/>\n<link rel=\"canonical\" href=\"https:\/\/unceasinglypray.org\/tr\/day-3\/\" \/>\n<meta property=\"og:locale\" content=\"tr_TR\" \/>\n<meta property=\"og:type\" content=\"article\" \/>\n<meta property=\"og:title\" content=\"Day 3 - Unceasingly Pray\" \/>\n<meta property=\"og:description\" content=\"DAY 3: PRAYER FOR WORLD AFFAIRS DAN. 4:17; REV. 1:5; PROV. 21:1; DAN. 2:21 For God in Christ to rule over all world affairs (Dan. 4:17; Rev. 1:5), to turn the hearts of kings to do His will (Prov. 21:1), and to raise up and put down leaders as He sees fit (Dan. 2:21). Dan.&hellip;\" \/>\n<meta property=\"og:url\" content=\"https:\/\/unceasinglypray.org\/tr\/day-3\/\" \/>\n<meta property=\"og:site_name\" content=\"Unceasingly Pray\" \/>\n<meta property=\"article:modified_time\" content=\"2020-06-11T13:42:50+00:00\" \/>\n<meta name=\"twitter:card\" content=\"summary_large_image\" \/>\n<meta name=\"twitter:label1\" content=\"Tahmini okuma s\u00fcresi\" \/>\n\t<meta name=\"twitter:data1\" content=\"1 dakika\" \/>\n<script type=\"application\/ld+json\" class=\"yoast-schema-graph\">{\"@context\":\"https:\\\/\\\/schema.org\",\"@graph\":[{\"@type\":\"WebPage\",\"@id\":\"https:\\\/\\\/unceasinglypray.org\\\/ceb\\\/day-3\\\/\",\"url\":\"https:\\\/\\\/unceasinglypray.org\\\/ceb\\\/day-3\\\/\",\"name\":\"Day 3 - Unceasingly Pray\",\"isPartOf\":{\"@id\":\"https:\\\/\\\/unceasinglypray.org\\\/ar\\\/#website\"},\"datePublished\":\"2020-04-04T21:44:41+00:00\",\"dateModified\":\"2020-06-11T13:42:50+00:00\",\"breadcrumb\":{\"@id\":\"https:\\\/\\\/unceasinglypray.org\\\/ceb\\\/day-3\\\/#breadcrumb\"},\"inLanguage\":\"tr\",\"potentialAction\":[{\"@type\":\"ReadAction\",\"target\":[\"https:\\\/\\\/unceasinglypray.org\\\/ceb\\\/day-3\\\/\"]}]},{\"@type\":\"BreadcrumbList\",\"@id\":\"https:\\\/\\\/unceasinglypray.org\\\/ceb\\\/day-3\\\/#breadcrumb\",\"itemListElement\":[{\"@type\":\"ListItem\",\"position\":1,\"name\":\"Home\",\"item\":\"https:\\\/\\\/unceasinglypray.org\\\/pt\\\/\"},{\"@type\":\"ListItem\",\"position\":2,\"name\":\"Day 3\"}]},{\"@type\":\"WebSite\",\"@id\":\"https:\\\/\\\/unceasinglypray.org\\\/ar\\\/#website\",\"url\":\"https:\\\/\\\/unceasinglypray.org\\\/ar\\\/\",\"name\":\"Unceasingly Pray\",\"description\":\"\",\"potentialAction\":[{\"@type\":\"SearchAction\",\"target\":{\"@type\":\"EntryPoint\",\"urlTemplate\":\"https:\\\/\\\/unceasinglypray.org\\\/ar\\\/?s={search_term_string}\"},\"query-input\":{\"@type\":\"PropertyValueSpecification\",\"valueRequired\":true,\"valueName\":\"search_term_string\"}}],\"inLanguage\":\"tr\"}]}<\/script>\n<!-- \/ Yoast SEO plugin. -->","yoast_head_json":{"title":"Day 3 - Unceasingly Pray","robots":{"index":"index","follow":"follow","max-snippet":"max-snippet:-1","max-image-preview":"max-image-preview:large","max-video-preview":"max-video-preview:-1"},"canonical":"https:\/\/unceasinglypray.org\/tr\/day-3\/","og_locale":"tr_TR","og_type":"article","og_title":"Day 3 - Unceasingly Pray","og_description":"DAY 3: PRAYER FOR WORLD AFFAIRS DAN. 4:17; REV. 1:5; PROV. 21:1; DAN. 2:21 For God in Christ to rule over all world affairs (Dan. 4:17; Rev. 1:5), to turn the hearts of kings to do His will (Prov. 21:1), and to raise up and put down leaders as He sees fit (Dan. 2:21). Dan.&hellip;","og_url":"https:\/\/unceasinglypray.org\/tr\/day-3\/","og_site_name":"Unceasingly Pray","article_modified_time":"2020-06-11T13:42:50+00:00","twitter_card":"summary_large_image","twitter_misc":{"Tahmini okuma s\u00fcresi":"1 dakika"},"schema":{"@context":"https:\/\/schema.org","@graph":[{"@type":"WebPage","@id":"https:\/\/unceasinglypray.org\/ceb\/day-3\/","url":"https:\/\/unceasinglypray.org\/ceb\/day-3\/","name":"Day 3 - Unceasingly Pray","isPartOf":{"@id":"https:\/\/unceasinglypray.org\/ar\/#website"},"datePublished":"2020-04-04T21:44:41+00:00","dateModified":"2020-06-11T13:42:50+00:00","breadcrumb":{"@id":"https:\/\/unceasinglypray.org\/ceb\/day-3\/#breadcrumb"},"inLanguage":"tr","potentialAction":[{"@type":"ReadAction","target":["https:\/\/unceasinglypray.org\/ceb\/day-3\/"]}]},{"@type":"BreadcrumbList","@id":"https:\/\/unceasinglypray.org\/ceb\/day-3\/#breadcrumb","itemListElement":[{"@type":"ListItem","position":1,"name":"Home","item":"https:\/\/unceasinglypray.org\/pt\/"},{"@type":"ListItem","position":2,"name":"Day 3"}]},{"@type":"WebSite","@id":"https:\/\/unceasinglypray.org\/ar\/#website","url":"https:\/\/unceasinglypray.org\/ar\/","name":"Unceasingly Pray","description":"","potentialAction":[{"@type":"SearchAction","target":{"@type":"EntryPoint","urlTemplate":"https:\/\/unceasinglypray.org\/ar\/?s={search_term_string}"},"query-input":{"@type":"PropertyValueSpecification","valueRequired":true,"valueName":"search_term_string"}}],"inLanguage":"tr"}]}},"_links":{"self":[{"href":"https:\/\/unceasinglypray.org\/tr\/wp-json\/wp\/v2\/pages\/516","targetHints":{"allow":["GET"]}}],"collection":[{"href":"https:\/\/unceasinglypray.org\/tr\/wp-json\/wp\/v2\/pages"}],"about":[{"href":"https:\/\/unceasinglypray.org\/tr\/wp-json\/wp\/v2\/types\/page"}],"author":[{"embeddable":true,"href":"https:\/\/unceasinglypray.org\/tr\/wp-json\/wp\/v2\/users\/1"}],"replies":[{"embeddable":true,"href":"https:\/\/unceasinglypray.org\/tr\/wp-json\/wp\/v2\/comments?post=516"}],"version-history":[{"count":0,"href":"https:\/\/unceasinglypray.org\/tr\/wp-json\/wp\/v2\/pages\/516\/revisions"}],"wp:attachment":[{"href":"https:\/\/unceasinglypray.org\/tr\/wp-json\/wp\/v2\/media?parent=516"}],"curies":[{"name":"wp","href":"https:\/\/api.w.org\/{rel}","templated":true}]}}