{"id":515,"date":"2020-04-04T21:43:27","date_gmt":"2020-04-04T21:43:27","guid":{"rendered":"https:\/\/unceasinglypray.org\/?page_id=515"},"modified":"2020-06-11T13:42:29","modified_gmt":"2020-06-11T13:42:29","slug":"day-2","status":"publish","type":"page","link":"https:\/\/unceasinglypray.org\/tr\/day-2\/","title":{"rendered":"Day 2"},"content":{"rendered":"<p>DAY 2: PRAYER FOR THE NEW MAN &amp; THE BRIDE<\/p>\n\t<p>EF. 1:9\u201310, 23; 4:13, 16; 5:27; VA. 19:7<\/p>\n\t<p>Tanr\u0131'n\u0131n iyi iste\u011fi yerine getirilmek, O'nun amac\u0131 tamamlanmak ve O'nun tasar\u0131s\u0131 ger\u00e7ekle\u015ftirilmek i\u00e7in (Ef. 1:9-10) dua edin. B\u00f6ylece Tanr\u0131 kendisini ifade etmek i\u00e7in Mesih'in in\u015fa edilmi\u015f Bedeni ve yetkinle\u015fmi\u015f yeni insan olarak ve sevgide O'nu tatmin etmek i\u00e7in haz\u0131rl\u0131kl\u0131 Mesih'in gelini olarak kiliseyi elde edebilirdi.<\/p>\n\n\t<p><strong>Ef. 1:9-10<\/strong>\u2014Tanr\u0131'n\u0131n s\u0131r olan iste\u011fini, Mesih'te edindi\u011fi iyi ama\u00e7 uyar\u0131nca bize a\u00e7\u0131klad\u0131.\u00a0Zaman dolunca ger\u00e7ekle\u015ftirece\u011fi bu tasar\u0131ya g\u00f6re, yerdeki ve g\u00f6kteki her \u015feyi Mesih'te birle\u015ftirecek.\u00a0<\/p>\n<p><strong>Ef. 1:23<\/strong>\u2014 Kilise O'nun bedenidir, her y\u00f6nden her \u015feyi dolduran\u0131n dolulu\u011fudur.<\/p>\n<p><strong>Ef. 4:13<\/strong>\u2014Sonunda hepimiz imanda ve Tanr\u0131 O\u011flu'nu tan\u0131mada birli\u011fe, yetkinli\u011fe, Mesih dolulu\u011fundaki olgunluk d\u00fczeyine eri\u015fece\u011fiz.\u00a0<\/p>\n<p><strong>Ef. 4:16<\/strong>\u2014O'nun \u00f6nderli\u011finde b\u00fct\u00fcn beden, her eklemin yard\u0131m\u0131yla kenetlenip kayna\u015fm\u0131\u015f olarak her \u00fcyesinin d\u00fczenli i\u015fleyi\u015fiyle b\u00fcy\u00fcy\u00fcp sevgide geli\u015fiyor.\u00a0<\/p>\n<p><strong>Ef. 5:27<\/strong>\u2014\u00d6yle ki, kiliseyi \u00fczerinde leke, buru\u015fukluk ya da buna benzer bir \u015fey olmadan, g\u00f6rkemli bi\u00e7imde kendine sunabilsin. Amac\u0131 kilisenin kutsal ve kusursuz olmas\u0131d\u0131r.\u00a0<\/p>\n<p><strong>Va. 19:7<\/strong>\u2014Sevinelim, co\u015fal\u0131m! O'nu y\u00fcceltelim! \u00c7\u00fcnk\u00fc Kuzu'nun d\u00fc\u011f\u00fcn\u00fc ba\u015fl\u0131yor, Gelini haz\u0131rland\u0131.\u00a0<\/p>\n\t\t<h3><\/h3>\n\t\t<p>Kendinizi duaya verin.<\/p>\n\t\t\t<a href=\"https:\/\/unceasinglypray.org\/tr\/sign-up\/\" target=\"_self\" role=\"button\" rel=\"noopener noreferrer\">\n\t\t\t\t\t\t\tZAMAN ARALI\u011eINI SE\u00c7\u0130N\n\t\t\t\t\t<\/a>","protected":false},"excerpt":{"rendered":"<p>DAY 2: PRAYER FOR THE NEW MAN &amp; THE BRIDE EPH. 1:9\u201310, 23; 4:13, 16; 5:27; REV 19:7 For God\u2019s good pleasure to be fulfilled, His purpose to be accomplished, and His economy to be carried out (Eph. 1:9-10) that He might have the church as Christ\u2019s built-up Body and a full-grown new man to&hellip;<\/p>","protected":false},"author":1,"featured_media":771,"parent":0,"menu_order":0,"comment_status":"closed","ping_status":"closed","template":"","meta":{"inline_featured_image":false,"footnotes":""},"class_list":["post-515","page","type-page","status-publish","has-post-thumbnail","hentry"],"yoast_head":"<!-- This site is optimized with the Yoast SEO plugin v27.4 - https:\/\/yoast.com\/product\/yoast-seo-wordpress\/ -->\n<title>Day 2 - Unceasingly Pray<\/title>\n<meta name=\"robots\" content=\"index, follow, max-snippet:-1, max-image-preview:large, max-video-preview:-1\" \/>\n<link rel=\"canonical\" href=\"http:\/\/unceasinglypray.org\/tr\/day-2\/\" \/>\n<meta property=\"og:locale\" content=\"tr_TR\" \/>\n<meta property=\"og:type\" content=\"article\" \/>\n<meta property=\"og:title\" content=\"Day 2 - Unceasingly Pray\" \/>\n<meta property=\"og:description\" content=\"DAY 2: PRAYER FOR THE NEW MAN &amp; THE BRIDE EPH. 1:9\u201310, 23; 4:13, 16; 5:27; REV 19:7 For God\u2019s good pleasure to be fulfilled, His purpose to be accomplished, and His economy to be carried out (Eph. 1:9-10) that He might have the church as Christ\u2019s built-up Body and a full-grown new man to&hellip;\" \/>\n<meta property=\"og:url\" content=\"http:\/\/unceasinglypray.org\/tr\/day-2\/\" \/>\n<meta property=\"og:site_name\" content=\"Unceasingly Pray\" \/>\n<meta property=\"article:modified_time\" content=\"2020-06-11T13:42:29+00:00\" \/>\n<meta property=\"og:image\" content=\"https:\/\/unceasinglypray.org\/wp-content\/uploads\/2020\/04\/social_share.gif\" \/>\n\t<meta property=\"og:image:width\" content=\"1200\" \/>\n\t<meta property=\"og:image:height\" content=\"630\" \/>\n\t<meta property=\"og:image:type\" content=\"image\/gif\" \/>\n<meta name=\"twitter:card\" content=\"summary_large_image\" \/>\n<meta name=\"twitter:label1\" content=\"Tahmini okuma s\u00fcresi\" \/>\n\t<meta name=\"twitter:data1\" content=\"1 dakika\" \/>\n<script type=\"application\/ld+json\" class=\"yoast-schema-graph\">{\"@context\":\"https:\\\/\\\/schema.org\",\"@graph\":[{\"@type\":\"WebPage\",\"@id\":\"http:\\\/\\\/unceasinglypray.org\\\/hr\\\/day-2\\\/\",\"url\":\"http:\\\/\\\/unceasinglypray.org\\\/hr\\\/day-2\\\/\",\"name\":\"Day 2 - Unceasingly Pray\",\"isPartOf\":{\"@id\":\"https:\\\/\\\/unceasinglypray.org\\\/ar\\\/#website\"},\"primaryImageOfPage\":{\"@id\":\"http:\\\/\\\/unceasinglypray.org\\\/hr\\\/day-2\\\/#primaryimage\"},\"image\":{\"@id\":\"http:\\\/\\\/unceasinglypray.org\\\/hr\\\/day-2\\\/#primaryimage\"},\"thumbnailUrl\":\"https:\\\/\\\/unceasinglypray.org\\\/wp-content\\\/uploads\\\/2020\\\/04\\\/social_share.gif\",\"datePublished\":\"2020-04-04T21:43:27+00:00\",\"dateModified\":\"2020-06-11T13:42:29+00:00\",\"breadcrumb\":{\"@id\":\"http:\\\/\\\/unceasinglypray.org\\\/hr\\\/day-2\\\/#breadcrumb\"},\"inLanguage\":\"tr\",\"potentialAction\":[{\"@type\":\"ReadAction\",\"target\":[\"http:\\\/\\\/unceasinglypray.org\\\/hr\\\/day-2\\\/\"]}]},{\"@type\":\"ImageObject\",\"inLanguage\":\"tr\",\"@id\":\"http:\\\/\\\/unceasinglypray.org\\\/hr\\\/day-2\\\/#primaryimage\",\"url\":\"https:\\\/\\\/unceasinglypray.org\\\/wp-content\\\/uploads\\\/2020\\\/04\\\/social_share.gif\",\"contentUrl\":\"https:\\\/\\\/unceasinglypray.org\\\/wp-content\\\/uploads\\\/2020\\\/04\\\/social_share.gif\",\"width\":1200,\"height\":630},{\"@type\":\"BreadcrumbList\",\"@id\":\"http:\\\/\\\/unceasinglypray.org\\\/hr\\\/day-2\\\/#breadcrumb\",\"itemListElement\":[{\"@type\":\"ListItem\",\"position\":1,\"name\":\"Home\",\"item\":\"https:\\\/\\\/unceasinglypray.org\\\/pt\\\/\"},{\"@type\":\"ListItem\",\"position\":2,\"name\":\"Day 2\"}]},{\"@type\":\"WebSite\",\"@id\":\"https:\\\/\\\/unceasinglypray.org\\\/ar\\\/#website\",\"url\":\"https:\\\/\\\/unceasinglypray.org\\\/ar\\\/\",\"name\":\"Unceasingly Pray\",\"description\":\"\",\"potentialAction\":[{\"@type\":\"SearchAction\",\"target\":{\"@type\":\"EntryPoint\",\"urlTemplate\":\"https:\\\/\\\/unceasinglypray.org\\\/ar\\\/?s={search_term_string}\"},\"query-input\":{\"@type\":\"PropertyValueSpecification\",\"valueRequired\":true,\"valueName\":\"search_term_string\"}}],\"inLanguage\":\"tr\"}]}<\/script>\n<!-- \/ Yoast SEO plugin. -->","yoast_head_json":{"title":"Day 2 - Unceasingly Pray","robots":{"index":"index","follow":"follow","max-snippet":"max-snippet:-1","max-image-preview":"max-image-preview:large","max-video-preview":"max-video-preview:-1"},"canonical":"http:\/\/unceasinglypray.org\/tr\/day-2\/","og_locale":"tr_TR","og_type":"article","og_title":"Day 2 - Unceasingly Pray","og_description":"DAY 2: PRAYER FOR THE NEW MAN &amp; THE BRIDE EPH. 1:9\u201310, 23; 4:13, 16; 5:27; REV 19:7 For God\u2019s good pleasure to be fulfilled, His purpose to be accomplished, and His economy to be carried out (Eph. 1:9-10) that He might have the church as Christ\u2019s built-up Body and a full-grown new man to&hellip;","og_url":"http:\/\/unceasinglypray.org\/tr\/day-2\/","og_site_name":"Unceasingly Pray","article_modified_time":"2020-06-11T13:42:29+00:00","og_image":[{"width":1200,"height":630,"url":"https:\/\/unceasinglypray.org\/wp-content\/uploads\/2020\/04\/social_share.gif","type":"image\/gif"}],"twitter_card":"summary_large_image","twitter_misc":{"Tahmini okuma s\u00fcresi":"1 dakika"},"schema":{"@context":"https:\/\/schema.org","@graph":[{"@type":"WebPage","@id":"http:\/\/unceasinglypray.org\/hr\/day-2\/","url":"http:\/\/unceasinglypray.org\/hr\/day-2\/","name":"Day 2 - Unceasingly Pray","isPartOf":{"@id":"https:\/\/unceasinglypray.org\/ar\/#website"},"primaryImageOfPage":{"@id":"http:\/\/unceasinglypray.org\/hr\/day-2\/#primaryimage"},"image":{"@id":"http:\/\/unceasinglypray.org\/hr\/day-2\/#primaryimage"},"thumbnailUrl":"https:\/\/unceasinglypray.org\/wp-content\/uploads\/2020\/04\/social_share.gif","datePublished":"2020-04-04T21:43:27+00:00","dateModified":"2020-06-11T13:42:29+00:00","breadcrumb":{"@id":"http:\/\/unceasinglypray.org\/hr\/day-2\/#breadcrumb"},"inLanguage":"tr","potentialAction":[{"@type":"ReadAction","target":["http:\/\/unceasinglypray.org\/hr\/day-2\/"]}]},{"@type":"ImageObject","inLanguage":"tr","@id":"http:\/\/unceasinglypray.org\/hr\/day-2\/#primaryimage","url":"https:\/\/unceasinglypray.org\/wp-content\/uploads\/2020\/04\/social_share.gif","contentUrl":"https:\/\/unceasinglypray.org\/wp-content\/uploads\/2020\/04\/social_share.gif","width":1200,"height":630},{"@type":"BreadcrumbList","@id":"http:\/\/unceasinglypray.org\/hr\/day-2\/#breadcrumb","itemListElement":[{"@type":"ListItem","position":1,"name":"Home","item":"https:\/\/unceasinglypray.org\/pt\/"},{"@type":"ListItem","position":2,"name":"Day 2"}]},{"@type":"WebSite","@id":"https:\/\/unceasinglypray.org\/ar\/#website","url":"https:\/\/unceasinglypray.org\/ar\/","name":"Unceasingly Pray","description":"","potentialAction":[{"@type":"SearchAction","target":{"@type":"EntryPoint","urlTemplate":"https:\/\/unceasinglypray.org\/ar\/?s={search_term_string}"},"query-input":{"@type":"PropertyValueSpecification","valueRequired":true,"valueName":"search_term_string"}}],"inLanguage":"tr"}]}},"_links":{"self":[{"href":"https:\/\/unceasinglypray.org\/tr\/wp-json\/wp\/v2\/pages\/515","targetHints":{"allow":["GET"]}}],"collection":[{"href":"https:\/\/unceasinglypray.org\/tr\/wp-json\/wp\/v2\/pages"}],"about":[{"href":"https:\/\/unceasinglypray.org\/tr\/wp-json\/wp\/v2\/types\/page"}],"author":[{"embeddable":true,"href":"https:\/\/unceasinglypray.org\/tr\/wp-json\/wp\/v2\/users\/1"}],"replies":[{"embeddable":true,"href":"https:\/\/unceasinglypray.org\/tr\/wp-json\/wp\/v2\/comments?post=515"}],"version-history":[{"count":0,"href":"https:\/\/unceasinglypray.org\/tr\/wp-json\/wp\/v2\/pages\/515\/revisions"}],"wp:featuredmedia":[{"embeddable":true,"href":"https:\/\/unceasinglypray.org\/tr\/wp-json\/wp\/v2\/media\/771"}],"wp:attachment":[{"href":"https:\/\/unceasinglypray.org\/tr\/wp-json\/wp\/v2\/media?parent=515"}],"curies":[{"name":"wp","href":"https:\/\/api.w.org\/{rel}","templated":true}]}}