{"id":11,"date":"2020-03-25T00:51:57","date_gmt":"2020-03-25T00:51:57","guid":{"rendered":"https:\/\/unceasepray.wpengine.com\/?page_id=11"},"modified":"2020-05-31T20:39:54","modified_gmt":"2020-05-31T20:39:54","slug":"home","status":"publish","type":"page","link":"https:\/\/unceasinglypray.org\/tr\/","title":{"rendered":"Home"},"content":{"rendered":"24 SAAT\/ 30 G\u00dcN<br \/>\nGLOBAL PRAYER\n\t24\u00a0HR\/<br \/>\n30 G\u00dcN<br \/>\nK\u00dcRESEL DUA\n\t<p>A Final Announcement<\/p>\n\t<p>As you read this, the local churches in the Lord\u2019s recovery have concluded an unprecedented period of 24\/7 global prayer, beginning April 1 and ending May 30, 2020. In all, over 13,700 saints signed up on<a href=\"https:\/\/unceasinglypray.org\/tr\/\"> unceasinglypray.org<\/a> to pray in 15-minute time slots, covering every minute of the day and representing every inhabited time zone in the world. We also received reports of many, many more who were praying faithfully all over the earth without signing up; in fact, we believe that the total number of saints participating was well over 50,000. <\/p>\n<p><img alt=\"\" width=\"25650\" height=\"150\" \/><\/p>\n\t<p><a href=\"https:\/\/unceasinglypray.org\/tr\/letter\/\">Read full announcement<\/a><\/p>\n\t<p>H\u0130ZMET\u0130N L\u0130TERAT\u00dcR\u00dcNDEN SE\u00c7\u0130LM\u0130\u015e PASAJ<\/p>\n\t<p>\u201cYeni Antla\u015fma'da Tanr\u0131 tap\u0131na\u011f\u0131, dua eden, yani  buhur yakan k\u00e2hinlerden olu\u015fur. Bu nedenle tap\u0131nak bir dua tap\u0131na\u011f\u0131 olmal\u0131d\u0131r (Luk. 19:46). \u0130n\u015fa edilmi\u015f kilise bir dua evidir. Bu doktrin de\u011fil, fikir de de\u011fil. Bu kilisenin in\u015fa edilmesi i\u00e7in \u015fartt\u0131r. Baz\u0131 kutsallar Kutsal Yer'e girme ve buhur yakma k\u00e2hinl\u0131k hizmetini ger\u00e7ekle\u015ftirmek i\u00e7in pratik bir \u015fekilde kalkmal\u0131d\u0131r; yani dua etmek i\u00e7in aya\u011fa kalkacaklar olmal\u0131. Aksi takdirde kiliseyi in\u015fa etmek m\u00fcmk\u00fcn olmayacakt\u0131r.<\/p>\n<p>Kiliselerde, Tanr\u0131'n\u0131n \u00f6n\u00fcnde buhur yakman\u0131n k\u00e2hinlik hizmetini yapmak isteyen kutsallar\u0131 yoksunuz. Rab bizi ayd\u0131nlats\u0131n ki bu ihtiyac\u0131 kar\u015f\u0131layal\u0131m. \u201d<\/p>\n<p>\u2014Witness Lee,\u00a0<em>The Exercise of the Spirit and the Building of God<\/em><\/p>\n\t<p>GED\u0130KTE DURMAK<\/p>\n\t<p>HEZ. 22:30<\/p>\n\t\t\t\t<img decoding=\"async\" src=\"https:\/\/unceasinglypray.org\/wp-content\/uploads\/2020\/04\/1.svg\" alt=\"1\" title=\"1\" itemprop=\"image\"\/>\n\t<p>1. KAYDOL<\/p>\n\t<p>E-posta yoluyla dua y\u00fck\u00fc almak i\u00e7in bir hesap a\u00e7\u0131n.<\/p>\n\t\t\t\t<img decoding=\"async\" src=\"https:\/\/unceasinglypray.org\/wp-content\/uploads\/2020\/04\/2.svg\" alt=\"2\" title=\"2\" itemprop=\"image\"\/>\n\t<p>2. B\u0130R ZAMANI SE\u00c7<\/p>\n\t<p>Her g\u00fcn dua etmek i\u00e7in 15 dakkikal\u0131k zaman aral\u0131\u011f\u0131 se\u00e7in.<\/p>\n\t\t\t\t<img decoding=\"async\" src=\"https:\/\/unceasinglypray.org\/wp-content\/uploads\/2020\/04\/3.svg\" alt=\"3\" title=\"3\" itemprop=\"image\"\/>\n\t<p>3. DUA ETMEYE BA\u015eLA<\/p>\n\t<p>Birlik i\u00e7inde kendinizi duaya verin (El\u00e7. 1:14).<\/p>\n\t\t<h3><\/h3>\n\t\t<p>Kendinizi duaya verin.<\/p>\n\t\t\t<a href=\"https:\/\/unceasinglypray.org\/tr\/sign-up\/\" target=\"_self\" role=\"button\" rel=\"noopener noreferrer\">\n\t\t\t\t\t\t\tZAMAN ARALI\u011eINI SE\u00c7\u0130N\n\t\t\t\t\t<\/a>","protected":false},"excerpt":{"rendered":"<p>24\u00a0HR\/30\u00a0DAYS GLOBAL PRAYER 24\u00a0HR\/ 30\u00a0DAYS GLOBAL PRAYER A Final Announcement As you read this, the local churches in the Lord\u2019s recovery have concluded an unprecedented period of 24\/7 global prayer, beginning April 1 and ending May 30, 2020. In all, over 13,700 saints signed up on unceasinglypray.org to pray in 15-minute time slots, covering every&hellip;<\/p>","protected":false},"author":1,"featured_media":0,"parent":0,"menu_order":0,"comment_status":"closed","ping_status":"closed","template":"","meta":{"inline_featured_image":false,"footnotes":""},"class_list":["post-11","page","type-page","status-publish","hentry"],"yoast_head":"<!-- This site is optimized with the Yoast SEO plugin v27.4 - https:\/\/yoast.com\/product\/yoast-seo-wordpress\/ -->\n<title>Home - Unceasingly Pray<\/title>\n<meta name=\"robots\" content=\"index, follow, max-snippet:-1, max-image-preview:large, max-video-preview:-1\" \/>\n<link rel=\"canonical\" href=\"https:\/\/unceasinglypray.org\/tr\/\" \/>\n<meta property=\"og:locale\" content=\"tr_TR\" \/>\n<meta property=\"og:type\" content=\"article\" \/>\n<meta property=\"og:title\" content=\"Home - Unceasingly Pray\" \/>\n<meta property=\"og:description\" content=\"24\u00a0HR\/30\u00a0DAYS GLOBAL PRAYER 24\u00a0HR\/ 30\u00a0DAYS GLOBAL PRAYER A Final Announcement As you read this, the local churches in the Lord\u2019s recovery have concluded an unprecedented period of 24\/7 global prayer, beginning April 1 and ending May 30, 2020. In all, over 13,700 saints signed up on unceasinglypray.org to pray in 15-minute time slots, covering every&hellip;\" \/>\n<meta property=\"og:url\" content=\"https:\/\/unceasinglypray.org\/tr\/\" \/>\n<meta property=\"og:site_name\" content=\"Unceasingly Pray\" \/>\n<meta property=\"article:modified_time\" content=\"2020-05-31T20:39:54+00:00\" \/>\n<meta property=\"og:image\" content=\"https:\/\/unceasinglypray.org\/wp-content\/uploads\/2020\/04\/1.svg\" \/>\n<meta name=\"twitter:card\" content=\"summary_large_image\" \/>\n<meta name=\"twitter:label1\" content=\"Tahmini okuma s\u00fcresi\" \/>\n\t<meta name=\"twitter:data1\" content=\"1 dakika\" \/>\n<script type=\"application\/ld+json\" class=\"yoast-schema-graph\">{\"@context\":\"https:\\\/\\\/schema.org\",\"@graph\":[{\"@type\":\"WebPage\",\"@id\":\"https:\\\/\\\/unceasinglypray.org\\\/pt\\\/\",\"url\":\"https:\\\/\\\/unceasinglypray.org\\\/pt\\\/\",\"name\":\"Home - Unceasingly Pray\",\"isPartOf\":{\"@id\":\"https:\\\/\\\/unceasinglypray.org\\\/ar\\\/#website\"},\"primaryImageOfPage\":{\"@id\":\"https:\\\/\\\/unceasinglypray.org\\\/pt\\\/#primaryimage\"},\"image\":{\"@id\":\"https:\\\/\\\/unceasinglypray.org\\\/pt\\\/#primaryimage\"},\"thumbnailUrl\":\"https:\\\/\\\/unceasinglypray.org\\\/wp-content\\\/uploads\\\/2020\\\/04\\\/1.svg\",\"datePublished\":\"2020-03-25T00:51:57+00:00\",\"dateModified\":\"2020-05-31T20:39:54+00:00\",\"breadcrumb\":{\"@id\":\"https:\\\/\\\/unceasinglypray.org\\\/pt\\\/#breadcrumb\"},\"inLanguage\":\"tr\",\"potentialAction\":[{\"@type\":\"ReadAction\",\"target\":[\"https:\\\/\\\/unceasinglypray.org\\\/pt\\\/\"]}]},{\"@type\":\"ImageObject\",\"inLanguage\":\"tr\",\"@id\":\"https:\\\/\\\/unceasinglypray.org\\\/pt\\\/#primaryimage\",\"url\":\"https:\\\/\\\/unceasinglypray.org\\\/wp-content\\\/uploads\\\/2020\\\/04\\\/1.svg\",\"contentUrl\":\"https:\\\/\\\/unceasinglypray.org\\\/wp-content\\\/uploads\\\/2020\\\/04\\\/1.svg\"},{\"@type\":\"BreadcrumbList\",\"@id\":\"https:\\\/\\\/unceasinglypray.org\\\/pt\\\/#breadcrumb\",\"itemListElement\":[{\"@type\":\"ListItem\",\"position\":1,\"name\":\"Home\",\"item\":\"https:\\\/\\\/unceasinglypray.org\\\/pt\\\/\"},{\"@type\":\"ListItem\",\"position\":2,\"name\":\"Home\"}]},{\"@type\":\"WebSite\",\"@id\":\"https:\\\/\\\/unceasinglypray.org\\\/ar\\\/#website\",\"url\":\"https:\\\/\\\/unceasinglypray.org\\\/ar\\\/\",\"name\":\"Unceasingly Pray\",\"description\":\"\",\"potentialAction\":[{\"@type\":\"SearchAction\",\"target\":{\"@type\":\"EntryPoint\",\"urlTemplate\":\"https:\\\/\\\/unceasinglypray.org\\\/ar\\\/?s={search_term_string}\"},\"query-input\":{\"@type\":\"PropertyValueSpecification\",\"valueRequired\":true,\"valueName\":\"search_term_string\"}}],\"inLanguage\":\"tr\"}]}<\/script>\n<!-- \/ Yoast SEO plugin. -->","yoast_head_json":{"title":"Home - Unceasingly Pray","robots":{"index":"index","follow":"follow","max-snippet":"max-snippet:-1","max-image-preview":"max-image-preview:large","max-video-preview":"max-video-preview:-1"},"canonical":"https:\/\/unceasinglypray.org\/tr\/","og_locale":"tr_TR","og_type":"article","og_title":"Home - Unceasingly Pray","og_description":"24\u00a0HR\/30\u00a0DAYS GLOBAL PRAYER 24\u00a0HR\/ 30\u00a0DAYS GLOBAL PRAYER A Final Announcement As you read this, the local churches in the Lord\u2019s recovery have concluded an unprecedented period of 24\/7 global prayer, beginning April 1 and ending May 30, 2020. In all, over 13,700 saints signed up on unceasinglypray.org to pray in 15-minute time slots, covering every&hellip;","og_url":"https:\/\/unceasinglypray.org\/tr\/","og_site_name":"Unceasingly Pray","article_modified_time":"2020-05-31T20:39:54+00:00","og_image":[{"url":"https:\/\/unceasinglypray.org\/wp-content\/uploads\/2020\/04\/1.svg","type":"","width":"","height":""}],"twitter_card":"summary_large_image","twitter_misc":{"Tahmini okuma s\u00fcresi":"1 dakika"},"schema":{"@context":"https:\/\/schema.org","@graph":[{"@type":"WebPage","@id":"https:\/\/unceasinglypray.org\/pt\/","url":"https:\/\/unceasinglypray.org\/pt\/","name":"Home - Unceasingly Pray","isPartOf":{"@id":"https:\/\/unceasinglypray.org\/ar\/#website"},"primaryImageOfPage":{"@id":"https:\/\/unceasinglypray.org\/pt\/#primaryimage"},"image":{"@id":"https:\/\/unceasinglypray.org\/pt\/#primaryimage"},"thumbnailUrl":"https:\/\/unceasinglypray.org\/wp-content\/uploads\/2020\/04\/1.svg","datePublished":"2020-03-25T00:51:57+00:00","dateModified":"2020-05-31T20:39:54+00:00","breadcrumb":{"@id":"https:\/\/unceasinglypray.org\/pt\/#breadcrumb"},"inLanguage":"tr","potentialAction":[{"@type":"ReadAction","target":["https:\/\/unceasinglypray.org\/pt\/"]}]},{"@type":"ImageObject","inLanguage":"tr","@id":"https:\/\/unceasinglypray.org\/pt\/#primaryimage","url":"https:\/\/unceasinglypray.org\/wp-content\/uploads\/2020\/04\/1.svg","contentUrl":"https:\/\/unceasinglypray.org\/wp-content\/uploads\/2020\/04\/1.svg"},{"@type":"BreadcrumbList","@id":"https:\/\/unceasinglypray.org\/pt\/#breadcrumb","itemListElement":[{"@type":"ListItem","position":1,"name":"Home","item":"https:\/\/unceasinglypray.org\/pt\/"},{"@type":"ListItem","position":2,"name":"Home"}]},{"@type":"WebSite","@id":"https:\/\/unceasinglypray.org\/ar\/#website","url":"https:\/\/unceasinglypray.org\/ar\/","name":"Unceasingly Pray","description":"","potentialAction":[{"@type":"SearchAction","target":{"@type":"EntryPoint","urlTemplate":"https:\/\/unceasinglypray.org\/ar\/?s={search_term_string}"},"query-input":{"@type":"PropertyValueSpecification","valueRequired":true,"valueName":"search_term_string"}}],"inLanguage":"tr"}]}},"_links":{"self":[{"href":"https:\/\/unceasinglypray.org\/tr\/wp-json\/wp\/v2\/pages\/11","targetHints":{"allow":["GET"]}}],"collection":[{"href":"https:\/\/unceasinglypray.org\/tr\/wp-json\/wp\/v2\/pages"}],"about":[{"href":"https:\/\/unceasinglypray.org\/tr\/wp-json\/wp\/v2\/types\/page"}],"author":[{"embeddable":true,"href":"https:\/\/unceasinglypray.org\/tr\/wp-json\/wp\/v2\/users\/1"}],"replies":[{"embeddable":true,"href":"https:\/\/unceasinglypray.org\/tr\/wp-json\/wp\/v2\/comments?post=11"}],"version-history":[{"count":0,"href":"https:\/\/unceasinglypray.org\/tr\/wp-json\/wp\/v2\/pages\/11\/revisions"}],"wp:attachment":[{"href":"https:\/\/unceasinglypray.org\/tr\/wp-json\/wp\/v2\/media?parent=11"}],"curies":[{"name":"wp","href":"https:\/\/api.w.org\/{rel}","templated":true}]}}