{"id":993,"date":"2020-05-31T19:34:28","date_gmt":"2020-05-31T19:34:28","guid":{"rendered":"https:\/\/unceasinglypray.org\/?page_id=993"},"modified":"2020-05-31T19:34:28","modified_gmt":"2020-05-31T19:34:28","slug":"letter-3","status":"publish","type":"page","link":"https:\/\/unceasinglypray.org\/sk_sk\/letter-3\/","title":{"rendered":"Letter 3"},"content":{"rendered":"<h2>\n\t\tVYTRVAL\u00c9 POKRA\u010cOVANIE V PR\u00cdHOVORE\n\t<\/h2>\n\t<p>29. APR\u00cdLA 2020<\/p>\n\t<p>Drah\u00ed sv\u00e4t\u00ed,<\/p>\n<p>Skuto\u010dne \u010fakujeme P\u00e1novi za jeho hojn\u00e9 z\u00e1sobenie cirkv\u00ed a sv\u00e4t\u00fdch v Jeho obnove, ktor\u00e9 umo\u017enilo to\u013ek\u00fdm prihov\u00e1ra\u0165 sa ako jeden mu\u017e za posledn\u00fd mesiac. V hist\u00f3rii Jeho obnovy sa nikdy nekonala tak\u00e1 celosvetov\u00e1 nepretr\u017eit\u00e1 modlitba. Hoci vn\u00edmame, \u017ee t\u00fato koordinovan\u00fa pr\u00e1cu ukon\u010d\u00edme 30. apr\u00edla, vzhliadame k P\u00e1novi, \u017ee to nebude len sez\u00f3na modlitba, ale \u017ee n\u00e1s v\u0161etk\u00fdch bude podporova\u0165, aby sme pokra\u010dovali v na\u0161om osobnom modlitebnom \u017eivote a v s\u00fahrnnej modlitebnej slu\u017ebe cirkvi.<\/p>\n<p>\u00a0Sme presved\u010den\u00ed, \u017ee ka\u017ed\u00fd sv\u00e4t\u00fd, ktor\u00fd prevzal toto bremeno, si uvedomil vytrvalos\u0165 potrebn\u00fa pre pr\u00edhovorn\u00e9 modlitby (Kol 4:2). Je to preto, \u017ee v nevidite\u013enej sf\u00e9re z\u00fari vojna medzi Bohom a jeho nepriate\u013eom Satanom. Samozrejme, \u017ee Bo\u017e\u00ed z\u00e1mer sa napokon spln\u00ed, ale ako r\u00fdchlo sa to stane a kto sa zd\u00e1 by\u0165 v\u00ed\u0165azom v bitke v konkr\u00e9tnom \u010dase, z\u00e1vis\u00ed od toho, do akej miery s n\u00edm Bo\u017e\u00ed \u013eud spolupracuje v modlitbe. Satan to vie, tak\u017ee sa sna\u017e\u00ed v\u0161etk\u00fdmi prostriedkami zmari\u0165 na\u0161u modlitbu. V skuto\u010dnosti, preto\u017ee cel\u00fd pr\u00edliv tohto veku je proti na\u0161ej modlitbe, brat Lee n\u00e1m povedal: \u201eVytrva\u0165 v modlitbe je ako veslova\u0165 lo\u010fou proti pr\u00fadu. Ak nevytrv\u00e1te, pr\u00fad v\u00e1s strhne dole po pr\u00fade. Bezpochyby vytrva\u0165 t\u00fdmto sp\u00f4sobom, \u010di u\u017e pri veslovan\u00ed alebo v modlitbe, si vy\u017eaduje ve\u013ek\u00e9 mno\u017estvo energie. \u201c(<i>\u0160t\u00fadia \u017eivota v liste Kolosanom<\/i>, str. 580). Kv\u00f4li tomuto potrebujeme P\u00e1novo posilnenie (Ef. 6:10).<\/p>\n<p>\u00a0Brat Lee dal nieko\u013eko praktick\u00fdch r\u00e1d, aby n\u00e1m pomohol vytrva\u0165 v modlitbe. Najprv n\u00e1s poveril, aby sme d\u00f4kladne jednali s P\u00e1nom a dokonca mu s\u013e\u00fabili, \u017ee sa bude modli\u0165. Tak\u00fd s\u013eub vyjadruje na\u0161u t\u00fa\u017ebu by\u0165 modliacim sa \u010dlovekom a z\u00e1rove\u0148 uzn\u00e1va, \u017ee potrebujeme P\u00e1na, aby sme boli schopn\u00ed verne plni\u0165 n\u00e1\u0161 s\u013eub. Po druh\u00e9, mus\u00edme si ka\u017ed\u00fd de\u0148 vyhradi\u0165 na modlitbu jeden alebo viac konkr\u00e9tnych \u010dasov\u00fdch \u00fasekov (Dan 6:10). Mali by sme pova\u017eova\u0165 modlitbu za najd\u00f4le\u017eitej\u0161iu vec a nedovoli\u0165 ni\u010domu uzurpova\u0165 tento \u010das alebo preru\u0161i\u0165 na\u0161u modlitbu. Po tretie, mus\u00edme ma\u0165 na pam\u00e4ti na\u0161e hovorenie po\u010das n\u00e1\u0161ho ka\u017edodenn\u00e9ho \u017eivota, preto\u017ee rozpr\u00e1vanie tlm\u00ed n\u00e1\u0161ho modlitebn\u00e9ho ducha (Ef 4: 29-30; 1Tes 5:19 a pozn\u00e1mka pod \u010diarou). Po \u0161tvrt\u00e9, mus\u00edme pou\u017e\u00edva\u0165 ducha, cvi\u010di\u0165 svoju v\u00f4\u013eu, upokoji\u0165 svoju myse\u013e a regulova\u0165 svoje em\u00f3cie, aby sme sa mohli spr\u00e1vne modli\u0165 (Ef 6:18; 2 Tim 1: 7; 1 Pet 4: 7). Po piate, sk\u00fasenos\u0165 n\u00e1s u\u010d\u00ed, \u017ee modlitba so spolo\u010dn\u00edkom n\u00e1m pom\u00e1ha rozv\u00edja\u0165 v\u00e4\u010d\u0161iu d\u00f4slednos\u0165 v modlitbe (pozri <i>\u0160t\u00fadia \u017eivota v liste Kolosanom<\/i>, s. 581-582, a <i>\u0160t\u00fadium \u017eivota v liste Efezk\u00fdm<\/i>, s. 552-555, \u010fal\u0161ie podrobnosti o tejto u\u017eito\u010dnej praxi).<\/p>\n<p>\u00a0Cvi\u010denie v modlitbe tak\u00fdmto sp\u00f4sobom m\u00e1 obrovsk\u00e9 v\u00fdhody. Sp\u00f4sobuje to, \u017ee sa zmie\u0161avame s P\u00e1nom, aby sme sa stali Jeho reprodukciou ako mu\u017ea modlitby (Mt 14:23; Mk 1:35; Lk 5:16). To n\u00e1s n\u00fati zamera\u0165 sa na vy\u0161\u0161ie uveden\u00e9 veci namiesto na pozemsk\u00e9 z\u00e1le\u017eitosti t\u00fdkaj\u00face sa na\u0161ich vlastn\u00fdch z\u00e1ujmov (Kol 3: 2). Umo\u017e\u0148uje n\u00e1m to vst\u00fapi\u0165 do pr\u00edhovornej slu\u017eby vyv\u00fd\u0161en\u00e9ho Krista pre Bo\u017eie z\u00e1ujmy na zemi (Rim 8:34; \u017did 7:25). T\u00e1to pr\u00edhovorn\u00e1 modlitba, ktor\u00e1 je v Kristovi a s Kristom ako kadidlom, nie je \u201emodlitbou za n\u00e1s, ale modlitbou za vykon\u00e1vanie bo\u017eskej spr\u00e1vy, za ude\u013eovanie Bo\u017eej zaopatruj\u00facej milosti a za cirkvi a sv\u00e4t\u00fdch. Tak\u00e1to modlitba je vo\u0148av\u00fdm kadidlom pre Boha - nap\u013a\u0148a Jeho z\u00e1mer, uspokojuje Jeho t\u00fa\u017ebu a pote\u0161\u00ed Jeho srdce \u201c(Ex 30: 7, pozn\u00e1mka pod \u010diarou 1). Okrem toho, ke\u010f v modlitbe prich\u00e1dzame k tr\u00f3nu milosti, dost\u00e1vame milosrdenstvo a nach\u00e1dzame milos\u0165 na pomoc v prav\u00fd \u010das (\u017did 4:16). Na\u0161a modlitba prinesie po\u017eehnanie n\u00e1m, na\u0161im cirkv\u00e1m a na\u0161im n\u00e1rodom.<\/p>\n<p>\u00a0\u010ci u\u017e sme v pod\u013ea n\u00e1\u0161ho n\u00e1zoru za posledn\u00fdch tridsa\u0165 dn\u00ed uspeli alebo zlyhali v modlitbe, mus\u00edme od tohto bodu pokra\u010dova\u0165 \u010falej. D\u00f4razne odpor\u00fa\u010dame v\u0161etk\u00fdm sv\u00e4t\u00fdm, aby prevzali tridsa\u0165 navrhovan\u00fdch modlitebn\u00fdch bremien <a href=\"https:\/\/unceasinglypray.org\/sk_sk\/prayer-burdens\/\">unceasinglypray.org<\/a> a modlili sa za ne op\u00e4\u0165 v m\u00e1ji. Ver\u00edme, \u017ee ak sa vr\u00e1tite v modlitbe k t\u00fdmto tridsiatim bremen\u00e1m a ver\u0161om, ktor\u00e9 ich sprev\u00e1dzaj\u00fa, uvedom\u00edte si, \u017ee st\u00e1le je toho ve\u013ea, \u010do si vy\u017eaduje n\u00e1\u0161 nepretr\u017eit\u00fd pr\u00edhovor. Nech P\u00e1n posiln\u00ed svoju obnovu a urob\u00ed z n\u00e1s Jeho dom modlitby (Mk 11:17). Chv\u00e1\u013eme svojho milosrdn\u00e9ho a vern\u00e9ho Ve\u013ek\u0148aza, ktor\u00fd je vy\u0161\u0161\u00ed ako nebesia (\u017did 2:17; 7:26) a ktor\u00fd n\u00e1s priv\u00e1dza do jednoty s N\u00edm v Jeho nebeskej slu\u017ebe pr\u00edhovoru (Jk 5:17 a pozn\u00e1mka pod \u010diarou).<\/p>\n<p>\u00a0Va\u0161i bratia v Kristovi,<\/p>\n<p>spolupracovn\u00edci v P\u00e1novej obnove<\/p>\n<p>&nbsp;<\/p>","protected":false},"excerpt":{"rendered":"<p>CONTINUING STEADFASTLY IN INTERCESSION APRIL 29, 2020 Dear saints, How we thank the Lord for His abundant supply to the churches and the saints in His recovery that has enabled so many to intercede as one man over this past month. There has never been such global, round-the-clock prayer in the history of His recovery.&hellip;<\/p>","protected":false},"author":2,"featured_media":0,"parent":0,"menu_order":0,"comment_status":"closed","ping_status":"closed","template":"","meta":{"inline_featured_image":false,"footnotes":""},"class_list":["post-993","page","type-page","status-publish","hentry"],"yoast_head":"<!-- This site is optimized with the Yoast SEO plugin v27.3 - https:\/\/yoast.com\/product\/yoast-seo-wordpress\/ -->\n<title>Letter 3 - Unceasingly Pray<\/title>\n<meta name=\"robots\" content=\"index, follow, max-snippet:-1, max-image-preview:large, max-video-preview:-1\" \/>\n<link rel=\"canonical\" href=\"https:\/\/unceasinglypray.org\/sk_sk\/letter-3\/\" \/>\n<meta property=\"og:locale\" content=\"sk_SK\" \/>\n<meta property=\"og:type\" content=\"article\" \/>\n<meta property=\"og:title\" content=\"Letter 3 - Unceasingly Pray\" \/>\n<meta property=\"og:description\" content=\"CONTINUING STEADFASTLY IN INTERCESSION APRIL 29, 2020 Dear saints, How we thank the Lord for His abundant supply to the churches and the saints in His recovery that has enabled so many to intercede as one man over this past month. There has never been such global, round-the-clock prayer in the history of His recovery.&hellip;\" \/>\n<meta property=\"og:url\" content=\"https:\/\/unceasinglypray.org\/sk_sk\/letter-3\/\" \/>\n<meta property=\"og:site_name\" content=\"Unceasingly Pray\" \/>\n<meta name=\"twitter:card\" content=\"summary_large_image\" \/>\n<meta name=\"twitter:label1\" content=\"Predpokladan\u00fd \u010das \u010d\u00edtania\" \/>\n\t<meta name=\"twitter:data1\" content=\"4 min\u00faty\" \/>\n<script type=\"application\/ld+json\" class=\"yoast-schema-graph\">{\"@context\":\"https:\\\/\\\/schema.org\",\"@graph\":[{\"@type\":\"WebPage\",\"@id\":\"https:\\\/\\\/unceasinglypray.org\\\/letter-3\\\/\",\"url\":\"https:\\\/\\\/unceasinglypray.org\\\/letter-3\\\/\",\"name\":\"Letter 3 - Unceasingly Pray\",\"isPartOf\":{\"@id\":\"https:\\\/\\\/unceasinglypray.org\\\/ar\\\/#website\"},\"datePublished\":\"2020-05-31T19:34:28+00:00\",\"breadcrumb\":{\"@id\":\"https:\\\/\\\/unceasinglypray.org\\\/letter-3\\\/#breadcrumb\"},\"inLanguage\":\"sk-SK\",\"potentialAction\":[{\"@type\":\"ReadAction\",\"target\":[\"https:\\\/\\\/unceasinglypray.org\\\/letter-3\\\/\"]}]},{\"@type\":\"BreadcrumbList\",\"@id\":\"https:\\\/\\\/unceasinglypray.org\\\/letter-3\\\/#breadcrumb\",\"itemListElement\":[{\"@type\":\"ListItem\",\"position\":1,\"name\":\"Home\",\"item\":\"https:\\\/\\\/unceasinglypray.org\\\/pt\\\/\"},{\"@type\":\"ListItem\",\"position\":2,\"name\":\"Letter 3\"}]},{\"@type\":\"WebSite\",\"@id\":\"https:\\\/\\\/unceasinglypray.org\\\/ar\\\/#website\",\"url\":\"https:\\\/\\\/unceasinglypray.org\\\/ar\\\/\",\"name\":\"Unceasingly Pray\",\"description\":\"\",\"potentialAction\":[{\"@type\":\"SearchAction\",\"target\":{\"@type\":\"EntryPoint\",\"urlTemplate\":\"https:\\\/\\\/unceasinglypray.org\\\/ar\\\/?s={search_term_string}\"},\"query-input\":{\"@type\":\"PropertyValueSpecification\",\"valueRequired\":true,\"valueName\":\"search_term_string\"}}],\"inLanguage\":\"sk-SK\"}]}<\/script>\n<!-- \/ Yoast SEO plugin. -->","yoast_head_json":{"title":"Letter 3 - Unceasingly Pray","robots":{"index":"index","follow":"follow","max-snippet":"max-snippet:-1","max-image-preview":"max-image-preview:large","max-video-preview":"max-video-preview:-1"},"canonical":"https:\/\/unceasinglypray.org\/sk_sk\/letter-3\/","og_locale":"sk_SK","og_type":"article","og_title":"Letter 3 - Unceasingly Pray","og_description":"CONTINUING STEADFASTLY IN INTERCESSION APRIL 29, 2020 Dear saints, How we thank the Lord for His abundant supply to the churches and the saints in His recovery that has enabled so many to intercede as one man over this past month. There has never been such global, round-the-clock prayer in the history of His recovery.&hellip;","og_url":"https:\/\/unceasinglypray.org\/sk_sk\/letter-3\/","og_site_name":"Unceasingly Pray","twitter_card":"summary_large_image","twitter_misc":{"Predpokladan\u00fd \u010das \u010d\u00edtania":"4 min\u00faty"},"schema":{"@context":"https:\/\/schema.org","@graph":[{"@type":"WebPage","@id":"https:\/\/unceasinglypray.org\/letter-3\/","url":"https:\/\/unceasinglypray.org\/letter-3\/","name":"Letter 3 - Unceasingly Pray","isPartOf":{"@id":"https:\/\/unceasinglypray.org\/ar\/#website"},"datePublished":"2020-05-31T19:34:28+00:00","breadcrumb":{"@id":"https:\/\/unceasinglypray.org\/letter-3\/#breadcrumb"},"inLanguage":"sk-SK","potentialAction":[{"@type":"ReadAction","target":["https:\/\/unceasinglypray.org\/letter-3\/"]}]},{"@type":"BreadcrumbList","@id":"https:\/\/unceasinglypray.org\/letter-3\/#breadcrumb","itemListElement":[{"@type":"ListItem","position":1,"name":"Home","item":"https:\/\/unceasinglypray.org\/pt\/"},{"@type":"ListItem","position":2,"name":"Letter 3"}]},{"@type":"WebSite","@id":"https:\/\/unceasinglypray.org\/ar\/#website","url":"https:\/\/unceasinglypray.org\/ar\/","name":"Unceasingly Pray","description":"","potentialAction":[{"@type":"SearchAction","target":{"@type":"EntryPoint","urlTemplate":"https:\/\/unceasinglypray.org\/ar\/?s={search_term_string}"},"query-input":{"@type":"PropertyValueSpecification","valueRequired":true,"valueName":"search_term_string"}}],"inLanguage":"sk-SK"}]}},"_links":{"self":[{"href":"https:\/\/unceasinglypray.org\/sk_sk\/wp-json\/wp\/v2\/pages\/993","targetHints":{"allow":["GET"]}}],"collection":[{"href":"https:\/\/unceasinglypray.org\/sk_sk\/wp-json\/wp\/v2\/pages"}],"about":[{"href":"https:\/\/unceasinglypray.org\/sk_sk\/wp-json\/wp\/v2\/types\/page"}],"author":[{"embeddable":true,"href":"https:\/\/unceasinglypray.org\/sk_sk\/wp-json\/wp\/v2\/users\/2"}],"replies":[{"embeddable":true,"href":"https:\/\/unceasinglypray.org\/sk_sk\/wp-json\/wp\/v2\/comments?post=993"}],"version-history":[{"count":0,"href":"https:\/\/unceasinglypray.org\/sk_sk\/wp-json\/wp\/v2\/pages\/993\/revisions"}],"wp:attachment":[{"href":"https:\/\/unceasinglypray.org\/sk_sk\/wp-json\/wp\/v2\/media?parent=993"}],"curies":[{"name":"wp","href":"https:\/\/api.w.org\/{rel}","templated":true}]}}