{"id":954,"date":"2020-05-19T19:29:37","date_gmt":"2020-05-19T19:29:37","guid":{"rendered":"https:\/\/unceasinglypray.org\/?page_id=954"},"modified":"2020-06-11T15:13:23","modified_gmt":"2020-06-11T15:13:23","slug":"day-30","status":"publish","type":"page","link":"https:\/\/unceasinglypray.org\/sk_sk\/day-30\/","title":{"rendered":"Day 30"},"content":{"rendered":"<p><a href=\"https:\/\/unceasinglypray.org\/sk_sk\/day-30\/\">DAY 30: PRAYER FOR THE LORD\u2019S RETURN<\/a><\/p>\n\t<p>Flp 3:20; 2Tim 4:8; T\u00edt 2:13; Zj 22:20<\/p>\n\t<p>Aby sa P\u00e1n Je\u017ei\u0161 r\u00fdchlo vr\u00e1til (Flp 3:20; 2Tim 4:8; T\u00edt 2:13; Zj 22:20).<\/p>\n\t<p><strong>Flp 3:20<\/strong>\u2014Ale na\u0161a ot\u010dina je v nebesiach; odtia\u013e o\u010dak\u00e1vame aj Spasite\u013ea, P\u00e1na Je\u017ei\u0161a Krista<\/p>\n<p><strong>2Tim 4:8<\/strong>\u2014U\u017e mi je pripraven\u00fd veniec spravodlivosti, ktor\u00fd mi d\u00e1 v onen de\u0148 P\u00e1n, ten spravodliv\u00fd sudca, a to nielen mne, ale aj v\u0161etk\u00fdm, ktor\u00ed milovali Jeho zjavenie.<\/p>\n<p><strong>T\u00edt 2:13<\/strong>\u2014o\u010dak\u00e1vaj\u00fac blahoslaven\u00fa n\u00e1dej a zjavenie sl\u00e1vy n\u00e1\u0161ho ve\u013ek\u00e9ho Boha a Spasite\u013ea Krista Je\u017ei\u0161a<\/p>\n<p><strong>Zj 22:20<\/strong>\u2014Ten, ktor\u00fd dosved\u010duje tieto veci, hovor\u00ed: \u00c1no, pr\u00eddem \u010doskoro! Amen! Pr\u00ed\u010f, Pane Je\u017ei\u0161u!<\/p>","protected":false},"excerpt":{"rendered":"<p>DAY 30: PRAYER FOR THE LORD\u2019S RETURN Phil. 3:20; 2 Tim. 4:8; Titus 2:13; Rev. 22:20 For the Lord Jesus to come back quickly (Phil. 3:20; 2 Tim. 4:8; Titus 2:13; Rev. 22:20). Phil. 3:20\u2014For our commonwealth exists in the heavens, from which also we eagerly await a Savior, the Lord Jesus Christ. 2 Tim.&hellip;<\/p>","protected":false},"author":9013,"featured_media":771,"parent":0,"menu_order":0,"comment_status":"closed","ping_status":"closed","template":"","meta":{"inline_featured_image":false,"footnotes":""},"class_list":["post-954","page","type-page","status-publish","has-post-thumbnail","hentry"],"yoast_head":"<!-- This site is optimized with the Yoast SEO plugin v27.4 - https:\/\/yoast.com\/product\/yoast-seo-wordpress\/ -->\n<title>Day 30 - Unceasingly Pray<\/title>\n<meta name=\"robots\" content=\"index, follow, max-snippet:-1, max-image-preview:large, max-video-preview:-1\" \/>\n<link rel=\"canonical\" href=\"https:\/\/unceasinglypray.org\/sk_sk\/day-30\/\" \/>\n<meta property=\"og:locale\" content=\"sk_SK\" \/>\n<meta property=\"og:type\" content=\"article\" \/>\n<meta property=\"og:title\" content=\"Day 30 - Unceasingly Pray\" \/>\n<meta property=\"og:description\" content=\"DAY 30: PRAYER FOR THE LORD\u2019S RETURN Phil. 3:20; 2 Tim. 4:8; Titus 2:13; Rev. 22:20 For the Lord Jesus to come back quickly (Phil. 3:20; 2 Tim. 4:8; Titus 2:13; Rev. 22:20). Phil. 3:20\u2014For our commonwealth exists in the heavens, from which also we eagerly await a Savior, the Lord Jesus Christ. 2 Tim.&hellip;\" \/>\n<meta property=\"og:url\" content=\"https:\/\/unceasinglypray.org\/sk_sk\/day-30\/\" \/>\n<meta property=\"og:site_name\" content=\"Unceasingly Pray\" \/>\n<meta property=\"article:modified_time\" content=\"2020-06-11T15:13:23+00:00\" \/>\n<meta property=\"og:image\" content=\"https:\/\/unceasinglypray.org\/wp-content\/uploads\/2020\/04\/social_share.gif\" \/>\n\t<meta property=\"og:image:width\" content=\"1200\" \/>\n\t<meta property=\"og:image:height\" content=\"630\" \/>\n\t<meta property=\"og:image:type\" content=\"image\/gif\" \/>\n<meta name=\"twitter:card\" content=\"summary_large_image\" \/>\n<meta name=\"twitter:label1\" content=\"Predpokladan\u00fd \u010das \u010d\u00edtania\" \/>\n\t<meta name=\"twitter:data1\" content=\"1 min\u00fata\" \/>\n<script type=\"application\/ld+json\" class=\"yoast-schema-graph\">{\"@context\":\"https:\\\/\\\/schema.org\",\"@graph\":[{\"@type\":\"WebPage\",\"@id\":\"https:\\\/\\\/unceasinglypray.org\\\/ru\\\/day-30\\\/\",\"url\":\"https:\\\/\\\/unceasinglypray.org\\\/ru\\\/day-30\\\/\",\"name\":\"Day 30 - Unceasingly Pray\",\"isPartOf\":{\"@id\":\"https:\\\/\\\/unceasinglypray.org\\\/ar\\\/#website\"},\"primaryImageOfPage\":{\"@id\":\"https:\\\/\\\/unceasinglypray.org\\\/ru\\\/day-30\\\/#primaryimage\"},\"image\":{\"@id\":\"https:\\\/\\\/unceasinglypray.org\\\/ru\\\/day-30\\\/#primaryimage\"},\"thumbnailUrl\":\"https:\\\/\\\/unceasinglypray.org\\\/wp-content\\\/uploads\\\/2020\\\/04\\\/social_share.gif\",\"datePublished\":\"2020-05-19T19:29:37+00:00\",\"dateModified\":\"2020-06-11T15:13:23+00:00\",\"breadcrumb\":{\"@id\":\"https:\\\/\\\/unceasinglypray.org\\\/ru\\\/day-30\\\/#breadcrumb\"},\"inLanguage\":\"sk-SK\",\"potentialAction\":[{\"@type\":\"ReadAction\",\"target\":[\"https:\\\/\\\/unceasinglypray.org\\\/ru\\\/day-30\\\/\"]}]},{\"@type\":\"ImageObject\",\"inLanguage\":\"sk-SK\",\"@id\":\"https:\\\/\\\/unceasinglypray.org\\\/ru\\\/day-30\\\/#primaryimage\",\"url\":\"https:\\\/\\\/unceasinglypray.org\\\/wp-content\\\/uploads\\\/2020\\\/04\\\/social_share.gif\",\"contentUrl\":\"https:\\\/\\\/unceasinglypray.org\\\/wp-content\\\/uploads\\\/2020\\\/04\\\/social_share.gif\",\"width\":1200,\"height\":630},{\"@type\":\"BreadcrumbList\",\"@id\":\"https:\\\/\\\/unceasinglypray.org\\\/ru\\\/day-30\\\/#breadcrumb\",\"itemListElement\":[{\"@type\":\"ListItem\",\"position\":1,\"name\":\"Home\",\"item\":\"https:\\\/\\\/unceasinglypray.org\\\/pt\\\/\"},{\"@type\":\"ListItem\",\"position\":2,\"name\":\"Day 30\"}]},{\"@type\":\"WebSite\",\"@id\":\"https:\\\/\\\/unceasinglypray.org\\\/ar\\\/#website\",\"url\":\"https:\\\/\\\/unceasinglypray.org\\\/ar\\\/\",\"name\":\"Unceasingly Pray\",\"description\":\"\",\"potentialAction\":[{\"@type\":\"SearchAction\",\"target\":{\"@type\":\"EntryPoint\",\"urlTemplate\":\"https:\\\/\\\/unceasinglypray.org\\\/ar\\\/?s={search_term_string}\"},\"query-input\":{\"@type\":\"PropertyValueSpecification\",\"valueRequired\":true,\"valueName\":\"search_term_string\"}}],\"inLanguage\":\"sk-SK\"}]}<\/script>\n<!-- \/ Yoast SEO plugin. -->","yoast_head_json":{"title":"Day 30 - Unceasingly Pray","robots":{"index":"index","follow":"follow","max-snippet":"max-snippet:-1","max-image-preview":"max-image-preview:large","max-video-preview":"max-video-preview:-1"},"canonical":"https:\/\/unceasinglypray.org\/sk_sk\/day-30\/","og_locale":"sk_SK","og_type":"article","og_title":"Day 30 - Unceasingly Pray","og_description":"DAY 30: PRAYER FOR THE LORD\u2019S RETURN Phil. 3:20; 2 Tim. 4:8; Titus 2:13; Rev. 22:20 For the Lord Jesus to come back quickly (Phil. 3:20; 2 Tim. 4:8; Titus 2:13; Rev. 22:20). Phil. 3:20\u2014For our commonwealth exists in the heavens, from which also we eagerly await a Savior, the Lord Jesus Christ. 2 Tim.&hellip;","og_url":"https:\/\/unceasinglypray.org\/sk_sk\/day-30\/","og_site_name":"Unceasingly Pray","article_modified_time":"2020-06-11T15:13:23+00:00","og_image":[{"width":1200,"height":630,"url":"https:\/\/unceasinglypray.org\/wp-content\/uploads\/2020\/04\/social_share.gif","type":"image\/gif"}],"twitter_card":"summary_large_image","twitter_misc":{"Predpokladan\u00fd \u010das \u010d\u00edtania":"1 min\u00fata"},"schema":{"@context":"https:\/\/schema.org","@graph":[{"@type":"WebPage","@id":"https:\/\/unceasinglypray.org\/ru\/day-30\/","url":"https:\/\/unceasinglypray.org\/ru\/day-30\/","name":"Day 30 - Unceasingly Pray","isPartOf":{"@id":"https:\/\/unceasinglypray.org\/ar\/#website"},"primaryImageOfPage":{"@id":"https:\/\/unceasinglypray.org\/ru\/day-30\/#primaryimage"},"image":{"@id":"https:\/\/unceasinglypray.org\/ru\/day-30\/#primaryimage"},"thumbnailUrl":"https:\/\/unceasinglypray.org\/wp-content\/uploads\/2020\/04\/social_share.gif","datePublished":"2020-05-19T19:29:37+00:00","dateModified":"2020-06-11T15:13:23+00:00","breadcrumb":{"@id":"https:\/\/unceasinglypray.org\/ru\/day-30\/#breadcrumb"},"inLanguage":"sk-SK","potentialAction":[{"@type":"ReadAction","target":["https:\/\/unceasinglypray.org\/ru\/day-30\/"]}]},{"@type":"ImageObject","inLanguage":"sk-SK","@id":"https:\/\/unceasinglypray.org\/ru\/day-30\/#primaryimage","url":"https:\/\/unceasinglypray.org\/wp-content\/uploads\/2020\/04\/social_share.gif","contentUrl":"https:\/\/unceasinglypray.org\/wp-content\/uploads\/2020\/04\/social_share.gif","width":1200,"height":630},{"@type":"BreadcrumbList","@id":"https:\/\/unceasinglypray.org\/ru\/day-30\/#breadcrumb","itemListElement":[{"@type":"ListItem","position":1,"name":"Home","item":"https:\/\/unceasinglypray.org\/pt\/"},{"@type":"ListItem","position":2,"name":"Day 30"}]},{"@type":"WebSite","@id":"https:\/\/unceasinglypray.org\/ar\/#website","url":"https:\/\/unceasinglypray.org\/ar\/","name":"Unceasingly Pray","description":"","potentialAction":[{"@type":"SearchAction","target":{"@type":"EntryPoint","urlTemplate":"https:\/\/unceasinglypray.org\/ar\/?s={search_term_string}"},"query-input":{"@type":"PropertyValueSpecification","valueRequired":true,"valueName":"search_term_string"}}],"inLanguage":"sk-SK"}]}},"_links":{"self":[{"href":"https:\/\/unceasinglypray.org\/sk_sk\/wp-json\/wp\/v2\/pages\/954","targetHints":{"allow":["GET"]}}],"collection":[{"href":"https:\/\/unceasinglypray.org\/sk_sk\/wp-json\/wp\/v2\/pages"}],"about":[{"href":"https:\/\/unceasinglypray.org\/sk_sk\/wp-json\/wp\/v2\/types\/page"}],"author":[{"embeddable":true,"href":"https:\/\/unceasinglypray.org\/sk_sk\/wp-json\/wp\/v2\/users\/9013"}],"replies":[{"embeddable":true,"href":"https:\/\/unceasinglypray.org\/sk_sk\/wp-json\/wp\/v2\/comments?post=954"}],"version-history":[{"count":0,"href":"https:\/\/unceasinglypray.org\/sk_sk\/wp-json\/wp\/v2\/pages\/954\/revisions"}],"wp:featuredmedia":[{"embeddable":true,"href":"https:\/\/unceasinglypray.org\/sk_sk\/wp-json\/wp\/v2\/media\/771"}],"wp:attachment":[{"href":"https:\/\/unceasinglypray.org\/sk_sk\/wp-json\/wp\/v2\/media?parent=954"}],"curies":[{"name":"wp","href":"https:\/\/api.w.org\/{rel}","templated":true}]}}