{"id":778,"date":"2020-04-29T19:42:00","date_gmt":"2020-04-29T19:42:00","guid":{"rendered":"https:\/\/unceasinglypray.org\/?page_id=778"},"modified":"2020-04-29T22:46:57","modified_gmt":"2020-04-29T22:46:57","slug":"letter-2","status":"publish","type":"page","link":"https:\/\/unceasinglypray.org\/sk_sk\/letter-2\/","title":{"rendered":"Letter 2"},"content":{"rendered":"<h2>\n\t\tVYTRVA\u0164 V MODLITBE\n\t<\/h2>\n\t<p>16. APR\u00cdLA 2020<\/p>\n\t<p><img \/>Drah\u00ed sv\u00e4t\u00ed,<\/p>\n<p class=\"translation-block\">Uctievame P\u00e1na za to, \u017ee vzbudil to\u013ek\u00fdch z v\u00e1s, aby sa podie\u013eali na s\u00fa\u010dasnom bremene dvadsa\u0165jeden dn\u00ed modlitieb. Nikdy predt\u00fdm nebolo spojen\u00fdch v jednomyse\u013enosti to\u013eko \u013eud\u00ed po celom svete, aby sa modlili ako jeden \u010dlovek tak\u00fdmto trval\u00fdm sp\u00f4sobom. Sme presved\u010den\u00ed, \u017ee n\u00e1\u0161 vyv\u00fd\u0161en\u00fd P\u00e1n po\u010duje modlitby cirkvi, a \u017ee tieto modlitby hojne prispej\u00fa k naplneniu Jeho t\u00fa\u017eby. Po \u010fal\u0161om zv\u00e1\u017een\u00ed a spolo\u010denstve sme sa rozhodli po\u017eiada\u0165 v\u0161etk\u00fdch sv\u00e4t\u00fdch, aby vytrvalo pokra\u010dovali v t\u00fdchto modlitb\u00e1ch \u010fal\u0161\u00edch dev\u00e4\u0165 dn\u00ed do 30. apr\u00edla.<\/p>\n&nbsp;<br \/>\nD\u00fafame, \u017ee tento mesiac modlitieb nebude len pominute\u013en\u00e1 udalos\u0165, ale v\u00fdrazne posiln\u00ed n\u00e1\u0161 osobn\u00fd modlitebn\u00fd \u017eivot aj spolo\u010dn\u00fa modlitebn\u00fa slu\u017ebu cirkvi. Modlitba je na\u0161\u00edm najv\u00e4\u010d\u0161\u00edm dielom pred Bohom a taktie\u017e predstavuje najv\u00e4\u010d\u0161iu hrozbu pre Bo\u017eieho nepriate\u013ea. Z tohoto d\u00f4vodu sa Satan sna\u017e\u00ed oslabi\u0165 modlitebn\u00fd \u017eivot aj modlitebn\u00fa slu\u017ebu cirkvi. Apo\u0161tol Pavel, ktor\u00fd to vedel, sp\u00e1jal modlitbu s vytrvalos\u0165ou (Rim 12:12; Ef 6:18; Kol 4:2; porov. 1Tes 5:17). Nepretr\u017eitos\u0165 a vytrvalos\u0165 tv\u00e1rou v tv\u00e1r prek\u00e1\u017ekam s\u00fa z\u00e1sadn\u00e9 pre vybudovanie modlitebn\u00e9ho \u017eivota a modlitebnej slu\u017eby. Toto nie je len u\u010denie apo\u0161tola; to je aj hojne zobrazen\u00e9 v Bo\u017eom Slove.<br \/>\n&nbsp;<br \/>\nKe\u010f J\u00f3zue viedol Izraelitov do boja proti Am\u00e1lekovi, Moj\u017ei\u0161 st\u00e1l na kopci s pozdvihnutou palicou (Ex 17:9-10). Jeden\u00e1sty ver\u0161 hovor\u00ed: \u201eK\u00fdm mal Moj\u017ei\u0161 zdvihnut\u00e9 ruky, v\u00ed\u0165azil Izrael, ale ke\u010f ich spustil, v\u00ed\u0165azil Am\u00e1l\u00e9k.\u201c Moj\u017ei\u0161, ktor\u00fd na vrchole kopca dr\u017eal ruky hore, je predobrazom vyv\u00fd\u0161en\u00e9ho Krista, ktor\u00fd sa prihov\u00e1ra v nebesiach (Rim 8:34b; Heb 7:25; porov. 1Tim 2:8), a J\u00f3zue je predobrazom Krista ako vn\u00fatri preb\u00fdvaj\u00faceho Ducha, ktor\u00fd bojuje proti padl\u00e9mu telu, ktor\u00e9ho predobrazom je Am\u00e1l\u00e9k (Rim 8:9-11; Ga 5:16-17). To znamen\u00e1, \u017ee v\u00ed\u0165azstvo v duchovnom boji do zna\u010dnej miery z\u00e1vis\u00ed od Kristovho pr\u00edhovoru. Dvan\u00e1sty ver\u0161 v\u0161ak hovor\u00ed, \u017ee Moj\u017ei\u0161ove ruky ochabli a potreboval podporu. Ako ten, ktor\u00e9ho ruky ochabli, Moj\u017ei\u0161 nepredstavuje Krista, ale n\u00e1s, \u010do znamen\u00e1, \u017ee zatia\u013e \u010do sa Kristus modl\u00ed v nebesiach, mus\u00edme sa modli\u0165 aj my na zemi (1Tim 2:8). Moj\u017ei\u0161ovi priniesli kame\u0148, ktor\u00fd je predobrazom Krista ako na\u0161ej sily a vytrvalosti v modlitbe, aby sa na\u0148 posadil. Navy\u0161e boli jeho ruky podopieran\u00e9 na jednej strane \u00c1ronom, ktor\u00fd predstavuje k\u0148azstvo, a na druhej strane Ch\u00farom, ktor\u00fd predstavuje kra\u013eovanie. To znamen\u00e1, \u017ee na to, aby sme vytrvali v pr\u00edhovorn\u00fdch bojov\u00fdch modlitb\u00e1ch, mus\u00edme  by\u0165 k\u0148azi, ktor\u00ed sa modlia vo svojom duchu, v dne\u0161nej sv\u00e4tyni sv\u00e4t\u00fdch, a mus\u00edme by\u0165 celkom podriaden\u00ed P\u00e1novi pod Jeho autoritou.<br \/>\n&nbsp;<br \/>\nDaniel was a person who, knowing the promise of God regarding Israel\u2019s return from captivity (Jer. 29:10), persevered in prayer for the Lord\u2019s desire (Dan. 9:2-3). He had the habit of praying three times daily (6:10) and would not let anything frustrate his prayer, not even the threat of death (vv. 7-9). Daniel was thus a channel of prayer the Lord could use to carry out His desire. Regarding Daniel chapter 6, Brother Lee said, \u201cGod desires to carry out His economy, but man is needed to pray for His economy on earth. God carries out His economy on the earth through His faithful channels of prayer. Satan&#8217;s strategy is to frustrate the prayer which is for God&#8217;s move&#8230;There is no other way to bring God\u2019s economy into fullness and into fulfillment except by prayer\u201d (Life-study of Daniel, p. 45). Daniel\u2019s cooperation with the Lord in prayer afforded the Lord a way to take a great step in His move.<br \/>\n&nbsp;<br \/>\nP\u00e1n dnes h\u013ead\u00e1 modlitby, ktor\u00e9 maj\u00fa dispenza\u010dn\u00fa hodnotu, modlitby, ktor\u00e9 zodpovedaj\u00fa Bo\u017eiemu srdcu, modlitby za pokrok Bo\u017eieho pohybu, modlitby za pr\u00edpravu nevesty, modlitby za utv\u00e1ranie v\u00ed\u0165azov ako P\u00e1novej arm\u00e1dy, modlitby za por\u00e1\u017eku Bo\u017eieho nepriate\u013ea, modlitby, ktor\u00e9 menia obdobie. Modlitby sv\u00e4t\u00fdch a cirkvi s\u00fa v\u00fdznamn\u00fdm faktorom pri uskuto\u010d\u0148ovan\u00ed dispenza\u010dnej zmeny zo s\u00fa\u010dasn\u00e9ho obdobia do obdobia kr\u00e1\u013eovstva (Lk 18:1-8; Zj 6:9-10; 8:3-5). Na to, aby sme vytrvali v tak\u00fdchto modlitb\u00e1ch, ur\u010dite potrebujeme P\u00e1novo zmocnenie (Ef 6:10).<br \/>\n&nbsp;<br \/>\nDrah\u00ed sv\u00e4t\u00ed, P\u00e1n chce vzbudi\u0165 kr\u00e1\u013eovsk\u00e9 k\u0148azstvo, aby sa pripojilo k Nemu ako vyv\u00fd\u0161en\u00e9mu Pr\u00edhovorcovi v jeho nebeskej slu\u017ebe pr\u00edhovoru. Vzh\u013eadom k tejto v\u00edzii na v\u00e1s naliehame, aby ste do konca tohto mesiaca pokra\u010dovali v na\u0161ej s\u00fa\u010dasnej celosvetovej modlitbe do konca tohto mesiaca a vyz\u00fdvame v\u00e1s, aby ste pozvali ostatn\u00fdch, aby sa k tejto modlitbe pripojili. Ak ste tak e\u0161te neurobili, m\u00f4\u017eete nav\u0161t\u00edvi\u0165 str\u00e1nku <a href=\"https:\/\/unceasinglypray.org\/sk_sk\/sign-up\/\">unceasinglypray.org<\/a> a prihl\u00e1si\u0165 sa na ur\u010dit\u00fd \u010das a modli\u0165 sa. T\u00ed, ktor\u00ed sa zaregistruj\u00fa, dostan\u00fa navrhovan\u00e9 modlitebn\u00e9 bremeno ka\u017ed\u00fd de\u0148 prostredn\u00edctvom e-mailu. Nech P\u00e1n dosiahne to, \u010do v n\u00e1s chce, a nech na\u0161e modlitby vydl\u00e1\u017edia cestu, aby naplnil t\u00fa\u017ebu svojho srdca na tejto zemi.<br \/>\n&nbsp;<br \/>\nVa\u0161i bratia v Kristovi,<br \/>\nspolupracovn\u00edci v P\u00e1novej obnove\n<p><img alt=\"\" width=\"25650\" height=\"150\" \/><\/p>","protected":false},"excerpt":{"rendered":"<p>PERSEVERING IN PRAYER APRIL 16, 2020 Dear saints, We worship the Lord that He has stirred up so many of you to participate in the present burden for twenty-one days of prayer. Never before have so many across the entire globe joined together in one accord to pray as one man in such a sustained&hellip;<\/p>","protected":false},"author":1,"featured_media":0,"parent":0,"menu_order":0,"comment_status":"closed","ping_status":"closed","template":"","meta":{"inline_featured_image":false,"footnotes":""},"class_list":["post-778","page","type-page","status-publish","hentry"],"yoast_head":"<!-- This site is optimized with the Yoast SEO plugin v27.4 - https:\/\/yoast.com\/product\/yoast-seo-wordpress\/ -->\n<title>Letter 2 - Unceasingly Pray<\/title>\n<meta name=\"robots\" content=\"index, follow, max-snippet:-1, max-image-preview:large, max-video-preview:-1\" \/>\n<link rel=\"canonical\" href=\"https:\/\/unceasinglypray.org\/sk_sk\/letter-2\/\" \/>\n<meta property=\"og:locale\" content=\"sk_SK\" \/>\n<meta property=\"og:type\" content=\"article\" \/>\n<meta property=\"og:title\" content=\"Letter 2 - Unceasingly Pray\" \/>\n<meta property=\"og:description\" content=\"PERSEVERING IN PRAYER APRIL 16, 2020 Dear saints, We worship the Lord that He has stirred up so many of you to participate in the present burden for twenty-one days of prayer. Never before have so many across the entire globe joined together in one accord to pray as one man in such a sustained&hellip;\" \/>\n<meta property=\"og:url\" content=\"https:\/\/unceasinglypray.org\/sk_sk\/letter-2\/\" \/>\n<meta property=\"og:site_name\" content=\"Unceasingly Pray\" \/>\n<meta property=\"article:modified_time\" content=\"2020-04-29T22:46:57+00:00\" \/>\n<meta name=\"twitter:card\" content=\"summary_large_image\" \/>\n<meta name=\"twitter:label1\" content=\"Predpokladan\u00fd \u010das \u010d\u00edtania\" \/>\n\t<meta name=\"twitter:data1\" content=\"4 min\u00faty\" \/>\n<script type=\"application\/ld+json\" class=\"yoast-schema-graph\">{\"@context\":\"https:\\\/\\\/schema.org\",\"@graph\":[{\"@type\":\"WebPage\",\"@id\":\"https:\\\/\\\/unceasinglypray.org\\\/sk_sk\\\/letter-2\\\/\",\"url\":\"https:\\\/\\\/unceasinglypray.org\\\/sk_sk\\\/letter-2\\\/\",\"name\":\"Letter 2 - Unceasingly Pray\",\"isPartOf\":{\"@id\":\"https:\\\/\\\/unceasinglypray.org\\\/ar\\\/#website\"},\"datePublished\":\"2020-04-29T19:42:00+00:00\",\"dateModified\":\"2020-04-29T22:46:57+00:00\",\"breadcrumb\":{\"@id\":\"https:\\\/\\\/unceasinglypray.org\\\/sk_sk\\\/letter-2\\\/#breadcrumb\"},\"inLanguage\":\"sk-SK\",\"potentialAction\":[{\"@type\":\"ReadAction\",\"target\":[\"https:\\\/\\\/unceasinglypray.org\\\/sk_sk\\\/letter-2\\\/\"]}]},{\"@type\":\"BreadcrumbList\",\"@id\":\"https:\\\/\\\/unceasinglypray.org\\\/sk_sk\\\/letter-2\\\/#breadcrumb\",\"itemListElement\":[{\"@type\":\"ListItem\",\"position\":1,\"name\":\"Home\",\"item\":\"https:\\\/\\\/unceasinglypray.org\\\/pt\\\/\"},{\"@type\":\"ListItem\",\"position\":2,\"name\":\"Letter 2\"}]},{\"@type\":\"WebSite\",\"@id\":\"https:\\\/\\\/unceasinglypray.org\\\/ar\\\/#website\",\"url\":\"https:\\\/\\\/unceasinglypray.org\\\/ar\\\/\",\"name\":\"Unceasingly Pray\",\"description\":\"\",\"potentialAction\":[{\"@type\":\"SearchAction\",\"target\":{\"@type\":\"EntryPoint\",\"urlTemplate\":\"https:\\\/\\\/unceasinglypray.org\\\/ar\\\/?s={search_term_string}\"},\"query-input\":{\"@type\":\"PropertyValueSpecification\",\"valueRequired\":true,\"valueName\":\"search_term_string\"}}],\"inLanguage\":\"sk-SK\"}]}<\/script>\n<!-- \/ Yoast SEO plugin. -->","yoast_head_json":{"title":"Letter 2 - Unceasingly Pray","robots":{"index":"index","follow":"follow","max-snippet":"max-snippet:-1","max-image-preview":"max-image-preview:large","max-video-preview":"max-video-preview:-1"},"canonical":"https:\/\/unceasinglypray.org\/sk_sk\/letter-2\/","og_locale":"sk_SK","og_type":"article","og_title":"Letter 2 - Unceasingly Pray","og_description":"PERSEVERING IN PRAYER APRIL 16, 2020 Dear saints, We worship the Lord that He has stirred up so many of you to participate in the present burden for twenty-one days of prayer. Never before have so many across the entire globe joined together in one accord to pray as one man in such a sustained&hellip;","og_url":"https:\/\/unceasinglypray.org\/sk_sk\/letter-2\/","og_site_name":"Unceasingly Pray","article_modified_time":"2020-04-29T22:46:57+00:00","twitter_card":"summary_large_image","twitter_misc":{"Predpokladan\u00fd \u010das \u010d\u00edtania":"4 min\u00faty"},"schema":{"@context":"https:\/\/schema.org","@graph":[{"@type":"WebPage","@id":"https:\/\/unceasinglypray.org\/sk_sk\/letter-2\/","url":"https:\/\/unceasinglypray.org\/sk_sk\/letter-2\/","name":"Letter 2 - Unceasingly Pray","isPartOf":{"@id":"https:\/\/unceasinglypray.org\/ar\/#website"},"datePublished":"2020-04-29T19:42:00+00:00","dateModified":"2020-04-29T22:46:57+00:00","breadcrumb":{"@id":"https:\/\/unceasinglypray.org\/sk_sk\/letter-2\/#breadcrumb"},"inLanguage":"sk-SK","potentialAction":[{"@type":"ReadAction","target":["https:\/\/unceasinglypray.org\/sk_sk\/letter-2\/"]}]},{"@type":"BreadcrumbList","@id":"https:\/\/unceasinglypray.org\/sk_sk\/letter-2\/#breadcrumb","itemListElement":[{"@type":"ListItem","position":1,"name":"Home","item":"https:\/\/unceasinglypray.org\/pt\/"},{"@type":"ListItem","position":2,"name":"Letter 2"}]},{"@type":"WebSite","@id":"https:\/\/unceasinglypray.org\/ar\/#website","url":"https:\/\/unceasinglypray.org\/ar\/","name":"Unceasingly Pray","description":"","potentialAction":[{"@type":"SearchAction","target":{"@type":"EntryPoint","urlTemplate":"https:\/\/unceasinglypray.org\/ar\/?s={search_term_string}"},"query-input":{"@type":"PropertyValueSpecification","valueRequired":true,"valueName":"search_term_string"}}],"inLanguage":"sk-SK"}]}},"_links":{"self":[{"href":"https:\/\/unceasinglypray.org\/sk_sk\/wp-json\/wp\/v2\/pages\/778","targetHints":{"allow":["GET"]}}],"collection":[{"href":"https:\/\/unceasinglypray.org\/sk_sk\/wp-json\/wp\/v2\/pages"}],"about":[{"href":"https:\/\/unceasinglypray.org\/sk_sk\/wp-json\/wp\/v2\/types\/page"}],"author":[{"embeddable":true,"href":"https:\/\/unceasinglypray.org\/sk_sk\/wp-json\/wp\/v2\/users\/1"}],"replies":[{"embeddable":true,"href":"https:\/\/unceasinglypray.org\/sk_sk\/wp-json\/wp\/v2\/comments?post=778"}],"version-history":[{"count":0,"href":"https:\/\/unceasinglypray.org\/sk_sk\/wp-json\/wp\/v2\/pages\/778\/revisions"}],"wp:attachment":[{"href":"https:\/\/unceasinglypray.org\/sk_sk\/wp-json\/wp\/v2\/media?parent=778"}],"curies":[{"name":"wp","href":"https:\/\/api.w.org\/{rel}","templated":true}]}}