{"id":775,"date":"2020-04-29T19:38:04","date_gmt":"2020-04-29T19:38:04","guid":{"rendered":"https:\/\/unceasinglypray.org\/?page_id=775"},"modified":"2020-04-29T22:49:35","modified_gmt":"2020-04-29T22:49:35","slug":"letter-1","status":"publish","type":"page","link":"https:\/\/unceasinglypray.org\/sk_sk\/letter-1\/","title":{"rendered":"Letter 1"},"content":{"rendered":"<h2>\n\t\tPOZVANIE K CELOSVETOV\u00ddM MODLITB\u00c1M\n\t<\/h2>\n\t<p>30. MARCA 2020<\/p>\n\t<p><img \/><\/p>\n<p><em>Na tvojich m\u00faroch, Jeruzalem, som vymenoval str\u00e1\u017ecov; cel\u00fd de\u0148 a cel\u00fa noc nikdy nesm\u00fa ml\u010da\u0165. Vy, ktor\u00ed pripom\u00ednate Hospodina, nebu\u010fte nem\u00ed; Ani Jemu nedajte pokoja, k\u00fdm neupevn\u00ed Jeruzalem a nesprav\u00ed ho chv\u00e1lou na zemi.\u00a0<\/em><em>and until He makes Jerusalem a praise in the earth.\u00a0<\/em><em>-Izai\u00e1\u0161 62: 6-7<\/em><\/p>\n&nbsp;<br \/>\nCirkev Bo\u017eia m\u00e1 strategick\u00e9 dvojit\u00e9 poverenie \u2013 modli\u0165 sa k Bohu a k\u00e1za\u0165 evanjelium Je\u017ei\u0161a Krista \u013eu\u010fom. \u010casto sa zameriavame na dielo, ktor\u00e9 rob\u00edme pre P\u00e1na pri dosahovan\u00ed \u013eud\u00ed, av\u0161ak modlitebn\u00e1 slu\u017eba cirkvi je v skuto\u010dnosti e\u0161te d\u00f4le\u017eitej\u0161ia. S\u00fa\u010dasn\u00e1 situ\u00e1cia vo svete je v\u00fdzvou pre v\u0161etk\u00fdch sv\u00e4t\u00fdch v P\u00e1novej obnove, aby povstali a naplnili zanedban\u00fa funkciu cirkvi: spolupracova\u0165 s Bohom v modlitbe za rozmach Jeho z\u00e1ujmov na zemi. Preto \u017eiadame sv\u00e4t\u00fdch v cirkv\u00e1ch po celom svete, aby sa od 1. do 21. apr\u00edla 2020 ka\u017ed\u00fd de\u0148 prihl\u00e1sili na modlitbu osamote alebo so spolo\u010dn\u00edkmi. Predlo\u017e\u00edme aj nieko\u013eko n\u00e1vrhov t\u00fdkaj\u00facich sa toho, za \u010do sa m\u00e1me modli\u0165, ale najsk\u00f4r sa venujme tomu, ak\u00e9 je z\u00e1kladn\u00e9 pochopenie modlitby, ktor\u00fa P\u00e1n potrebuje.<br \/>\n&nbsp;<br \/>\nToo often we think of prayer as something we do only when we are aware of a particular spiritual or practical need or when we want to accomplish something for the Lord in a way of service, whether personally, with others, or as the church. Prayer for these things is legitimate and even necessary, but the highest and deepest prayers in the New Testament are, first and foremost, for God&#8217;s work in the saints and for His move on the earth (Phil. 1:9-11; Eph. 1:15-23; 3:14-21; Acts 4:24-31; Eph. 6:18-20; Col. 4:2-4). Intercessory prayer is a matter of co-laboring with Christ in His heavenly ministry. Such prayer is the pinnacle of the church\u2019s service to Christ. He as the heavenly Intercessor needs His people on the earth to echo His desire. Matthew 18:18 says, \u201cTruly I say to you, Whatever you bind on the earth shall have been bound in heaven, and whatever you loose on the earth shall have been loosed in heaven.\u201d Brother Watchman Nee helped us see from this verse that God in the heavens is waiting for the church to execute His will on the earth through prayer. Something may have been bound or loosed in the heavens, but it is only through the church&#8217;s prayer that it can be bound or loosed on the earth.<br \/>\n&nbsp;<br \/>\nThe book of Revelation shows us God&#8217;s divine administration in His consummating of this age. In this book we do not see the churches carrying out so many activities. Rather, we see prayer in relation to God&#8217;s governmental move. The saints&#8217; prayers are present in the scene in heaven at Christ&#8217;s ascension and the opening of the scroll of God&#8217;s economy (Rev. 5:8). God responds to the cry of the martyred saints (6:9-10) with the opening of the sixth seal, which marks the beginning of the great tribulation (vv. 12-17). After Christ as \u201canother Angel\u201d offers the saints&#8217; prayers with Himself as the incense before the throne, fire is cast to the earth followed by supernatural calamities, marking the beginning of God&#8217;s judgment of the earth and its inhabitants (8:3-5). In each case the prayers mentioned have dispensational significance and enable God to carry out His administration.<br \/>\n&nbsp;<br \/>\nP\u00e1n t\u00fa\u017ei ukon\u010di\u0165 toto obdobie a ustanovi\u0165 Svoje kr\u00e1\u013eovstvo na zemi (Zj 11:15; 12:10). \u010cak\u00e1, k\u00fdm bude pripraven\u00fd primeran\u00fd po\u010det veriacich ako Jeho nevesta a Jeho arm\u00e1da (Zj 19:7, 14). Teraz, viac ako kedyko\u013evek predt\u00fdm, by sme mali prosi\u0165 Otca pod\u013ea Mat\u00fa\u0161a 6:9-10, aby Jeho meno bolo posv\u00e4ten\u00e9, pri\u0161lo Jeho kr\u00e1\u013eovstvo a aby Jeho v\u00f4\u013ea bola vykonan\u00e1 na zemi. Na jednej strane p\u00f4sob\u00ed pand\u00e9mia, ktor\u00e1 v s\u00fa\u010dasnosti p\u00e1cha skazu na celom svete a je varovan\u00edm od P\u00e1na pre v\u0161etky n\u00e1rody. Na druhej strane pozorujeme v\u00fdzvu od P\u00e1na k Svojmu \u013eudu, aby vykon\u00e1val svoje poverenie a bol jedno s vyv\u00fd\u0161en\u00fdm Kristom pri kadidlovom olt\u00e1ri a s\u00fahlasil s Jeho pr\u00edhovorom.<br \/>\n&nbsp;<br \/>\nThe Bible shows us that the created race of Adam, the called race of Abraham, and the church as a whole all failed God in cooperating with Him to accomplish His purpose. For this reason, in Revelation 2 and 3 the Lord called for overcomers. We must realize that God&#8217;s move depends upon overcomers, and a key characteristic of overcomers is their prayer. The martyred saints crying out beneath the altar in Revelation 6 become the overcoming man-child in chapter 12, and when the man-child is caught up to heaven, Satan is cast down (12:5, 9). One aspect of the Lord&#8217;s recovery today is to produce overcomers who will fully cooperate with the Lord so that His purpose can be fulfilled and He can return. We must be those overcomers who are praying at the incense altar in the house of God to correspond with Christ, our heavenly High Priest, and to cooperate with God by praying on the earth what is out from His throne.<br \/>\n&nbsp;<br \/>\nThe saints in the churches in the Lord&#8217;s recovery should all aspire to be overcomers. However, we must realize that such spiritual warriors are not produced overnight. We need to build up our praying and fighting capacity. We believe that the unprecedented restriction many of us find ourselves under is sovereign of the Lord to grant us the opportunity to recover and uplift both our personal and corporate prayer life. If you read the New Testament carefully, you will realize that the apostle Paul&#8217;s ability to minister from prison was quite limited, but he prayed much. Similarly, Brother Nee carried out his public ministry for thirty years, but while he was in prison during the last twenty years of his life, he could minister only in a limited way to those around him. Yet during that time of confinement, he was able to join with the interceding Christ in a hidden ministry of prayer.<br \/>\n&nbsp;<br \/>\nWe are accustomed to viewing all the provisions of God, the bountiful supply of the Spirit, and the riches that we have received from this ministry as the spiritual supply for our growth in life for the building up of the church. This is not wrong, but we should realize that all these things are also to strengthen us to carry out the church&#8217;s paramount ministry of prayer. We need to read the Bible, know the anointing, and be nourished by the ministry of the age so that we can know how to pray according to God&#8217;s will and not our own. We all want to have the Lord&#8217;s presence, but we should realize that the Lord&#8217;s promise to be with us when we gather together in His name is in the context of two or three offering binding and loosing prayer in harmony with one another and with God\u2019s will (Matt. 18:18-20).<br \/>\n&nbsp;<br \/>\nNapokon, ke\u010f sa prip\u00e1jame k P\u00e1novej modlitbe, mus\u00edme pam\u00e4ta\u0165 na \u0160alam\u00fanovu modlitbu v Prvej knihe kr\u00e1\u013eov 8:48, v ktorej hovoril o Bo\u017eom \u013eude, modliaci sa k Bohu, k sv\u00e4tej zemi, \u010do zobrazuje Krista ako Bohom dan\u00fd podiel pre Svoj \u013eud. Smerom k sv\u00e4t\u00e9mu mestu zobrazuje Bo\u017eie kr\u00e1\u013eovstvo v Kristovi a smerom k sv\u00e4t\u00e9mu chr\u00e1mu znamen\u00e1 Bo\u017e\u00ed dom, cirkev na zemi. Nazna\u010duje to, \u017ee Boh bude na\u010d\u00fava\u0165 na\u0161ej modlitbe, ke\u010f bude na\u0161a modlitba k Bohu smerova\u0165 ku Kristovi, Bo\u017eiemu kr\u00e1\u013eovstvu a Bo\u017eiemu domu ako cie\u013e Bo\u017eej ve\u010dnej ekon\u00f3mie. To znamen\u00e1, \u017ee bez oh\u013eadu na to, za koho sa modl\u00edme, na\u0161e modlitby by mali by\u0165 zameran\u00e9 na z\u00e1ujmy Boha na zemi, teda na Krista a cirkev, kv\u00f4li uskuto\u010dneniu Jeho ekon\u00f3mie.<br \/>\n&nbsp;<br \/>\nBratia a sestry, mus\u00edme napredova\u0165. \u00damyselne by sme mali po\u010das t\u00fdchto dn\u00ed budova\u0165 t\u00fato slu\u017ebu modlitby, a to osobne aj medzi sebou. V\u0161etky na\u0161e nedostatky, \u010di u\u017e individu\u00e1lne alebo spolo\u010dn\u00e9, sledujeme sp\u00e4tne z nedostato\u010dnej modlitby. Mo\u017eno sa teraz nedok\u00e1\u017eeme modli\u0165 tak silne alebo ve\u013emi dlho, ale obmedzenia, ktor\u00fdm \u010del\u00edme, n\u00e1m umo\u017e\u0148uj\u00fa sp\u00f4sob vybudova\u0165 si na\u0161u modlitebn\u00fa kapacitu, pokia\u013e sa preto rozhodneme vytrvalo robi\u0165. Okrem toho, hoci m\u00f4\u017eeme by\u0165 fyzicky izolovan\u00ed, P\u00e1n n\u00e1m umo\u017enil modern\u00fdmi technol\u00f3giami, aby sme sa spolu st\u00e1le modlili. Aby sme vyu\u017eili t\u00fato pr\u00edle\u017eitos\u0165, mus\u00edme si pravidelne vyhradi\u0165 \u010das a precvi\u010dova\u0165 sa v modlen\u00ed.<br \/>\n&nbsp;<br \/>\nThe saints in the churches in the Lord&#8217;s recovery have never been so ready to enter into such prayer. Today, more than ever, there is a strong one accord and rich blending among the co-workers and the churches on the earth. We can truly pray as one Body, even as one new man, joined to Christ, our ascended Head. Together let us put on the whole armor of God to stand against the rulers and authorities of darkness and the spiritual forces of evil in the heavenlies. Let us continue steadfastly to pray at every time and in every place for God\u2019s will to be done on the earth.<br \/>\n&nbsp;<br \/>\nPreto, aby sme splnili potrebu v tomto kritickom okamihu, vyz\u00fdvame v\u0161etk\u00fdch sv\u00e4t\u00fdch zo v\u0161etk\u00fdch kontinentov, n\u00e1rodov a lokal\u00edt v P\u00e1novej obnove, aby sa bdelo a naliehavo z\u00fa\u010dast\u0148ovali tejto modlitbovej slu\u017eby. Konkr\u00e9tne d\u00fafame, \u017ee mnoh\u00ed sa z\u00fa\u010dastnia na tejto celosvetovej dvadsa\u0165\u0161tyrihodinovej modlitbe, ako ustanoven\u00ed str\u00e1\u017ecovia na m\u00faroch Jeruzalema (Izai\u00e1\u0161 62:6) po\u010das t\u00fdchto 21 dn\u00ed, a\u017e k\u00fdm P\u00e1n nez\u00edska chv\u00e1lu po celej zemi!<br \/>\n&nbsp;<br \/>\n<em>\u201eA vyst\u00fapil dym kad\u00edv s modlitbami sv\u00e4t\u00fdch z ruky anjela pred Bohom. A potom vzal anjel kadidlo a naplnil ho oh\u0148om s olt\u00e1ra a hodil na zem, a povstali hlasy, a bur\u00e1cali hromy, a bl\u00fdskali sa blesky, a bolo zemetrasenie.\u201c - Zj 8:4-5 (RHP)<\/em>\n<p><img alt=\"\" width=\"25650\" height=\"150\" \/><\/p>","protected":false},"excerpt":{"rendered":"<p>A CALL FOR GLOBAL PRAYER MARCH 30, 2020 Upon your walls, O Jerusalem, I have appointed watchmen; all day and all night they will never keep silent. You who remind Jehovah, do not be dumb; and do not give Him quiet until He establishes\u00a0and until He makes Jerusalem a praise in the earth.\u00a0\u2014Isaiah 62:6-7 &nbsp;&hellip;<\/p>","protected":false},"author":1,"featured_media":0,"parent":0,"menu_order":0,"comment_status":"closed","ping_status":"closed","template":"","meta":{"inline_featured_image":false,"footnotes":""},"class_list":["post-775","page","type-page","status-publish","hentry"],"yoast_head":"<!-- This site is optimized with the Yoast SEO plugin v27.4 - https:\/\/yoast.com\/product\/yoast-seo-wordpress\/ -->\n<title>Letter 1 - Unceasingly Pray<\/title>\n<meta name=\"robots\" content=\"index, follow, max-snippet:-1, max-image-preview:large, max-video-preview:-1\" \/>\n<link rel=\"canonical\" href=\"https:\/\/unceasinglypray.org\/sk_sk\/letter-1\/\" \/>\n<meta property=\"og:locale\" content=\"sk_SK\" \/>\n<meta property=\"og:type\" content=\"article\" \/>\n<meta property=\"og:title\" content=\"Letter 1 - Unceasingly Pray\" \/>\n<meta property=\"og:description\" content=\"A CALL FOR GLOBAL PRAYER MARCH 30, 2020 Upon your walls, O Jerusalem, I have appointed watchmen; all day and all night they will never keep silent. You who remind Jehovah, do not be dumb; and do not give Him quiet until He establishes\u00a0and until He makes Jerusalem a praise in the earth.\u00a0\u2014Isaiah 62:6-7 &nbsp;&hellip;\" \/>\n<meta property=\"og:url\" content=\"https:\/\/unceasinglypray.org\/sk_sk\/letter-1\/\" \/>\n<meta property=\"og:site_name\" content=\"Unceasingly Pray\" \/>\n<meta property=\"article:modified_time\" content=\"2020-04-29T22:49:35+00:00\" \/>\n<meta name=\"twitter:card\" content=\"summary_large_image\" \/>\n<meta name=\"twitter:label1\" content=\"Predpokladan\u00fd \u010das \u010d\u00edtania\" \/>\n\t<meta name=\"twitter:data1\" content=\"8 min\u00fat\" \/>\n<script type=\"application\/ld+json\" class=\"yoast-schema-graph\">{\"@context\":\"https:\\\/\\\/schema.org\",\"@graph\":[{\"@type\":\"WebPage\",\"@id\":\"https:\\\/\\\/unceasinglypray.org\\\/ro\\\/letter-1\\\/\",\"url\":\"https:\\\/\\\/unceasinglypray.org\\\/ro\\\/letter-1\\\/\",\"name\":\"Letter 1 - Unceasingly Pray\",\"isPartOf\":{\"@id\":\"https:\\\/\\\/unceasinglypray.org\\\/ar\\\/#website\"},\"datePublished\":\"2020-04-29T19:38:04+00:00\",\"dateModified\":\"2020-04-29T22:49:35+00:00\",\"breadcrumb\":{\"@id\":\"https:\\\/\\\/unceasinglypray.org\\\/ro\\\/letter-1\\\/#breadcrumb\"},\"inLanguage\":\"sk-SK\",\"potentialAction\":[{\"@type\":\"ReadAction\",\"target\":[\"https:\\\/\\\/unceasinglypray.org\\\/ro\\\/letter-1\\\/\"]}]},{\"@type\":\"BreadcrumbList\",\"@id\":\"https:\\\/\\\/unceasinglypray.org\\\/ro\\\/letter-1\\\/#breadcrumb\",\"itemListElement\":[{\"@type\":\"ListItem\",\"position\":1,\"name\":\"Home\",\"item\":\"https:\\\/\\\/unceasinglypray.org\\\/pt\\\/\"},{\"@type\":\"ListItem\",\"position\":2,\"name\":\"Letter 1\"}]},{\"@type\":\"WebSite\",\"@id\":\"https:\\\/\\\/unceasinglypray.org\\\/ar\\\/#website\",\"url\":\"https:\\\/\\\/unceasinglypray.org\\\/ar\\\/\",\"name\":\"Unceasingly Pray\",\"description\":\"\",\"potentialAction\":[{\"@type\":\"SearchAction\",\"target\":{\"@type\":\"EntryPoint\",\"urlTemplate\":\"https:\\\/\\\/unceasinglypray.org\\\/ar\\\/?s={search_term_string}\"},\"query-input\":{\"@type\":\"PropertyValueSpecification\",\"valueRequired\":true,\"valueName\":\"search_term_string\"}}],\"inLanguage\":\"sk-SK\"}]}<\/script>\n<!-- \/ Yoast SEO plugin. -->","yoast_head_json":{"title":"Letter 1 - Unceasingly Pray","robots":{"index":"index","follow":"follow","max-snippet":"max-snippet:-1","max-image-preview":"max-image-preview:large","max-video-preview":"max-video-preview:-1"},"canonical":"https:\/\/unceasinglypray.org\/sk_sk\/letter-1\/","og_locale":"sk_SK","og_type":"article","og_title":"Letter 1 - Unceasingly Pray","og_description":"A CALL FOR GLOBAL PRAYER MARCH 30, 2020 Upon your walls, O Jerusalem, I have appointed watchmen; all day and all night they will never keep silent. You who remind Jehovah, do not be dumb; and do not give Him quiet until He establishes\u00a0and until He makes Jerusalem a praise in the earth.\u00a0\u2014Isaiah 62:6-7 &nbsp;&hellip;","og_url":"https:\/\/unceasinglypray.org\/sk_sk\/letter-1\/","og_site_name":"Unceasingly Pray","article_modified_time":"2020-04-29T22:49:35+00:00","twitter_card":"summary_large_image","twitter_misc":{"Predpokladan\u00fd \u010das \u010d\u00edtania":"8 min\u00fat"},"schema":{"@context":"https:\/\/schema.org","@graph":[{"@type":"WebPage","@id":"https:\/\/unceasinglypray.org\/ro\/letter-1\/","url":"https:\/\/unceasinglypray.org\/ro\/letter-1\/","name":"Letter 1 - Unceasingly Pray","isPartOf":{"@id":"https:\/\/unceasinglypray.org\/ar\/#website"},"datePublished":"2020-04-29T19:38:04+00:00","dateModified":"2020-04-29T22:49:35+00:00","breadcrumb":{"@id":"https:\/\/unceasinglypray.org\/ro\/letter-1\/#breadcrumb"},"inLanguage":"sk-SK","potentialAction":[{"@type":"ReadAction","target":["https:\/\/unceasinglypray.org\/ro\/letter-1\/"]}]},{"@type":"BreadcrumbList","@id":"https:\/\/unceasinglypray.org\/ro\/letter-1\/#breadcrumb","itemListElement":[{"@type":"ListItem","position":1,"name":"Home","item":"https:\/\/unceasinglypray.org\/pt\/"},{"@type":"ListItem","position":2,"name":"Letter 1"}]},{"@type":"WebSite","@id":"https:\/\/unceasinglypray.org\/ar\/#website","url":"https:\/\/unceasinglypray.org\/ar\/","name":"Unceasingly Pray","description":"","potentialAction":[{"@type":"SearchAction","target":{"@type":"EntryPoint","urlTemplate":"https:\/\/unceasinglypray.org\/ar\/?s={search_term_string}"},"query-input":{"@type":"PropertyValueSpecification","valueRequired":true,"valueName":"search_term_string"}}],"inLanguage":"sk-SK"}]}},"_links":{"self":[{"href":"https:\/\/unceasinglypray.org\/sk_sk\/wp-json\/wp\/v2\/pages\/775","targetHints":{"allow":["GET"]}}],"collection":[{"href":"https:\/\/unceasinglypray.org\/sk_sk\/wp-json\/wp\/v2\/pages"}],"about":[{"href":"https:\/\/unceasinglypray.org\/sk_sk\/wp-json\/wp\/v2\/types\/page"}],"author":[{"embeddable":true,"href":"https:\/\/unceasinglypray.org\/sk_sk\/wp-json\/wp\/v2\/users\/1"}],"replies":[{"embeddable":true,"href":"https:\/\/unceasinglypray.org\/sk_sk\/wp-json\/wp\/v2\/comments?post=775"}],"version-history":[{"count":0,"href":"https:\/\/unceasinglypray.org\/sk_sk\/wp-json\/wp\/v2\/pages\/775\/revisions"}],"wp:attachment":[{"href":"https:\/\/unceasinglypray.org\/sk_sk\/wp-json\/wp\/v2\/media?parent=775"}],"curies":[{"name":"wp","href":"https:\/\/api.w.org\/{rel}","templated":true}]}}