{"id":754,"date":"2020-04-21T17:34:07","date_gmt":"2020-04-21T17:34:07","guid":{"rendered":"https:\/\/unceasinglypray.org\/?page_id=754"},"modified":"2020-06-11T15:12:41","modified_gmt":"2020-06-11T15:12:41","slug":"day-28","status":"publish","type":"page","link":"https:\/\/unceasinglypray.org\/sk_sk\/day-28\/","title":{"rendered":"Day 28"},"content":{"rendered":"<p><a href=\"https:\/\/unceasinglypray.org\/sk_sk\/day-28\/\">DAY 28: PRAYER FOR THE PREPARATION OF THE BRIDE<\/a><\/p>\n\t<p>Mt 24:40-47; Zj 21:2; 19:7-9<\/p>\n\t<p>Aby sv\u00e4t\u00ed boli bdel\u00ed a rozumn\u00ed a zak\u00fa\u0161ali v\u0161etko, \u010do je potrebn\u00e9, aby boli \"pripraven\u00ed ako nevesta ozdoben\u00e1 pre svojho \u017een\u00edcha\" a aby boli \"povolan\u00ed na Bar\u00e1nkovu svadobn\u00fa hostinu\" (Mt 24:40-47; Zj 21:2; 19:7-9).<\/p>\n\t<p><strong>Mt 24:40-42<\/strong>\u2014Vtedy dvaja bud\u00fa na poli, jeden bude vzat\u00fd, druh\u00fd ostane; dve bud\u00fa mlie\u0165 na mlyne, jedna bude vzat\u00e1, druh\u00e1 ostane. Preto bdejte, lebo neviete, v ktor\u00fd de\u0148 pr\u00edde v\u00e1\u0161 P\u00e1n.<\/p>\n<p><strong>Mt 24:45-47<\/strong>\u2014Kto je teda vern\u00fdm a rozumn\u00fdm sluhom, ktor\u00e9ho p\u00e1n ustanovil nad svojou \u010de\u013ea\u010fou, aby jej na\u010das d\u00e1val pokrm? Blahoslaven\u00fd sluha, ktor\u00e9ho p\u00e1n pri svojom pr\u00edchode n\u00e1jde tak robi\u0165! Veru v\u00e1m hovor\u00edm, \u017ee ho ustanov\u00ed nad cel\u00fdm svoj\u00edm majetkom.<\/p>\n<p><strong>Zj 21:2<\/strong>\u2014A videl som sv\u00e4t\u00e9 mesto, nov\u00fd Jeruzalem, zostupova\u0165 z neba od Boha, pripraven\u00fd ako nevestu vyzdoben\u00fa svojmu \u017een\u00edchovi.<\/p>\n<p><strong>Zj 19:7, 9<\/strong>\u2014Let us rejoice and exult, and let us give the glory to Him, for the marriage of the Lamb has come, and His wife has made herself ready&#8230;And he said to me, Write, Blessed are they who are called to the marriage dinner of the Lamb.<\/p>\n\t\t<h3><\/h3>\n\t\t<p>Vytrvajte v modlitbe.<\/p>\n\t\t\t<a href=\"https:\/\/unceasinglypray.org\/sk_sk\/sign-up\/\" target=\"_self\" role=\"button\" rel=\"noopener noreferrer\">\n\t\t\t\t\t\t\tVYBERTE SI \u010cAS\n\t\t\t\t\t<\/a>","protected":false},"excerpt":{"rendered":"<p>DAY 28: PRAYER FOR THE PREPARATION OF THE BRIDE Matt. 24:40-47; Rev. 21:2; 19:7-9 Pray for the saints to be watchful and prudent and to experience all that is needed to be \u201cprepared as a bride adorned for her husband\u201d and to be \u201ccalled to the marriage dinner of the Lamb\u201d (Matt. 24:40-47; Rev. 21:2;&hellip;<\/p>","protected":false},"author":2,"featured_media":0,"parent":0,"menu_order":0,"comment_status":"closed","ping_status":"closed","template":"","meta":{"inline_featured_image":false,"footnotes":""},"class_list":["post-754","page","type-page","status-publish","hentry"],"yoast_head":"<!-- This site is optimized with the Yoast SEO plugin v27.4 - https:\/\/yoast.com\/product\/yoast-seo-wordpress\/ -->\n<title>Day 28 - Unceasingly Pray<\/title>\n<meta name=\"robots\" content=\"index, follow, max-snippet:-1, max-image-preview:large, max-video-preview:-1\" \/>\n<link rel=\"canonical\" href=\"https:\/\/unceasinglypray.org\/sk_sk\/day-28\/\" \/>\n<meta property=\"og:locale\" content=\"sk_SK\" \/>\n<meta property=\"og:type\" content=\"article\" \/>\n<meta property=\"og:title\" content=\"Day 28 - Unceasingly Pray\" \/>\n<meta property=\"og:description\" content=\"DAY 28: PRAYER FOR THE PREPARATION OF THE BRIDE Matt. 24:40-47; Rev. 21:2; 19:7-9 Pray for the saints to be watchful and prudent and to experience all that is needed to be \u201cprepared as a bride adorned for her husband\u201d and to be \u201ccalled to the marriage dinner of the Lamb\u201d (Matt. 24:40-47; Rev. 21:2;&hellip;\" \/>\n<meta property=\"og:url\" content=\"https:\/\/unceasinglypray.org\/sk_sk\/day-28\/\" \/>\n<meta property=\"og:site_name\" content=\"Unceasingly Pray\" \/>\n<meta property=\"article:modified_time\" content=\"2020-06-11T15:12:41+00:00\" \/>\n<meta name=\"twitter:card\" content=\"summary_large_image\" \/>\n<meta name=\"twitter:label1\" content=\"Predpokladan\u00fd \u010das \u010d\u00edtania\" \/>\n\t<meta name=\"twitter:data1\" content=\"1 min\u00fata\" \/>\n<script type=\"application\/ld+json\" class=\"yoast-schema-graph\">{\"@context\":\"https:\\\/\\\/schema.org\",\"@graph\":[{\"@type\":\"WebPage\",\"@id\":\"https:\\\/\\\/unceasinglypray.org\\\/ru\\\/day-28\\\/\",\"url\":\"https:\\\/\\\/unceasinglypray.org\\\/ru\\\/day-28\\\/\",\"name\":\"Day 28 - Unceasingly Pray\",\"isPartOf\":{\"@id\":\"https:\\\/\\\/unceasinglypray.org\\\/ar\\\/#website\"},\"datePublished\":\"2020-04-21T17:34:07+00:00\",\"dateModified\":\"2020-06-11T15:12:41+00:00\",\"breadcrumb\":{\"@id\":\"https:\\\/\\\/unceasinglypray.org\\\/ru\\\/day-28\\\/#breadcrumb\"},\"inLanguage\":\"sk-SK\",\"potentialAction\":[{\"@type\":\"ReadAction\",\"target\":[\"https:\\\/\\\/unceasinglypray.org\\\/ru\\\/day-28\\\/\"]}]},{\"@type\":\"BreadcrumbList\",\"@id\":\"https:\\\/\\\/unceasinglypray.org\\\/ru\\\/day-28\\\/#breadcrumb\",\"itemListElement\":[{\"@type\":\"ListItem\",\"position\":1,\"name\":\"Home\",\"item\":\"https:\\\/\\\/unceasinglypray.org\\\/pt\\\/\"},{\"@type\":\"ListItem\",\"position\":2,\"name\":\"Day 28\"}]},{\"@type\":\"WebSite\",\"@id\":\"https:\\\/\\\/unceasinglypray.org\\\/ar\\\/#website\",\"url\":\"https:\\\/\\\/unceasinglypray.org\\\/ar\\\/\",\"name\":\"Unceasingly Pray\",\"description\":\"\",\"potentialAction\":[{\"@type\":\"SearchAction\",\"target\":{\"@type\":\"EntryPoint\",\"urlTemplate\":\"https:\\\/\\\/unceasinglypray.org\\\/ar\\\/?s={search_term_string}\"},\"query-input\":{\"@type\":\"PropertyValueSpecification\",\"valueRequired\":true,\"valueName\":\"search_term_string\"}}],\"inLanguage\":\"sk-SK\"}]}<\/script>\n<!-- \/ Yoast SEO plugin. -->","yoast_head_json":{"title":"Day 28 - Unceasingly Pray","robots":{"index":"index","follow":"follow","max-snippet":"max-snippet:-1","max-image-preview":"max-image-preview:large","max-video-preview":"max-video-preview:-1"},"canonical":"https:\/\/unceasinglypray.org\/sk_sk\/day-28\/","og_locale":"sk_SK","og_type":"article","og_title":"Day 28 - Unceasingly Pray","og_description":"DAY 28: PRAYER FOR THE PREPARATION OF THE BRIDE Matt. 24:40-47; Rev. 21:2; 19:7-9 Pray for the saints to be watchful and prudent and to experience all that is needed to be \u201cprepared as a bride adorned for her husband\u201d and to be \u201ccalled to the marriage dinner of the Lamb\u201d (Matt. 24:40-47; Rev. 21:2;&hellip;","og_url":"https:\/\/unceasinglypray.org\/sk_sk\/day-28\/","og_site_name":"Unceasingly Pray","article_modified_time":"2020-06-11T15:12:41+00:00","twitter_card":"summary_large_image","twitter_misc":{"Predpokladan\u00fd \u010das \u010d\u00edtania":"1 min\u00fata"},"schema":{"@context":"https:\/\/schema.org","@graph":[{"@type":"WebPage","@id":"https:\/\/unceasinglypray.org\/ru\/day-28\/","url":"https:\/\/unceasinglypray.org\/ru\/day-28\/","name":"Day 28 - Unceasingly Pray","isPartOf":{"@id":"https:\/\/unceasinglypray.org\/ar\/#website"},"datePublished":"2020-04-21T17:34:07+00:00","dateModified":"2020-06-11T15:12:41+00:00","breadcrumb":{"@id":"https:\/\/unceasinglypray.org\/ru\/day-28\/#breadcrumb"},"inLanguage":"sk-SK","potentialAction":[{"@type":"ReadAction","target":["https:\/\/unceasinglypray.org\/ru\/day-28\/"]}]},{"@type":"BreadcrumbList","@id":"https:\/\/unceasinglypray.org\/ru\/day-28\/#breadcrumb","itemListElement":[{"@type":"ListItem","position":1,"name":"Home","item":"https:\/\/unceasinglypray.org\/pt\/"},{"@type":"ListItem","position":2,"name":"Day 28"}]},{"@type":"WebSite","@id":"https:\/\/unceasinglypray.org\/ar\/#website","url":"https:\/\/unceasinglypray.org\/ar\/","name":"Unceasingly Pray","description":"","potentialAction":[{"@type":"SearchAction","target":{"@type":"EntryPoint","urlTemplate":"https:\/\/unceasinglypray.org\/ar\/?s={search_term_string}"},"query-input":{"@type":"PropertyValueSpecification","valueRequired":true,"valueName":"search_term_string"}}],"inLanguage":"sk-SK"}]}},"_links":{"self":[{"href":"https:\/\/unceasinglypray.org\/sk_sk\/wp-json\/wp\/v2\/pages\/754","targetHints":{"allow":["GET"]}}],"collection":[{"href":"https:\/\/unceasinglypray.org\/sk_sk\/wp-json\/wp\/v2\/pages"}],"about":[{"href":"https:\/\/unceasinglypray.org\/sk_sk\/wp-json\/wp\/v2\/types\/page"}],"author":[{"embeddable":true,"href":"https:\/\/unceasinglypray.org\/sk_sk\/wp-json\/wp\/v2\/users\/2"}],"replies":[{"embeddable":true,"href":"https:\/\/unceasinglypray.org\/sk_sk\/wp-json\/wp\/v2\/comments?post=754"}],"version-history":[{"count":0,"href":"https:\/\/unceasinglypray.org\/sk_sk\/wp-json\/wp\/v2\/pages\/754\/revisions"}],"wp:attachment":[{"href":"https:\/\/unceasinglypray.org\/sk_sk\/wp-json\/wp\/v2\/media?parent=754"}],"curies":[{"name":"wp","href":"https:\/\/api.w.org\/{rel}","templated":true}]}}