{"id":747,"date":"2020-04-21T17:06:58","date_gmt":"2020-04-21T17:06:58","guid":{"rendered":"https:\/\/unceasinglypray.org\/?page_id=747"},"modified":"2020-06-11T15:10:40","modified_gmt":"2020-06-11T15:10:40","slug":"day-22","status":"publish","type":"page","link":"https:\/\/unceasinglypray.org\/sk_sk\/day-22\/","title":{"rendered":"Day 22"},"content":{"rendered":"<p><a href=\"https:\/\/unceasinglypray.org\/sk_sk\/day-22\/\">DAY 22: PRAYER FOR BLENDING<\/a><\/p>\n\t<p>1Kor 12:12-13, 23-27<\/p>\n\t<p>Aby sv\u00e4t\u00ed \u017eili kres\u0165ansk\u00fdm \u017eivotom a cirkevn\u00fdm \u017eivotom pod\u013ea praktick\u00fdch bodov t\u00fdkaj\u00facich sa zmie\u0161avania, aby sa zmie\u0161ali v\u0161etky jednotliv\u00e9 \u00fady Kristovho Tela, v\u0161etky cirkvi v jednotliv\u00fdch oblastiach, v\u0161etci spolupracovn\u00edci a v\u0161etci star\u0161\u00ed prostredn\u00edctvom spolo\u010denstva a to, \u017ee bud\u00fa robi\u0165 v\u0161etko prostredn\u00edctvom kr\u00ed\u017ea a Duchom, aby vysluhovali Krista pre Telo, s cie\u013eom, aby v P\u00e1novej obnove nastala skuto\u010dnos\u0165 Tela Kristovho (1Kor 12:12-13, 23-27).<\/p>\n\t<p><strong>1Kor 12:12-13<\/strong>\u2014Lebo ako telo je jedno a m\u00e1 mnoho \u00fadov, ale v\u0161etky \u00fady tvoria jedno telo, aj ke\u010f ich je mnoho: tak aj Kristus. Ve\u010f aj my v\u0161etci v jednom Duchu sme boli pokrsten\u00ed v jedno telo, \u010di \u017didia alebo Gr\u00e9ci, \u010di otroci alebo slobodn\u00ed; a v\u0161etci sme boli napojen\u00ed jedn\u00fdm Duchom.<\/p>\n<p><strong>1Kor 12:23-27<\/strong>\u2014a tie, ktor\u00e9 sa n\u00e1m zdaj\u00fa menej cenn\u00fdmi na tele, t\u00fdm v\u00e4\u010d\u0161mi si ich uctievame, a na\u0161im neslu\u0161n\u00fdm (\u00fadom) dost\u00e1va sa t\u00fdm slu\u0161nej\u0161ieho odenia, ale na\u0161e slu\u0161n\u00e9 (\u00fady) to nepotrebuj\u00fa. Tak zostavil Boh telo, \u017ee zaostal\u00e9mu dal v\u00e4\u010d\u0161iu \u010des\u0165, aby nebol v tele rozkol, ale aby \u00fady navz\u00e1jom rovnako sa starali o seba. A preto ke\u010f trp\u00ed jeden \u00fad, spolu s n\u00edm trpia v\u0161etky \u00fady; ke\u010f sa jedn\u00e9mu \u00fadu dost\u00e1va oslava, raduj\u00fa sa s n\u00edm v\u0161etky \u00fady. Vy (spolu) ste telo Kristovo a ka\u017ed\u00fd osve (Jeho) \u00fad.<\/p>\n\t\t<h3><\/h3>\n\t\t<p>Vytrvajte v modlitbe.<\/p>\n\t\t\t<a href=\"https:\/\/unceasinglypray.org\/sk_sk\/sign-up\/\" target=\"_self\" role=\"button\" rel=\"noopener noreferrer\">\n\t\t\t\t\t\t\tVYBERTE SI \u010cAS\n\t\t\t\t\t<\/a>","protected":false},"excerpt":{"rendered":"<p>DAY 22: PRAYER FOR BLENDING 1 Cor. 12:12-13, 23-27 Pray for the saints to live the Christian life and the church life according to the practical points concerning blending, having the blending of all the individual members of the Body of Christ, all the churches in certain districts, all the co-workers, and all the elders&hellip;<\/p>","protected":false},"author":1,"featured_media":0,"parent":0,"menu_order":0,"comment_status":"closed","ping_status":"closed","template":"","meta":{"inline_featured_image":false,"footnotes":""},"class_list":["post-747","page","type-page","status-publish","hentry"],"yoast_head":"<!-- This site is optimized with the Yoast SEO plugin v27.3 - https:\/\/yoast.com\/product\/yoast-seo-wordpress\/ -->\n<title>Day 22 - Unceasingly Pray<\/title>\n<meta name=\"robots\" content=\"index, follow, max-snippet:-1, max-image-preview:large, max-video-preview:-1\" \/>\n<link rel=\"canonical\" href=\"http:\/\/unceasinglypray.org\/sk_sk\/day-22\/\" \/>\n<meta property=\"og:locale\" content=\"sk_SK\" \/>\n<meta property=\"og:type\" content=\"article\" \/>\n<meta property=\"og:title\" content=\"Day 22 - Unceasingly Pray\" \/>\n<meta property=\"og:description\" content=\"DAY 22: PRAYER FOR BLENDING 1 Cor. 12:12-13, 23-27 Pray for the saints to live the Christian life and the church life according to the practical points concerning blending, having the blending of all the individual members of the Body of Christ, all the churches in certain districts, all the co-workers, and all the elders&hellip;\" \/>\n<meta property=\"og:url\" content=\"http:\/\/unceasinglypray.org\/sk_sk\/day-22\/\" \/>\n<meta property=\"og:site_name\" content=\"Unceasingly Pray\" \/>\n<meta property=\"article:modified_time\" content=\"2020-06-11T15:10:40+00:00\" \/>\n<meta name=\"twitter:card\" content=\"summary_large_image\" \/>\n<meta name=\"twitter:label1\" content=\"Predpokladan\u00fd \u010das \u010d\u00edtania\" \/>\n\t<meta name=\"twitter:data1\" content=\"1 min\u00fata\" \/>\n<script type=\"application\/ld+json\" class=\"yoast-schema-graph\">{\"@context\":\"https:\\\/\\\/schema.org\",\"@graph\":[{\"@type\":\"WebPage\",\"@id\":\"http:\\\/\\\/unceasinglypray.org\\\/ko\\\/day-22\\\/\",\"url\":\"http:\\\/\\\/unceasinglypray.org\\\/ko\\\/day-22\\\/\",\"name\":\"Day 22 - Unceasingly Pray\",\"isPartOf\":{\"@id\":\"https:\\\/\\\/unceasinglypray.org\\\/ar\\\/#website\"},\"datePublished\":\"2020-04-21T17:06:58+00:00\",\"dateModified\":\"2020-06-11T15:10:40+00:00\",\"breadcrumb\":{\"@id\":\"http:\\\/\\\/unceasinglypray.org\\\/ko\\\/day-22\\\/#breadcrumb\"},\"inLanguage\":\"sk-SK\",\"potentialAction\":[{\"@type\":\"ReadAction\",\"target\":[\"http:\\\/\\\/unceasinglypray.org\\\/ko\\\/day-22\\\/\"]}]},{\"@type\":\"BreadcrumbList\",\"@id\":\"http:\\\/\\\/unceasinglypray.org\\\/ko\\\/day-22\\\/#breadcrumb\",\"itemListElement\":[{\"@type\":\"ListItem\",\"position\":1,\"name\":\"Home\",\"item\":\"https:\\\/\\\/unceasinglypray.org\\\/pt\\\/\"},{\"@type\":\"ListItem\",\"position\":2,\"name\":\"Day 22\"}]},{\"@type\":\"WebSite\",\"@id\":\"https:\\\/\\\/unceasinglypray.org\\\/ar\\\/#website\",\"url\":\"https:\\\/\\\/unceasinglypray.org\\\/ar\\\/\",\"name\":\"Unceasingly Pray\",\"description\":\"\",\"potentialAction\":[{\"@type\":\"SearchAction\",\"target\":{\"@type\":\"EntryPoint\",\"urlTemplate\":\"https:\\\/\\\/unceasinglypray.org\\\/ar\\\/?s={search_term_string}\"},\"query-input\":{\"@type\":\"PropertyValueSpecification\",\"valueRequired\":true,\"valueName\":\"search_term_string\"}}],\"inLanguage\":\"sk-SK\"}]}<\/script>\n<!-- \/ Yoast SEO plugin. -->","yoast_head_json":{"title":"Day 22 - Unceasingly Pray","robots":{"index":"index","follow":"follow","max-snippet":"max-snippet:-1","max-image-preview":"max-image-preview:large","max-video-preview":"max-video-preview:-1"},"canonical":"http:\/\/unceasinglypray.org\/sk_sk\/day-22\/","og_locale":"sk_SK","og_type":"article","og_title":"Day 22 - Unceasingly Pray","og_description":"DAY 22: PRAYER FOR BLENDING 1 Cor. 12:12-13, 23-27 Pray for the saints to live the Christian life and the church life according to the practical points concerning blending, having the blending of all the individual members of the Body of Christ, all the churches in certain districts, all the co-workers, and all the elders&hellip;","og_url":"http:\/\/unceasinglypray.org\/sk_sk\/day-22\/","og_site_name":"Unceasingly Pray","article_modified_time":"2020-06-11T15:10:40+00:00","twitter_card":"summary_large_image","twitter_misc":{"Predpokladan\u00fd \u010das \u010d\u00edtania":"1 min\u00fata"},"schema":{"@context":"https:\/\/schema.org","@graph":[{"@type":"WebPage","@id":"http:\/\/unceasinglypray.org\/ko\/day-22\/","url":"http:\/\/unceasinglypray.org\/ko\/day-22\/","name":"Day 22 - Unceasingly Pray","isPartOf":{"@id":"https:\/\/unceasinglypray.org\/ar\/#website"},"datePublished":"2020-04-21T17:06:58+00:00","dateModified":"2020-06-11T15:10:40+00:00","breadcrumb":{"@id":"http:\/\/unceasinglypray.org\/ko\/day-22\/#breadcrumb"},"inLanguage":"sk-SK","potentialAction":[{"@type":"ReadAction","target":["http:\/\/unceasinglypray.org\/ko\/day-22\/"]}]},{"@type":"BreadcrumbList","@id":"http:\/\/unceasinglypray.org\/ko\/day-22\/#breadcrumb","itemListElement":[{"@type":"ListItem","position":1,"name":"Home","item":"https:\/\/unceasinglypray.org\/pt\/"},{"@type":"ListItem","position":2,"name":"Day 22"}]},{"@type":"WebSite","@id":"https:\/\/unceasinglypray.org\/ar\/#website","url":"https:\/\/unceasinglypray.org\/ar\/","name":"Unceasingly Pray","description":"","potentialAction":[{"@type":"SearchAction","target":{"@type":"EntryPoint","urlTemplate":"https:\/\/unceasinglypray.org\/ar\/?s={search_term_string}"},"query-input":{"@type":"PropertyValueSpecification","valueRequired":true,"valueName":"search_term_string"}}],"inLanguage":"sk-SK"}]}},"_links":{"self":[{"href":"https:\/\/unceasinglypray.org\/sk_sk\/wp-json\/wp\/v2\/pages\/747","targetHints":{"allow":["GET"]}}],"collection":[{"href":"https:\/\/unceasinglypray.org\/sk_sk\/wp-json\/wp\/v2\/pages"}],"about":[{"href":"https:\/\/unceasinglypray.org\/sk_sk\/wp-json\/wp\/v2\/types\/page"}],"author":[{"embeddable":true,"href":"https:\/\/unceasinglypray.org\/sk_sk\/wp-json\/wp\/v2\/users\/1"}],"replies":[{"embeddable":true,"href":"https:\/\/unceasinglypray.org\/sk_sk\/wp-json\/wp\/v2\/comments?post=747"}],"version-history":[{"count":0,"href":"https:\/\/unceasinglypray.org\/sk_sk\/wp-json\/wp\/v2\/pages\/747\/revisions"}],"wp:attachment":[{"href":"https:\/\/unceasinglypray.org\/sk_sk\/wp-json\/wp\/v2\/media?parent=747"}],"curies":[{"name":"wp","href":"https:\/\/api.w.org\/{rel}","templated":true}]}}