{"id":533,"date":"2020-04-04T21:56:46","date_gmt":"2020-04-04T21:56:46","guid":{"rendered":"https:\/\/unceasinglypray.org\/?page_id=533"},"modified":"2020-06-11T14:47:29","modified_gmt":"2020-06-11T14:47:29","slug":"day-20","status":"publish","type":"page","link":"https:\/\/unceasinglypray.org\/sk_sk\/day-20\/","title":{"rendered":"Day 20"},"content":{"rendered":"<p>DAY 20: PRAYER TO BIND THE ENEMY<\/p>\n\t<p>Mk 3:27; 1Jn 3:8; Zj 12:10-11; Lk 18:7<\/p>\n\t<p>Aby bol nepriate\u013e zviazan\u00fd, aby boli zni\u010den\u00e9 diela diabla, aby bol zni\u010den\u00fd \u017ealobca bratov a aby boli pomsten\u00ed sv\u00e4t\u00ed od protivn\u00edka (Mk 3:27; 1Jn 3:8; Zj 12:10-11; Lk 18:7).<\/p>\n\t<p><strong>Mk 3:27<\/strong>\u2014Nikto nem\u00f4\u017ee vojs\u0165 siln\u00e9mu do domu a ul\u00fapi\u0165 mu jeho zariadenie, ak len prv nezvia\u017ee toho siln\u00e9ho; len potom vyl\u00fapi mu dom.<\/p>\n<p><strong>1Jn 3:8<\/strong>\u2014Kto p\u00e1cha hriech, je z diabla, preto\u017ee diabol hre\u0161\u00ed od po\u010diatku. Syn Bo\u017e\u00ed sa zjavil na to, aby maril diablove skutky.<\/p>\n<p><strong>Zj 12:10-11<\/strong>\u2014Nato som po\u010dul mohutn\u00fd hlas v nebi vola\u0165: Teraz nastalo spasenie i moc i kr\u00e1\u013eovstvo n\u00e1\u0161ho Boha a vl\u00e1da Jeho Pomazan\u00e9ho, lebo zvrhnut\u00fd bol \u017ealobn\u00edk na nich pred na\u0161\u00edm Bohom d\u0148om i nocou. Oni v\u0161ak zv\u00ed\u0165azili nad n\u00edm krvou Bar\u00e1nkovou a slovom svojho svedectva a nemilovali svoj \u017eivot a\u017e do smrti.<\/p>\n<p><strong>Lk 18:7<\/strong>\u2014\u010ci by sa Boh nezastal svojich vyvolen\u00fdch, ktor\u00ed d\u0148om i nocou volaj\u00fa k Nemu, i ke\u010f me\u0161k\u00e1 s ich vysly\u0161an\u00edm?<\/p>\n\t\t<h3><\/h3>\n\t\t<p>Vytrvajte v modlitbe.<\/p>\n\t\t\t<a href=\"https:\/\/unceasinglypray.org\/sk_sk\/sign-up\/\" target=\"_self\" role=\"button\" rel=\"noopener noreferrer\">\n\t\t\t\t\t\t\tVYBERTE SI \u010cAS\n\t\t\t\t\t<\/a>","protected":false},"excerpt":{"rendered":"<p>DAY 20: PRAYER TO BIND THE ENEMY Mark 3:27; 1 John 3:8; Rev. 12:10-11; Luke 18:7 For the enemy, Satan, to be bound, for the works of the devil to be destroyed, for the accuser of the brothers to be cast down, and for the saints to be avenged of their adversary (Mark 3:27; 1&hellip;<\/p>","protected":false},"author":1,"featured_media":771,"parent":0,"menu_order":0,"comment_status":"closed","ping_status":"closed","template":"","meta":{"inline_featured_image":false,"footnotes":""},"class_list":["post-533","page","type-page","status-publish","has-post-thumbnail","hentry"],"yoast_head":"<!-- This site is optimized with the Yoast SEO plugin v27.3 - https:\/\/yoast.com\/product\/yoast-seo-wordpress\/ -->\n<title>Day 20 - Unceasingly Pray<\/title>\n<meta name=\"robots\" content=\"index, follow, max-snippet:-1, max-image-preview:large, max-video-preview:-1\" \/>\n<link rel=\"canonical\" href=\"https:\/\/unceasinglypray.org\/sk_sk\/day-20\/\" \/>\n<meta property=\"og:locale\" content=\"sk_SK\" \/>\n<meta property=\"og:type\" content=\"article\" \/>\n<meta property=\"og:title\" content=\"Day 20 - Unceasingly Pray\" \/>\n<meta property=\"og:description\" content=\"DAY 20: PRAYER TO BIND THE ENEMY Mark 3:27; 1 John 3:8; Rev. 12:10-11; Luke 18:7 For the enemy, Satan, to be bound, for the works of the devil to be destroyed, for the accuser of the brothers to be cast down, and for the saints to be avenged of their adversary (Mark 3:27; 1&hellip;\" \/>\n<meta property=\"og:url\" content=\"https:\/\/unceasinglypray.org\/sk_sk\/day-20\/\" \/>\n<meta property=\"og:site_name\" content=\"Unceasingly Pray\" \/>\n<meta property=\"article:modified_time\" content=\"2020-06-11T14:47:29+00:00\" \/>\n<meta property=\"og:image\" content=\"https:\/\/unceasinglypray.org\/wp-content\/uploads\/2020\/04\/social_share.gif\" \/>\n\t<meta property=\"og:image:width\" content=\"1200\" \/>\n\t<meta property=\"og:image:height\" content=\"630\" \/>\n\t<meta property=\"og:image:type\" content=\"image\/gif\" \/>\n<meta name=\"twitter:card\" content=\"summary_large_image\" \/>\n<meta name=\"twitter:label1\" content=\"Predpokladan\u00fd \u010das \u010d\u00edtania\" \/>\n\t<meta name=\"twitter:data1\" content=\"1 min\u00fata\" \/>\n<script type=\"application\/ld+json\" class=\"yoast-schema-graph\">{\"@context\":\"https:\\\/\\\/schema.org\",\"@graph\":[{\"@type\":\"WebPage\",\"@id\":\"https:\\\/\\\/unceasinglypray.org\\\/ar\\\/day-20\\\/\",\"url\":\"https:\\\/\\\/unceasinglypray.org\\\/ar\\\/day-20\\\/\",\"name\":\"Day 20 - Unceasingly Pray\",\"isPartOf\":{\"@id\":\"https:\\\/\\\/unceasinglypray.org\\\/ar\\\/#website\"},\"primaryImageOfPage\":{\"@id\":\"https:\\\/\\\/unceasinglypray.org\\\/ar\\\/day-20\\\/#primaryimage\"},\"image\":{\"@id\":\"https:\\\/\\\/unceasinglypray.org\\\/ar\\\/day-20\\\/#primaryimage\"},\"thumbnailUrl\":\"https:\\\/\\\/unceasinglypray.org\\\/wp-content\\\/uploads\\\/2020\\\/04\\\/social_share.gif\",\"datePublished\":\"2020-04-04T21:56:46+00:00\",\"dateModified\":\"2020-06-11T14:47:29+00:00\",\"breadcrumb\":{\"@id\":\"https:\\\/\\\/unceasinglypray.org\\\/ar\\\/day-20\\\/#breadcrumb\"},\"inLanguage\":\"sk-SK\",\"potentialAction\":[{\"@type\":\"ReadAction\",\"target\":[\"https:\\\/\\\/unceasinglypray.org\\\/ar\\\/day-20\\\/\"]}]},{\"@type\":\"ImageObject\",\"inLanguage\":\"sk-SK\",\"@id\":\"https:\\\/\\\/unceasinglypray.org\\\/ar\\\/day-20\\\/#primaryimage\",\"url\":\"https:\\\/\\\/unceasinglypray.org\\\/wp-content\\\/uploads\\\/2020\\\/04\\\/social_share.gif\",\"contentUrl\":\"https:\\\/\\\/unceasinglypray.org\\\/wp-content\\\/uploads\\\/2020\\\/04\\\/social_share.gif\",\"width\":1200,\"height\":630},{\"@type\":\"BreadcrumbList\",\"@id\":\"https:\\\/\\\/unceasinglypray.org\\\/ar\\\/day-20\\\/#breadcrumb\",\"itemListElement\":[{\"@type\":\"ListItem\",\"position\":1,\"name\":\"Home\",\"item\":\"https:\\\/\\\/unceasinglypray.org\\\/pt\\\/\"},{\"@type\":\"ListItem\",\"position\":2,\"name\":\"Day 20\"}]},{\"@type\":\"WebSite\",\"@id\":\"https:\\\/\\\/unceasinglypray.org\\\/ar\\\/#website\",\"url\":\"https:\\\/\\\/unceasinglypray.org\\\/ar\\\/\",\"name\":\"Unceasingly Pray\",\"description\":\"\",\"potentialAction\":[{\"@type\":\"SearchAction\",\"target\":{\"@type\":\"EntryPoint\",\"urlTemplate\":\"https:\\\/\\\/unceasinglypray.org\\\/ar\\\/?s={search_term_string}\"},\"query-input\":{\"@type\":\"PropertyValueSpecification\",\"valueRequired\":true,\"valueName\":\"search_term_string\"}}],\"inLanguage\":\"sk-SK\"}]}<\/script>\n<!-- \/ Yoast SEO plugin. -->","yoast_head_json":{"title":"Day 20 - Unceasingly Pray","robots":{"index":"index","follow":"follow","max-snippet":"max-snippet:-1","max-image-preview":"max-image-preview:large","max-video-preview":"max-video-preview:-1"},"canonical":"https:\/\/unceasinglypray.org\/sk_sk\/day-20\/","og_locale":"sk_SK","og_type":"article","og_title":"Day 20 - Unceasingly Pray","og_description":"DAY 20: PRAYER TO BIND THE ENEMY Mark 3:27; 1 John 3:8; Rev. 12:10-11; Luke 18:7 For the enemy, Satan, to be bound, for the works of the devil to be destroyed, for the accuser of the brothers to be cast down, and for the saints to be avenged of their adversary (Mark 3:27; 1&hellip;","og_url":"https:\/\/unceasinglypray.org\/sk_sk\/day-20\/","og_site_name":"Unceasingly Pray","article_modified_time":"2020-06-11T14:47:29+00:00","og_image":[{"width":1200,"height":630,"url":"https:\/\/unceasinglypray.org\/wp-content\/uploads\/2020\/04\/social_share.gif","type":"image\/gif"}],"twitter_card":"summary_large_image","twitter_misc":{"Predpokladan\u00fd \u010das \u010d\u00edtania":"1 min\u00fata"},"schema":{"@context":"https:\/\/schema.org","@graph":[{"@type":"WebPage","@id":"https:\/\/unceasinglypray.org\/ar\/day-20\/","url":"https:\/\/unceasinglypray.org\/ar\/day-20\/","name":"Day 20 - Unceasingly Pray","isPartOf":{"@id":"https:\/\/unceasinglypray.org\/ar\/#website"},"primaryImageOfPage":{"@id":"https:\/\/unceasinglypray.org\/ar\/day-20\/#primaryimage"},"image":{"@id":"https:\/\/unceasinglypray.org\/ar\/day-20\/#primaryimage"},"thumbnailUrl":"https:\/\/unceasinglypray.org\/wp-content\/uploads\/2020\/04\/social_share.gif","datePublished":"2020-04-04T21:56:46+00:00","dateModified":"2020-06-11T14:47:29+00:00","breadcrumb":{"@id":"https:\/\/unceasinglypray.org\/ar\/day-20\/#breadcrumb"},"inLanguage":"sk-SK","potentialAction":[{"@type":"ReadAction","target":["https:\/\/unceasinglypray.org\/ar\/day-20\/"]}]},{"@type":"ImageObject","inLanguage":"sk-SK","@id":"https:\/\/unceasinglypray.org\/ar\/day-20\/#primaryimage","url":"https:\/\/unceasinglypray.org\/wp-content\/uploads\/2020\/04\/social_share.gif","contentUrl":"https:\/\/unceasinglypray.org\/wp-content\/uploads\/2020\/04\/social_share.gif","width":1200,"height":630},{"@type":"BreadcrumbList","@id":"https:\/\/unceasinglypray.org\/ar\/day-20\/#breadcrumb","itemListElement":[{"@type":"ListItem","position":1,"name":"Home","item":"https:\/\/unceasinglypray.org\/pt\/"},{"@type":"ListItem","position":2,"name":"Day 20"}]},{"@type":"WebSite","@id":"https:\/\/unceasinglypray.org\/ar\/#website","url":"https:\/\/unceasinglypray.org\/ar\/","name":"Unceasingly Pray","description":"","potentialAction":[{"@type":"SearchAction","target":{"@type":"EntryPoint","urlTemplate":"https:\/\/unceasinglypray.org\/ar\/?s={search_term_string}"},"query-input":{"@type":"PropertyValueSpecification","valueRequired":true,"valueName":"search_term_string"}}],"inLanguage":"sk-SK"}]}},"_links":{"self":[{"href":"https:\/\/unceasinglypray.org\/sk_sk\/wp-json\/wp\/v2\/pages\/533","targetHints":{"allow":["GET"]}}],"collection":[{"href":"https:\/\/unceasinglypray.org\/sk_sk\/wp-json\/wp\/v2\/pages"}],"about":[{"href":"https:\/\/unceasinglypray.org\/sk_sk\/wp-json\/wp\/v2\/types\/page"}],"author":[{"embeddable":true,"href":"https:\/\/unceasinglypray.org\/sk_sk\/wp-json\/wp\/v2\/users\/1"}],"replies":[{"embeddable":true,"href":"https:\/\/unceasinglypray.org\/sk_sk\/wp-json\/wp\/v2\/comments?post=533"}],"version-history":[{"count":0,"href":"https:\/\/unceasinglypray.org\/sk_sk\/wp-json\/wp\/v2\/pages\/533\/revisions"}],"wp:featuredmedia":[{"embeddable":true,"href":"https:\/\/unceasinglypray.org\/sk_sk\/wp-json\/wp\/v2\/media\/771"}],"wp:attachment":[{"href":"https:\/\/unceasinglypray.org\/sk_sk\/wp-json\/wp\/v2\/media?parent=533"}],"curies":[{"name":"wp","href":"https:\/\/api.w.org\/{rel}","templated":true}]}}