{"id":531,"date":"2020-04-04T21:55:36","date_gmt":"2020-04-04T21:55:36","guid":{"rendered":"https:\/\/unceasinglypray.org\/?page_id=531"},"modified":"2020-06-11T14:46:03","modified_gmt":"2020-06-11T14:46:03","slug":"day-18","status":"publish","type":"page","link":"https:\/\/unceasinglypray.org\/sk_sk\/day-18\/","title":{"rendered":"Day 18"},"content":{"rendered":"<p>DAY 18: PRAYER TO CONTINUE STEADFASTLY<\/p>\n\t<p>Sk 2:42; Mt 6:6; 18:19-20; Kol 4:2; 1Tes 5:17<\/p>\n\t<p>Aby sv\u00e4t\u00ed vytrvalo zost\u00e1vali v modlitb\u00e1ch a aby sa ich modlitebn\u00fd \u017eivot budoval osobne, v mal\u00fdch skupin\u00e1ch a na cirkevn\u00fdch stretnutiach, dokia\u013e nebude nepretr\u017eit\u00e1 modlitba (Sk 2:42; Mt 6:6; 18:19-20; Kol 4:2; 1Tes 5:17).<\/p>\n\t<p><strong>Sk 2:42<\/strong>\u2014T\u00edto zotrv\u00e1vali v apo\u0161tolskom u\u010den\u00ed a v spolo\u010denstve, v l\u00e1man\u00ed chleba a na modlitb\u00e1ch.<\/p>\n<p><strong>Mt 6:6<\/strong>\u2014Ale ke\u010f sa ty modl\u00ed\u0161, vojdi do svojej kom\u00f4rky, zamkni dvere a modli sa k svojmu Otcovi, ktor\u00fd je v skrytosti, a tvoj Otec, ktor\u00fd vid\u00ed v skrytosti, odplat\u00ed tebe.<\/p>\n<p><strong>Mt 18:19-20<\/strong>\u2014A zase v\u00e1m hovor\u00edm: Ak sa dvaja z v\u00e1s dohodn\u00fa na nie\u010dom na zemi, \u017ee bud\u00fa prosi\u0165 o to, dostane sa im toho od m\u00f4jho Otca, ktor\u00fd je v nebesiach. Lebo kde sa dvaja alebo traja zhroma\u017edili v mojom mene, tam som medzi nimi.<\/p>\n<p><strong>Kol 4:2<\/strong>\u2014V modlen\u00ed vytrvajte, bdejte pri \u0148om a dobrore\u010dte.<\/p>\n\t\t<h3><\/h3>\n\t\t<p>Vytrvajte v modlitbe.<\/p>\n\t\t\t<a href=\"https:\/\/unceasinglypray.org\/sk_sk\/sign-up\/\" target=\"_self\" role=\"button\" rel=\"noopener noreferrer\">\n\t\t\t\t\t\t\tVYBERTE SI \u010cAS\n\t\t\t\t\t<\/a>","protected":false},"excerpt":{"rendered":"<p>DAY 18: PRAYER TO CONTINUE STEADFASTLY Acts 2:42; Matt. 6:6; 18:19-20; Col. 4:2; 1\u00a0Thes. 5:17 For the saints to continue steadfastly in prayer and for their prayer life to be built up personally, in small groups, and in the church meetings until prayer is unceasing (Acts 2:42; Matt. 6:6; 18:19-20; Col. 4:2; 1\u00a0Thes. 5:17). Acts&hellip;<\/p>","protected":false},"author":1,"featured_media":771,"parent":0,"menu_order":0,"comment_status":"closed","ping_status":"closed","template":"","meta":{"inline_featured_image":false,"footnotes":""},"class_list":["post-531","page","type-page","status-publish","has-post-thumbnail","hentry"],"yoast_head":"<!-- This site is optimized with the Yoast SEO plugin v27.6 - https:\/\/yoast.com\/product\/yoast-seo-wordpress\/ -->\n<title>Day 18 - Unceasingly Pray<\/title>\n<meta name=\"robots\" content=\"index, follow, max-snippet:-1, max-image-preview:large, max-video-preview:-1\" \/>\n<link rel=\"canonical\" href=\"https:\/\/unceasinglypray.org\/sk_sk\/day-18\/\" \/>\n<meta property=\"og:locale\" content=\"sk_SK\" \/>\n<meta property=\"og:type\" content=\"article\" \/>\n<meta property=\"og:title\" content=\"Day 18 - Unceasingly Pray\" \/>\n<meta property=\"og:description\" content=\"DAY 18: PRAYER TO CONTINUE STEADFASTLY Acts 2:42; Matt. 6:6; 18:19-20; Col. 4:2; 1\u00a0Thes. 5:17 For the saints to continue steadfastly in prayer and for their prayer life to be built up personally, in small groups, and in the church meetings until prayer is unceasing (Acts 2:42; Matt. 6:6; 18:19-20; Col. 4:2; 1\u00a0Thes. 5:17). Acts&hellip;\" \/>\n<meta property=\"og:url\" content=\"https:\/\/unceasinglypray.org\/sk_sk\/day-18\/\" \/>\n<meta property=\"og:site_name\" content=\"Unceasingly Pray\" \/>\n<meta property=\"article:modified_time\" content=\"2020-06-11T14:46:03+00:00\" \/>\n<meta property=\"og:image\" content=\"https:\/\/unceasinglypray.org\/wp-content\/uploads\/2020\/04\/social_share.gif\" \/>\n\t<meta property=\"og:image:width\" content=\"1200\" \/>\n\t<meta property=\"og:image:height\" content=\"630\" \/>\n\t<meta property=\"og:image:type\" content=\"image\/gif\" \/>\n<meta name=\"twitter:card\" content=\"summary_large_image\" \/>\n<meta name=\"twitter:label1\" content=\"Predpokladan\u00fd \u010das \u010d\u00edtania\" \/>\n\t<meta name=\"twitter:data1\" content=\"1 min\u00fata\" \/>\n<script type=\"application\/ld+json\" class=\"yoast-schema-graph\">{\"@context\":\"https:\\\/\\\/schema.org\",\"@graph\":[{\"@type\":\"WebPage\",\"@id\":\"https:\\\/\\\/unceasinglypray.org\\\/es\\\/day-18\\\/\",\"url\":\"https:\\\/\\\/unceasinglypray.org\\\/es\\\/day-18\\\/\",\"name\":\"Day 18 - Unceasingly Pray\",\"isPartOf\":{\"@id\":\"https:\\\/\\\/unceasinglypray.org\\\/ar\\\/#website\"},\"primaryImageOfPage\":{\"@id\":\"https:\\\/\\\/unceasinglypray.org\\\/es\\\/day-18\\\/#primaryimage\"},\"image\":{\"@id\":\"https:\\\/\\\/unceasinglypray.org\\\/es\\\/day-18\\\/#primaryimage\"},\"thumbnailUrl\":\"https:\\\/\\\/unceasinglypray.org\\\/wp-content\\\/uploads\\\/2020\\\/04\\\/social_share.gif\",\"datePublished\":\"2020-04-04T21:55:36+00:00\",\"dateModified\":\"2020-06-11T14:46:03+00:00\",\"breadcrumb\":{\"@id\":\"https:\\\/\\\/unceasinglypray.org\\\/es\\\/day-18\\\/#breadcrumb\"},\"inLanguage\":\"sk-SK\",\"potentialAction\":[{\"@type\":\"ReadAction\",\"target\":[\"https:\\\/\\\/unceasinglypray.org\\\/es\\\/day-18\\\/\"]}]},{\"@type\":\"ImageObject\",\"inLanguage\":\"sk-SK\",\"@id\":\"https:\\\/\\\/unceasinglypray.org\\\/es\\\/day-18\\\/#primaryimage\",\"url\":\"https:\\\/\\\/unceasinglypray.org\\\/wp-content\\\/uploads\\\/2020\\\/04\\\/social_share.gif\",\"contentUrl\":\"https:\\\/\\\/unceasinglypray.org\\\/wp-content\\\/uploads\\\/2020\\\/04\\\/social_share.gif\",\"width\":1200,\"height\":630},{\"@type\":\"BreadcrumbList\",\"@id\":\"https:\\\/\\\/unceasinglypray.org\\\/es\\\/day-18\\\/#breadcrumb\",\"itemListElement\":[{\"@type\":\"ListItem\",\"position\":1,\"name\":\"Home\",\"item\":\"https:\\\/\\\/unceasinglypray.org\\\/pt\\\/\"},{\"@type\":\"ListItem\",\"position\":2,\"name\":\"Day 18\"}]},{\"@type\":\"WebSite\",\"@id\":\"https:\\\/\\\/unceasinglypray.org\\\/ar\\\/#website\",\"url\":\"https:\\\/\\\/unceasinglypray.org\\\/ar\\\/\",\"name\":\"Unceasingly Pray\",\"description\":\"\",\"potentialAction\":[{\"@type\":\"SearchAction\",\"target\":{\"@type\":\"EntryPoint\",\"urlTemplate\":\"https:\\\/\\\/unceasinglypray.org\\\/ar\\\/?s={search_term_string}\"},\"query-input\":{\"@type\":\"PropertyValueSpecification\",\"valueRequired\":true,\"valueName\":\"search_term_string\"}}],\"inLanguage\":\"sk-SK\"}]}<\/script>\n<!-- \/ Yoast SEO plugin. -->","yoast_head_json":{"title":"Day 18 - Unceasingly Pray","robots":{"index":"index","follow":"follow","max-snippet":"max-snippet:-1","max-image-preview":"max-image-preview:large","max-video-preview":"max-video-preview:-1"},"canonical":"https:\/\/unceasinglypray.org\/sk_sk\/day-18\/","og_locale":"sk_SK","og_type":"article","og_title":"Day 18 - Unceasingly Pray","og_description":"DAY 18: PRAYER TO CONTINUE STEADFASTLY Acts 2:42; Matt. 6:6; 18:19-20; Col. 4:2; 1\u00a0Thes. 5:17 For the saints to continue steadfastly in prayer and for their prayer life to be built up personally, in small groups, and in the church meetings until prayer is unceasing (Acts 2:42; Matt. 6:6; 18:19-20; Col. 4:2; 1\u00a0Thes. 5:17). Acts&hellip;","og_url":"https:\/\/unceasinglypray.org\/sk_sk\/day-18\/","og_site_name":"Unceasingly Pray","article_modified_time":"2020-06-11T14:46:03+00:00","og_image":[{"width":1200,"height":630,"url":"https:\/\/unceasinglypray.org\/wp-content\/uploads\/2020\/04\/social_share.gif","type":"image\/gif"}],"twitter_card":"summary_large_image","twitter_misc":{"Predpokladan\u00fd \u010das \u010d\u00edtania":"1 min\u00fata"},"schema":{"@context":"https:\/\/schema.org","@graph":[{"@type":"WebPage","@id":"https:\/\/unceasinglypray.org\/es\/day-18\/","url":"https:\/\/unceasinglypray.org\/es\/day-18\/","name":"Day 18 - Unceasingly Pray","isPartOf":{"@id":"https:\/\/unceasinglypray.org\/ar\/#website"},"primaryImageOfPage":{"@id":"https:\/\/unceasinglypray.org\/es\/day-18\/#primaryimage"},"image":{"@id":"https:\/\/unceasinglypray.org\/es\/day-18\/#primaryimage"},"thumbnailUrl":"https:\/\/unceasinglypray.org\/wp-content\/uploads\/2020\/04\/social_share.gif","datePublished":"2020-04-04T21:55:36+00:00","dateModified":"2020-06-11T14:46:03+00:00","breadcrumb":{"@id":"https:\/\/unceasinglypray.org\/es\/day-18\/#breadcrumb"},"inLanguage":"sk-SK","potentialAction":[{"@type":"ReadAction","target":["https:\/\/unceasinglypray.org\/es\/day-18\/"]}]},{"@type":"ImageObject","inLanguage":"sk-SK","@id":"https:\/\/unceasinglypray.org\/es\/day-18\/#primaryimage","url":"https:\/\/unceasinglypray.org\/wp-content\/uploads\/2020\/04\/social_share.gif","contentUrl":"https:\/\/unceasinglypray.org\/wp-content\/uploads\/2020\/04\/social_share.gif","width":1200,"height":630},{"@type":"BreadcrumbList","@id":"https:\/\/unceasinglypray.org\/es\/day-18\/#breadcrumb","itemListElement":[{"@type":"ListItem","position":1,"name":"Home","item":"https:\/\/unceasinglypray.org\/pt\/"},{"@type":"ListItem","position":2,"name":"Day 18"}]},{"@type":"WebSite","@id":"https:\/\/unceasinglypray.org\/ar\/#website","url":"https:\/\/unceasinglypray.org\/ar\/","name":"Unceasingly Pray","description":"","potentialAction":[{"@type":"SearchAction","target":{"@type":"EntryPoint","urlTemplate":"https:\/\/unceasinglypray.org\/ar\/?s={search_term_string}"},"query-input":{"@type":"PropertyValueSpecification","valueRequired":true,"valueName":"search_term_string"}}],"inLanguage":"sk-SK"}]}},"_links":{"self":[{"href":"https:\/\/unceasinglypray.org\/sk_sk\/wp-json\/wp\/v2\/pages\/531","targetHints":{"allow":["GET"]}}],"collection":[{"href":"https:\/\/unceasinglypray.org\/sk_sk\/wp-json\/wp\/v2\/pages"}],"about":[{"href":"https:\/\/unceasinglypray.org\/sk_sk\/wp-json\/wp\/v2\/types\/page"}],"author":[{"embeddable":true,"href":"https:\/\/unceasinglypray.org\/sk_sk\/wp-json\/wp\/v2\/users\/1"}],"replies":[{"embeddable":true,"href":"https:\/\/unceasinglypray.org\/sk_sk\/wp-json\/wp\/v2\/comments?post=531"}],"version-history":[{"count":0,"href":"https:\/\/unceasinglypray.org\/sk_sk\/wp-json\/wp\/v2\/pages\/531\/revisions"}],"wp:featuredmedia":[{"embeddable":true,"href":"https:\/\/unceasinglypray.org\/sk_sk\/wp-json\/wp\/v2\/media\/771"}],"wp:attachment":[{"href":"https:\/\/unceasinglypray.org\/sk_sk\/wp-json\/wp\/v2\/media?parent=531"}],"curies":[{"name":"wp","href":"https:\/\/api.w.org\/{rel}","templated":true}]}}