{"id":523,"date":"2020-04-04T21:50:26","date_gmt":"2020-04-04T21:50:26","guid":{"rendered":"https:\/\/unceasinglypray.org\/?page_id=523"},"modified":"2020-06-11T13:46:11","modified_gmt":"2020-06-11T13:46:11","slug":"day-10","status":"publish","type":"page","link":"https:\/\/unceasinglypray.org\/sk_sk\/day-10\/","title":{"rendered":"Day 10"},"content":{"rendered":"<p>DAY 10: PRAYER FOR ONE ACCORD<\/p>\n\t<p>Rim 15:6; Kol 3:10-11<\/p>\n\t<p>Aby v\u0161etky miestne cirkvi boli v silnej jednomyse\u013enosti, oslavuj\u00fac n\u00e1\u0161ho Boha a Jeho Krista jedn\u00fdmi \u00fastami, aby sa prejavila skuto\u010dnos\u0165 jedn\u00e9ho nov\u00e9ho \u010dloveka (Rim 15:6; Kol 3:10-11).<\/p>\n\t<p><strong>Rim 15:6<\/strong>\u2014aby ste jednou mys\u013eou a jedn\u00fdmi \u00fastami oslavovali Boha a Otca n\u00e1\u0161ho P\u00e1na Je\u017ei\u0161a Krista.<\/p>\n<p><strong>Kol 3:10-11<\/strong>\u2014a obliekli nov\u00e9ho, ktor\u00fd sa obnovuje ku prav\u00e9mu poznaniu pod\u013ea obrazu svojho Stvorite\u013ea. Tu u\u017e nie je ani Gr\u00e9k, ani \u017did, ani obrezan\u00fd, ani neobrezan\u00fd, ani barbar, ani Sk\u00fdt, ani otrok, ani slobodn\u00fd, ale v\u0161etko a vo v\u0161etk\u00fdch je Kristus.<\/p>\n\t\t<h3><\/h3>\n\t\t<p>Vytrvajte v modlitbe.<\/p>\n\t\t\t<a href=\"https:\/\/unceasinglypray.org\/sk_sk\/sign-up\/\" target=\"_self\" role=\"button\" rel=\"noopener noreferrer\">\n\t\t\t\t\t\t\tVYBERTE SI \u010cAS\n\t\t\t\t\t<\/a>","protected":false},"excerpt":{"rendered":"<p>DAY 10: PRAYER FOR ONE ACCORD Rom. 15:6; Col. 3:10-11 For all the churches to be in a prevailing one accord, glorifying our God and His Christ with one mouth to bring forth the reality of the one new man (Rom. 15:6; Col. 3:10-11). Rom. 15:6\u2014That with one accord you may with one mouth glorify&hellip;<\/p>","protected":false},"author":1,"featured_media":771,"parent":0,"menu_order":0,"comment_status":"closed","ping_status":"closed","template":"","meta":{"inline_featured_image":false,"footnotes":""},"class_list":["post-523","page","type-page","status-publish","has-post-thumbnail","hentry"],"yoast_head":"<!-- This site is optimized with the Yoast SEO plugin v27.4 - https:\/\/yoast.com\/product\/yoast-seo-wordpress\/ -->\n<title>Day 10 - Unceasingly Pray<\/title>\n<meta name=\"robots\" content=\"index, follow, max-snippet:-1, max-image-preview:large, max-video-preview:-1\" \/>\n<link rel=\"canonical\" href=\"http:\/\/unceasinglypray.org\/sk_sk\/day-10\/\" \/>\n<meta property=\"og:locale\" content=\"sk_SK\" \/>\n<meta property=\"og:type\" content=\"article\" \/>\n<meta property=\"og:title\" content=\"Day 10 - Unceasingly Pray\" \/>\n<meta property=\"og:description\" content=\"DAY 10: PRAYER FOR ONE ACCORD Rom. 15:6; Col. 3:10-11 For all the churches to be in a prevailing one accord, glorifying our God and His Christ with one mouth to bring forth the reality of the one new man (Rom. 15:6; Col. 3:10-11). Rom. 15:6\u2014That with one accord you may with one mouth glorify&hellip;\" \/>\n<meta property=\"og:url\" content=\"http:\/\/unceasinglypray.org\/sk_sk\/day-10\/\" \/>\n<meta property=\"og:site_name\" content=\"Unceasingly Pray\" \/>\n<meta property=\"article:modified_time\" content=\"2020-06-11T13:46:11+00:00\" \/>\n<meta property=\"og:image\" content=\"https:\/\/unceasinglypray.org\/wp-content\/uploads\/2020\/04\/social_share.gif\" \/>\n\t<meta property=\"og:image:width\" content=\"1200\" \/>\n\t<meta property=\"og:image:height\" content=\"630\" \/>\n\t<meta property=\"og:image:type\" content=\"image\/gif\" \/>\n<meta name=\"twitter:card\" content=\"summary_large_image\" \/>\n<meta name=\"twitter:label1\" content=\"Predpokladan\u00fd \u010das \u010d\u00edtania\" \/>\n\t<meta name=\"twitter:data1\" content=\"1 min\u00fata\" \/>\n<script type=\"application\/ld+json\" class=\"yoast-schema-graph\">{\"@context\":\"https:\\\/\\\/schema.org\",\"@graph\":[{\"@type\":\"WebPage\",\"@id\":\"http:\\\/\\\/unceasinglypray.org\\\/ceb\\\/day-10\\\/\",\"url\":\"http:\\\/\\\/unceasinglypray.org\\\/ceb\\\/day-10\\\/\",\"name\":\"Day 10 - Unceasingly Pray\",\"isPartOf\":{\"@id\":\"https:\\\/\\\/unceasinglypray.org\\\/ar\\\/#website\"},\"primaryImageOfPage\":{\"@id\":\"http:\\\/\\\/unceasinglypray.org\\\/ceb\\\/day-10\\\/#primaryimage\"},\"image\":{\"@id\":\"http:\\\/\\\/unceasinglypray.org\\\/ceb\\\/day-10\\\/#primaryimage\"},\"thumbnailUrl\":\"https:\\\/\\\/unceasinglypray.org\\\/wp-content\\\/uploads\\\/2020\\\/04\\\/social_share.gif\",\"datePublished\":\"2020-04-04T21:50:26+00:00\",\"dateModified\":\"2020-06-11T13:46:11+00:00\",\"breadcrumb\":{\"@id\":\"http:\\\/\\\/unceasinglypray.org\\\/ceb\\\/day-10\\\/#breadcrumb\"},\"inLanguage\":\"sk-SK\",\"potentialAction\":[{\"@type\":\"ReadAction\",\"target\":[\"http:\\\/\\\/unceasinglypray.org\\\/ceb\\\/day-10\\\/\"]}]},{\"@type\":\"ImageObject\",\"inLanguage\":\"sk-SK\",\"@id\":\"http:\\\/\\\/unceasinglypray.org\\\/ceb\\\/day-10\\\/#primaryimage\",\"url\":\"https:\\\/\\\/unceasinglypray.org\\\/wp-content\\\/uploads\\\/2020\\\/04\\\/social_share.gif\",\"contentUrl\":\"https:\\\/\\\/unceasinglypray.org\\\/wp-content\\\/uploads\\\/2020\\\/04\\\/social_share.gif\",\"width\":1200,\"height\":630},{\"@type\":\"BreadcrumbList\",\"@id\":\"http:\\\/\\\/unceasinglypray.org\\\/ceb\\\/day-10\\\/#breadcrumb\",\"itemListElement\":[{\"@type\":\"ListItem\",\"position\":1,\"name\":\"Home\",\"item\":\"https:\\\/\\\/unceasinglypray.org\\\/pt\\\/\"},{\"@type\":\"ListItem\",\"position\":2,\"name\":\"Day 10\"}]},{\"@type\":\"WebSite\",\"@id\":\"https:\\\/\\\/unceasinglypray.org\\\/ar\\\/#website\",\"url\":\"https:\\\/\\\/unceasinglypray.org\\\/ar\\\/\",\"name\":\"Unceasingly Pray\",\"description\":\"\",\"potentialAction\":[{\"@type\":\"SearchAction\",\"target\":{\"@type\":\"EntryPoint\",\"urlTemplate\":\"https:\\\/\\\/unceasinglypray.org\\\/ar\\\/?s={search_term_string}\"},\"query-input\":{\"@type\":\"PropertyValueSpecification\",\"valueRequired\":true,\"valueName\":\"search_term_string\"}}],\"inLanguage\":\"sk-SK\"}]}<\/script>\n<!-- \/ Yoast SEO plugin. -->","yoast_head_json":{"title":"Day 10 - Unceasingly Pray","robots":{"index":"index","follow":"follow","max-snippet":"max-snippet:-1","max-image-preview":"max-image-preview:large","max-video-preview":"max-video-preview:-1"},"canonical":"http:\/\/unceasinglypray.org\/sk_sk\/day-10\/","og_locale":"sk_SK","og_type":"article","og_title":"Day 10 - Unceasingly Pray","og_description":"DAY 10: PRAYER FOR ONE ACCORD Rom. 15:6; Col. 3:10-11 For all the churches to be in a prevailing one accord, glorifying our God and His Christ with one mouth to bring forth the reality of the one new man (Rom. 15:6; Col. 3:10-11). Rom. 15:6\u2014That with one accord you may with one mouth glorify&hellip;","og_url":"http:\/\/unceasinglypray.org\/sk_sk\/day-10\/","og_site_name":"Unceasingly Pray","article_modified_time":"2020-06-11T13:46:11+00:00","og_image":[{"width":1200,"height":630,"url":"https:\/\/unceasinglypray.org\/wp-content\/uploads\/2020\/04\/social_share.gif","type":"image\/gif"}],"twitter_card":"summary_large_image","twitter_misc":{"Predpokladan\u00fd \u010das \u010d\u00edtania":"1 min\u00fata"},"schema":{"@context":"https:\/\/schema.org","@graph":[{"@type":"WebPage","@id":"http:\/\/unceasinglypray.org\/ceb\/day-10\/","url":"http:\/\/unceasinglypray.org\/ceb\/day-10\/","name":"Day 10 - Unceasingly Pray","isPartOf":{"@id":"https:\/\/unceasinglypray.org\/ar\/#website"},"primaryImageOfPage":{"@id":"http:\/\/unceasinglypray.org\/ceb\/day-10\/#primaryimage"},"image":{"@id":"http:\/\/unceasinglypray.org\/ceb\/day-10\/#primaryimage"},"thumbnailUrl":"https:\/\/unceasinglypray.org\/wp-content\/uploads\/2020\/04\/social_share.gif","datePublished":"2020-04-04T21:50:26+00:00","dateModified":"2020-06-11T13:46:11+00:00","breadcrumb":{"@id":"http:\/\/unceasinglypray.org\/ceb\/day-10\/#breadcrumb"},"inLanguage":"sk-SK","potentialAction":[{"@type":"ReadAction","target":["http:\/\/unceasinglypray.org\/ceb\/day-10\/"]}]},{"@type":"ImageObject","inLanguage":"sk-SK","@id":"http:\/\/unceasinglypray.org\/ceb\/day-10\/#primaryimage","url":"https:\/\/unceasinglypray.org\/wp-content\/uploads\/2020\/04\/social_share.gif","contentUrl":"https:\/\/unceasinglypray.org\/wp-content\/uploads\/2020\/04\/social_share.gif","width":1200,"height":630},{"@type":"BreadcrumbList","@id":"http:\/\/unceasinglypray.org\/ceb\/day-10\/#breadcrumb","itemListElement":[{"@type":"ListItem","position":1,"name":"Home","item":"https:\/\/unceasinglypray.org\/pt\/"},{"@type":"ListItem","position":2,"name":"Day 10"}]},{"@type":"WebSite","@id":"https:\/\/unceasinglypray.org\/ar\/#website","url":"https:\/\/unceasinglypray.org\/ar\/","name":"Unceasingly Pray","description":"","potentialAction":[{"@type":"SearchAction","target":{"@type":"EntryPoint","urlTemplate":"https:\/\/unceasinglypray.org\/ar\/?s={search_term_string}"},"query-input":{"@type":"PropertyValueSpecification","valueRequired":true,"valueName":"search_term_string"}}],"inLanguage":"sk-SK"}]}},"_links":{"self":[{"href":"https:\/\/unceasinglypray.org\/sk_sk\/wp-json\/wp\/v2\/pages\/523","targetHints":{"allow":["GET"]}}],"collection":[{"href":"https:\/\/unceasinglypray.org\/sk_sk\/wp-json\/wp\/v2\/pages"}],"about":[{"href":"https:\/\/unceasinglypray.org\/sk_sk\/wp-json\/wp\/v2\/types\/page"}],"author":[{"embeddable":true,"href":"https:\/\/unceasinglypray.org\/sk_sk\/wp-json\/wp\/v2\/users\/1"}],"replies":[{"embeddable":true,"href":"https:\/\/unceasinglypray.org\/sk_sk\/wp-json\/wp\/v2\/comments?post=523"}],"version-history":[{"count":0,"href":"https:\/\/unceasinglypray.org\/sk_sk\/wp-json\/wp\/v2\/pages\/523\/revisions"}],"wp:featuredmedia":[{"embeddable":true,"href":"https:\/\/unceasinglypray.org\/sk_sk\/wp-json\/wp\/v2\/media\/771"}],"wp:attachment":[{"href":"https:\/\/unceasinglypray.org\/sk_sk\/wp-json\/wp\/v2\/media?parent=523"}],"curies":[{"name":"wp","href":"https:\/\/api.w.org\/{rel}","templated":true}]}}