{"id":522,"date":"2020-04-04T21:49:31","date_gmt":"2020-04-04T21:49:31","guid":{"rendered":"https:\/\/unceasinglypray.org\/?page_id=522"},"modified":"2020-06-11T13:44:50","modified_gmt":"2020-06-11T13:44:50","slug":"day-9","status":"publish","type":"page","link":"https:\/\/unceasinglypray.org\/sk_sk\/day-9\/","title":{"rendered":"Day 9"},"content":{"rendered":"<p>DAY 9: PRAYER FOR THE SCATTERED BELIEVERS<\/p>\n\t<p>Sk 9:2, Sk 26:19; Ezd 1:5; Ez 36:24<\/p>\n\t<p>Aby rozpt\u00fdlen\u00ed veriaci uvideli nebesk\u00fa v\u00edziu Bo\u017eieho ve\u010dn\u00e9ho z\u00e1meru, aby sa vo svojich duchoch prebudili na h\u013eadanie hlb\u0161\u00edch vec\u00ed Krista a Bo\u017eieho budovania, a aby sa vydali na cestu Bo\u017eej novoz\u00e1konnej ekon\u00f3mie (Sk 9:2, Sk 26:19; Ezd 1:5; Ez 36:24).<\/p>\n\t<p><strong>Sk 9:2<\/strong>\u2014a vy\u017eiadal si od neho listy na synag\u00f3gy v Damasku, aby pr\u00edvr\u017eencov toho u\u010denia, ak tam niektor\u00fdch n\u00e1jde, poviazan\u00fdch priviedol do Jeruzalema, mu\u017eov aj \u017eeny.<\/p>\n<p><strong>Sk 26:19<\/strong>\u2014Preto, kr\u00e1\u013e Agripa, nebol som neposlu\u0161n\u00fd nebesk\u00e9mu videniu,<\/p>\n<p><strong>Ezd 1:5<\/strong>\u2014Povstali n\u00e1\u010deln\u00edci rod\u00edn judsk\u00fdch a benjam\u00ednskych, aj k\u0148azi a lev\u00edti, v\u0161etci, ktor\u00fdch ducha povzbudil Boh, aby \u0161li budova\u0165 dom Hospodinov v Jeruzaleme.<\/p>\n<p><strong>Ez 36:24<\/strong>\u2014Poberiem v\u00e1s z n\u00e1rodov, zhroma\u017ed\u00edm zo v\u0161etk\u00fdch kraj\u00edn a dovediem na va\u0161u p\u00f4du.<\/p>\n\t\t<h3><\/h3>\n\t\t<p>Vytrvajte v modlitbe.<\/p>\n\t\t\t<a href=\"https:\/\/unceasinglypray.org\/sk_sk\/sign-up\/\" target=\"_self\" role=\"button\" rel=\"noopener noreferrer\">\n\t\t\t\t\t\t\tVYBERTE SI \u010cAS\n\t\t\t\t\t<\/a>","protected":false},"excerpt":{"rendered":"<p>DAY 9: PRAYER FOR THE SCATTERED BELIEVERS Acts 9:2, Acts 26:19; Ezra 1:5; Ezek. 36:24 For the scattered believers to see the heavenly vision of God\u2019s eternal purpose, to be stirred up in their spirits to seek the deeper things of Christ and God\u2019s building, and to take the way of God\u2019s New Testament economy&hellip;<\/p>","protected":false},"author":1,"featured_media":771,"parent":0,"menu_order":0,"comment_status":"closed","ping_status":"closed","template":"","meta":{"inline_featured_image":false,"footnotes":""},"class_list":["post-522","page","type-page","status-publish","has-post-thumbnail","hentry"],"yoast_head":"<!-- This site is optimized with the Yoast SEO plugin v27.4 - https:\/\/yoast.com\/product\/yoast-seo-wordpress\/ -->\n<title>Day 9 - Unceasingly Pray<\/title>\n<meta name=\"robots\" content=\"index, follow, max-snippet:-1, max-image-preview:large, max-video-preview:-1\" \/>\n<link rel=\"canonical\" href=\"https:\/\/unceasinglypray.org\/sk_sk\/day-9\/\" \/>\n<meta property=\"og:locale\" content=\"sk_SK\" \/>\n<meta property=\"og:type\" content=\"article\" \/>\n<meta property=\"og:title\" content=\"Day 9 - Unceasingly Pray\" \/>\n<meta property=\"og:description\" content=\"DAY 9: PRAYER FOR THE SCATTERED BELIEVERS Acts 9:2, Acts 26:19; Ezra 1:5; Ezek. 36:24 For the scattered believers to see the heavenly vision of God\u2019s eternal purpose, to be stirred up in their spirits to seek the deeper things of Christ and God\u2019s building, and to take the way of God\u2019s New Testament economy&hellip;\" \/>\n<meta property=\"og:url\" content=\"https:\/\/unceasinglypray.org\/sk_sk\/day-9\/\" \/>\n<meta property=\"og:site_name\" content=\"Unceasingly Pray\" \/>\n<meta property=\"article:modified_time\" content=\"2020-06-11T13:44:50+00:00\" \/>\n<meta property=\"og:image\" content=\"https:\/\/unceasinglypray.org\/wp-content\/uploads\/2020\/04\/social_share.gif\" \/>\n\t<meta property=\"og:image:width\" content=\"1200\" \/>\n\t<meta property=\"og:image:height\" content=\"630\" \/>\n\t<meta property=\"og:image:type\" content=\"image\/gif\" \/>\n<meta name=\"twitter:card\" content=\"summary_large_image\" \/>\n<meta name=\"twitter:label1\" content=\"Predpokladan\u00fd \u010das \u010d\u00edtania\" \/>\n\t<meta name=\"twitter:data1\" content=\"1 min\u00fata\" \/>\n<script type=\"application\/ld+json\" class=\"yoast-schema-graph\">{\"@context\":\"https:\\\/\\\/schema.org\",\"@graph\":[{\"@type\":\"WebPage\",\"@id\":\"https:\\\/\\\/unceasinglypray.org\\\/ro\\\/day-9\\\/\",\"url\":\"https:\\\/\\\/unceasinglypray.org\\\/ro\\\/day-9\\\/\",\"name\":\"Day 9 - Unceasingly Pray\",\"isPartOf\":{\"@id\":\"https:\\\/\\\/unceasinglypray.org\\\/ar\\\/#website\"},\"primaryImageOfPage\":{\"@id\":\"https:\\\/\\\/unceasinglypray.org\\\/ro\\\/day-9\\\/#primaryimage\"},\"image\":{\"@id\":\"https:\\\/\\\/unceasinglypray.org\\\/ro\\\/day-9\\\/#primaryimage\"},\"thumbnailUrl\":\"https:\\\/\\\/unceasinglypray.org\\\/wp-content\\\/uploads\\\/2020\\\/04\\\/social_share.gif\",\"datePublished\":\"2020-04-04T21:49:31+00:00\",\"dateModified\":\"2020-06-11T13:44:50+00:00\",\"breadcrumb\":{\"@id\":\"https:\\\/\\\/unceasinglypray.org\\\/ro\\\/day-9\\\/#breadcrumb\"},\"inLanguage\":\"sk-SK\",\"potentialAction\":[{\"@type\":\"ReadAction\",\"target\":[\"https:\\\/\\\/unceasinglypray.org\\\/ro\\\/day-9\\\/\"]}]},{\"@type\":\"ImageObject\",\"inLanguage\":\"sk-SK\",\"@id\":\"https:\\\/\\\/unceasinglypray.org\\\/ro\\\/day-9\\\/#primaryimage\",\"url\":\"https:\\\/\\\/unceasinglypray.org\\\/wp-content\\\/uploads\\\/2020\\\/04\\\/social_share.gif\",\"contentUrl\":\"https:\\\/\\\/unceasinglypray.org\\\/wp-content\\\/uploads\\\/2020\\\/04\\\/social_share.gif\",\"width\":1200,\"height\":630},{\"@type\":\"BreadcrumbList\",\"@id\":\"https:\\\/\\\/unceasinglypray.org\\\/ro\\\/day-9\\\/#breadcrumb\",\"itemListElement\":[{\"@type\":\"ListItem\",\"position\":1,\"name\":\"Home\",\"item\":\"https:\\\/\\\/unceasinglypray.org\\\/pt\\\/\"},{\"@type\":\"ListItem\",\"position\":2,\"name\":\"Day 9\"}]},{\"@type\":\"WebSite\",\"@id\":\"https:\\\/\\\/unceasinglypray.org\\\/ar\\\/#website\",\"url\":\"https:\\\/\\\/unceasinglypray.org\\\/ar\\\/\",\"name\":\"Unceasingly Pray\",\"description\":\"\",\"potentialAction\":[{\"@type\":\"SearchAction\",\"target\":{\"@type\":\"EntryPoint\",\"urlTemplate\":\"https:\\\/\\\/unceasinglypray.org\\\/ar\\\/?s={search_term_string}\"},\"query-input\":{\"@type\":\"PropertyValueSpecification\",\"valueRequired\":true,\"valueName\":\"search_term_string\"}}],\"inLanguage\":\"sk-SK\"}]}<\/script>\n<!-- \/ Yoast SEO plugin. -->","yoast_head_json":{"title":"Day 9 - Unceasingly Pray","robots":{"index":"index","follow":"follow","max-snippet":"max-snippet:-1","max-image-preview":"max-image-preview:large","max-video-preview":"max-video-preview:-1"},"canonical":"https:\/\/unceasinglypray.org\/sk_sk\/day-9\/","og_locale":"sk_SK","og_type":"article","og_title":"Day 9 - Unceasingly Pray","og_description":"DAY 9: PRAYER FOR THE SCATTERED BELIEVERS Acts 9:2, Acts 26:19; Ezra 1:5; Ezek. 36:24 For the scattered believers to see the heavenly vision of God\u2019s eternal purpose, to be stirred up in their spirits to seek the deeper things of Christ and God\u2019s building, and to take the way of God\u2019s New Testament economy&hellip;","og_url":"https:\/\/unceasinglypray.org\/sk_sk\/day-9\/","og_site_name":"Unceasingly Pray","article_modified_time":"2020-06-11T13:44:50+00:00","og_image":[{"width":1200,"height":630,"url":"https:\/\/unceasinglypray.org\/wp-content\/uploads\/2020\/04\/social_share.gif","type":"image\/gif"}],"twitter_card":"summary_large_image","twitter_misc":{"Predpokladan\u00fd \u010das \u010d\u00edtania":"1 min\u00fata"},"schema":{"@context":"https:\/\/schema.org","@graph":[{"@type":"WebPage","@id":"https:\/\/unceasinglypray.org\/ro\/day-9\/","url":"https:\/\/unceasinglypray.org\/ro\/day-9\/","name":"Day 9 - Unceasingly Pray","isPartOf":{"@id":"https:\/\/unceasinglypray.org\/ar\/#website"},"primaryImageOfPage":{"@id":"https:\/\/unceasinglypray.org\/ro\/day-9\/#primaryimage"},"image":{"@id":"https:\/\/unceasinglypray.org\/ro\/day-9\/#primaryimage"},"thumbnailUrl":"https:\/\/unceasinglypray.org\/wp-content\/uploads\/2020\/04\/social_share.gif","datePublished":"2020-04-04T21:49:31+00:00","dateModified":"2020-06-11T13:44:50+00:00","breadcrumb":{"@id":"https:\/\/unceasinglypray.org\/ro\/day-9\/#breadcrumb"},"inLanguage":"sk-SK","potentialAction":[{"@type":"ReadAction","target":["https:\/\/unceasinglypray.org\/ro\/day-9\/"]}]},{"@type":"ImageObject","inLanguage":"sk-SK","@id":"https:\/\/unceasinglypray.org\/ro\/day-9\/#primaryimage","url":"https:\/\/unceasinglypray.org\/wp-content\/uploads\/2020\/04\/social_share.gif","contentUrl":"https:\/\/unceasinglypray.org\/wp-content\/uploads\/2020\/04\/social_share.gif","width":1200,"height":630},{"@type":"BreadcrumbList","@id":"https:\/\/unceasinglypray.org\/ro\/day-9\/#breadcrumb","itemListElement":[{"@type":"ListItem","position":1,"name":"Home","item":"https:\/\/unceasinglypray.org\/pt\/"},{"@type":"ListItem","position":2,"name":"Day 9"}]},{"@type":"WebSite","@id":"https:\/\/unceasinglypray.org\/ar\/#website","url":"https:\/\/unceasinglypray.org\/ar\/","name":"Unceasingly Pray","description":"","potentialAction":[{"@type":"SearchAction","target":{"@type":"EntryPoint","urlTemplate":"https:\/\/unceasinglypray.org\/ar\/?s={search_term_string}"},"query-input":{"@type":"PropertyValueSpecification","valueRequired":true,"valueName":"search_term_string"}}],"inLanguage":"sk-SK"}]}},"_links":{"self":[{"href":"https:\/\/unceasinglypray.org\/sk_sk\/wp-json\/wp\/v2\/pages\/522","targetHints":{"allow":["GET"]}}],"collection":[{"href":"https:\/\/unceasinglypray.org\/sk_sk\/wp-json\/wp\/v2\/pages"}],"about":[{"href":"https:\/\/unceasinglypray.org\/sk_sk\/wp-json\/wp\/v2\/types\/page"}],"author":[{"embeddable":true,"href":"https:\/\/unceasinglypray.org\/sk_sk\/wp-json\/wp\/v2\/users\/1"}],"replies":[{"embeddable":true,"href":"https:\/\/unceasinglypray.org\/sk_sk\/wp-json\/wp\/v2\/comments?post=522"}],"version-history":[{"count":0,"href":"https:\/\/unceasinglypray.org\/sk_sk\/wp-json\/wp\/v2\/pages\/522\/revisions"}],"wp:featuredmedia":[{"embeddable":true,"href":"https:\/\/unceasinglypray.org\/sk_sk\/wp-json\/wp\/v2\/media\/771"}],"wp:attachment":[{"href":"https:\/\/unceasinglypray.org\/sk_sk\/wp-json\/wp\/v2\/media?parent=522"}],"curies":[{"name":"wp","href":"https:\/\/api.w.org\/{rel}","templated":true}]}}