{"id":507,"date":"2020-04-04T21:25:02","date_gmt":"2020-04-04T21:25:02","guid":{"rendered":"https:\/\/unceasinglypray.org\/?page_id=507"},"modified":"2020-06-11T13:42:01","modified_gmt":"2020-06-11T13:42:01","slug":"day-1","status":"publish","type":"page","link":"https:\/\/unceasinglypray.org\/sk_sk\/day-1\/","title":{"rendered":"Day 1"},"content":{"rendered":"<p>DAY 1:\u00a0PRAYER ACCORDING TO MATTHEW 6<\/p>\n\t<p>Mt 6:10b; Zj 11:15<\/p>\n\t<p>Aby sa posv\u00e4tilo meno Otca (Mt 6:9b), pri\u0161lo Jeho kr\u00e1\u013eovstvo (Mt 6:10a; Zj 11:15) a Jeho v\u00f4\u013ea sa vykonala na zemi (Mt 6:10b).<\/p>\n\t<p><strong>Mt 6:9<\/strong>\u2014Vy sa teda takto modlite: Ot\u010de n\u00e1\u0161, ktor\u00fd si v nebesiach! Posv\u00e4\u0165 sa meno Tvoje!<\/p>\n<p><strong>Zj 11:15<\/strong>\u2014Zatr\u00fabil siedmy anjel. A na nebi sa ozvali tak\u00e9to mohutn\u00e9 hlasy: Kr\u00e1\u013eovstvo sveta stalo sa kr\u00e1\u013eovstvom n\u00e1\u0161ho P\u00e1na a Jeho Pomazan\u00e9ho a kra\u013eova\u0165 bude naveky vekov!<\/p>\n<p><strong>Mt 6:10<\/strong>\u2014Pr\u00ed\u010f kr\u00e1\u013eovstvo Tvoje! Bu\u010f v\u00f4\u013ea Tvoja ako v nebi tak i na zemi! 11 Chlieb n\u00e1\u0161 ka\u017edodenn\u00fd daj n\u00e1m dnes!<\/p>\n\t\t<h3><\/h3>\n\t\t<p>Vytrvajte v modlitbe.<\/p>\n\t\t\t<a href=\"https:\/\/unceasinglypray.org\/sk_sk\/sign-up\/\" target=\"_self\" role=\"button\" rel=\"noopener noreferrer\">\n\t\t\t\t\t\t\tVYBERTE SI \u010cAS\n\t\t\t\t\t<\/a>","protected":false},"excerpt":{"rendered":"<p>DAY 1:\u00a0PRAYER ACCORDING TO MATTHEW 6 MATT. 6:9\u201310; REV. 11:15 For the Father\u2019s name to be sanctified (Matt. 6:9b), for His kingdom to come (Matt. 6:10a; Rev. 11:15); and for His will to be done on the earth (Matt. 6:10b). Matt. 6:9\u2014You then pray in this way: Our Father who is in the heavens, Your&hellip;<\/p>","protected":false},"author":1,"featured_media":771,"parent":0,"menu_order":0,"comment_status":"closed","ping_status":"closed","template":"","meta":{"inline_featured_image":false,"footnotes":""},"class_list":["post-507","page","type-page","status-publish","has-post-thumbnail","hentry"],"yoast_head":"<!-- This site is optimized with the Yoast SEO plugin v27.3 - https:\/\/yoast.com\/product\/yoast-seo-wordpress\/ -->\n<title>Day 1 - Unceasingly Pray<\/title>\n<meta name=\"robots\" content=\"index, follow, max-snippet:-1, max-image-preview:large, max-video-preview:-1\" \/>\n<link rel=\"canonical\" href=\"https:\/\/unceasinglypray.org\/sk_sk\/day-1\/\" \/>\n<meta property=\"og:locale\" content=\"sk_SK\" \/>\n<meta property=\"og:type\" content=\"article\" \/>\n<meta property=\"og:title\" content=\"Day 1 - Unceasingly Pray\" \/>\n<meta property=\"og:description\" content=\"DAY 1:\u00a0PRAYER ACCORDING TO MATTHEW 6 MATT. 6:9\u201310; REV. 11:15 For the Father\u2019s name to be sanctified (Matt. 6:9b), for His kingdom to come (Matt. 6:10a; Rev. 11:15); and for His will to be done on the earth (Matt. 6:10b). Matt. 6:9\u2014You then pray in this way: Our Father who is in the heavens, Your&hellip;\" \/>\n<meta property=\"og:url\" content=\"https:\/\/unceasinglypray.org\/sk_sk\/day-1\/\" \/>\n<meta property=\"og:site_name\" content=\"Unceasingly Pray\" \/>\n<meta property=\"article:modified_time\" content=\"2020-06-11T13:42:01+00:00\" \/>\n<meta property=\"og:image\" content=\"https:\/\/unceasinglypray.org\/wp-content\/uploads\/2020\/04\/social_share.gif\" \/>\n\t<meta property=\"og:image:width\" content=\"1200\" \/>\n\t<meta property=\"og:image:height\" content=\"630\" \/>\n\t<meta property=\"og:image:type\" content=\"image\/gif\" \/>\n<meta name=\"twitter:card\" content=\"summary_large_image\" \/>\n<meta name=\"twitter:label1\" content=\"Predpokladan\u00fd \u010das \u010d\u00edtania\" \/>\n\t<meta name=\"twitter:data1\" content=\"1 min\u00fata\" \/>\n<script type=\"application\/ld+json\" class=\"yoast-schema-graph\">{\"@context\":\"https:\\\/\\\/schema.org\",\"@graph\":[{\"@type\":\"WebPage\",\"@id\":\"https:\\\/\\\/unceasinglypray.org\\\/sk_sk\\\/day-1\\\/\",\"url\":\"https:\\\/\\\/unceasinglypray.org\\\/sk_sk\\\/day-1\\\/\",\"name\":\"Day 1 - Unceasingly Pray\",\"isPartOf\":{\"@id\":\"https:\\\/\\\/unceasinglypray.org\\\/ar\\\/#website\"},\"primaryImageOfPage\":{\"@id\":\"https:\\\/\\\/unceasinglypray.org\\\/sk_sk\\\/day-1\\\/#primaryimage\"},\"image\":{\"@id\":\"https:\\\/\\\/unceasinglypray.org\\\/sk_sk\\\/day-1\\\/#primaryimage\"},\"thumbnailUrl\":\"https:\\\/\\\/unceasinglypray.org\\\/wp-content\\\/uploads\\\/2020\\\/04\\\/social_share.gif\",\"datePublished\":\"2020-04-04T21:25:02+00:00\",\"dateModified\":\"2020-06-11T13:42:01+00:00\",\"breadcrumb\":{\"@id\":\"https:\\\/\\\/unceasinglypray.org\\\/sk_sk\\\/day-1\\\/#breadcrumb\"},\"inLanguage\":\"sk-SK\",\"potentialAction\":[{\"@type\":\"ReadAction\",\"target\":[\"https:\\\/\\\/unceasinglypray.org\\\/sk_sk\\\/day-1\\\/\"]}]},{\"@type\":\"ImageObject\",\"inLanguage\":\"sk-SK\",\"@id\":\"https:\\\/\\\/unceasinglypray.org\\\/sk_sk\\\/day-1\\\/#primaryimage\",\"url\":\"https:\\\/\\\/unceasinglypray.org\\\/wp-content\\\/uploads\\\/2020\\\/04\\\/social_share.gif\",\"contentUrl\":\"https:\\\/\\\/unceasinglypray.org\\\/wp-content\\\/uploads\\\/2020\\\/04\\\/social_share.gif\",\"width\":1200,\"height\":630},{\"@type\":\"BreadcrumbList\",\"@id\":\"https:\\\/\\\/unceasinglypray.org\\\/sk_sk\\\/day-1\\\/#breadcrumb\",\"itemListElement\":[{\"@type\":\"ListItem\",\"position\":1,\"name\":\"Home\",\"item\":\"https:\\\/\\\/unceasinglypray.org\\\/pt\\\/\"},{\"@type\":\"ListItem\",\"position\":2,\"name\":\"Day 1\"}]},{\"@type\":\"WebSite\",\"@id\":\"https:\\\/\\\/unceasinglypray.org\\\/ar\\\/#website\",\"url\":\"https:\\\/\\\/unceasinglypray.org\\\/ar\\\/\",\"name\":\"Unceasingly Pray\",\"description\":\"\",\"potentialAction\":[{\"@type\":\"SearchAction\",\"target\":{\"@type\":\"EntryPoint\",\"urlTemplate\":\"https:\\\/\\\/unceasinglypray.org\\\/ar\\\/?s={search_term_string}\"},\"query-input\":{\"@type\":\"PropertyValueSpecification\",\"valueRequired\":true,\"valueName\":\"search_term_string\"}}],\"inLanguage\":\"sk-SK\"}]}<\/script>\n<!-- \/ Yoast SEO plugin. -->","yoast_head_json":{"title":"Day 1 - Unceasingly Pray","robots":{"index":"index","follow":"follow","max-snippet":"max-snippet:-1","max-image-preview":"max-image-preview:large","max-video-preview":"max-video-preview:-1"},"canonical":"https:\/\/unceasinglypray.org\/sk_sk\/day-1\/","og_locale":"sk_SK","og_type":"article","og_title":"Day 1 - Unceasingly Pray","og_description":"DAY 1:\u00a0PRAYER ACCORDING TO MATTHEW 6 MATT. 6:9\u201310; REV. 11:15 For the Father\u2019s name to be sanctified (Matt. 6:9b), for His kingdom to come (Matt. 6:10a; Rev. 11:15); and for His will to be done on the earth (Matt. 6:10b). Matt. 6:9\u2014You then pray in this way: Our Father who is in the heavens, Your&hellip;","og_url":"https:\/\/unceasinglypray.org\/sk_sk\/day-1\/","og_site_name":"Unceasingly Pray","article_modified_time":"2020-06-11T13:42:01+00:00","og_image":[{"width":1200,"height":630,"url":"https:\/\/unceasinglypray.org\/wp-content\/uploads\/2020\/04\/social_share.gif","type":"image\/gif"}],"twitter_card":"summary_large_image","twitter_misc":{"Predpokladan\u00fd \u010das \u010d\u00edtania":"1 min\u00fata"},"schema":{"@context":"https:\/\/schema.org","@graph":[{"@type":"WebPage","@id":"https:\/\/unceasinglypray.org\/sk_sk\/day-1\/","url":"https:\/\/unceasinglypray.org\/sk_sk\/day-1\/","name":"Day 1 - Unceasingly Pray","isPartOf":{"@id":"https:\/\/unceasinglypray.org\/ar\/#website"},"primaryImageOfPage":{"@id":"https:\/\/unceasinglypray.org\/sk_sk\/day-1\/#primaryimage"},"image":{"@id":"https:\/\/unceasinglypray.org\/sk_sk\/day-1\/#primaryimage"},"thumbnailUrl":"https:\/\/unceasinglypray.org\/wp-content\/uploads\/2020\/04\/social_share.gif","datePublished":"2020-04-04T21:25:02+00:00","dateModified":"2020-06-11T13:42:01+00:00","breadcrumb":{"@id":"https:\/\/unceasinglypray.org\/sk_sk\/day-1\/#breadcrumb"},"inLanguage":"sk-SK","potentialAction":[{"@type":"ReadAction","target":["https:\/\/unceasinglypray.org\/sk_sk\/day-1\/"]}]},{"@type":"ImageObject","inLanguage":"sk-SK","@id":"https:\/\/unceasinglypray.org\/sk_sk\/day-1\/#primaryimage","url":"https:\/\/unceasinglypray.org\/wp-content\/uploads\/2020\/04\/social_share.gif","contentUrl":"https:\/\/unceasinglypray.org\/wp-content\/uploads\/2020\/04\/social_share.gif","width":1200,"height":630},{"@type":"BreadcrumbList","@id":"https:\/\/unceasinglypray.org\/sk_sk\/day-1\/#breadcrumb","itemListElement":[{"@type":"ListItem","position":1,"name":"Home","item":"https:\/\/unceasinglypray.org\/pt\/"},{"@type":"ListItem","position":2,"name":"Day 1"}]},{"@type":"WebSite","@id":"https:\/\/unceasinglypray.org\/ar\/#website","url":"https:\/\/unceasinglypray.org\/ar\/","name":"Unceasingly Pray","description":"","potentialAction":[{"@type":"SearchAction","target":{"@type":"EntryPoint","urlTemplate":"https:\/\/unceasinglypray.org\/ar\/?s={search_term_string}"},"query-input":{"@type":"PropertyValueSpecification","valueRequired":true,"valueName":"search_term_string"}}],"inLanguage":"sk-SK"}]}},"_links":{"self":[{"href":"https:\/\/unceasinglypray.org\/sk_sk\/wp-json\/wp\/v2\/pages\/507","targetHints":{"allow":["GET"]}}],"collection":[{"href":"https:\/\/unceasinglypray.org\/sk_sk\/wp-json\/wp\/v2\/pages"}],"about":[{"href":"https:\/\/unceasinglypray.org\/sk_sk\/wp-json\/wp\/v2\/types\/page"}],"author":[{"embeddable":true,"href":"https:\/\/unceasinglypray.org\/sk_sk\/wp-json\/wp\/v2\/users\/1"}],"replies":[{"embeddable":true,"href":"https:\/\/unceasinglypray.org\/sk_sk\/wp-json\/wp\/v2\/comments?post=507"}],"version-history":[{"count":0,"href":"https:\/\/unceasinglypray.org\/sk_sk\/wp-json\/wp\/v2\/pages\/507\/revisions"}],"wp:featuredmedia":[{"embeddable":true,"href":"https:\/\/unceasinglypray.org\/sk_sk\/wp-json\/wp\/v2\/media\/771"}],"wp:attachment":[{"href":"https:\/\/unceasinglypray.org\/sk_sk\/wp-json\/wp\/v2\/media?parent=507"}],"curies":[{"name":"wp","href":"https:\/\/api.w.org\/{rel}","templated":true}]}}