{"id":23,"date":"2020-03-26T23:58:07","date_gmt":"2020-03-26T23:58:07","guid":{"rendered":"https:\/\/unceasepray.wpengine.com\/?page_id=23"},"modified":"2020-06-11T15:14:28","modified_gmt":"2020-06-11T15:14:28","slug":"ministry","status":"publish","type":"page","link":"https:\/\/unceasinglypray.org\/sk_sk\/ministry\/","title":{"rendered":"Posluhovanie"},"content":{"rendered":"<p>POSLUHOVANIE<\/p>\n\t<p>HYMNY K MODLITBE<\/p>\n\t<p>Ni\u017e\u0161ie je uveden\u00fd zoznam hymnov s\u00favisiacich s modlitbou. (dostupn\u00e9 v angli\u010dtine) Kliknut\u00edm na jednotliv\u00e9 tituly si m\u00f4\u017eete pre\u010d\u00edta\u0165 cel\u00e9 texty. Nech tieto hymny posil\u0148uj\u00fa a obohacuj\u00fa n\u00e1\u0161 modlitebn\u00fd \u017eivot s P\u00e1nom.<\/p>\n\n\t<p>762: <a href=\"https:\/\/www.hymnal.net\/en\/hymn\/h\/762\">Prayer is the incense of a holy heart<\/a><\/p>\n<p>767: <a href=\"http:\/\/www.witness-lee-hymns.org\/hymns\/H0767.html\">Teach us to pray that we may cause<\/a><\/p>\n<p>768: <a href=\"https:\/\/www.hymnal.net\/en\/hymn\/h\/768\">Lord, teach us how to use<\/a><\/p>\n<p>769: <a href=\"http:\/\/www.witness-lee-hymns.org\/hymns\/H0769.html\">To the holiest place I\u2019d come<\/a><\/p>\n<p>771: <a href=\"http:\/\/www.witness-lee-hymns.org\/hymns\/H0771.html\">The veil is rent and opened is<\/a><\/p>\n<p>772: <a href=\"http:\/\/www.witness-lee-hymns.org\/hymns\/H0772.html\">Lord, we meet to seek Thy face<\/a><\/p>\n<p>775: <a href=\"https:\/\/www.hymnal.net\/en\/hymn\/h\/775\">In the mighty Name of Jesus<\/a><\/p>\n<p>776:<a href=\"https:\/\/www.hymnal.net\/en\/hymn\/h\/776\"> \u201cAsk in faith,\u201d the Name of Jesus<\/a><\/p>\n<p>777: <a href=\"https:\/\/www.hymnal.net\/en\/hymn\/h\/777\">Say to this mountain, \u201cGo\u201d<\/a><\/p>\n<p>778: <a href=\"https:\/\/www.hymnal.net\/en\/hymn\/h\/778\">Keep up the song of faith<\/a><\/p>\n<p>779: <a href=\"http:\/\/www.witness-lee-hymns.org\/hymns\/H0779.html\">Pray with one accord in spirit<\/a><\/p>\n<p>780: <a href=\"http:\/\/www.witness-lee-hymns.org\/hymns\/H0780.html\">Praying always in the spirit<\/a><\/p>\n<p>781: <a href=\"http:\/\/www.witness-lee-hymns.org\/hymns\/H0781.html\">Exercise the spirit<\/a><\/p>\n<p>783: <a href=\"http:\/\/www.witness-lee-hymns.org\/hymns\/H0783.html\">Pray to touch the throne of God<\/a><\/p>\n<p>785: <a href=\"http:\/\/www.witness-lee-hymns.org\/hymns\/H0785.html\">Praying to express the Lord<\/a><\/p>\n<p>786: <a href=\"http:\/\/www.witness-lee-hymns.org\/hymns\/H0786.html\">Pray to labor with the Lord<\/a><\/p>\n<p>790: <a href=\"https:\/\/www.hymnal.net\/en\/hymn\/h\/790\">\u201cKeep the incense burning\u201d<\/a><\/p>\n\t<p>791: <a href=\"http:\/\/www.witness-lee-hymns.org\/hymns\/H0791.html\">The priest\u2019s position holy is<\/a><\/p>\n<p>792: <a href=\"http:\/\/www.witness-lee-hymns.org\/hymns\/H0792.html\">Waiting on Thee, Lord, waiting on Thee<\/a><\/p>\n<p>794: <a href=\"https:\/\/www.hymnal.net\/en\/hymn\/h\/794\">Stir me, oh, stir me, Lord, I care not how<\/a><\/p>\n<p>795: <a href=\"https:\/\/www.hymnal.net\/en\/hymn\/h\/795\">Father, let Thy kingdom come<\/a><\/p>\n<p>797: <a href=\"https:\/\/www.hymnal.net\/en\/hymn\/h\/797\">Revive Thy work, O Lord!<\/a><\/p>\n<p>798: <a href=\"https:\/\/www.hymnal.net\/en\/hymn\/h\/798\">Revive Thy work, dear Lord!<\/a><\/p>\n<p>845: <a href=\"http:\/\/www.witness-lee-hymns.org\/hymns\/H0845.html\">Release my spirit! This is what I need<\/a><\/p>\n<p>846: <a href=\"http:\/\/www.witness-lee-hymns.org\/hymns\/H0846.html\">Oh, may my spirit flow<\/a><\/p>\n<p>848: <a href=\"http:\/\/www.witness-lee-hymns.org\/hymns\/H0848.html\">What a blessing, what a priv\u2019lege!<\/a><\/p>\n<p>849: <a href=\"http:\/\/www.witness-lee-hymns.org\/hymns\/H0849.html\">Holy priests are living stones<\/a><\/p>\n<p>876: <a href=\"http:\/\/www.witness-lee-hymns.org\/hymns\/H0876.html\">When war is hot and fierce<\/a><\/p>\n<p>885: <a href=\"http:\/\/www.witness-lee-hymns.org\/hymns\/H0885.html\">Fight the battle in the Body<\/a><\/p>\n<p>888: <a href=\"https:\/\/www.hymnal.net\/en\/hymn\/h\/888\">Soldiers of Christ, arise<\/a><\/p>\n<p>890: <a href=\"https:\/\/www.hymnal.net\/en\/hymn\/h\/890\">Hallelujah! Christ is Victor<\/a><\/p>\n<p>892: <a href=\"http:\/\/www.witness-lee-hymns.org\/hymns\/H0892.html\">With all the pow\u2019r in heav\u2019n and earth<\/a><\/p>\n<p>1217: <a href=\"https:\/\/www.hymnal.net\/en\/hymn\/h\/1217\">Lord, we\u2019ve heard the call, \u201cCome forward\u201d<\/a><\/p>\n\t<p>&nbsp;<\/p>\n<p>Tieto hymny s\u00fa prevzat\u00e9 z <i>Hymnov<\/i>, publikovan\u00fdch Living Stream Ministry.<\/p>\n\n\t<p>Odkazy na \u00faryvky z modlitby<\/p>\n<ul>\n<li class=\"translation-block\"><em>The Prayer Ministry of the Church<\/em>, Chapter 1 and 4<\/li>\n<li><em>Bremeno a modlitba<\/em>, kapitola 1<\/li>\n<li class=\"translation-block\"><em>Lesson Book, Level 5: The Churches \u2013 The Vision and Building Up of the Church<\/em>, Chapter 18<\/li>\n<li class=\"translation-block\"><em>The Prayer of the Age<\/em> (Booklet)<\/li>\n<li><em>Lessons on Prayer<\/em><\/li>\n<li class=\"translation-block\"><em>Life-Study of Exodus<\/em>, Messages 147, 148, and 152<\/li>\n<li class=\"translation-block\"><em>Life-Study of Genesis<\/em>, Message 51<\/li>\n<li class=\"translation-block\"><em>New Believers\u2019 Series<\/em>: Lesson 11, Prayer<\/li>\n<li><em>The Collected Works of Watchman Nee,\u00a0Set 2, vol. 38: General Messages (2)<\/em>, Chapter 23<\/li>\n<li class=\"translation-block\"><em>Fellowship Concerning the Urgent Need of the Vital Groups<\/em>, Chapter 14<\/li>\n<\/ul>\n\n\t<p><img \/>Stiahnite si roz\u0161\u00edren\u00fd zoznam \u00faryvkov posluhovania oh\u013eadne modlitby (v angli\u010dtine) <a href=\"https:\/\/unceasinglypray.org\/wp-content\/uploads\/2020\/05\/Ministry_on_Prayer-final.pdf\">tu<\/a>.<\/p>\n<p><img alt=\"\" width=\"25650\" height=\"150\" \/><\/p>\n\t\t<h3><\/h3>\n\t\t<p>Vytrvajte v modlitbe.<\/p>\n\t\t\t<a href=\"https:\/\/unceasinglypray.org\/sk_sk\/sign-up\/\" target=\"_self\" role=\"button\" rel=\"noopener noreferrer\">\n\t\t\t\t\t\t\tVYBERTE SI \u010cAS\n\t\t\t\t\t<\/a>","protected":false},"excerpt":{"rendered":"<p>MINISTRY HYMNS ON PRAYER Below is a list of hymns related to prayer. Click on each title to read the full lyrics. May these hymns strengthen and enrich our prayer life with the Lord. 762: Prayer is the incense of a holy heart 767: Teach us to pray that we may cause 768: Lord, teach&hellip;<\/p>","protected":false},"author":1,"featured_media":0,"parent":0,"menu_order":0,"comment_status":"closed","ping_status":"closed","template":"","meta":{"inline_featured_image":false,"footnotes":""},"class_list":["post-23","page","type-page","status-publish","hentry"],"yoast_head":"<!-- This site is optimized with the Yoast SEO plugin v27.3 - https:\/\/yoast.com\/product\/yoast-seo-wordpress\/ -->\n<title>Ministry - Unceasingly Pray<\/title>\n<meta name=\"robots\" content=\"index, follow, max-snippet:-1, max-image-preview:large, max-video-preview:-1\" \/>\n<link rel=\"canonical\" href=\"http:\/\/unceasinglypray.org\/sk_sk\/ministry\/\" \/>\n<meta property=\"og:locale\" content=\"sk_SK\" \/>\n<meta property=\"og:type\" content=\"article\" \/>\n<meta property=\"og:title\" content=\"Ministry - Unceasingly Pray\" \/>\n<meta property=\"og:description\" content=\"MINISTRY HYMNS ON PRAYER Below is a list of hymns related to prayer. Click on each title to read the full lyrics. May these hymns strengthen and enrich our prayer life with the Lord. 762: Prayer is the incense of a holy heart 767: Teach us to pray that we may cause 768: Lord, teach&hellip;\" \/>\n<meta property=\"og:url\" content=\"http:\/\/unceasinglypray.org\/sk_sk\/ministry\/\" \/>\n<meta property=\"og:site_name\" content=\"Unceasingly Pray\" \/>\n<meta property=\"article:modified_time\" content=\"2020-06-11T15:14:28+00:00\" \/>\n<meta name=\"twitter:card\" content=\"summary_large_image\" \/>\n<meta name=\"twitter:label1\" content=\"Predpokladan\u00fd \u010das \u010d\u00edtania\" \/>\n\t<meta name=\"twitter:data1\" content=\"2 min\u00faty\" \/>\n<script type=\"application\/ld+json\" class=\"yoast-schema-graph\">{\"@context\":\"https:\\\/\\\/schema.org\",\"@graph\":[{\"@type\":\"WebPage\",\"@id\":\"http:\\\/\\\/unceasinglypray.org\\\/fa\\\/ministry\\\/\",\"url\":\"http:\\\/\\\/unceasinglypray.org\\\/fa\\\/ministry\\\/\",\"name\":\"Ministry - Unceasingly Pray\",\"isPartOf\":{\"@id\":\"https:\\\/\\\/unceasinglypray.org\\\/ar\\\/#website\"},\"datePublished\":\"2020-03-26T23:58:07+00:00\",\"dateModified\":\"2020-06-11T15:14:28+00:00\",\"breadcrumb\":{\"@id\":\"http:\\\/\\\/unceasinglypray.org\\\/fa\\\/ministry\\\/#breadcrumb\"},\"inLanguage\":\"sk-SK\",\"potentialAction\":[{\"@type\":\"ReadAction\",\"target\":[\"http:\\\/\\\/unceasinglypray.org\\\/fa\\\/ministry\\\/\"]}]},{\"@type\":\"BreadcrumbList\",\"@id\":\"http:\\\/\\\/unceasinglypray.org\\\/fa\\\/ministry\\\/#breadcrumb\",\"itemListElement\":[{\"@type\":\"ListItem\",\"position\":1,\"name\":\"Home\",\"item\":\"https:\\\/\\\/unceasinglypray.org\\\/pt\\\/\"},{\"@type\":\"ListItem\",\"position\":2,\"name\":\"Ministry\"}]},{\"@type\":\"WebSite\",\"@id\":\"https:\\\/\\\/unceasinglypray.org\\\/ar\\\/#website\",\"url\":\"https:\\\/\\\/unceasinglypray.org\\\/ar\\\/\",\"name\":\"Unceasingly Pray\",\"description\":\"\",\"potentialAction\":[{\"@type\":\"SearchAction\",\"target\":{\"@type\":\"EntryPoint\",\"urlTemplate\":\"https:\\\/\\\/unceasinglypray.org\\\/ar\\\/?s={search_term_string}\"},\"query-input\":{\"@type\":\"PropertyValueSpecification\",\"valueRequired\":true,\"valueName\":\"search_term_string\"}}],\"inLanguage\":\"sk-SK\"}]}<\/script>\n<!-- \/ Yoast SEO plugin. -->","yoast_head_json":{"title":"Ministry - Unceasingly Pray","robots":{"index":"index","follow":"follow","max-snippet":"max-snippet:-1","max-image-preview":"max-image-preview:large","max-video-preview":"max-video-preview:-1"},"canonical":"http:\/\/unceasinglypray.org\/sk_sk\/ministry\/","og_locale":"sk_SK","og_type":"article","og_title":"Ministry - Unceasingly Pray","og_description":"MINISTRY HYMNS ON PRAYER Below is a list of hymns related to prayer. Click on each title to read the full lyrics. May these hymns strengthen and enrich our prayer life with the Lord. 762: Prayer is the incense of a holy heart 767: Teach us to pray that we may cause 768: Lord, teach&hellip;","og_url":"http:\/\/unceasinglypray.org\/sk_sk\/ministry\/","og_site_name":"Unceasingly Pray","article_modified_time":"2020-06-11T15:14:28+00:00","twitter_card":"summary_large_image","twitter_misc":{"Predpokladan\u00fd \u010das \u010d\u00edtania":"2 min\u00faty"},"schema":{"@context":"https:\/\/schema.org","@graph":[{"@type":"WebPage","@id":"http:\/\/unceasinglypray.org\/fa\/ministry\/","url":"http:\/\/unceasinglypray.org\/fa\/ministry\/","name":"Ministry - Unceasingly Pray","isPartOf":{"@id":"https:\/\/unceasinglypray.org\/ar\/#website"},"datePublished":"2020-03-26T23:58:07+00:00","dateModified":"2020-06-11T15:14:28+00:00","breadcrumb":{"@id":"http:\/\/unceasinglypray.org\/fa\/ministry\/#breadcrumb"},"inLanguage":"sk-SK","potentialAction":[{"@type":"ReadAction","target":["http:\/\/unceasinglypray.org\/fa\/ministry\/"]}]},{"@type":"BreadcrumbList","@id":"http:\/\/unceasinglypray.org\/fa\/ministry\/#breadcrumb","itemListElement":[{"@type":"ListItem","position":1,"name":"Home","item":"https:\/\/unceasinglypray.org\/pt\/"},{"@type":"ListItem","position":2,"name":"Ministry"}]},{"@type":"WebSite","@id":"https:\/\/unceasinglypray.org\/ar\/#website","url":"https:\/\/unceasinglypray.org\/ar\/","name":"Unceasingly Pray","description":"","potentialAction":[{"@type":"SearchAction","target":{"@type":"EntryPoint","urlTemplate":"https:\/\/unceasinglypray.org\/ar\/?s={search_term_string}"},"query-input":{"@type":"PropertyValueSpecification","valueRequired":true,"valueName":"search_term_string"}}],"inLanguage":"sk-SK"}]}},"_links":{"self":[{"href":"https:\/\/unceasinglypray.org\/sk_sk\/wp-json\/wp\/v2\/pages\/23","targetHints":{"allow":["GET"]}}],"collection":[{"href":"https:\/\/unceasinglypray.org\/sk_sk\/wp-json\/wp\/v2\/pages"}],"about":[{"href":"https:\/\/unceasinglypray.org\/sk_sk\/wp-json\/wp\/v2\/types\/page"}],"author":[{"embeddable":true,"href":"https:\/\/unceasinglypray.org\/sk_sk\/wp-json\/wp\/v2\/users\/1"}],"replies":[{"embeddable":true,"href":"https:\/\/unceasinglypray.org\/sk_sk\/wp-json\/wp\/v2\/comments?post=23"}],"version-history":[{"count":0,"href":"https:\/\/unceasinglypray.org\/sk_sk\/wp-json\/wp\/v2\/pages\/23\/revisions"}],"wp:attachment":[{"href":"https:\/\/unceasinglypray.org\/sk_sk\/wp-json\/wp\/v2\/media?parent=23"}],"curies":[{"name":"wp","href":"https:\/\/api.w.org\/{rel}","templated":true}]}}