{"id":170,"date":"2020-03-28T22:23:04","date_gmt":"2020-03-28T22:23:04","guid":{"rendered":"https:\/\/unceasepray.wpengine.com\/?page_id=170"},"modified":"2020-06-11T20:14:31","modified_gmt":"2020-06-11T20:14:31","slug":"letter","status":"publish","type":"page","link":"https:\/\/unceasinglypray.org\/sk_sk\/letter\/","title":{"rendered":"Letter"},"content":{"rendered":"<h2>\n\t\tZ\u00e1vere\u010dn\u00e9 ozn\u00e1menie\n\t<\/h2>\n\t<p>31. m\u00e1ja 2020<\/p>\n\t<p>Ke\u010f \u010d\u00edtate tieto riadky, miestne cirkvi v P\u00e1novej obnove zakon\u010dili bezprecedentn\u00e9 obdobie glob\u00e1lnej dvadsa\u0165\u0161tyrihodinovej neprestajnej modlitby, ktor\u00e1 sa za\u010dala 1. apr\u00edla a skon\u010dila sa 30. m\u00e1ja v roku 2020. Celkovo sa na str\u00e1nku<a href=\"https:\/\/unceasinglypray.org\/sk_sk\/\"> unceasinglypray.org<\/a> zap\u00edsalo viac ako 13 700 sv\u00e4t\u00fdch, aby sa modlili v 15 - min\u00fatov\u00fdch \u010dasov\u00fdch \u00fasekoch, pokr\u00fdvaj\u00facich ka\u017ed\u00fa min\u00fatu d\u0148a v zast\u00fapen\u00ed ka\u017ed\u00e9ho ob\u00fdvan\u00e9ho \u010dasov\u00e9ho p\u00e1sma na svete. Bolo n\u00e1m tie\u017e ozn\u00e1men\u00e9, \u017ee mnoh\u00ed \u010fal\u0161\u00ed sv\u00e4t\u00ed sa po celej zemi verne modlili bez toho, aby sa prihl\u00e1sili na t\u00fato str\u00e1nku. Sme presved\u010den\u00ed, \u017ee celkov\u00fd po\u010det z\u00fa\u010dastnen\u00fdch sv\u00e4t\u00fdch bol viac ako 50 000.&nbsp;<\/p>\n<p>Uctievame P\u00e1na za to, \u017ee po\u010das tohto obdobia zaopatril Svoje deti duchom prosebnej modlitby. Ver\u00edme, \u017ee Bo\u017e\u00ed pohyb na zemi bude napredova\u0165 v nadch\u00e1dzaj\u00facich d\u0148och v d\u00f4sledku na\u0161ej jednoty s P\u00e1nom s cie\u013eom prich\u00e1dza\u0165 pred Bo\u017e\u00ed tr\u00f3n. Nech s\u00fa v\u0161etky na\u0161e modlitby pre Neho prijate\u013en\u00e9 spolu s Kristom ako kadidlom, a nech na tieto modlitby verne odpovie pod\u013ea Svojho zvrchovan\u00e9ho na\u010dasovania. Kie\u017eby v\u0161etci sv\u00e4t\u00ed pokra\u010dovali v modlitbe ka\u017ed\u00fd de\u0148, aby vo v\u0161etk\u00fdch miestnych cirkv\u00e1ch prevl\u00e1dala atmosf\u00e9ra modlitby.<\/p>\n<p>Str\u00e1nka<a href=\"https:\/\/unceasinglypray.org\/sk_sk\/\"> unceasinglypray.org<\/a> zostane st\u00e1le akt\u00edvna, aj ke\u010f denn\u00e9 e-maily s pripomienkou sa u\u017e nebud\u00fa odosiela\u0165. D\u00fafame, \u017ee sv\u00e4t\u00ed bud\u00fa na\u010falej nav\u0161tevova\u0165 t\u00fato str\u00e1nku a vyu\u017e\u00edva\u0165 r\u00f4zne jej sekcie, vr\u00e1tane<a href=\"https:\/\/unceasinglypray.org\/sk_sk\/prayer-burdens\/\"> 30 modlitebn\u00fdch bremien<\/a>, aby si obohatili svoj modlitebn\u00fd \u017eivot. Ustavi\u010dne sa mus\u00edme ve\u013ea modli\u0165 a ver\u00edme, \u017ee mnoh\u00ed sv\u00e4t\u00ed, ktor\u00ed sa teraz dotkli bremena pr\u00edhovoru, bud\u00fa povzbuden\u00ed v zotrvan\u00ed v tejto strategickej slu\u017ebe modlitbou.<\/p>\n<p>M\u00e1me d\u00f4veru, \u017ee spolupracovn\u00edci a ved\u00faci bratia vo v\u0161etk\u00fdch miestnych cirkv\u00e1ch bud\u00fa aj na\u010falej pr\u00edkladom \u201emu\u017eov, ktor\u00ed sa modlia v\u0161ade so zdvihnut\u00fdmi rukami\u201c, a stan\u00fa sa vzormi, ktor\u00e9 m\u00f4\u017eu nasledova\u0165 ostatn\u00ed sv\u00e4t\u00ed. Rovnako d\u00fafame, \u017ee sa zv\u00fd\u0161i \u00fa\u010das\u0165 na t\u00fd\u017edenn\u00fdch modlitebn\u00fdch stretnutiach cirkv\u00ed. Predov\u0161etk\u00fdm vzhliadame k P\u00e1novi, \u017ee modlitba, pr\u00edhovor, \u017eiadosti a v\u010fakyvzdanie sa skuto\u010dne stan\u00fa charakteristick\u00fdm znakom P\u00e1novej obnovy. Nech je meno n\u00e1\u0161ho Otca posv\u00e4ten\u00e9, pr\u00edde Jeho kr\u00e1\u013eovstvo a nech sa Jeho v\u00f4\u013ea stane na zemi tak, ako je to v nebi.<\/p>\n\n<h2>\n\t\tPREDO\u0160L\u00c9 LISTY\n\t<\/h2>\n\t<p><a href=\"https:\/\/unceasinglypray.org\/sk_sk\/letter-3\/\">29. apr\u00edla 2020: Vytrval\u00e9 pokra\u010dovanie v pr\u00edhovore<\/a><\/p>\n<p><a href=\"https:\/\/unceasinglypray.org\/sk_sk\/letter-2\/\">16. apr\u00edla 2020: Zotrv\u00e1vanie v modlitbe<\/a><\/p>\n<p><a href=\"https:\/\/unceasinglypray.org\/sk_sk\/letter-1\/\">30. marca 2020: Pozvanie k celosvetov\u00fdm modlitb\u00e1m<\/a><\/p>","protected":false},"excerpt":{"rendered":"<p>A FINAL ANNOUNCEMENT MAY 31, 2020 As you read this, the local churches in the Lord\u2019s recovery have concluded an unprecedented period of 24\/7 global prayer, beginning April 1 and ending May 30, 2020. In all, over 13,700 saints signed up on unceasinglypray.org to pray in 15-minute time slots, covering every minute of the day&hellip;<\/p>","protected":false},"author":3,"featured_media":0,"parent":0,"menu_order":0,"comment_status":"closed","ping_status":"closed","template":"","meta":{"inline_featured_image":false,"footnotes":""},"class_list":["post-170","page","type-page","status-publish","hentry"],"yoast_head":"<!-- This site is optimized with the Yoast SEO plugin v27.4 - https:\/\/yoast.com\/product\/yoast-seo-wordpress\/ -->\n<title>Letter - Unceasingly Pray<\/title>\n<meta name=\"robots\" content=\"index, follow, max-snippet:-1, max-image-preview:large, max-video-preview:-1\" \/>\n<link rel=\"canonical\" href=\"https:\/\/unceasinglypray.org\/sk_sk\/letter\/\" \/>\n<meta property=\"og:locale\" content=\"sk_SK\" \/>\n<meta property=\"og:type\" content=\"article\" \/>\n<meta property=\"og:title\" content=\"Letter - Unceasingly Pray\" \/>\n<meta property=\"og:description\" content=\"A FINAL ANNOUNCEMENT MAY 31, 2020 As you read this, the local churches in the Lord\u2019s recovery have concluded an unprecedented period of 24\/7 global prayer, beginning April 1 and ending May 30, 2020. In all, over 13,700 saints signed up on unceasinglypray.org to pray in 15-minute time slots, covering every minute of the day&hellip;\" \/>\n<meta property=\"og:url\" content=\"https:\/\/unceasinglypray.org\/sk_sk\/letter\/\" \/>\n<meta property=\"og:site_name\" content=\"Unceasingly Pray\" \/>\n<meta property=\"article:modified_time\" content=\"2020-06-11T20:14:31+00:00\" \/>\n<meta name=\"twitter:card\" content=\"summary_large_image\" \/>\n<meta name=\"twitter:label1\" content=\"Predpokladan\u00fd \u010das \u010d\u00edtania\" \/>\n\t<meta name=\"twitter:data1\" content=\"2 min\u00faty\" \/>\n<script type=\"application\/ld+json\" class=\"yoast-schema-graph\">{\"@context\":\"https:\\\/\\\/schema.org\",\"@graph\":[{\"@type\":\"WebPage\",\"@id\":\"https:\\\/\\\/unceasinglypray.org\\\/hr\\\/letter\\\/\",\"url\":\"https:\\\/\\\/unceasinglypray.org\\\/hr\\\/letter\\\/\",\"name\":\"Letter - Unceasingly Pray\",\"isPartOf\":{\"@id\":\"https:\\\/\\\/unceasinglypray.org\\\/ar\\\/#website\"},\"datePublished\":\"2020-03-28T22:23:04+00:00\",\"dateModified\":\"2020-06-11T20:14:31+00:00\",\"breadcrumb\":{\"@id\":\"https:\\\/\\\/unceasinglypray.org\\\/hr\\\/letter\\\/#breadcrumb\"},\"inLanguage\":\"sk-SK\",\"potentialAction\":[{\"@type\":\"ReadAction\",\"target\":[\"https:\\\/\\\/unceasinglypray.org\\\/hr\\\/letter\\\/\"]}]},{\"@type\":\"BreadcrumbList\",\"@id\":\"https:\\\/\\\/unceasinglypray.org\\\/hr\\\/letter\\\/#breadcrumb\",\"itemListElement\":[{\"@type\":\"ListItem\",\"position\":1,\"name\":\"Home\",\"item\":\"https:\\\/\\\/unceasinglypray.org\\\/pt\\\/\"},{\"@type\":\"ListItem\",\"position\":2,\"name\":\"Letter\"}]},{\"@type\":\"WebSite\",\"@id\":\"https:\\\/\\\/unceasinglypray.org\\\/ar\\\/#website\",\"url\":\"https:\\\/\\\/unceasinglypray.org\\\/ar\\\/\",\"name\":\"Unceasingly Pray\",\"description\":\"\",\"potentialAction\":[{\"@type\":\"SearchAction\",\"target\":{\"@type\":\"EntryPoint\",\"urlTemplate\":\"https:\\\/\\\/unceasinglypray.org\\\/ar\\\/?s={search_term_string}\"},\"query-input\":{\"@type\":\"PropertyValueSpecification\",\"valueRequired\":true,\"valueName\":\"search_term_string\"}}],\"inLanguage\":\"sk-SK\"}]}<\/script>\n<!-- \/ Yoast SEO plugin. -->","yoast_head_json":{"title":"Letter - Unceasingly Pray","robots":{"index":"index","follow":"follow","max-snippet":"max-snippet:-1","max-image-preview":"max-image-preview:large","max-video-preview":"max-video-preview:-1"},"canonical":"https:\/\/unceasinglypray.org\/sk_sk\/letter\/","og_locale":"sk_SK","og_type":"article","og_title":"Letter - Unceasingly Pray","og_description":"A FINAL ANNOUNCEMENT MAY 31, 2020 As you read this, the local churches in the Lord\u2019s recovery have concluded an unprecedented period of 24\/7 global prayer, beginning April 1 and ending May 30, 2020. In all, over 13,700 saints signed up on unceasinglypray.org to pray in 15-minute time slots, covering every minute of the day&hellip;","og_url":"https:\/\/unceasinglypray.org\/sk_sk\/letter\/","og_site_name":"Unceasingly Pray","article_modified_time":"2020-06-11T20:14:31+00:00","twitter_card":"summary_large_image","twitter_misc":{"Predpokladan\u00fd \u010das \u010d\u00edtania":"2 min\u00faty"},"schema":{"@context":"https:\/\/schema.org","@graph":[{"@type":"WebPage","@id":"https:\/\/unceasinglypray.org\/hr\/letter\/","url":"https:\/\/unceasinglypray.org\/hr\/letter\/","name":"Letter - Unceasingly Pray","isPartOf":{"@id":"https:\/\/unceasinglypray.org\/ar\/#website"},"datePublished":"2020-03-28T22:23:04+00:00","dateModified":"2020-06-11T20:14:31+00:00","breadcrumb":{"@id":"https:\/\/unceasinglypray.org\/hr\/letter\/#breadcrumb"},"inLanguage":"sk-SK","potentialAction":[{"@type":"ReadAction","target":["https:\/\/unceasinglypray.org\/hr\/letter\/"]}]},{"@type":"BreadcrumbList","@id":"https:\/\/unceasinglypray.org\/hr\/letter\/#breadcrumb","itemListElement":[{"@type":"ListItem","position":1,"name":"Home","item":"https:\/\/unceasinglypray.org\/pt\/"},{"@type":"ListItem","position":2,"name":"Letter"}]},{"@type":"WebSite","@id":"https:\/\/unceasinglypray.org\/ar\/#website","url":"https:\/\/unceasinglypray.org\/ar\/","name":"Unceasingly Pray","description":"","potentialAction":[{"@type":"SearchAction","target":{"@type":"EntryPoint","urlTemplate":"https:\/\/unceasinglypray.org\/ar\/?s={search_term_string}"},"query-input":{"@type":"PropertyValueSpecification","valueRequired":true,"valueName":"search_term_string"}}],"inLanguage":"sk-SK"}]}},"_links":{"self":[{"href":"https:\/\/unceasinglypray.org\/sk_sk\/wp-json\/wp\/v2\/pages\/170","targetHints":{"allow":["GET"]}}],"collection":[{"href":"https:\/\/unceasinglypray.org\/sk_sk\/wp-json\/wp\/v2\/pages"}],"about":[{"href":"https:\/\/unceasinglypray.org\/sk_sk\/wp-json\/wp\/v2\/types\/page"}],"author":[{"embeddable":true,"href":"https:\/\/unceasinglypray.org\/sk_sk\/wp-json\/wp\/v2\/users\/3"}],"replies":[{"embeddable":true,"href":"https:\/\/unceasinglypray.org\/sk_sk\/wp-json\/wp\/v2\/comments?post=170"}],"version-history":[{"count":0,"href":"https:\/\/unceasinglypray.org\/sk_sk\/wp-json\/wp\/v2\/pages\/170\/revisions"}],"wp:attachment":[{"href":"https:\/\/unceasinglypray.org\/sk_sk\/wp-json\/wp\/v2\/media?parent=170"}],"curies":[{"name":"wp","href":"https:\/\/api.w.org\/{rel}","templated":true}]}}