{"id":11,"date":"2020-03-25T00:51:57","date_gmt":"2020-03-25T00:51:57","guid":{"rendered":"https:\/\/unceasepray.wpengine.com\/?page_id=11"},"modified":"2020-05-31T20:39:54","modified_gmt":"2020-05-31T20:39:54","slug":"home","status":"publish","type":"page","link":"https:\/\/unceasinglypray.org\/sk_sk\/","title":{"rendered":"Home"},"content":{"rendered":"24 HOD\u00cdN\/30 DN\u00cd<br \/>\nGLOBAL PRAYER\n\t24\u00a0HR\/<br \/>\n30 DN\u00cd<br \/>\nCELOSVETOV\u00c1 MODLITBA\n\t<p>Z\u00e1vere\u010dn\u00e9 ozn\u00e1menie<\/p>\n\t<p>Ke\u010f \u010d\u00edtate tieto riadky, miestne cirkvi v P\u00e1novej obnove zakon\u010dili bezprecedentn\u00e9 obdobie glob\u00e1lnej dvadsa\u0165\u0161tyrihodinovej neprestajnej modlitby, ktor\u00e1 sa za\u010dala 1. apr\u00edla a skon\u010dila sa 30. m\u00e1ja v roku 2020. Celkovo sa na str\u00e1nku<a href=\"https:\/\/unceasinglypray.org\/sk_sk\/\"> unceasinglypray.org<\/a> zap\u00edsalo viac ako 13 700 sv\u00e4t\u00fdch, aby sa modlili v 15 - min\u00fatov\u00fdch \u010dasov\u00fdch \u00fasekoch, pokr\u00fdvaj\u00facich ka\u017ed\u00fa min\u00fatu d\u0148a v zast\u00fapen\u00ed ka\u017ed\u00e9ho ob\u00fdvan\u00e9ho \u010dasov\u00e9ho p\u00e1sma na svete. Bolo n\u00e1m tie\u017e ozn\u00e1men\u00e9, \u017ee mnoh\u00ed \u010fal\u0161\u00ed sv\u00e4t\u00ed sa po celej zemi verne modlili bez toho, aby sa prihl\u00e1sili na t\u00fato str\u00e1nku. Sme presved\u010den\u00ed, \u017ee celkov\u00fd po\u010det z\u00fa\u010dastnen\u00fdch sv\u00e4t\u00fdch bol viac ako 50 000. <\/p>\n<p><img alt=\"\" width=\"25650\" height=\"150\" \/><\/p>\n\t<p><a href=\"https:\/\/unceasinglypray.org\/sk_sk\/letter\/\">\u010c\u00edta\u0165 cel\u00e9 ozn\u00e1menie<\/a><\/p>\n\t<p>\u00daryvky z posluhovania<\/p>\n\t<p>\u201eV Novom z\u00e1kone je chr\u00e1m Bo\u017e\u00ed zlo\u017een\u00fd z k\u0148azov, ktor\u00ed sa modlia, teda p\u00e1lia kadidlo. Chr\u00e1m preto mus\u00ed by\u0165 chr\u00e1mom modlitby (Lk 19:46). Vybudovan\u00e1 cirkev je domom modlitby. To nie je doktr\u00edna, ani to nie je nejak\u00fd n\u00e1zor. Ide o po\u017eiadavku na vybudovanie cirkvi. Niektor\u00ed sv\u00e4t\u00ed musia prakticky povsta\u0165, aby vykon\u00e1vali k\u0148azsk\u00fa slu\u017ebu a vstupovali do sv\u00e4tyne a p\u00e1lili kadidlo. Znamen\u00e1 to, \u017ee musia existova\u0165 niektor\u00ed, ktor\u00ed povstan\u00fa k modlitbe. Inak nebude mo\u017en\u00e9 vybudova\u0165 cirkev.<\/p>\n<p>V cirkv\u00e1ch n\u00e1m ch\u00fdbaj\u00fa sv\u00e4t\u00ed, ktor\u00ed s\u00fa ochotn\u00ed vykon\u00e1va\u0165 k\u0148azsk\u00fa slu\u017ebu spa\u013eovania kadidla pred Bohom. P\u00e1n n\u00e1s osvietil, aby sme mohli uspokoji\u0165 t\u00fato potrebu.\u201c<\/p>\n<p>\u2014Witness Lee,\u00a0<em>The Exercise of the Spirit and the Building of God<\/em><\/p>\n\t<p>POSTAVTE SA DO TRHLINY<\/p>\n\t<p>Ezechiel 22:30<\/p>\n\t\t\t\t<img decoding=\"async\" src=\"https:\/\/unceasinglypray.org\/wp-content\/uploads\/2020\/04\/1.svg\" alt=\"1\" title=\"1\" itemprop=\"image\"\/>\n\t<p>1. Prihl\u00e1ste sa<\/p>\n\t<p>Vytvorte si \u00fa\u010det aby ste mohli dost\u00e1va\u0165 modlitebn\u00e9 bremen\u00e1 prostredn\u00edctvom e-mailu.<\/p>\n\t\t\t\t<img decoding=\"async\" src=\"https:\/\/unceasinglypray.org\/wp-content\/uploads\/2020\/04\/2.svg\" alt=\"2\" title=\"2\" itemprop=\"image\"\/>\n\t<p>2. Vyberte si \u010das<\/p>\n\t<p>Zvo\u013ete si 15-min\u00fatov\u00fd \u00fasek pre modlitbu na ka\u017ed\u00fd de\u0148.<\/p>\n\t\t\t\t<img decoding=\"async\" src=\"https:\/\/unceasinglypray.org\/wp-content\/uploads\/2020\/04\/3.svg\" alt=\"3\" title=\"3\" itemprop=\"image\"\/>\n\t<p>3. Za\u010dnite sa modli\u0165<\/p>\n\t<p>Pokra\u010dujte vytrvalo jednomyse\u013ene v modlitbe. (Skutky 1:14)<\/p>\n\t\t<h3><\/h3>\n\t\t<p>Vytrvajte v modlitbe.<\/p>\n\t\t\t<a href=\"https:\/\/unceasinglypray.org\/sk_sk\/sign-up\/\" target=\"_self\" role=\"button\" rel=\"noopener noreferrer\">\n\t\t\t\t\t\t\tVYBERTE SI \u010cAS\n\t\t\t\t\t<\/a>","protected":false},"excerpt":{"rendered":"<p>24\u00a0HR\/30\u00a0DAYS GLOBAL PRAYER 24\u00a0HR\/ 30\u00a0DAYS GLOBAL PRAYER A Final Announcement As you read this, the local churches in the Lord\u2019s recovery have concluded an unprecedented period of 24\/7 global prayer, beginning April 1 and ending May 30, 2020. In all, over 13,700 saints signed up on unceasinglypray.org to pray in 15-minute time slots, covering every&hellip;<\/p>","protected":false},"author":1,"featured_media":0,"parent":0,"menu_order":0,"comment_status":"closed","ping_status":"closed","template":"","meta":{"inline_featured_image":false,"footnotes":""},"class_list":["post-11","page","type-page","status-publish","hentry"],"yoast_head":"<!-- This site is optimized with the Yoast SEO plugin v27.4 - https:\/\/yoast.com\/product\/yoast-seo-wordpress\/ -->\n<title>Home - Unceasingly Pray<\/title>\n<meta name=\"robots\" content=\"index, follow, max-snippet:-1, max-image-preview:large, max-video-preview:-1\" \/>\n<link rel=\"canonical\" href=\"https:\/\/unceasinglypray.org\/sk_sk\/\" \/>\n<meta property=\"og:locale\" content=\"sk_SK\" \/>\n<meta property=\"og:type\" content=\"article\" \/>\n<meta property=\"og:title\" content=\"Home - Unceasingly Pray\" \/>\n<meta property=\"og:description\" content=\"24\u00a0HR\/30\u00a0DAYS GLOBAL PRAYER 24\u00a0HR\/ 30\u00a0DAYS GLOBAL PRAYER A Final Announcement As you read this, the local churches in the Lord\u2019s recovery have concluded an unprecedented period of 24\/7 global prayer, beginning April 1 and ending May 30, 2020. In all, over 13,700 saints signed up on unceasinglypray.org to pray in 15-minute time slots, covering every&hellip;\" \/>\n<meta property=\"og:url\" content=\"https:\/\/unceasinglypray.org\/sk_sk\/\" \/>\n<meta property=\"og:site_name\" content=\"Unceasingly Pray\" \/>\n<meta property=\"article:modified_time\" content=\"2020-05-31T20:39:54+00:00\" \/>\n<meta property=\"og:image\" content=\"https:\/\/unceasinglypray.org\/wp-content\/uploads\/2020\/04\/1.svg\" \/>\n<meta name=\"twitter:card\" content=\"summary_large_image\" \/>\n<meta name=\"twitter:label1\" content=\"Predpokladan\u00fd \u010das \u010d\u00edtania\" \/>\n\t<meta name=\"twitter:data1\" content=\"1 min\u00fata\" \/>\n<script type=\"application\/ld+json\" class=\"yoast-schema-graph\">{\"@context\":\"https:\\\/\\\/schema.org\",\"@graph\":[{\"@type\":\"WebPage\",\"@id\":\"https:\\\/\\\/unceasinglypray.org\\\/pt\\\/\",\"url\":\"https:\\\/\\\/unceasinglypray.org\\\/pt\\\/\",\"name\":\"Home - Unceasingly Pray\",\"isPartOf\":{\"@id\":\"https:\\\/\\\/unceasinglypray.org\\\/ar\\\/#website\"},\"primaryImageOfPage\":{\"@id\":\"https:\\\/\\\/unceasinglypray.org\\\/pt\\\/#primaryimage\"},\"image\":{\"@id\":\"https:\\\/\\\/unceasinglypray.org\\\/pt\\\/#primaryimage\"},\"thumbnailUrl\":\"https:\\\/\\\/unceasinglypray.org\\\/wp-content\\\/uploads\\\/2020\\\/04\\\/1.svg\",\"datePublished\":\"2020-03-25T00:51:57+00:00\",\"dateModified\":\"2020-05-31T20:39:54+00:00\",\"breadcrumb\":{\"@id\":\"https:\\\/\\\/unceasinglypray.org\\\/pt\\\/#breadcrumb\"},\"inLanguage\":\"sk-SK\",\"potentialAction\":[{\"@type\":\"ReadAction\",\"target\":[\"https:\\\/\\\/unceasinglypray.org\\\/pt\\\/\"]}]},{\"@type\":\"ImageObject\",\"inLanguage\":\"sk-SK\",\"@id\":\"https:\\\/\\\/unceasinglypray.org\\\/pt\\\/#primaryimage\",\"url\":\"https:\\\/\\\/unceasinglypray.org\\\/wp-content\\\/uploads\\\/2020\\\/04\\\/1.svg\",\"contentUrl\":\"https:\\\/\\\/unceasinglypray.org\\\/wp-content\\\/uploads\\\/2020\\\/04\\\/1.svg\"},{\"@type\":\"BreadcrumbList\",\"@id\":\"https:\\\/\\\/unceasinglypray.org\\\/pt\\\/#breadcrumb\",\"itemListElement\":[{\"@type\":\"ListItem\",\"position\":1,\"name\":\"Home\",\"item\":\"https:\\\/\\\/unceasinglypray.org\\\/pt\\\/\"},{\"@type\":\"ListItem\",\"position\":2,\"name\":\"Home\"}]},{\"@type\":\"WebSite\",\"@id\":\"https:\\\/\\\/unceasinglypray.org\\\/ar\\\/#website\",\"url\":\"https:\\\/\\\/unceasinglypray.org\\\/ar\\\/\",\"name\":\"Unceasingly Pray\",\"description\":\"\",\"potentialAction\":[{\"@type\":\"SearchAction\",\"target\":{\"@type\":\"EntryPoint\",\"urlTemplate\":\"https:\\\/\\\/unceasinglypray.org\\\/ar\\\/?s={search_term_string}\"},\"query-input\":{\"@type\":\"PropertyValueSpecification\",\"valueRequired\":true,\"valueName\":\"search_term_string\"}}],\"inLanguage\":\"sk-SK\"}]}<\/script>\n<!-- \/ Yoast SEO plugin. -->","yoast_head_json":{"title":"Home - Unceasingly Pray","robots":{"index":"index","follow":"follow","max-snippet":"max-snippet:-1","max-image-preview":"max-image-preview:large","max-video-preview":"max-video-preview:-1"},"canonical":"https:\/\/unceasinglypray.org\/sk_sk\/","og_locale":"sk_SK","og_type":"article","og_title":"Home - Unceasingly Pray","og_description":"24\u00a0HR\/30\u00a0DAYS GLOBAL PRAYER 24\u00a0HR\/ 30\u00a0DAYS GLOBAL PRAYER A Final Announcement As you read this, the local churches in the Lord\u2019s recovery have concluded an unprecedented period of 24\/7 global prayer, beginning April 1 and ending May 30, 2020. In all, over 13,700 saints signed up on unceasinglypray.org to pray in 15-minute time slots, covering every&hellip;","og_url":"https:\/\/unceasinglypray.org\/sk_sk\/","og_site_name":"Unceasingly Pray","article_modified_time":"2020-05-31T20:39:54+00:00","og_image":[{"url":"https:\/\/unceasinglypray.org\/wp-content\/uploads\/2020\/04\/1.svg","type":"","width":"","height":""}],"twitter_card":"summary_large_image","twitter_misc":{"Predpokladan\u00fd \u010das \u010d\u00edtania":"1 min\u00fata"},"schema":{"@context":"https:\/\/schema.org","@graph":[{"@type":"WebPage","@id":"https:\/\/unceasinglypray.org\/pt\/","url":"https:\/\/unceasinglypray.org\/pt\/","name":"Home - Unceasingly Pray","isPartOf":{"@id":"https:\/\/unceasinglypray.org\/ar\/#website"},"primaryImageOfPage":{"@id":"https:\/\/unceasinglypray.org\/pt\/#primaryimage"},"image":{"@id":"https:\/\/unceasinglypray.org\/pt\/#primaryimage"},"thumbnailUrl":"https:\/\/unceasinglypray.org\/wp-content\/uploads\/2020\/04\/1.svg","datePublished":"2020-03-25T00:51:57+00:00","dateModified":"2020-05-31T20:39:54+00:00","breadcrumb":{"@id":"https:\/\/unceasinglypray.org\/pt\/#breadcrumb"},"inLanguage":"sk-SK","potentialAction":[{"@type":"ReadAction","target":["https:\/\/unceasinglypray.org\/pt\/"]}]},{"@type":"ImageObject","inLanguage":"sk-SK","@id":"https:\/\/unceasinglypray.org\/pt\/#primaryimage","url":"https:\/\/unceasinglypray.org\/wp-content\/uploads\/2020\/04\/1.svg","contentUrl":"https:\/\/unceasinglypray.org\/wp-content\/uploads\/2020\/04\/1.svg"},{"@type":"BreadcrumbList","@id":"https:\/\/unceasinglypray.org\/pt\/#breadcrumb","itemListElement":[{"@type":"ListItem","position":1,"name":"Home","item":"https:\/\/unceasinglypray.org\/pt\/"},{"@type":"ListItem","position":2,"name":"Home"}]},{"@type":"WebSite","@id":"https:\/\/unceasinglypray.org\/ar\/#website","url":"https:\/\/unceasinglypray.org\/ar\/","name":"Unceasingly Pray","description":"","potentialAction":[{"@type":"SearchAction","target":{"@type":"EntryPoint","urlTemplate":"https:\/\/unceasinglypray.org\/ar\/?s={search_term_string}"},"query-input":{"@type":"PropertyValueSpecification","valueRequired":true,"valueName":"search_term_string"}}],"inLanguage":"sk-SK"}]}},"_links":{"self":[{"href":"https:\/\/unceasinglypray.org\/sk_sk\/wp-json\/wp\/v2\/pages\/11","targetHints":{"allow":["GET"]}}],"collection":[{"href":"https:\/\/unceasinglypray.org\/sk_sk\/wp-json\/wp\/v2\/pages"}],"about":[{"href":"https:\/\/unceasinglypray.org\/sk_sk\/wp-json\/wp\/v2\/types\/page"}],"author":[{"embeddable":true,"href":"https:\/\/unceasinglypray.org\/sk_sk\/wp-json\/wp\/v2\/users\/1"}],"replies":[{"embeddable":true,"href":"https:\/\/unceasinglypray.org\/sk_sk\/wp-json\/wp\/v2\/comments?post=11"}],"version-history":[{"count":0,"href":"https:\/\/unceasinglypray.org\/sk_sk\/wp-json\/wp\/v2\/pages\/11\/revisions"}],"wp:attachment":[{"href":"https:\/\/unceasinglypray.org\/sk_sk\/wp-json\/wp\/v2\/media?parent=11"}],"curies":[{"name":"wp","href":"https:\/\/api.w.org\/{rel}","templated":true}]}}