{"id":993,"date":"2020-05-31T19:34:28","date_gmt":"2020-05-31T19:34:28","guid":{"rendered":"https:\/\/unceasinglypray.org\/?page_id=993"},"modified":"2020-05-31T19:34:28","modified_gmt":"2020-05-31T19:34:28","slug":"letter-3","status":"publish","type":"page","link":"https:\/\/unceasinglypray.org\/ro\/letter-3\/","title":{"rendered":"Letter 3"},"content":{"rendered":"<h2>\n\t\tS\u0102 CONTINU\u0102M CU STATORNICIE S\u0102 MIJLOCIM\n\t<\/h2>\n\t<p>29 APRILIE 2020<\/p>\n\t<p>Dragi sfin\u021bi,<\/p>\n<p>C\u00e2t \u00cei mul\u021bumim Domnului pentru aprovizionarea Lui abundent\u0103 pentru bisericile \u0219i sfin\u021bii din rec\u00e2\u0219tigarea Sa, care le-a permis multora s\u0103 mijloceasc\u0103 \u00een ultima lun\u0103 ca un singur om. Nu a existat niciodat\u0103 o astfel de rug\u0103ciune global\u0103 \u0219i continu\u0103, \u00een istoria rec\u00e2\u0219tig\u0103rii Sale. De\u0219i sim\u021bim s\u0103 \u00eencheiem aceast\u0103 osteneal\u0103 coordonat\u0103 pe 30 aprilie, sper\u0103m \u00een Domnul c\u0103 aceasta nu va fi doar o perioad\u0103 de rug\u0103ciune, ci c\u0103 ne va sus\u021bine pe to\u021bi pentru a continua s\u0103 avans\u0103m \u00een via\u021ba noastr\u0103 personal\u0103 de rug\u0103ciune \u0219i \u00een slujba corporativ\u0103 de rug\u0103ciune a bisericii.<\/p>\n<p>\u00a0Credem c\u0103 fiecare sf\u00e2nt care \u0219i-a asumat aceast\u0103 povar\u0103 a c\u00e2\u0219tigat o anumit\u0103 realizare a st\u0103ruin\u021bei necesare rug\u0103ciunii de mijlocire (Col. 4:2). Acest lucru se datoreaz\u0103 faptului c\u0103 pe t\u0103r\u00e2mul nev\u0103zut, exist\u0103 un r\u0103zboi \u00eentre Dumnezeu \u0219i inamicul s\u0103u, Satan. Desigur, scopul lui Dumnezeu va fi \u00eendeplinit \u00een cele din urm\u0103, dar c\u00e2t de repede se \u00eent\u00e2mpl\u0103 acest lucru \u0219i cine pare s\u0103 c\u00e2\u0219tige b\u0103t\u0103lia la un moment dat depinde de c\u00e2t de mult poporul lui Dumnezeu coopereaz\u0103 cu El \u00een rug\u0103ciune. Satan \u0219tie acest lucru, a\u0219a c\u0103 el caut\u0103 prin toate mijloacele s\u0103 ne frustreze rug\u0103ciunea. De fapt, pentru c\u0103 \u00eentregul curent al acestei epoci este \u00eempotriva rug\u0103ciunii noastre, fratele Lee ne-a spus: \u201ePerseverarea \u00een rug\u0103ciune este asemeni v\u00e2slirii \u00eentr-o barc\u0103 \u00eempotriva curentului. Dac\u0103 nu perseverezi, vei fi purtat la vale de curent. F\u0103r\u0103 \u00eendoial\u0103, a persevera \u00een acest fel, fie \u00een v\u00e2slit, fie \u00een rug\u0103ciune, necesit\u0103 foarte mult\u0103 energie\u201d (<i>Studiu-via\u021b\u0103 Coloseni<\/i>, pag. 568). Din aceast\u0103 cauz\u0103 avem nevoie de \u00eemputernicirea Domnului (Efeseni 6:10).<\/p>\n<p>\u00a0Fratele Lee a dat c\u00e2teva sfaturi practice care s\u0103 ne ajute s\u0103 persever\u0103m \u00een rug\u0103ciune. \u00cen primul r\u00e2nd, ne-a \u00eens\u0103rcinat s\u0103 avem tranzac\u021bii am\u0103nun\u021bite cu Domnul \u0219i chiar s\u0103 facem un leg\u0103m\u00e2nt cu privire la via\u021ba noastr\u0103 de rug\u0103ciune. Un astfel de leg\u0103m\u00e2nt exprim\u0103 aspira\u021bia noastr\u0103 de a fi o persoan\u0103 care se roag\u0103, recunosc\u00e2nd totodat\u0103 c\u0103 avem nevoie de Domnul pentru a ne face capabili s\u0103 fim credincio\u0219i pentru a ne \u00eendeplini leg\u0103m\u00e2ntul. \u00cen al doilea r\u00e2nd, trebuie s\u0103 punem deoparte una sau mai multe perioade definite \u00een fiecare zi pentru a ne ruga (Dan. 6:10). Ar trebui s\u0103 consider\u0103m rug\u0103ciunea cel mai important lucru \u0219i s\u0103 nu permitem vreunui lucru s\u0103 ne fure sau s\u0103 ne \u00eentrerup\u0103 rug\u0103ciunea. \u00cen al treilea r\u00e2nd, trebuie s\u0103 fim aten\u021bi la vorbirea noastr\u0103 \u00een via\u021ba noastr\u0103 de zi cu zi, \u00eentruc\u00e2t vorbirea neglijent\u0103 ne diminueaz\u0103 duhul nostru de rug\u0103ciune (Efes. 4:29-30; vezi 1 Tes. 5:19 \u0219i nota de subsol). \u00cen al patrulea r\u00e2nd, trebuie s\u0103 ne folosim duhul, s\u0103 ne exercit\u0103m voin\u021ba, s\u0103 ne lini\u0219tim mintea \u0219i s\u0103 ne regl\u0103m emo\u021biile pentru a ne ruga \u00een mod potrivit (Efeseni 6:18; 2 Tim. 1:7; 1 Pet. 4:7). \u00cen al cincilea r\u00e2nd, experien\u021ba ne \u00eenva\u021b\u0103 c\u0103 rug\u0103ciunea cu un tovar\u0103\u0219 ne ajut\u0103 s\u0103 dezvolt\u0103m mai mult\u0103 consecven\u021b\u0103 \u00een rug\u0103ciunea noastr\u0103 (a se vedea <i>Studiu-via\u021b\u0103 Coloseni<\/i>, pp. 569-571, \u0219i <i>Studiu-via\u021b\u0103 Efeseni<\/i>, pp. 538-541, pentru mai multe detalii ale acestor practici utile).<\/p>\n<p>\u00a0Exersarea de a ne ruga \u00eentr-un asemenea mod are beneficii extraordinare. Ne determin\u0103 s\u0103 fim contopi\u021bi cu Domnul, astfel \u00eenc\u00e2t s\u0103 devenim o reproducere a Lui ca om al rug\u0103ciunii (Mat. 14:23; Marcu 1:35; Luca 5:16). Ne determin\u0103 s\u0103 ne g\u00e2ndim la lucrurile de sus, \u00een loc de a ne g\u00e2ndi la lucruri p\u0103m\u00e2nte\u0219ti legate de propriile noastre interese (Col. 3:2). Acesta ne permite s\u0103 ne al\u0103tur\u0103m slujbei de mijlocire a Cristosului \u00een\u0103l\u021bat pentru interesele lui Dumnezeu pe p\u0103m\u00e2nt (Rom. 8:34; Evrei 7:25). Aceast\u0103 rug\u0103ciune de mijlocire, care este \u00een Cristos \u0219i cu Cristos ca t\u0103m\u00e2ie, nu este \u201erug\u0103ciune pentru noi \u00een\u0219ine, ci rug\u0103ciune pentru \u00eendeplinirea administra\u021biei divine, pentru distribuirea harului alimentator al lui Dumnezeu \u0219i pentru biserici \u0219i sfin\u021bi. O astfel de rug\u0103ciune este o t\u0103m\u00e2ie aromat\u0103 pentru Dumnezeu \u2014 ea \u00cei \u00eendepline\u0219te scopul, \u00cei satisface dorin\u021ba \u0219i \u00cei \u00eenc\u00e2nt\u0103 inima\u201d (Exod 30:7, nota de subsol 1). Mai mult, pe m\u0103sur\u0103 ce \u00eenaint\u0103m spre tronul harului \u00een rug\u0103ciune, primim \u00eendurare \u0219i g\u0103sim har pentru ajutor \u00een vreme de nevoie (Evrei 4:16). Rug\u0103ciunea noastr\u0103 va aduce binecuv\u00e2ntare pentru noi \u00een\u0219ine, pentru bisericile noastre \u0219i pentru na\u021biunile noastre.<\/p>\n<p>\u00a0Indiferent dac\u0103, \u00een estimarea noastr\u0103, am avut succes sau faliment \u00een rug\u0103ciunea noastr\u0103 din ultimele treizeci de zile, trebuie s\u0103 \u00eenaint\u0103m \u0219i s\u0103 avans\u0103m din acest punct \u00eenainte. \u00cei \u00eencuraj\u0103m cu t\u0103rie pe to\u021bi sfin\u021bii s\u0103 ia cele treizeci de poveri de rug\u0103ciune sugerate pe <a href=\"https:\/\/unceasinglypray.org\/ro\/prayer-burdens\/\">unceasinglypray.org<\/a> \u0219i s\u0103 se roage din nou asupra lor \u00een cursul lunii mai. Credem c\u0103 dac\u0103 v\u0103 \u00eentoarce\u021bi s\u0103 v\u0103 ruga\u021bi asupra acestor treizeci de articole \u0219i asupra versetelor care le \u00eenso\u021besc, v\u0103 vei da seama c\u0103 mai exist\u0103 multe lucruri care necesit\u0103 mijlocirea noastr\u0103 continu\u0103. Domnul s\u0103-\u0218i \u00eent\u0103reasc\u0103 rec\u00e2\u0219tigarea \u0219i s\u0103 fac\u0103 din noi casa Lui de rug\u0103ciune (Marcu 11:17). S\u0103 \u00cel l\u0103ud\u0103m pe Marele nostru Preot \u00eendur\u0103tor \u0219i credincios, care este mai \u00eenalt dec\u00e2t cerurile (Evrei 2:17; 7:26) \u0219i care ne aduce la unitatea cu El \u00een slujba Sa cereasc\u0103 de mijlocire (Iacov 5:17 \u0219i nota de subsol).<\/p>\n<p>\u00a0Fra\u021bii vo\u0219tri \u00een Cristos,<\/p>\n<p>Lucr\u0103torii din rec\u00e2\u0219tigarea Domnului<\/p>\n<p>&nbsp;<\/p>","protected":false},"excerpt":{"rendered":"<p>CONTINUING STEADFASTLY IN INTERCESSION APRIL 29, 2020 Dear saints, How we thank the Lord for His abundant supply to the churches and the saints in His recovery that has enabled so many to intercede as one man over this past month. There has never been such global, round-the-clock prayer in the history of His recovery.&hellip;<\/p>","protected":false},"author":2,"featured_media":0,"parent":0,"menu_order":0,"comment_status":"closed","ping_status":"closed","template":"","meta":{"inline_featured_image":false,"footnotes":""},"class_list":["post-993","page","type-page","status-publish","hentry"],"yoast_head":"<!-- This site is optimized with the Yoast SEO plugin v27.4 - https:\/\/yoast.com\/product\/yoast-seo-wordpress\/ -->\n<title>Letter 3 - Unceasingly Pray<\/title>\n<meta name=\"robots\" content=\"index, follow, max-snippet:-1, max-image-preview:large, max-video-preview:-1\" \/>\n<link rel=\"canonical\" href=\"https:\/\/unceasinglypray.org\/ro\/letter-3\/\" \/>\n<meta property=\"og:locale\" content=\"ro_RO\" \/>\n<meta property=\"og:type\" content=\"article\" \/>\n<meta property=\"og:title\" content=\"Letter 3 - Unceasingly Pray\" \/>\n<meta property=\"og:description\" content=\"CONTINUING STEADFASTLY IN INTERCESSION APRIL 29, 2020 Dear saints, How we thank the Lord for His abundant supply to the churches and the saints in His recovery that has enabled so many to intercede as one man over this past month. There has never been such global, round-the-clock prayer in the history of His recovery.&hellip;\" \/>\n<meta property=\"og:url\" content=\"https:\/\/unceasinglypray.org\/ro\/letter-3\/\" \/>\n<meta property=\"og:site_name\" content=\"Unceasingly Pray\" \/>\n<meta name=\"twitter:card\" content=\"summary_large_image\" \/>\n<meta name=\"twitter:label1\" content=\"Timp estimat pentru citire\" \/>\n\t<meta name=\"twitter:data1\" content=\"4 minute\" \/>\n<script type=\"application\/ld+json\" class=\"yoast-schema-graph\">{\"@context\":\"https:\\\/\\\/schema.org\",\"@graph\":[{\"@type\":\"WebPage\",\"@id\":\"https:\\\/\\\/unceasinglypray.org\\\/letter-3\\\/\",\"url\":\"https:\\\/\\\/unceasinglypray.org\\\/letter-3\\\/\",\"name\":\"Letter 3 - Unceasingly Pray\",\"isPartOf\":{\"@id\":\"https:\\\/\\\/unceasinglypray.org\\\/ar\\\/#website\"},\"datePublished\":\"2020-05-31T19:34:28+00:00\",\"breadcrumb\":{\"@id\":\"https:\\\/\\\/unceasinglypray.org\\\/letter-3\\\/#breadcrumb\"},\"inLanguage\":\"ro-RO\",\"potentialAction\":[{\"@type\":\"ReadAction\",\"target\":[\"https:\\\/\\\/unceasinglypray.org\\\/letter-3\\\/\"]}]},{\"@type\":\"BreadcrumbList\",\"@id\":\"https:\\\/\\\/unceasinglypray.org\\\/letter-3\\\/#breadcrumb\",\"itemListElement\":[{\"@type\":\"ListItem\",\"position\":1,\"name\":\"Home\",\"item\":\"https:\\\/\\\/unceasinglypray.org\\\/pt\\\/\"},{\"@type\":\"ListItem\",\"position\":2,\"name\":\"Letter 3\"}]},{\"@type\":\"WebSite\",\"@id\":\"https:\\\/\\\/unceasinglypray.org\\\/ar\\\/#website\",\"url\":\"https:\\\/\\\/unceasinglypray.org\\\/ar\\\/\",\"name\":\"Unceasingly Pray\",\"description\":\"\",\"potentialAction\":[{\"@type\":\"SearchAction\",\"target\":{\"@type\":\"EntryPoint\",\"urlTemplate\":\"https:\\\/\\\/unceasinglypray.org\\\/ar\\\/?s={search_term_string}\"},\"query-input\":{\"@type\":\"PropertyValueSpecification\",\"valueRequired\":true,\"valueName\":\"search_term_string\"}}],\"inLanguage\":\"ro-RO\"}]}<\/script>\n<!-- \/ Yoast SEO plugin. -->","yoast_head_json":{"title":"Letter 3 - Unceasingly Pray","robots":{"index":"index","follow":"follow","max-snippet":"max-snippet:-1","max-image-preview":"max-image-preview:large","max-video-preview":"max-video-preview:-1"},"canonical":"https:\/\/unceasinglypray.org\/ro\/letter-3\/","og_locale":"ro_RO","og_type":"article","og_title":"Letter 3 - Unceasingly Pray","og_description":"CONTINUING STEADFASTLY IN INTERCESSION APRIL 29, 2020 Dear saints, How we thank the Lord for His abundant supply to the churches and the saints in His recovery that has enabled so many to intercede as one man over this past month. There has never been such global, round-the-clock prayer in the history of His recovery.&hellip;","og_url":"https:\/\/unceasinglypray.org\/ro\/letter-3\/","og_site_name":"Unceasingly Pray","twitter_card":"summary_large_image","twitter_misc":{"Timp estimat pentru citire":"4 minute"},"schema":{"@context":"https:\/\/schema.org","@graph":[{"@type":"WebPage","@id":"https:\/\/unceasinglypray.org\/letter-3\/","url":"https:\/\/unceasinglypray.org\/letter-3\/","name":"Letter 3 - Unceasingly Pray","isPartOf":{"@id":"https:\/\/unceasinglypray.org\/ar\/#website"},"datePublished":"2020-05-31T19:34:28+00:00","breadcrumb":{"@id":"https:\/\/unceasinglypray.org\/letter-3\/#breadcrumb"},"inLanguage":"ro-RO","potentialAction":[{"@type":"ReadAction","target":["https:\/\/unceasinglypray.org\/letter-3\/"]}]},{"@type":"BreadcrumbList","@id":"https:\/\/unceasinglypray.org\/letter-3\/#breadcrumb","itemListElement":[{"@type":"ListItem","position":1,"name":"Home","item":"https:\/\/unceasinglypray.org\/pt\/"},{"@type":"ListItem","position":2,"name":"Letter 3"}]},{"@type":"WebSite","@id":"https:\/\/unceasinglypray.org\/ar\/#website","url":"https:\/\/unceasinglypray.org\/ar\/","name":"Unceasingly Pray","description":"","potentialAction":[{"@type":"SearchAction","target":{"@type":"EntryPoint","urlTemplate":"https:\/\/unceasinglypray.org\/ar\/?s={search_term_string}"},"query-input":{"@type":"PropertyValueSpecification","valueRequired":true,"valueName":"search_term_string"}}],"inLanguage":"ro-RO"}]}},"_links":{"self":[{"href":"https:\/\/unceasinglypray.org\/ro\/wp-json\/wp\/v2\/pages\/993","targetHints":{"allow":["GET"]}}],"collection":[{"href":"https:\/\/unceasinglypray.org\/ro\/wp-json\/wp\/v2\/pages"}],"about":[{"href":"https:\/\/unceasinglypray.org\/ro\/wp-json\/wp\/v2\/types\/page"}],"author":[{"embeddable":true,"href":"https:\/\/unceasinglypray.org\/ro\/wp-json\/wp\/v2\/users\/2"}],"replies":[{"embeddable":true,"href":"https:\/\/unceasinglypray.org\/ro\/wp-json\/wp\/v2\/comments?post=993"}],"version-history":[{"count":0,"href":"https:\/\/unceasinglypray.org\/ro\/wp-json\/wp\/v2\/pages\/993\/revisions"}],"wp:attachment":[{"href":"https:\/\/unceasinglypray.org\/ro\/wp-json\/wp\/v2\/media?parent=993"}],"curies":[{"name":"wp","href":"https:\/\/api.w.org\/{rel}","templated":true}]}}