{"id":954,"date":"2020-05-19T19:29:37","date_gmt":"2020-05-19T19:29:37","guid":{"rendered":"https:\/\/unceasinglypray.org\/?page_id=954"},"modified":"2020-06-11T15:13:23","modified_gmt":"2020-06-11T15:13:23","slug":"day-30","status":"publish","type":"page","link":"https:\/\/unceasinglypray.org\/ro\/day-30\/","title":{"rendered":"Day 30"},"content":{"rendered":"<p><a href=\"https:\/\/unceasinglypray.org\/ro\/day-30\/\">DAY 30: PRAYER FOR THE LORD\u2019S RETURN<\/a><\/p>\n\t<p>Fil. 3:20; 2 Tim. 4:8; Tit 2:13; Apoc. 22:20<\/p>\n\t<p>Pentru ca Domnul Isus s\u0103 Se \u00eentoarc\u0103 cur\u00e2nd (Fil. 3:20; 2 Tim. 4:8; Tit 2:13; Apoc. 22:20).<\/p>\n\t<p><strong>Fil. 3:20<\/strong>\u2014 Dar cet\u0103\u0163enia noastr\u0103 este \u00een ceruri, de unde \u015fi a\u015ftept\u0103m ca M\u00e2ntuitor pe Domnul Isus Hristos.<\/p>\n<p><strong>2 Tim. 4:8<\/strong>\u2014 De acum m\u0103 a\u015fteapt\u0103 cununa neprih\u0103nirii, pe care mi-o va da \u00een \u201eziua aceea\u201d Domnul, Judec\u0103torul cel drept. \u015ei nu numai mie, ci \u015fi tuturor celor ce vor fi iubit venirea Lui.<\/p>\n<p><strong>Tit 2:13<\/strong>\u2014 A\u015ftept\u00e2nd fericita noastr\u0103 n\u0103dejde \u015fi ar\u0103tarea slavei marelui nostru Dumnezeu \u015fi M\u00e2ntuitor Isus Hristos.<\/p>\n<p><strong>Apoc. 22:20<\/strong>\u2014 Cel ce adevere\u015fte aceste lucruri zice: \u201eDa, Eu vin cur\u00e2nd.\u201d Amin! Vino, Doamne Isuse!<\/p>","protected":false},"excerpt":{"rendered":"<p>DAY 30: PRAYER FOR THE LORD\u2019S RETURN Phil. 3:20; 2 Tim. 4:8; Titus 2:13; Rev. 22:20 For the Lord Jesus to come back quickly (Phil. 3:20; 2 Tim. 4:8; Titus 2:13; Rev. 22:20). Phil. 3:20\u2014For our commonwealth exists in the heavens, from which also we eagerly await a Savior, the Lord Jesus Christ. 2 Tim.&hellip;<\/p>","protected":false},"author":9013,"featured_media":771,"parent":0,"menu_order":0,"comment_status":"closed","ping_status":"closed","template":"","meta":{"inline_featured_image":false,"footnotes":""},"class_list":["post-954","page","type-page","status-publish","has-post-thumbnail","hentry"],"yoast_head":"<!-- This site is optimized with the Yoast SEO plugin v27.4 - https:\/\/yoast.com\/product\/yoast-seo-wordpress\/ -->\n<title>Day 30 - Unceasingly Pray<\/title>\n<meta name=\"robots\" content=\"index, follow, max-snippet:-1, max-image-preview:large, max-video-preview:-1\" \/>\n<link rel=\"canonical\" href=\"https:\/\/unceasinglypray.org\/ro\/day-30\/\" \/>\n<meta property=\"og:locale\" content=\"ro_RO\" \/>\n<meta property=\"og:type\" content=\"article\" \/>\n<meta property=\"og:title\" content=\"Day 30 - Unceasingly Pray\" \/>\n<meta property=\"og:description\" content=\"DAY 30: PRAYER FOR THE LORD\u2019S RETURN Phil. 3:20; 2 Tim. 4:8; Titus 2:13; Rev. 22:20 For the Lord Jesus to come back quickly (Phil. 3:20; 2 Tim. 4:8; Titus 2:13; Rev. 22:20). Phil. 3:20\u2014For our commonwealth exists in the heavens, from which also we eagerly await a Savior, the Lord Jesus Christ. 2 Tim.&hellip;\" \/>\n<meta property=\"og:url\" content=\"https:\/\/unceasinglypray.org\/ro\/day-30\/\" \/>\n<meta property=\"og:site_name\" content=\"Unceasingly Pray\" \/>\n<meta property=\"article:modified_time\" content=\"2020-06-11T15:13:23+00:00\" \/>\n<meta property=\"og:image\" content=\"https:\/\/unceasinglypray.org\/wp-content\/uploads\/2020\/04\/social_share.gif\" \/>\n\t<meta property=\"og:image:width\" content=\"1200\" \/>\n\t<meta property=\"og:image:height\" content=\"630\" \/>\n\t<meta property=\"og:image:type\" content=\"image\/gif\" \/>\n<meta name=\"twitter:card\" content=\"summary_large_image\" \/>\n<meta name=\"twitter:label1\" content=\"Timp estimat pentru citire\" \/>\n\t<meta name=\"twitter:data1\" content=\"1 minut\" \/>\n<script type=\"application\/ld+json\" class=\"yoast-schema-graph\">{\"@context\":\"https:\\\/\\\/schema.org\",\"@graph\":[{\"@type\":\"WebPage\",\"@id\":\"https:\\\/\\\/unceasinglypray.org\\\/ru\\\/day-30\\\/\",\"url\":\"https:\\\/\\\/unceasinglypray.org\\\/ru\\\/day-30\\\/\",\"name\":\"Day 30 - Unceasingly Pray\",\"isPartOf\":{\"@id\":\"https:\\\/\\\/unceasinglypray.org\\\/ar\\\/#website\"},\"primaryImageOfPage\":{\"@id\":\"https:\\\/\\\/unceasinglypray.org\\\/ru\\\/day-30\\\/#primaryimage\"},\"image\":{\"@id\":\"https:\\\/\\\/unceasinglypray.org\\\/ru\\\/day-30\\\/#primaryimage\"},\"thumbnailUrl\":\"https:\\\/\\\/unceasinglypray.org\\\/wp-content\\\/uploads\\\/2020\\\/04\\\/social_share.gif\",\"datePublished\":\"2020-05-19T19:29:37+00:00\",\"dateModified\":\"2020-06-11T15:13:23+00:00\",\"breadcrumb\":{\"@id\":\"https:\\\/\\\/unceasinglypray.org\\\/ru\\\/day-30\\\/#breadcrumb\"},\"inLanguage\":\"ro-RO\",\"potentialAction\":[{\"@type\":\"ReadAction\",\"target\":[\"https:\\\/\\\/unceasinglypray.org\\\/ru\\\/day-30\\\/\"]}]},{\"@type\":\"ImageObject\",\"inLanguage\":\"ro-RO\",\"@id\":\"https:\\\/\\\/unceasinglypray.org\\\/ru\\\/day-30\\\/#primaryimage\",\"url\":\"https:\\\/\\\/unceasinglypray.org\\\/wp-content\\\/uploads\\\/2020\\\/04\\\/social_share.gif\",\"contentUrl\":\"https:\\\/\\\/unceasinglypray.org\\\/wp-content\\\/uploads\\\/2020\\\/04\\\/social_share.gif\",\"width\":1200,\"height\":630},{\"@type\":\"BreadcrumbList\",\"@id\":\"https:\\\/\\\/unceasinglypray.org\\\/ru\\\/day-30\\\/#breadcrumb\",\"itemListElement\":[{\"@type\":\"ListItem\",\"position\":1,\"name\":\"Home\",\"item\":\"https:\\\/\\\/unceasinglypray.org\\\/pt\\\/\"},{\"@type\":\"ListItem\",\"position\":2,\"name\":\"Day 30\"}]},{\"@type\":\"WebSite\",\"@id\":\"https:\\\/\\\/unceasinglypray.org\\\/ar\\\/#website\",\"url\":\"https:\\\/\\\/unceasinglypray.org\\\/ar\\\/\",\"name\":\"Unceasingly Pray\",\"description\":\"\",\"potentialAction\":[{\"@type\":\"SearchAction\",\"target\":{\"@type\":\"EntryPoint\",\"urlTemplate\":\"https:\\\/\\\/unceasinglypray.org\\\/ar\\\/?s={search_term_string}\"},\"query-input\":{\"@type\":\"PropertyValueSpecification\",\"valueRequired\":true,\"valueName\":\"search_term_string\"}}],\"inLanguage\":\"ro-RO\"}]}<\/script>\n<!-- \/ Yoast SEO plugin. -->","yoast_head_json":{"title":"Day 30 - Unceasingly Pray","robots":{"index":"index","follow":"follow","max-snippet":"max-snippet:-1","max-image-preview":"max-image-preview:large","max-video-preview":"max-video-preview:-1"},"canonical":"https:\/\/unceasinglypray.org\/ro\/day-30\/","og_locale":"ro_RO","og_type":"article","og_title":"Day 30 - Unceasingly Pray","og_description":"DAY 30: PRAYER FOR THE LORD\u2019S RETURN Phil. 3:20; 2 Tim. 4:8; Titus 2:13; Rev. 22:20 For the Lord Jesus to come back quickly (Phil. 3:20; 2 Tim. 4:8; Titus 2:13; Rev. 22:20). Phil. 3:20\u2014For our commonwealth exists in the heavens, from which also we eagerly await a Savior, the Lord Jesus Christ. 2 Tim.&hellip;","og_url":"https:\/\/unceasinglypray.org\/ro\/day-30\/","og_site_name":"Unceasingly Pray","article_modified_time":"2020-06-11T15:13:23+00:00","og_image":[{"width":1200,"height":630,"url":"https:\/\/unceasinglypray.org\/wp-content\/uploads\/2020\/04\/social_share.gif","type":"image\/gif"}],"twitter_card":"summary_large_image","twitter_misc":{"Timp estimat pentru citire":"1 minut"},"schema":{"@context":"https:\/\/schema.org","@graph":[{"@type":"WebPage","@id":"https:\/\/unceasinglypray.org\/ru\/day-30\/","url":"https:\/\/unceasinglypray.org\/ru\/day-30\/","name":"Day 30 - Unceasingly Pray","isPartOf":{"@id":"https:\/\/unceasinglypray.org\/ar\/#website"},"primaryImageOfPage":{"@id":"https:\/\/unceasinglypray.org\/ru\/day-30\/#primaryimage"},"image":{"@id":"https:\/\/unceasinglypray.org\/ru\/day-30\/#primaryimage"},"thumbnailUrl":"https:\/\/unceasinglypray.org\/wp-content\/uploads\/2020\/04\/social_share.gif","datePublished":"2020-05-19T19:29:37+00:00","dateModified":"2020-06-11T15:13:23+00:00","breadcrumb":{"@id":"https:\/\/unceasinglypray.org\/ru\/day-30\/#breadcrumb"},"inLanguage":"ro-RO","potentialAction":[{"@type":"ReadAction","target":["https:\/\/unceasinglypray.org\/ru\/day-30\/"]}]},{"@type":"ImageObject","inLanguage":"ro-RO","@id":"https:\/\/unceasinglypray.org\/ru\/day-30\/#primaryimage","url":"https:\/\/unceasinglypray.org\/wp-content\/uploads\/2020\/04\/social_share.gif","contentUrl":"https:\/\/unceasinglypray.org\/wp-content\/uploads\/2020\/04\/social_share.gif","width":1200,"height":630},{"@type":"BreadcrumbList","@id":"https:\/\/unceasinglypray.org\/ru\/day-30\/#breadcrumb","itemListElement":[{"@type":"ListItem","position":1,"name":"Home","item":"https:\/\/unceasinglypray.org\/pt\/"},{"@type":"ListItem","position":2,"name":"Day 30"}]},{"@type":"WebSite","@id":"https:\/\/unceasinglypray.org\/ar\/#website","url":"https:\/\/unceasinglypray.org\/ar\/","name":"Unceasingly Pray","description":"","potentialAction":[{"@type":"SearchAction","target":{"@type":"EntryPoint","urlTemplate":"https:\/\/unceasinglypray.org\/ar\/?s={search_term_string}"},"query-input":{"@type":"PropertyValueSpecification","valueRequired":true,"valueName":"search_term_string"}}],"inLanguage":"ro-RO"}]}},"_links":{"self":[{"href":"https:\/\/unceasinglypray.org\/ro\/wp-json\/wp\/v2\/pages\/954","targetHints":{"allow":["GET"]}}],"collection":[{"href":"https:\/\/unceasinglypray.org\/ro\/wp-json\/wp\/v2\/pages"}],"about":[{"href":"https:\/\/unceasinglypray.org\/ro\/wp-json\/wp\/v2\/types\/page"}],"author":[{"embeddable":true,"href":"https:\/\/unceasinglypray.org\/ro\/wp-json\/wp\/v2\/users\/9013"}],"replies":[{"embeddable":true,"href":"https:\/\/unceasinglypray.org\/ro\/wp-json\/wp\/v2\/comments?post=954"}],"version-history":[{"count":0,"href":"https:\/\/unceasinglypray.org\/ro\/wp-json\/wp\/v2\/pages\/954\/revisions"}],"wp:featuredmedia":[{"embeddable":true,"href":"https:\/\/unceasinglypray.org\/ro\/wp-json\/wp\/v2\/media\/771"}],"wp:attachment":[{"href":"https:\/\/unceasinglypray.org\/ro\/wp-json\/wp\/v2\/media?parent=954"}],"curies":[{"name":"wp","href":"https:\/\/api.w.org\/{rel}","templated":true}]}}