{"id":790,"date":"2020-04-30T03:46:23","date_gmt":"2020-04-30T03:46:23","guid":{"rendered":"https:\/\/unceasinglypray.org\/?page_id=790"},"modified":"2020-05-08T20:59:10","modified_gmt":"2020-05-08T20:59:10","slug":"prayer-burdens-11-15","status":"publish","type":"page","link":"https:\/\/unceasinglypray.org\/ro\/prayer-burdens-11-15\/","title":{"rendered":"Prayer Burdens 11-15"},"content":{"rendered":"<p>DAY 11: PRAYER FOR THE CHURCHES<\/p>\n\t<p>Fapte 16:5; Efes. 1:19; Col. 1:11; Apoc. 1:9<\/p>\n\t<p>Pentru ca Domnul s\u0103 \u00eent\u0103reasc\u0103, s\u0103 men\u021bin\u0103 \u0219i s\u0103 fac\u0103 s\u0103 prospere bisericile din fiecare \u021bar\u0103 \u00een rec\u00e2\u0219tigarea Sa ca m\u0103rturie a lui Isus (Fapte 16:5; Efes. 1:19; Col. 1:11; Apoc. 1:9).<\/p>\n\t<p><strong>Fapte 16:5<\/strong>\u2014 Bisericile se \u00eent\u0103reau \u00een credin\u0163\u0103 \u015fi sporeau la num\u0103r din zi \u00een zi.<\/p>\n<p><strong>Efes. 1:19<\/strong>\u2014 \u0218i care este fa\u0163\u0103 de noi, credincio\u015fii, nem\u0103rginita m\u0103rime a puterii Sale, dup\u0103 lucrarea puterii t\u0103riei Lui.<\/p>\n<p><strong>Col. 1:11<\/strong>\u2014  \u00cent\u0103ri\u0163i cu toat\u0103 puterea, potrivit cu t\u0103ria slavei Lui, pentru orice r\u0103bdare \u015fi \u00eendelung\u0103 r\u0103bdare, cu bucurie.<\/p>\n<p><strong>Apoc. 1:9<\/strong>\u2014  Eu, Ioan, fratele vostru, care sunt p\u0103rta\u015f cu voi la necaz, la \u00cemp\u0103r\u0103\u0163ie \u015fi la r\u0103bdarea \u00een Isus Hristos, m\u0103 aflam \u00een ostrovul care se cheam\u0103 Patmos, din pricina Cuv\u00e2ntului lui Dumnezeu \u015fi din pricina m\u0103rturiei lui Isus Hristos.<\/p>\n\t<p>&nbsp;<\/p>\n<p><b>Ministry: Burning Christ as Incense<\/b><\/p>\n<p>\u00cen cartea Apocalipsa, altarul t\u0103m\u00e2ii se afl\u0103 direct \u00een fa\u021ba tronului autorit\u0103\u021bii lui Dumnezeu. Potrivit cu Apocalipsa 8, Cristos \u00een calitate de un alt \u00cenger vine  \u0219i adaug\u0103 t\u0103m\u00e2ia Sa la rug\u0103ciunile sfin\u021bilor. Aceast\u0103 t\u0103m\u00e2ie se \u00eenal\u021b\u0103 apoi la Dumnezeu la tronul administra\u021biei Sale, iar Dumnezeu r\u0103spunde la rug\u0103ciunile sfin\u021bilor. Ca rezultat, focul coboar\u0103 pe p\u0103m\u00e2nt ca s\u0103 execute judec\u0103\u021bile divine consemnate \u00een restul c\u0103r\u021bii Apocalipsa. Acesta est un tablou al altarului t\u0103m\u00e2ii fiind tronul administrativ al lui Dumnezeu pentru ca Dumnezeu s\u0103 execute judec\u0103\u021bile Sale \u00een administra\u021bia Sa. Este important s\u0103 vedem c\u0103 executarea administra\u021biei lui Dumnezeu este motivat\u0103 de rug\u0103ciuni oferite Lui de la altarul t\u0103m\u00e2ii. (<em>Life-study of Exodus<\/em>, p. 1615)<\/p>\n<p><em>\u00a9 Living Stream Ministry. Folosit cu permisiune.<\/em><\/p>\n<p>&nbsp;<\/p>\n\t<p>DAY 12: PRAYER FOR THE CO-WORKERS &amp; LEADING BROTHERS<\/p>\n\t<p>Fapte 20:28; 1 Pet. 5:2; Evr. 13:17<\/p>\n\t<p>Pentru ca Domnul s\u0103-i alimenteze pe lucr\u0103tori \u0219i pe fra\u021bii responsabili  \u0219i s\u0103 le dea \u00een\u021belepciune s\u0103 conduc\u0103 \u0219i s\u0103 p\u0103storeasc\u0103 pentru \u00eenaintarea poporului S\u0103u \u00een aceste zile (Fapte 20:28; 1 Pet. 5:2; Evr. 13:17).<\/p>\n\t<p><strong>Fapte 20:28<\/strong>\u2014  Lua\u0163i seama, dar, la voi \u00een\u015fiv\u0103 \u015fi la toat\u0103 turma peste care v-a pus Duhul Sf\u00e2nt episcopi, ca s\u0103 p\u0103stori\u0163i Biserica Domnului, pe care a c\u00e2\u015ftigat-o cu \u00eensu\u015fi s\u00e2ngele S\u0103u.<\/p>\n<p><strong>1 Pet. 5:2<\/strong>\u2014 P\u0103stori\u0163i turma lui Dumnezeu care este sub paza voastr\u0103, nu de sil\u0103, ci de bun\u0103voie, dup\u0103 voia lui Dumnezeu; nu pentru un c\u00e2\u015ftig m\u00e2r\u015fav, ci cu lep\u0103dare de sine.<\/p>\n<p><strong>Evr. 13:17<\/strong>\u2014  Asculta\u0163i de mai marii vo\u015ftri \u015fi fi\u0163i-le supu\u015fi, c\u0103ci ei privegheaz\u0103 asupra sufletelor voastre, ca unii care au s\u0103 dea socoteal\u0103 de ele; pentru ca s\u0103 poat\u0103 face lucrul acesta cu bucurie, nu suspin\u00e2nd, c\u0103ci a\u015fa ceva nu v-ar fi de niciun folos.<\/p>\n\t<p>&nbsp;<\/p>\n<p><b>Slujb\u0103: <strong>S\u0103 ne rug\u0103m conform dorin\u021bei lui Dumnezeu<\/strong><\/b><\/p>\n<p>Fra\u021bi \u0219i surori, dac\u0103 venim la Dumnezeu \u0219i r\u0103m\u00e2nem calmi \u00eenaintea Lui, renun\u021b\u00e2nd la g\u00e2ndurile noastre pentru a p\u0103trunde \u00een g\u00e2ndurile Sale, vom vedea nevoia mare de rug\u0103ciune, vom vedea c\u0103 Dumnezeu a\u0219teapt\u0103 s\u0103 ne rug\u0103m pentru at\u00e2t de multe lucruri \u0219i vom vedea c\u0103 tot ce este \u00een jurul nostru poate deveni subiectul rug\u0103ciunii noastre. Nu trebuie s\u0103 ne rug\u0103m conform sentimentelor noastre. Trebuie s\u0103 contopim dorin\u021bele noastre cu dorin\u021bele lui Dumnezeu \u0219i s\u0103 permitem dorin\u021belor lui Dumnezeu s\u0103 devin\u0103 dorin\u021bele noastre, suspinele noastre, dorurile noastre cu privire la univers. Dorin\u021bele lui Dumnezeu nu pot fi eliberate f\u0103r\u0103 a trece mai \u00eent\u00e2i prin om, iar dorin\u021bele lui Dumnezeu, atunci c\u00e2nd sunt exprimate prin dorin\u021bele omului, vor \u00eent\u00e2mpina opozi\u021bie din partea puterii lui Satan. Pentru a \u00eemplini dorin\u021ba lui Dumnezeu, trebuie s\u0103 ne rug\u0103m, iar pentru a \u00eendep\u0103rta frustr\u0103rile lui Satan, trebuie s\u0103 ne rug\u0103m. Trebuie s\u0103 exers\u0103m autoritatea rug\u0103ciunii \u0219i s\u0103 eliber\u0103m ceea ce trebuie eliberat \u0219i s\u0103 leg\u0103m ceea ce trebuie legat. Nu trebuie s\u0103 ne rug\u0103m conform dorin\u021bei noastre proprii; trebuie s\u0103 mergem la Domnul \u0219i s\u0103 ne rug\u0103m conform dorin\u021bei pe care a imprimat-o \u00een noi. C\u00e2nd Dumnezeu spune c\u0103 este nevoie de ceva, noi trebuie s\u0103 spunem acela\u0219i lucru, iar c\u00e2nd El spune c\u0103 ceva nu poate r\u0103m\u00e2ne, \u0219i noi trebuie s\u0103 spunem la fel. Trebuie s\u0103 uit\u0103m despre noi \u00een\u0219ine \u0219i s\u0103 atingem dorin\u021ba lui Dumnezeu \u0219i s\u0103 exprim\u0103m dorin\u021ba lui Dumnezeu prin rug\u0103ciunea noastr\u0103.<em>The Collected Works of Watchman Nee, vol. 38<\/em>, pp. 456-457)<\/p>\n<p><em>\u00a9 Living Stream Ministry. Folosit cu permisiune.<\/em><\/p>\n<p>&nbsp;<\/p>\n\t<p>DAY 13: PRAYER FOR THE SAINTS TO BE SANCTIFIED<\/p>\n\t<p>1 Tes. 5:22-23; Rom. 12:2, 4-5<\/p>\n\t<p>Pentru ca sfin\u021bii s\u0103 fie p\u0103stra\u021bi \u0219i sfin\u021bi\u021bi \u00een fiin\u021ba lor tripartit\u0103, s\u0103 fie separa\u021bi \u00eenspre Dumnezeu de lucrurile vulgare \u0219i p\u0103c\u0103toase (1 Tes. 5:22-23) \u0219i s\u0103 nu fie conforma\u021bi acestei epoci, ci s\u0103 fie transforma\u021bi \u0219i s\u0103 dovedeasc\u0103 voia Lui Dumnezeu tr\u0103ind via\u021ba Trupului (Rom. 12:2, 4-5).<\/p>\n\t<p><strong>1 Tes. 5:22-23<\/strong>\u2014 Feri\u0163i-v\u0103 de orice se pare r\u0103u. Dumnezeul p\u0103cii s\u0103 v\u0103 sfin\u0163easc\u0103 El \u00eensu\u015fi pe deplin; \u015fi duhul vostru, sufletul vostru \u015fi trupul vostru s\u0103 fie p\u0103zite \u00eentregi, f\u0103r\u0103 prihan\u0103, la venirea Domnului nostru Isus Hristos.<\/p>\n<p><strong>Rom. 12:2<\/strong>\u2014 S\u0103 nu v\u0103 potrivi\u0163i chipului veacului acestuia, ci s\u0103 v\u0103 preface\u0163i prin \u00eennoirea min\u0163ii voastre, ca s\u0103 pute\u0163i deosebi bine voia lui Dumnezeu: cea bun\u0103, pl\u0103cut\u0103 \u015fi des\u0103v\u00e2r\u015fit\u0103.<\/p>\n<p><strong>Rom. 12:4-5<\/strong>\u2014 C\u0103ci, dup\u0103 cum \u00eentr-un trup avem mai multe m\u0103dulare, \u015fi m\u0103dularele n-au toate aceea\u015fi slujb\u0103,\ntot a\u015fa \u015fi noi, care suntem mul\u0163i, alc\u0103tuim un singur trup \u00een Hristos; dar, fiecare \u00een parte, suntem m\u0103dulare unii altora. <strong>\u00a0<\/strong><\/p>\n\t<p>&nbsp;<\/p>\n<p><b>Slujb\u0103: <strong>Cristos mijloce\u0219te<\/strong><\/b><\/p>\n<p>Poate cel mai profund dintre tipurile reprezentative din Vechiul Testament este altarul t\u0103m\u00e2ii din Exod 30. Dac\u0103 consider\u0103m acest tip reprezentativ  chiar \u0219i \u00eentr-un mod superficial, vom vedea c\u0103 este legat de rug\u0103ciune. At\u00e2t \u00een Vechiul Testament, c\u00e2t \u0219i \u00een Noul Testament t\u0103m\u00e2ia oferit\u0103 lui Dumnezeu semnific\u0103 rug\u0103ciunea noastr\u0103 c\u0103tre El. De aceea, c\u00e2nd citim Biblia, putem con\u0219tientiza c\u0103 altarul t\u0103m\u00e2ii trebuie s\u0103 fie legat \u00eentr-un fel de rug\u0103ciune.<\/p>\n<p>Dac\u0103 consider\u0103m acest lucru mai profund, vom vedea c\u0103 de fapt altarul t\u0103m\u00e2ii nu se refer\u0103 la rug\u0103ciune. Mai degrab\u0103, se refer\u0103 la rug\u0103ciunea lui Cristos, \u00eentruc\u00e2t altarul \u00een sine este un tip reprezentativ al persoanei lui Cristos. Nu este un tip reprezentativ al rug\u0103ciunii lui Cristos. Altarul t\u0103m\u00e2ii \u00cel reprezint\u0103 pe Cristos persoana, \u0219i nu rug\u0103ciunea Sa. El reprezint\u0103 Cristosul care se roag\u0103, Cristosul mijlocitor. Cristosul individual dup\u0103 \u00eenvierea Sa a devenit corporativ. Astfel, ast\u0103zi \u00eenaintea lui Dumnezeu se afl\u0103 nu doar Cristosul individual care se roag\u0103, ci Cristosul corporativ, Capul \u00eempreun\u0103 cu Trupul, de asemenea mijloce\u0219te. Cristos Capul mijloce\u0219te \u00een ceruri, iar biserica Trupul mijloce\u0219te pe p\u0103m\u00e2nt. Mijlocitorul, deci, nu este doar Cristos \u00censu\u0219i, ci Cristos cu Trupul S\u0103u. Dac\u0103 ne d\u0103m seama de acest lucru, vom vedea c\u0103 semnifica\u021bia altarului t\u0103m\u00e2ii este ceva foarte profund. (<em>Life-study of Exodus<\/em>, p. 1625)<\/p>\n<p><em>\u00a9 Living Stream Ministry. Folosit cu permisiune.<\/em><\/p>\n<p>&nbsp;<\/p>\n\t<p>DAY 14: PRAYER TO POSSESS THE ALL-INCLUSIVE CHRIST<\/p>\n\t<p>Col. 1:12; Efes. 3:8, 17-18<\/p>\n\t<p>Pentru ca sfin\u021bii s\u0103 posede pe deplin por\u021bia lor repartizat\u0103 din Cristos atotinclusiv, atotcuprinz\u0103tor, fiind \u00eent\u0103ri\u021bi cu putere prin Duhul \u00een omul lor interior, pentru ca Cristos s\u0103\u2011\u0218i fac\u0103 locuin\u021ba \u00een inimile lor (Col. 1:12; Efes. 3:8, 17-18).<\/p>\n\t<p><strong>Col. 1:12<\/strong>\u2014  Mul\u0163umind Tat\u0103lui, care v-a \u00eenvrednicit s\u0103 ave\u0163i parte de mo\u015ftenirea sfin\u0163ilor \u00een lumin\u0103.<\/p>\n<p><strong>Efes. 3:8<\/strong>\u2014 Da, mie, care sunt cel mai ne\u00eensemnat dintre to\u0163i sfin\u0163ii, mi-a fost dat harul acesta s\u0103 vestesc Neamurilor bog\u0103\u0163iile nep\u0103trunse ale lui Hristos.<\/p>\n<p><strong>Efes. 3:17-18<\/strong>\u2014 A\u015fa \u00eenc\u00e2t Hristos s\u0103 locuiasc\u0103 \u00een inimile voastre prin credin\u0163\u0103; pentru ca, av\u00e2nd r\u0103d\u0103cina \u015fi temelia pus\u0103 \u00een dragoste, s\u0103 pute\u0163i pricepe \u00eempreun\u0103 cu to\u0163i sfin\u0163ii care este l\u0103rgimea, lungimea, ad\u00e2ncimea \u015fi \u00een\u0103l\u0163imea.<\/p>\n\t<p>&nbsp;<\/p>\n<p><b>Slujb\u0103: <strong>Redus la cenu\u0219\u0103<\/strong><\/b><\/p>\n<p>Dac\u0103 intr\u0103m \u00een tabernacul, nu putem merge direct la altarul t\u0103m\u00e2ii. Dup\u0103 cum am ar\u0103tat deja, mai \u00eent\u00e2i trebuie s\u0103 mergem la masa p\u00e2inii prezen\u021bei, apoi la lampadar \u0219i dup\u0103 aceea la chivotul m\u0103rturiei din Sf\u00e2nta Sfintelor. Doar atunci vom fi gata s\u0103 venim s\u0103 mijlocim la altarul t\u0103m\u00e2ii.<\/p>\n<p>Conduita noastr\u0103 este \u00een contrast cu Cristos ca via\u021b\u0103 (masa pentru p\u00e2inea prezen\u021bei, masa p\u00e2inii pentru punerea \u00eenainte). Vederea noastr\u0103 este \u00een contrast cu Cristos ca lumin\u0103 a noastr\u0103 (lampadarul). Virtutea noastr\u0103 este \u00een contrast cu Cristos ca t\u0103m\u00e2ie a noastr\u0103 pentru Dumnezeu (altarul t\u0103m\u00e2ii). Conduita noastr\u0103, vederea noastr\u0103 \u0219i virtutea noastr\u0103 alc\u0103tuiesc \u00eempreun\u0103 fiin\u021ba noastr\u0103 natural\u0103, care este \u00een contrast cu Cristos ca m\u0103rturie a lui Dumnezeu (chivotul). Dac\u0103 am devenit un morman de cenu\u0219\u0103, mai avem noi conduita noastr\u0103 natural\u0103, vederea noastr\u0103 natural\u0103 \u0219i virtutea noastr\u0103 natural\u0103? Cu siguran\u021b\u0103 c\u0103 nu. Un morman de cenu\u0219\u0103 nu are nici o conduit\u0103, vedere \u0219i virtute. Ce are un morman de cenu\u0219\u0103? Nu are nimic. S\u0103 fim redu\u0219i la stadiul de cenu\u0219\u0103 \u00eenseamn\u0103 s\u0103 fim redu\u0219i la nimic, la zero. (<em>Life-study of Exodus<\/em>, pp. 1629-1630)<\/p>\n<p><em>\u00a9 Living Stream Ministry. Folosit cu permisiune.<\/em><\/p>\n<p>&nbsp;<\/p>\n\t<p>DAY 15: PRAYER FOR THE BUILDING UP OF THE BODY<\/p>\n\t<p>Col. 2:6-7; Rom. 8:4; Efes. 4:15-16<\/p>\n\t<p>Pentru ca sfin\u021bii s\u0103 umble \u00een Cristos prin duhul \u00een via\u021ba lor de zi cu zi, s\u0103 creasc\u0103 \u00een Cristos \u00een toate lucrurile \u0219i s\u0103 fie \u00eembina\u021bi \u0219i zidi\u021bi \u00eempreun\u0103 ca Trup al lui Cristos (Col. 2:6-7; Rom. 8:4; Efes. 4:15-16).<\/p>\n\t<p><strong>Col. 2:6-7<\/strong>\u2014  Astfel, dar, dup\u0103 cum a\u0163i primit pe Hristos Isus, Domnul, a\u015fa s\u0103 \u015fi umbla\u0163i \u00een El, fiind \u00eenr\u0103d\u0103cina\u0163i \u015fi zidi\u0163i \u00een El, \u00eent\u0103ri\u0163i prin credin\u0163\u0103, dup\u0103 \u00eenv\u0103\u0163\u0103turile care v-au fost date, \u015fi sporind \u00een ea cu mul\u0163umiri c\u0103tre Dumnezeu.<\/p>\n<p><strong>Rom. 8:4<\/strong>\u2014 Pentru ca porunca Legii s\u0103 fie \u00eemplinit\u0103 \u00een noi, care tr\u0103im nu dup\u0103 \u00eendemnurile firii p\u0103m\u00e2nte\u015fti, ci dup\u0103 \u00eendemnurile Duhului.<\/p>\n<p><strong>Efes. 4:15-16<\/strong>\u2014 Ci, credincio\u015fi adev\u0103rului, \u00een dragoste, s\u0103 cre\u015ftem \u00een toate privin\u0163ele, ca s\u0103 ajungem la Cel ce este Capul, Hristos. Din El tot trupul, bine \u00eenchegat \u015fi str\u00e2ns legat, prin ceea ce d\u0103 fiecare \u00eencheietur\u0103, \u00ee\u015fi prime\u015fte cre\u015fterea, potrivit cu lucrarea fiec\u0103rei p\u0103r\u0163i \u00een m\u0103sura ei, \u015fi se zide\u015fte \u00een dragoste.<\/p>\n\t<p>&nbsp;<\/p>\n<p><b>Slujb\u0103: <strong>Cele dou\u0103 altare \u00een experimentarea noastr\u0103<\/strong><\/b><\/p>\n<p>Domnul s\u0103 Se \u00eendure de noi ca s\u0103 vedem c\u0103 via\u021ba de rug\u0103ciune potrivit\u0103 \u0219i veritabil\u0103 este \u00een Dumnezeu \u0219i necesit\u0103 ca Dumnezeu s\u0103 fie \u00een noi; adic\u0103 una cu Cristosul \u00eenviat \u0219i \u00een\u0103l\u021bat la Dumnezeu ca t\u0103m\u00e2ie; \u0219i c\u0103 este legat\u0103 de Cristosul crucificat prin s\u00e2nge, foc \u0219i aroma dulce. Dac\u0103 avem acest fel de rug\u0103ciune vom fi \u00een stare s\u0103 tr\u0103im o via\u021b\u0103 care motiveaz\u0103 mi\u0219carea lui Dumnezeu. Acest fel de via\u021b\u0103 guverneaz\u0103 distribuirea harului lui Dumnezeu \u0219i administra\u021bia autorit\u0103\u021bii Sale. Aceasta \u00eenseamn\u0103 c\u0103 rug\u0103ciunea oferit\u0103 la altarul t\u0103m\u00e2ii guverneaz\u0103 universul. Acest lucru este de o mare \u00eensemn\u0103tate. Fie ca ochii no\u0219tri s\u0103 fie deschi\u0219i pentru a vedea acest lucru. (<em>Life-study of Exodus<\/em>, p. 1623)<\/p>\n<p><em>\u00a9 Living Stream Ministry. Folosit cu permisiune.<\/em><\/p>\n<p>&nbsp;<\/p>\n\t\t<h3><\/h3>\n\t\t<p>S\u0103 persever\u0103m \u00een rug\u0103ciune.<\/p>\n\t\t\t<a href=\"https:\/\/unceasinglypray.org\/ro\/sign-up\/\" target=\"_self\" role=\"button\" rel=\"noopener noreferrer\">\n\t\t\t\t\t\t\tALEGE\u021aI UN INTERVAL\n\t\t\t\t\t<\/a>","protected":false},"excerpt":{"rendered":"<p>DAY 11: PRAYER FOR THE CHURCHES Acts 16:5; Eph. 1:19; Col. 1:11; Rev. 1:9 For the Lord to strengthen, uphold, and prosper the churches in every country in His recovery as the testimony of Jesus (Acts 16:5; Eph. 1:19; Col. 1:11; Rev. 1:9). Acts 16:5\u2014And so the churches were strengthened in the faith and increased&hellip;<\/p>","protected":false},"author":2,"featured_media":0,"parent":0,"menu_order":0,"comment_status":"closed","ping_status":"closed","template":"","meta":{"inline_featured_image":false,"footnotes":""},"class_list":["post-790","page","type-page","status-publish","hentry"],"yoast_head":"<!-- This site is optimized with the Yoast SEO plugin v27.4 - https:\/\/yoast.com\/product\/yoast-seo-wordpress\/ -->\n<title>Prayer Burdens 11-15 - Unceasingly Pray<\/title>\n<meta name=\"robots\" content=\"index, follow, max-snippet:-1, max-image-preview:large, max-video-preview:-1\" \/>\n<link rel=\"canonical\" href=\"https:\/\/unceasinglypray.org\/ro\/prayer-burdens-11-15\/\" \/>\n<meta property=\"og:locale\" content=\"ro_RO\" \/>\n<meta property=\"og:type\" content=\"article\" \/>\n<meta property=\"og:title\" content=\"Prayer Burdens 11-15 - Unceasingly Pray\" \/>\n<meta property=\"og:description\" content=\"DAY 11: PRAYER FOR THE CHURCHES Acts 16:5; Eph. 1:19; Col. 1:11; Rev. 1:9 For the Lord to strengthen, uphold, and prosper the churches in every country in His recovery as the testimony of Jesus (Acts 16:5; Eph. 1:19; Col. 1:11; Rev. 1:9). Acts 16:5\u2014And so the churches were strengthened in the faith and increased&hellip;\" \/>\n<meta property=\"og:url\" content=\"https:\/\/unceasinglypray.org\/ro\/prayer-burdens-11-15\/\" \/>\n<meta property=\"og:site_name\" content=\"Unceasingly Pray\" \/>\n<meta property=\"article:modified_time\" content=\"2020-05-08T20:59:10+00:00\" \/>\n<meta name=\"twitter:card\" content=\"summary_large_image\" \/>\n<meta name=\"twitter:label1\" content=\"Timp estimat pentru citire\" \/>\n\t<meta name=\"twitter:data1\" content=\"9 minute\" \/>\n<script type=\"application\/ld+json\" class=\"yoast-schema-graph\">{\"@context\":\"https:\\\/\\\/schema.org\",\"@graph\":[{\"@type\":\"WebPage\",\"@id\":\"https:\\\/\\\/unceasinglypray.org\\\/prayer-burdens-11-15\\\/\",\"url\":\"https:\\\/\\\/unceasinglypray.org\\\/prayer-burdens-11-15\\\/\",\"name\":\"Prayer Burdens 11-15 - Unceasingly Pray\",\"isPartOf\":{\"@id\":\"https:\\\/\\\/unceasinglypray.org\\\/ar\\\/#website\"},\"datePublished\":\"2020-04-30T03:46:23+00:00\",\"dateModified\":\"2020-05-08T20:59:10+00:00\",\"breadcrumb\":{\"@id\":\"https:\\\/\\\/unceasinglypray.org\\\/prayer-burdens-11-15\\\/#breadcrumb\"},\"inLanguage\":\"ro-RO\",\"potentialAction\":[{\"@type\":\"ReadAction\",\"target\":[\"https:\\\/\\\/unceasinglypray.org\\\/prayer-burdens-11-15\\\/\"]}]},{\"@type\":\"BreadcrumbList\",\"@id\":\"https:\\\/\\\/unceasinglypray.org\\\/prayer-burdens-11-15\\\/#breadcrumb\",\"itemListElement\":[{\"@type\":\"ListItem\",\"position\":1,\"name\":\"Home\",\"item\":\"https:\\\/\\\/unceasinglypray.org\\\/pt\\\/\"},{\"@type\":\"ListItem\",\"position\":2,\"name\":\"Prayer Burdens 11-15\"}]},{\"@type\":\"WebSite\",\"@id\":\"https:\\\/\\\/unceasinglypray.org\\\/ar\\\/#website\",\"url\":\"https:\\\/\\\/unceasinglypray.org\\\/ar\\\/\",\"name\":\"Unceasingly Pray\",\"description\":\"\",\"potentialAction\":[{\"@type\":\"SearchAction\",\"target\":{\"@type\":\"EntryPoint\",\"urlTemplate\":\"https:\\\/\\\/unceasinglypray.org\\\/ar\\\/?s={search_term_string}\"},\"query-input\":{\"@type\":\"PropertyValueSpecification\",\"valueRequired\":true,\"valueName\":\"search_term_string\"}}],\"inLanguage\":\"ro-RO\"}]}<\/script>\n<!-- \/ Yoast SEO plugin. -->","yoast_head_json":{"title":"Prayer Burdens 11-15 - Unceasingly Pray","robots":{"index":"index","follow":"follow","max-snippet":"max-snippet:-1","max-image-preview":"max-image-preview:large","max-video-preview":"max-video-preview:-1"},"canonical":"https:\/\/unceasinglypray.org\/ro\/prayer-burdens-11-15\/","og_locale":"ro_RO","og_type":"article","og_title":"Prayer Burdens 11-15 - Unceasingly Pray","og_description":"DAY 11: PRAYER FOR THE CHURCHES Acts 16:5; Eph. 1:19; Col. 1:11; Rev. 1:9 For the Lord to strengthen, uphold, and prosper the churches in every country in His recovery as the testimony of Jesus (Acts 16:5; Eph. 1:19; Col. 1:11; Rev. 1:9). Acts 16:5\u2014And so the churches were strengthened in the faith and increased&hellip;","og_url":"https:\/\/unceasinglypray.org\/ro\/prayer-burdens-11-15\/","og_site_name":"Unceasingly Pray","article_modified_time":"2020-05-08T20:59:10+00:00","twitter_card":"summary_large_image","twitter_misc":{"Timp estimat pentru citire":"9 minute"},"schema":{"@context":"https:\/\/schema.org","@graph":[{"@type":"WebPage","@id":"https:\/\/unceasinglypray.org\/prayer-burdens-11-15\/","url":"https:\/\/unceasinglypray.org\/prayer-burdens-11-15\/","name":"Prayer Burdens 11-15 - Unceasingly Pray","isPartOf":{"@id":"https:\/\/unceasinglypray.org\/ar\/#website"},"datePublished":"2020-04-30T03:46:23+00:00","dateModified":"2020-05-08T20:59:10+00:00","breadcrumb":{"@id":"https:\/\/unceasinglypray.org\/prayer-burdens-11-15\/#breadcrumb"},"inLanguage":"ro-RO","potentialAction":[{"@type":"ReadAction","target":["https:\/\/unceasinglypray.org\/prayer-burdens-11-15\/"]}]},{"@type":"BreadcrumbList","@id":"https:\/\/unceasinglypray.org\/prayer-burdens-11-15\/#breadcrumb","itemListElement":[{"@type":"ListItem","position":1,"name":"Home","item":"https:\/\/unceasinglypray.org\/pt\/"},{"@type":"ListItem","position":2,"name":"Prayer Burdens 11-15"}]},{"@type":"WebSite","@id":"https:\/\/unceasinglypray.org\/ar\/#website","url":"https:\/\/unceasinglypray.org\/ar\/","name":"Unceasingly Pray","description":"","potentialAction":[{"@type":"SearchAction","target":{"@type":"EntryPoint","urlTemplate":"https:\/\/unceasinglypray.org\/ar\/?s={search_term_string}"},"query-input":{"@type":"PropertyValueSpecification","valueRequired":true,"valueName":"search_term_string"}}],"inLanguage":"ro-RO"}]}},"_links":{"self":[{"href":"https:\/\/unceasinglypray.org\/ro\/wp-json\/wp\/v2\/pages\/790","targetHints":{"allow":["GET"]}}],"collection":[{"href":"https:\/\/unceasinglypray.org\/ro\/wp-json\/wp\/v2\/pages"}],"about":[{"href":"https:\/\/unceasinglypray.org\/ro\/wp-json\/wp\/v2\/types\/page"}],"author":[{"embeddable":true,"href":"https:\/\/unceasinglypray.org\/ro\/wp-json\/wp\/v2\/users\/2"}],"replies":[{"embeddable":true,"href":"https:\/\/unceasinglypray.org\/ro\/wp-json\/wp\/v2\/comments?post=790"}],"version-history":[{"count":0,"href":"https:\/\/unceasinglypray.org\/ro\/wp-json\/wp\/v2\/pages\/790\/revisions"}],"wp:attachment":[{"href":"https:\/\/unceasinglypray.org\/ro\/wp-json\/wp\/v2\/media?parent=790"}],"curies":[{"name":"wp","href":"https:\/\/api.w.org\/{rel}","templated":true}]}}