{"id":778,"date":"2020-04-29T19:42:00","date_gmt":"2020-04-29T19:42:00","guid":{"rendered":"https:\/\/unceasinglypray.org\/?page_id=778"},"modified":"2020-04-29T22:46:57","modified_gmt":"2020-04-29T22:46:57","slug":"letter-2","status":"publish","type":"page","link":"https:\/\/unceasinglypray.org\/ro\/letter-2\/","title":{"rendered":"Letter 2"},"content":{"rendered":"<h2>\n\t\tPERSEVERA\u021aI \u00ceN RUG\u0102CIUNE\n\t<\/h2>\n\t<p>16 Aprilie 2020<\/p>\n\t<p><img \/>Dragi sfin\u021bi,<\/p>\n<p class=\"translation-block\">D\u0103m slav\u0103 Domnului pentru c\u0103 a st\u00e2rnit un num\u0103r at\u00e2t de mare dintre voi s\u0103 participe la povara prezent\u0103 timp de dou\u0103zeci \u0219i unu de zile. Niciodat\u0103 p\u00e2n\u0103 acum nu s-au unit at\u00e2t de mul\u021bi de pe \u00eentinsul \u00eentregului glob \u00eentr-un singur acord pentru a se ruga ca un singur om \u00eentr-un mod at\u00e2t de sus\u021binut. Suntem \u00eencrez\u0103tori c\u0103 Domnul nostru \u00een\u0103l\u021bat aude rug\u0103ciunile bisericii \u0219i c\u0103 acestea vor fi foarte benefice pentru \u00eendeplinirea dorin\u021bei inimii sale. Dup\u0103 mai mult\u0103 considerare \u0219i p\u0103rt\u0103\u0219ie, noi am decis s\u0103 le cerem sfin\u021bilor s\u0103 continue cu statornicie \u00een aceast\u0103 rug\u0103ciune pentru \u00eenc\u0103 nou\u0103 zile, adic\u0103 p\u00e2n\u0103 la data de 30 aprilie.<\/p>\n&nbsp;<br \/>\nSperan\u021ba noastr\u0103 este c\u0103 aceast\u0103 lun\u0103 de rug\u0103ciune nu va fi doar un eveniment trec\u0103tor, ci va \u00eent\u0103ri mult via\u021ba noastr\u0103 personal\u0103 de rug\u0103ciune \u0219i slujba de rug\u0103ciune corporativ\u0103 a bisericii. Rug\u0103ciunea este cea mai mare lucrare a noastr\u0103 \u00eenaintea lui Dumnezeu \u0219i este \u0219i cea mai mare amenin\u021bare la adresa inamicului lui Dumnezeu. Din acest motiv, Satan caut\u0103 s\u0103 sl\u0103beasc\u0103 via\u021ba noastr\u0103 de rug\u0103ciune \u0219i slujba de rug\u0103ciune a bisericii. Cunosc\u00e2nd acest lucru, apostolul Pavel a pus \u00eempreun\u0103 perseveren\u021ba \u0219i rug\u0103ciunea (Rom. 12:12; Efes. 6:18; Col. 4:2; comp. cu 1 Tes. 5:17). Consecven\u021ba \u0219i perseveren\u021ba \u00een fa\u021ba obstacolelor sunt cruciale \u00een zidirea unei vie\u021bi de rug\u0103ciune \u0219i o slujb\u0103 de rug\u0103ciune. Aceasta nu este doar \u00eenv\u0103\u021b\u0103tura apostolului; ea este de asemenea ilustrat\u0103 pe larg \u00een Cuv\u00e2ntul lui Dumnezeu.<br \/>\n&nbsp;<br \/>\n\u00cen timp ce Iosua i-a condus pe israeli\u021bi \u00een lupta \u00eempotriva lui Amalec, Moise a stat pe un deal cu toiagul ridicat (Exod 17:9-10). Versetul 11 spune: \u201eC\u00e2nd \u00ee\u0219i ridica Moise m\u00e2na, era mai tare Israel; \u0219i c\u00e2nd \u00ee\u0219i l\u0103sa m\u00e2na \u00een jos, era mai tare Amalec.\u201d Faptul c\u0103 Moise \u0219i-a ridicat m\u00e2na pe v\u00e2rful muntelui \u00cel reprezint\u0103 pe Cristosul \u00een\u0103l\u021bat care mijloce\u0219te \u00een ceruri (Rom. 8:34b; Evr. 7:25; comp. cu 1 Tim. 2:8), iar Iosua \u00cel reprezint\u0103 pe Cristos ca Duh locuitor l\u0103untric care lupt\u0103 \u00eempotriva c\u0103rnii reprezentate de Amalec (Rom. 8:9-11; Gal. 5:16-17). Aceasta \u00eenseamn\u0103 c\u0103 victoria din r\u0103zboiul spiritual depinde foarte mult de mijlocirea lui Cristos. \u00cens\u0103, versetul 12 ne spune c\u0103 m\u00e2inile lui Moise au devenit grele \u0219i aveau nevoie de sprijin. Fiind unul ale c\u0103rui m\u00e2ini au devenit grele, Moise nu \u00cel reprezint\u0103 pe Cristos, ci pe noi, semnific\u00e2nd faptul c\u0103 atunci c\u00e2nd Cristos se roag\u0103 \u00een ceruri, \u0219i noi trebuie s\u0103 ne rug\u0103m pe p\u0103m\u00e2nt (1 Tim. 2:8). O piatr\u0103, care \u00cel reprezint\u0103 pe Cristos ca t\u0103rie \u0219i statornicie a noastr\u0103 \u00een rug\u0103ciune, a fost adus\u0103 pentru ca Moise s\u0103 \u0219ad\u0103 pe ea. Mai mult, m\u00e2inile sale erau sus\u021binute \u00eentr-o parte de Aron, reprezent\u00e2nd preo\u021bia, \u0219i \u00een cealalt\u0103 parte de Hur, reprezent\u00e2nd regalitatea. Aceasta \u00eenseamn\u0103 c\u0103 pentru a persevera \u00een rug\u0103ciuni mijlocitoare de r\u0103zboi, trebuie s\u0103 fim preo\u021bii care ne exers\u0103m s\u0103 ne rug\u0103m \u00een duhul nostru, Sf\u00e2nta Sfintelor de ast\u0103zi, \u0219i trebuie s\u0103-I fim \u00een supunere deplin\u0103 Domnului sub autoritatea Sa.<br \/>\n&nbsp;<br \/>\nDaniel was a person who, knowing the promise of God regarding Israel\u2019s return from captivity (Jer. 29:10), persevered in prayer for the Lord\u2019s desire (Dan. 9:2-3). He had the habit of praying three times daily (6:10) and would not let anything frustrate his prayer, not even the threat of death (vv. 7-9). Daniel was thus a channel of prayer the Lord could use to carry out His desire. Regarding Daniel chapter 6, Brother Lee said, \u201cGod desires to carry out His economy, but man is needed to pray for His economy on earth. God carries out His economy on the earth through His faithful channels of prayer. Satan&#8217;s strategy is to frustrate the prayer which is for God&#8217;s move&#8230;There is no other way to bring God\u2019s economy into fullness and into fulfillment except by prayer\u201d (Life-study of Daniel, p. 45). Daniel\u2019s cooperation with the Lord in prayer afforded the Lord a way to take a great step in His move.<br \/>\n&nbsp;<br \/>\nDomnul ast\u0103zi caut\u0103 rug\u0103ciuni cu valoare dispensa\u021bional\u0103, rug\u0103ciuni care se potrivesc inimii lui Dumnezeu, rug\u0103ciuni pentru \u00eenaintarea mi\u0219c\u0103rii lui Dumnezeu, rug\u0103ciuni pentru preg\u0103tirea miresei, rug\u0103ciuni pentru producerea biruitorilor ca armat\u0103 a Domnului, rug\u0103ciuni pentru \u00eenfr\u00e2ngerea inamicului lui Dumnezeu, rug\u0103ciuni care schimb\u0103 epoca. Rug\u0103ciunile sfin\u021bilor \u0219i ale bisericii sunt un factor semnificativ \u00een realizarea schimb\u0103rii dispensa\u021bionale de la epoca prezent\u0103 la epoca \u00eemp\u0103r\u0103\u021biei (Luca 18:1-8; Apoc. 6:9-10; 8:3-5). Pentru a persevera \u00een astfel de rug\u0103ciuni, cu siguran\u021b\u0103 avem nevoie de \u00eent\u0103rirea Domnului (Efes. 6:10).<br \/>\n&nbsp;<br \/>\nDear saints, the Lord wants to raise up a royal priesthood to join with Him as the ascended Intercessor in His heavenly ministry of intercession. With this in view, we urge you to continue our present round-the-clock global prayer through the end of this month, and we encourage you to invite others to join in this prayer. If you have not already done so, you can visit <a href=\"https:\/\/unceasinglypray.org\/ro\/sign-up\/\">unceasinglypray.org<\/a> to sign up for a time slot to pray. Those who sign up will receive a suggested prayer burden for each day via email. May the Lord do what He desires within us, and may our prayers lay the tracks for Him to carry out His heart\u2019s desire on the earth.<br \/>\n&nbsp;<br \/>\nFra\u021bii vo\u0219tri \u00een Cristos,<br \/>\nLucr\u0103torii din rec\u00e2\u0219tigarea Domnului\n<p><img alt=\"\" width=\"25650\" height=\"150\" \/><\/p>","protected":false},"excerpt":{"rendered":"<p>PERSEVERING IN PRAYER APRIL 16, 2020 Dear saints, We worship the Lord that He has stirred up so many of you to participate in the present burden for twenty-one days of prayer. Never before have so many across the entire globe joined together in one accord to pray as one man in such a sustained&hellip;<\/p>","protected":false},"author":1,"featured_media":0,"parent":0,"menu_order":0,"comment_status":"closed","ping_status":"closed","template":"","meta":{"inline_featured_image":false,"footnotes":""},"class_list":["post-778","page","type-page","status-publish","hentry"],"yoast_head":"<!-- This site is optimized with the Yoast SEO plugin v27.4 - https:\/\/yoast.com\/product\/yoast-seo-wordpress\/ -->\n<title>Letter 2 - Unceasingly Pray<\/title>\n<meta name=\"robots\" content=\"index, follow, max-snippet:-1, max-image-preview:large, max-video-preview:-1\" \/>\n<link rel=\"canonical\" href=\"https:\/\/unceasinglypray.org\/ro\/letter-2\/\" \/>\n<meta property=\"og:locale\" content=\"ro_RO\" \/>\n<meta property=\"og:type\" content=\"article\" \/>\n<meta property=\"og:title\" content=\"Letter 2 - Unceasingly Pray\" \/>\n<meta property=\"og:description\" content=\"PERSEVERING IN PRAYER APRIL 16, 2020 Dear saints, We worship the Lord that He has stirred up so many of you to participate in the present burden for twenty-one days of prayer. Never before have so many across the entire globe joined together in one accord to pray as one man in such a sustained&hellip;\" \/>\n<meta property=\"og:url\" content=\"https:\/\/unceasinglypray.org\/ro\/letter-2\/\" \/>\n<meta property=\"og:site_name\" content=\"Unceasingly Pray\" \/>\n<meta property=\"article:modified_time\" content=\"2020-04-29T22:46:57+00:00\" \/>\n<meta name=\"twitter:card\" content=\"summary_large_image\" \/>\n<meta name=\"twitter:label1\" content=\"Timp estimat pentru citire\" \/>\n\t<meta name=\"twitter:data1\" content=\"4 minute\" \/>\n<script type=\"application\/ld+json\" class=\"yoast-schema-graph\">{\"@context\":\"https:\\\/\\\/schema.org\",\"@graph\":[{\"@type\":\"WebPage\",\"@id\":\"https:\\\/\\\/unceasinglypray.org\\\/sk_sk\\\/letter-2\\\/\",\"url\":\"https:\\\/\\\/unceasinglypray.org\\\/sk_sk\\\/letter-2\\\/\",\"name\":\"Letter 2 - Unceasingly Pray\",\"isPartOf\":{\"@id\":\"https:\\\/\\\/unceasinglypray.org\\\/ar\\\/#website\"},\"datePublished\":\"2020-04-29T19:42:00+00:00\",\"dateModified\":\"2020-04-29T22:46:57+00:00\",\"breadcrumb\":{\"@id\":\"https:\\\/\\\/unceasinglypray.org\\\/sk_sk\\\/letter-2\\\/#breadcrumb\"},\"inLanguage\":\"ro-RO\",\"potentialAction\":[{\"@type\":\"ReadAction\",\"target\":[\"https:\\\/\\\/unceasinglypray.org\\\/sk_sk\\\/letter-2\\\/\"]}]},{\"@type\":\"BreadcrumbList\",\"@id\":\"https:\\\/\\\/unceasinglypray.org\\\/sk_sk\\\/letter-2\\\/#breadcrumb\",\"itemListElement\":[{\"@type\":\"ListItem\",\"position\":1,\"name\":\"Home\",\"item\":\"https:\\\/\\\/unceasinglypray.org\\\/pt\\\/\"},{\"@type\":\"ListItem\",\"position\":2,\"name\":\"Letter 2\"}]},{\"@type\":\"WebSite\",\"@id\":\"https:\\\/\\\/unceasinglypray.org\\\/ar\\\/#website\",\"url\":\"https:\\\/\\\/unceasinglypray.org\\\/ar\\\/\",\"name\":\"Unceasingly Pray\",\"description\":\"\",\"potentialAction\":[{\"@type\":\"SearchAction\",\"target\":{\"@type\":\"EntryPoint\",\"urlTemplate\":\"https:\\\/\\\/unceasinglypray.org\\\/ar\\\/?s={search_term_string}\"},\"query-input\":{\"@type\":\"PropertyValueSpecification\",\"valueRequired\":true,\"valueName\":\"search_term_string\"}}],\"inLanguage\":\"ro-RO\"}]}<\/script>\n<!-- \/ Yoast SEO plugin. -->","yoast_head_json":{"title":"Letter 2 - Unceasingly Pray","robots":{"index":"index","follow":"follow","max-snippet":"max-snippet:-1","max-image-preview":"max-image-preview:large","max-video-preview":"max-video-preview:-1"},"canonical":"https:\/\/unceasinglypray.org\/ro\/letter-2\/","og_locale":"ro_RO","og_type":"article","og_title":"Letter 2 - Unceasingly Pray","og_description":"PERSEVERING IN PRAYER APRIL 16, 2020 Dear saints, We worship the Lord that He has stirred up so many of you to participate in the present burden for twenty-one days of prayer. Never before have so many across the entire globe joined together in one accord to pray as one man in such a sustained&hellip;","og_url":"https:\/\/unceasinglypray.org\/ro\/letter-2\/","og_site_name":"Unceasingly Pray","article_modified_time":"2020-04-29T22:46:57+00:00","twitter_card":"summary_large_image","twitter_misc":{"Timp estimat pentru citire":"4 minute"},"schema":{"@context":"https:\/\/schema.org","@graph":[{"@type":"WebPage","@id":"https:\/\/unceasinglypray.org\/sk_sk\/letter-2\/","url":"https:\/\/unceasinglypray.org\/sk_sk\/letter-2\/","name":"Letter 2 - Unceasingly Pray","isPartOf":{"@id":"https:\/\/unceasinglypray.org\/ar\/#website"},"datePublished":"2020-04-29T19:42:00+00:00","dateModified":"2020-04-29T22:46:57+00:00","breadcrumb":{"@id":"https:\/\/unceasinglypray.org\/sk_sk\/letter-2\/#breadcrumb"},"inLanguage":"ro-RO","potentialAction":[{"@type":"ReadAction","target":["https:\/\/unceasinglypray.org\/sk_sk\/letter-2\/"]}]},{"@type":"BreadcrumbList","@id":"https:\/\/unceasinglypray.org\/sk_sk\/letter-2\/#breadcrumb","itemListElement":[{"@type":"ListItem","position":1,"name":"Home","item":"https:\/\/unceasinglypray.org\/pt\/"},{"@type":"ListItem","position":2,"name":"Letter 2"}]},{"@type":"WebSite","@id":"https:\/\/unceasinglypray.org\/ar\/#website","url":"https:\/\/unceasinglypray.org\/ar\/","name":"Unceasingly Pray","description":"","potentialAction":[{"@type":"SearchAction","target":{"@type":"EntryPoint","urlTemplate":"https:\/\/unceasinglypray.org\/ar\/?s={search_term_string}"},"query-input":{"@type":"PropertyValueSpecification","valueRequired":true,"valueName":"search_term_string"}}],"inLanguage":"ro-RO"}]}},"_links":{"self":[{"href":"https:\/\/unceasinglypray.org\/ro\/wp-json\/wp\/v2\/pages\/778","targetHints":{"allow":["GET"]}}],"collection":[{"href":"https:\/\/unceasinglypray.org\/ro\/wp-json\/wp\/v2\/pages"}],"about":[{"href":"https:\/\/unceasinglypray.org\/ro\/wp-json\/wp\/v2\/types\/page"}],"author":[{"embeddable":true,"href":"https:\/\/unceasinglypray.org\/ro\/wp-json\/wp\/v2\/users\/1"}],"replies":[{"embeddable":true,"href":"https:\/\/unceasinglypray.org\/ro\/wp-json\/wp\/v2\/comments?post=778"}],"version-history":[{"count":0,"href":"https:\/\/unceasinglypray.org\/ro\/wp-json\/wp\/v2\/pages\/778\/revisions"}],"wp:attachment":[{"href":"https:\/\/unceasinglypray.org\/ro\/wp-json\/wp\/v2\/media?parent=778"}],"curies":[{"name":"wp","href":"https:\/\/api.w.org\/{rel}","templated":true}]}}