{"id":775,"date":"2020-04-29T19:38:04","date_gmt":"2020-04-29T19:38:04","guid":{"rendered":"https:\/\/unceasinglypray.org\/?page_id=775"},"modified":"2020-04-29T22:49:35","modified_gmt":"2020-04-29T22:49:35","slug":"letter-1","status":"publish","type":"page","link":"https:\/\/unceasinglypray.org\/ro\/letter-1\/","title":{"rendered":"Letter 1"},"content":{"rendered":"<h2>\n\t\tCHEMARE LA RUG\u0102CIUNE GLOBAL\u0102\n\t<\/h2>\n\t<p>30 MARTIE 2020<\/p>\n\t<p><img \/><\/p>\n<p><em>Pe zidurile tale, Ierusalime, am pus ni\u015fte str\u0103jeri care nu vor t\u0103cea niciodat\u0103, nici zi, nici noapte! Voi care aduce\u0163i aminte Domnului de el, nu v\u0103 odihni\u0163i deloc!\u00a0<\/em><em>\u015ei nu-I da\u0163i r\u0103gaz, p\u00e2n\u0103 nu va a\u015feza din nou Ierusalimul \u015fi-l va face o laud\u0103 pe p\u0103m\u00e2nt.\u00a0<\/em><em>\u2014 Isaia 62:6-7<\/em><\/p>\n&nbsp;<br \/>\nBiserica lui Dumnezeu are o \u00eens\u0103rcinare strategic\u0103 dubl\u0103 - s\u0103 se roage lui Dumnezeu \u0219i s\u0103 predice oamenilor evanghelia lui Isus Cristos. Adesea ne concentr\u0103m asupra lucr\u0103rii pe care o facem pentru Domnul pentru a ajunge la oameni, dar lucrarea de rug\u0103ciune a bisericii este de fapt mult mai important\u0103. Situa\u021bia actual\u0103 de pe p\u0103m\u00e2nt este un apel c\u0103tre to\u021bi sfin\u021bii din rec\u00e2\u0219tigarea Domnului ca s\u0103 se ridice pentru a \u00eendeplini func\u021bia neglijat\u0103 a bisericii: s\u0103 coopereze cu Dumnezeu \u00een rug\u0103ciune pentru promovarea intereselor Sale pe p\u0103m\u00e2nt. \u00cen acest scop, rug\u0103m sfin\u021bii din bisericile de pe \u00eentregul glob s\u0103 se \u00eenscrie pentru un interval de cincisprezece minute \u00een fiecare zi, \u00eencep\u00e2nd cu 1 aprilie pan\u0103 la 21 aprilie 2020, pentru a se ruga \u00een mod individual sau \u00eempreun\u0103 cu al\u021bii. Vom oferi c\u00e2teva sugestii cu privire la subiectele de rug\u0103ciune, dar mai \u00eent\u00e2i haide\u021bi s\u0103 intr\u0103m \u00eentr-o \u00een\u021belegere fundamental\u0103 a tipului de rug\u0103ciune de care are Domnul nevoie.<br \/>\n&nbsp;<br \/>\nToo often we think of prayer as something we do only when we are aware of a particular spiritual or practical need or when we want to accomplish something for the Lord in a way of service, whether personally, with others, or as the church. Prayer for these things is legitimate and even necessary, but the highest and deepest prayers in the New Testament are, first and foremost, for God&#8217;s work in the saints and for His move on the earth (Phil. 1:9-11; Eph. 1:15-23; 3:14-21; Acts 4:24-31; Eph. 6:18-20; Col. 4:2-4). Intercessory prayer is a matter of co-laboring with Christ in His heavenly ministry. Such prayer is the pinnacle of the church\u2019s service to Christ. He as the heavenly Intercessor needs His people on the earth to echo His desire. Matthew 18:18 says, \u201cTruly I say to you, Whatever you bind on the earth shall have been bound in heaven, and whatever you loose on the earth shall have been loosed in heaven.\u201d Brother Watchman Nee helped us see from this verse that God in the heavens is waiting for the church to execute His will on the earth through prayer. Something may have been bound or loosed in the heavens, but it is only through the church&#8217;s prayer that it can be bound or loosed on the earth.<br \/>\n&nbsp;<br \/>\nThe book of Revelation shows us God&#8217;s divine administration in His consummating of this age. In this book we do not see the churches carrying out so many activities. Rather, we see prayer in relation to God&#8217;s governmental move. The saints&#8217; prayers are present in the scene in heaven at Christ&#8217;s ascension and the opening of the scroll of God&#8217;s economy (Rev. 5:8). God responds to the cry of the martyred saints (6:9-10) with the opening of the sixth seal, which marks the beginning of the great tribulation (vv. 12-17). After Christ as \u201canother Angel\u201d offers the saints&#8217; prayers with Himself as the incense before the throne, fire is cast to the earth followed by supernatural calamities, marking the beginning of God&#8217;s judgment of the earth and its inhabitants (8:3-5). In each case the prayers mentioned have dispensational significance and enable God to carry out His administration.<br \/>\n&nbsp;<br \/>\nDomnul dore\u0219te s\u0103 \u00eencheie aceast\u0103 veac \u0219i s\u0103\u2011\u0218i stabileasc\u0103 \u00eemp\u0103r\u0103\u021bia pe p\u0103m\u00e2nt (Apocalipsa 11:15; 12:10). El a\u0219teapt\u0103 ca un num\u0103r adecvat de credincio\u0219i s\u0103 fie preg\u0103ti\u021bi ca Mireas\u0103 \u0219i armat\u0103 a Sa (Apocalipsa 19:7, 14). Acum, mai mult ca niciodat\u0103, ar trebui s\u0103-L implor\u0103m pe Tat\u0103l conform cu Matei 6:9-10, pentru ca numele S\u0103u s\u0103 fie sfin\u021bit, \u00cemp\u0103r\u0103\u021bia Lui s\u0103 vin\u0103 \u0219i voia Lui s\u0103 fie f\u0103cut\u0103 pe p\u0103m\u00e2nt. Pe de o parte, pandemia care \u00een prezent face ravagii peste tot \u00een lume este un avertisment din partea Domnului c\u0103tre na\u021biuni. Pe de alt\u0103 parte, este un apel din partea Domnului c\u0103tre poporul S\u0103u pentru a \u00eendeplini planul S\u0103u de a fi una cu Cristosul \u00een\u0103l\u021bat la altarul t\u0103m\u00e2ierii \u0219i de a se potrivi cu mijlocirea Lui.<br \/>\n&nbsp;<br \/>\nThe Bible shows us that the created race of Adam, the called race of Abraham, and the church as a whole all failed God in cooperating with Him to accomplish His purpose. For this reason, in Revelation 2 and 3 the Lord called for overcomers. We must realize that God&#8217;s move depends upon overcomers, and a key characteristic of overcomers is their prayer. The martyred saints crying out beneath the altar in Revelation 6 become the overcoming man-child in chapter 12, and when the man-child is caught up to heaven, Satan is cast down (12:5, 9). One aspect of the Lord&#8217;s recovery today is to produce overcomers who will fully cooperate with the Lord so that His purpose can be fulfilled and He can return. We must be those overcomers who are praying at the incense altar in the house of God to correspond with Christ, our heavenly High Priest, and to cooperate with God by praying on the earth what is out from His throne.<br \/>\n&nbsp;<br \/>\nThe saints in the churches in the Lord&#8217;s recovery should all aspire to be overcomers. However, we must realize that such spiritual warriors are not produced overnight. We need to build up our praying and fighting capacity. We believe that the unprecedented restriction many of us find ourselves under is sovereign of the Lord to grant us the opportunity to recover and uplift both our personal and corporate prayer life. If you read the New Testament carefully, you will realize that the apostle Paul&#8217;s ability to minister from prison was quite limited, but he prayed much. Similarly, Brother Nee carried out his public ministry for thirty years, but while he was in prison during the last twenty years of his life, he could minister only in a limited way to those around him. Yet during that time of confinement, he was able to join with the interceding Christ in a hidden ministry of prayer.<br \/>\n&nbsp;<br \/>\nWe are accustomed to viewing all the provisions of God, the bountiful supply of the Spirit, and the riches that we have received from this ministry as the spiritual supply for our growth in life for the building up of the church. This is not wrong, but we should realize that all these things are also to strengthen us to carry out the church&#8217;s paramount ministry of prayer. We need to read the Bible, know the anointing, and be nourished by the ministry of the age so that we can know how to pray according to God&#8217;s will and not our own. We all want to have the Lord&#8217;s presence, but we should realize that the Lord&#8217;s promise to be with us when we gather together in His name is in the context of two or three offering binding and loosing prayer in harmony with one another and with God\u2019s will (Matt. 18:18-20).<br \/>\n&nbsp;<br \/>\n\u00cen cele din urm\u0103, pe m\u0103sur\u0103 ce ne al\u0103tur\u0103m Domnului \u00een rug\u0103ciune, trebuie s\u0103 ne amintim de rug\u0103ciunea lui Solomon \u00een 1 \u00cemp\u0103ra\u021bi 8:48, \u00een care a vorbit despre poporul lui Dumnezeu care se roag\u0103 lui Dumnezeu spre \u021bara sf\u00e2nt\u0103, simboliz\u00e2ndu-L pe Cristos drept por\u021bie repartizat\u0103 poporului S\u0103u de c\u0103tre Dumnezeu; spre cetatea sf\u00e2nt\u0103, \u00eensemn\u00e2nd \u00cemp\u0103r\u0103\u021bia lui Dumnezeu \u00een Cristos; \u0219i spre templul sf\u00e2nt, \u00eensemn\u00e2nd casa lui Dumnezeu, biserica, pe p\u0103m\u00e2nt. Acest lucru indic\u0103 faptul c\u0103 Dumnezeu va asculta rug\u0103ciunea noastr\u0103 atunci c\u00e2nd rug\u0103ciunea noastr\u0103 c\u0103tre Dumnezeu este spre Cristos, \u00cemp\u0103r\u0103\u021bia lui Dumnezeu \u0219i casa lui Dumnezeu ca \u021bel \u00een economia etern\u0103 a lui Dumnezeu. Aceasta \u00eenseamn\u0103 c\u0103, indiferent pentru cine ne rug\u0103m, rug\u0103ciunile noastre ar trebui s\u0103 fie \u00eendreptate c\u0103tre interesele lui Dumnezeu pe p\u0103m\u00e2nt, Cristos \u0219i biserica, pentru \u00eemplinirea economiei Sale.<br \/>\n&nbsp;<br \/>\nFra\u021bi si surori, trebuie s\u0103 \u00eenaint\u0103m. Ar trebui s\u0103 fim hot\u0103r\u00e2\u021bi \u00een aceste zile pentru a zidi aceast\u0103 slujb\u0103 de rug\u0103ciune, at\u00e2t individual, c\u00e2t \u0219i \u00eempreuna cu al\u021bii. Toate deficien\u021bele noastre, individuale sau corporative, pot fi trasate \u00eenapoi  la lipsa rug\u0103ciunii. \u00cen prezent, este posibil s\u0103 nu putem s\u0103 ne rug\u0103m cu t\u0103rie sau pentru foarte mult timp, \u00eens\u0103 restric\u021biile cu care ne confrunt\u0103m ne ofer\u0103 o cale de a ne zidi capacitatea de rug\u0103ciune dac\u0103 avem o minte de a persevera. Mai mult, de\u0219i s-ar putea s\u0103 fim izola\u021bi fizic, Domnul ne-a oferit o cale prin tehnologia modern\u0103 pentru a ne putea \u00eenc\u0103 ruga \u00eempreun\u0103. Pentru a profita de aceast\u0103 oportunitate, trebuie s\u0103 ne gestion\u0103m timpul \u0219i s\u0103 ne exers\u0103m pentru a ne ruga \u00een mod regulat.<br \/>\n&nbsp;<br \/>\nThe saints in the churches in the Lord&#8217;s recovery have never been so ready to enter into such prayer. Today, more than ever, there is a strong one accord and rich blending among the co-workers and the churches on the earth. We can truly pray as one Body, even as one new man, joined to Christ, our ascended Head. Together let us put on the whole armor of God to stand against the rulers and authorities of darkness and the spiritual forces of evil in the heavenlies. Let us continue steadfastly to pray at every time and in every place for God\u2019s will to be done on the earth.<br \/>\n&nbsp;<br \/>\nPrin urmare, pentru a r\u0103spunde nevoii \u00een aceast\u0103 conjunctur\u0103 crucial\u0103, apel\u0103m la to\u021bi sfin\u021bii de pe fiecare continent, din orice na\u021biune \u0219i localitate \u00een rec\u00e2\u0219tigarea Domnului s\u0103 participe la aceast\u0103 slujb\u0103 de rug\u0103ciune cu veghere \u0219i seriozitate. \u00cen mod specific, este speran\u021ba noastr\u0103 ca mul\u021bi s\u0103 participe la aceast\u0103 rug\u0103ciune global\u0103 zi \u0219i noapte, ca str\u0103jeri desemna\u021bi pe zidurile Ierusalimului (Isaia 62:6) pentru aceste 21 de zile \u0219i p\u00e2n\u0103 c\u00e2nd va exista laud\u0103 pentru El pe \u00eentreg p\u0103m\u00e2ntul!<br \/>\n&nbsp;<br \/>\n<em>Fumul de t\u0103m\u00e2ie s-a ridicat din m\u00e2na \u00eengerului \u00eenaintea lui Dumnezeu, \u00eempreun\u0103 cu rug\u0103ciunile sfin\u0163ilor. Apoi \u00eengerul a luat c\u0103delni\u0163a, a umplut-o din focul de pe altar \u015fi l-a aruncat pe p\u0103m\u00e2nt. \u015ei s-au st\u00e2rnit tunete, glasuri, fulgere \u015fi un cutremur de p\u0103m\u00e2nt. \u2014 Apoc. 8:4-5<\/em>\n<p><img alt=\"\" width=\"25650\" height=\"150\" \/><\/p>","protected":false},"excerpt":{"rendered":"<p>A CALL FOR GLOBAL PRAYER MARCH 30, 2020 Upon your walls, O Jerusalem, I have appointed watchmen; all day and all night they will never keep silent. You who remind Jehovah, do not be dumb; and do not give Him quiet until He establishes\u00a0and until He makes Jerusalem a praise in the earth.\u00a0\u2014Isaiah 62:6-7 &nbsp;&hellip;<\/p>","protected":false},"author":1,"featured_media":0,"parent":0,"menu_order":0,"comment_status":"closed","ping_status":"closed","template":"","meta":{"inline_featured_image":false,"footnotes":""},"class_list":["post-775","page","type-page","status-publish","hentry"],"yoast_head":"<!-- This site is optimized with the Yoast SEO plugin v27.6 - https:\/\/yoast.com\/product\/yoast-seo-wordpress\/ -->\n<title>Letter 1 - Unceasingly Pray<\/title>\n<meta name=\"robots\" content=\"index, follow, max-snippet:-1, max-image-preview:large, max-video-preview:-1\" \/>\n<link rel=\"canonical\" href=\"https:\/\/unceasinglypray.org\/ro\/letter-1\/\" \/>\n<meta property=\"og:locale\" content=\"ro_RO\" \/>\n<meta property=\"og:type\" content=\"article\" \/>\n<meta property=\"og:title\" content=\"Letter 1 - Unceasingly Pray\" \/>\n<meta property=\"og:description\" content=\"A CALL FOR GLOBAL PRAYER MARCH 30, 2020 Upon your walls, O Jerusalem, I have appointed watchmen; all day and all night they will never keep silent. You who remind Jehovah, do not be dumb; and do not give Him quiet until He establishes\u00a0and until He makes Jerusalem a praise in the earth.\u00a0\u2014Isaiah 62:6-7 &nbsp;&hellip;\" \/>\n<meta property=\"og:url\" content=\"https:\/\/unceasinglypray.org\/ro\/letter-1\/\" \/>\n<meta property=\"og:site_name\" content=\"Unceasingly Pray\" \/>\n<meta property=\"article:modified_time\" content=\"2020-04-29T22:49:35+00:00\" \/>\n<meta name=\"twitter:card\" content=\"summary_large_image\" \/>\n<meta name=\"twitter:label1\" content=\"Timp estimat pentru citire\" \/>\n\t<meta name=\"twitter:data1\" content=\"8 minute\" \/>\n<script type=\"application\/ld+json\" class=\"yoast-schema-graph\">{\"@context\":\"https:\\\/\\\/schema.org\",\"@graph\":[{\"@type\":\"WebPage\",\"@id\":\"https:\\\/\\\/unceasinglypray.org\\\/ro\\\/letter-1\\\/\",\"url\":\"https:\\\/\\\/unceasinglypray.org\\\/ro\\\/letter-1\\\/\",\"name\":\"Letter 1 - Unceasingly Pray\",\"isPartOf\":{\"@id\":\"https:\\\/\\\/unceasinglypray.org\\\/ar\\\/#website\"},\"datePublished\":\"2020-04-29T19:38:04+00:00\",\"dateModified\":\"2020-04-29T22:49:35+00:00\",\"breadcrumb\":{\"@id\":\"https:\\\/\\\/unceasinglypray.org\\\/ro\\\/letter-1\\\/#breadcrumb\"},\"inLanguage\":\"ro-RO\",\"potentialAction\":[{\"@type\":\"ReadAction\",\"target\":[\"https:\\\/\\\/unceasinglypray.org\\\/ro\\\/letter-1\\\/\"]}]},{\"@type\":\"BreadcrumbList\",\"@id\":\"https:\\\/\\\/unceasinglypray.org\\\/ro\\\/letter-1\\\/#breadcrumb\",\"itemListElement\":[{\"@type\":\"ListItem\",\"position\":1,\"name\":\"Home\",\"item\":\"https:\\\/\\\/unceasinglypray.org\\\/pt\\\/\"},{\"@type\":\"ListItem\",\"position\":2,\"name\":\"Letter 1\"}]},{\"@type\":\"WebSite\",\"@id\":\"https:\\\/\\\/unceasinglypray.org\\\/ar\\\/#website\",\"url\":\"https:\\\/\\\/unceasinglypray.org\\\/ar\\\/\",\"name\":\"Unceasingly Pray\",\"description\":\"\",\"potentialAction\":[{\"@type\":\"SearchAction\",\"target\":{\"@type\":\"EntryPoint\",\"urlTemplate\":\"https:\\\/\\\/unceasinglypray.org\\\/ar\\\/?s={search_term_string}\"},\"query-input\":{\"@type\":\"PropertyValueSpecification\",\"valueRequired\":true,\"valueName\":\"search_term_string\"}}],\"inLanguage\":\"ro-RO\"}]}<\/script>\n<!-- \/ Yoast SEO plugin. -->","yoast_head_json":{"title":"Letter 1 - Unceasingly Pray","robots":{"index":"index","follow":"follow","max-snippet":"max-snippet:-1","max-image-preview":"max-image-preview:large","max-video-preview":"max-video-preview:-1"},"canonical":"https:\/\/unceasinglypray.org\/ro\/letter-1\/","og_locale":"ro_RO","og_type":"article","og_title":"Letter 1 - Unceasingly Pray","og_description":"A CALL FOR GLOBAL PRAYER MARCH 30, 2020 Upon your walls, O Jerusalem, I have appointed watchmen; all day and all night they will never keep silent. You who remind Jehovah, do not be dumb; and do not give Him quiet until He establishes\u00a0and until He makes Jerusalem a praise in the earth.\u00a0\u2014Isaiah 62:6-7 &nbsp;&hellip;","og_url":"https:\/\/unceasinglypray.org\/ro\/letter-1\/","og_site_name":"Unceasingly Pray","article_modified_time":"2020-04-29T22:49:35+00:00","twitter_card":"summary_large_image","twitter_misc":{"Timp estimat pentru citire":"8 minute"},"schema":{"@context":"https:\/\/schema.org","@graph":[{"@type":"WebPage","@id":"https:\/\/unceasinglypray.org\/ro\/letter-1\/","url":"https:\/\/unceasinglypray.org\/ro\/letter-1\/","name":"Letter 1 - Unceasingly Pray","isPartOf":{"@id":"https:\/\/unceasinglypray.org\/ar\/#website"},"datePublished":"2020-04-29T19:38:04+00:00","dateModified":"2020-04-29T22:49:35+00:00","breadcrumb":{"@id":"https:\/\/unceasinglypray.org\/ro\/letter-1\/#breadcrumb"},"inLanguage":"ro-RO","potentialAction":[{"@type":"ReadAction","target":["https:\/\/unceasinglypray.org\/ro\/letter-1\/"]}]},{"@type":"BreadcrumbList","@id":"https:\/\/unceasinglypray.org\/ro\/letter-1\/#breadcrumb","itemListElement":[{"@type":"ListItem","position":1,"name":"Home","item":"https:\/\/unceasinglypray.org\/pt\/"},{"@type":"ListItem","position":2,"name":"Letter 1"}]},{"@type":"WebSite","@id":"https:\/\/unceasinglypray.org\/ar\/#website","url":"https:\/\/unceasinglypray.org\/ar\/","name":"Unceasingly Pray","description":"","potentialAction":[{"@type":"SearchAction","target":{"@type":"EntryPoint","urlTemplate":"https:\/\/unceasinglypray.org\/ar\/?s={search_term_string}"},"query-input":{"@type":"PropertyValueSpecification","valueRequired":true,"valueName":"search_term_string"}}],"inLanguage":"ro-RO"}]}},"_links":{"self":[{"href":"https:\/\/unceasinglypray.org\/ro\/wp-json\/wp\/v2\/pages\/775","targetHints":{"allow":["GET"]}}],"collection":[{"href":"https:\/\/unceasinglypray.org\/ro\/wp-json\/wp\/v2\/pages"}],"about":[{"href":"https:\/\/unceasinglypray.org\/ro\/wp-json\/wp\/v2\/types\/page"}],"author":[{"embeddable":true,"href":"https:\/\/unceasinglypray.org\/ro\/wp-json\/wp\/v2\/users\/1"}],"replies":[{"embeddable":true,"href":"https:\/\/unceasinglypray.org\/ro\/wp-json\/wp\/v2\/comments?post=775"}],"version-history":[{"count":0,"href":"https:\/\/unceasinglypray.org\/ro\/wp-json\/wp\/v2\/pages\/775\/revisions"}],"wp:attachment":[{"href":"https:\/\/unceasinglypray.org\/ro\/wp-json\/wp\/v2\/media?parent=775"}],"curies":[{"name":"wp","href":"https:\/\/api.w.org\/{rel}","templated":true}]}}