{"id":755,"date":"2020-04-21T17:35:14","date_gmt":"2020-04-21T17:35:14","guid":{"rendered":"https:\/\/unceasinglypray.org\/?page_id=755"},"modified":"2020-06-11T15:13:02","modified_gmt":"2020-06-11T15:13:02","slug":"day-29","status":"publish","type":"page","link":"https:\/\/unceasinglypray.org\/ro\/day-29\/","title":{"rendered":"Day 29"},"content":{"rendered":"<p><a href=\"https:\/\/unceasinglypray.org\/ro\/day-29\/\">DAY 29: PRAYER FOR A NEW REVIVAL<\/a><\/p>\n\t<p>1 Tim. 1:3-4; Gal. 2:20; Fil. 1:21a; Ioan 21:15-17; 1 Cor. 12:24; Col. 3:10-11<\/p>\n\t<p>S\u0103 ne rug\u0103m ca rec\u00e2\u0219tigarea Domnului s\u0103 experimenteze o nou\u0103 trezire, o trezire care nu s-a mai \u00eent\u00e2mplat niciodat\u0103 \u00een istorie, care va fi rezultatul practic\u0103rii cu succes de c\u0103tre noi a v\u00e2rfului \u00eenalt al revela\u021biei economiei lui Dumnezeu, inclusiv tr\u0103irea de om-Dumnezeu, p\u0103storirea universal\u0103 \u0219i omogenizarea pentru realitatea Trupului lui Cristos \u0219i a singurului om nou (1 Tim. 1:3-4; Gal. 2:20; Fil. 1:21a; Ioan 21:15-17; 1 Cor. 12:24; Col. 3:10-11).<\/p>\n\t<p><strong>1 Tim. 1:3-4<\/strong>\u2014Even as I exhorted you, when I was going into Macedonia, to remain in Ephesus in order that you might charge certain ones not to teach different things nor to give heed to myths and unending genealogies, which produce questionings rather than God&#8217;s economy, which is in faith.<\/p>\n<p><strong>Gal. 2:20<\/strong>\u2014 Am fost r\u0103stignit \u00eempreun\u0103 cu Hristos, \u0219i tr\u0103iesc\u2026 dar nu mai tr\u0103iesc eu, ci Hristos tr\u0103ie\u0219te \u00een mine. \u0218i via\u021ba, pe care o tr\u0103iesc acum \u00een trup, o tr\u0103iesc \u00een credin\u021ba \u00een Fiul lui Dumnezeu care m-a iubit \u0219i S-a dat pe Sine \u00censu\u0219i pentru mine.<\/p>\n<p><strong>Fil. 1:21a<\/strong>\u2014 C\u0103ci pentru mine a tr\u0103i este Cristos.<\/p>\n<p><strong>Ioan 21:15-17<\/strong>\u2014 Dup\u0103 ce au pr\u00e2nzit, Isus a zis lui Simon Petru: \u201eSimone, fiul lui Iona, M\u0103 iube\u0219ti tu mai mult dec\u00e2t ace\u0219tia?\u201d \u201eDa, Doamne\u201d, I-a r\u0103spuns Petru, \u201e\u0219tii c\u0103 Te iubesc.\u201d Isus i-a zis: \u201ePa\u0219te mielu\u0219eii Mei.\u201d I-a zis a doua oar\u0103: \u201eSimone, fiul lui Iona, M\u0103 iube\u0219ti?\u201d \u201eDa, Doamne\u201d, I-a r\u0103spuns Petru, \u201e\u0219tii c\u0103 Te iubesc.\u201d Isus i-a zis: \u201ePa\u0219te oi\u021bele Mele.\u201d A treia oar\u0103 i-a zis Isus: \u201eSimone, fiul lui Iona, M\u0103 iube\u0219ti?\u201d Petru s-a \u00eentristat c\u0103-i zisese a treia oar\u0103: \u201eM\u0103 iube\u0219ti?\u201d \u0219i I-a r\u0103spuns: \u201eDoamne, Tu toate le \u0219tii; \u0219tii c\u0103 Te iubesc.\u201d Isus i-a zis: \u201ePa\u0219te oile Mele!\u201d<\/p>\n<p><strong>1 Cor. 12:24<\/strong>\u2014 Pe c\u00e2nd cele frumoase n-au nevoie s\u0103 fie \u00eempodobite. Dumnezeu a \u00eentocmit trupul \u00een a\u0219a fel, ca s\u0103 dea mai mult\u0103 cinste m\u0103dularelor lipsite de cinste.<\/p>\n<p><strong>Col. 3:10-11<\/strong>\u2014 \u0218i v-a\u021bi \u00eembr\u0103cat cu omul cel nou, care se \u00eennoie\u0219te spre cuno\u0219tin\u021b\u0103, dup\u0103 chipul Celui ce l-a f\u0103cut. Aici nu mai este nici grec, nici iudeu, nici t\u0103iere \u00eemprejur, nici net\u0103iere \u00eemprejur, nici barbar, nici scit, nici rob, nici slobod, ci Hristos este totul \u0219i \u00een to\u021bi.<\/p>\n\t\t<h3><\/h3>\n\t\t<p>S\u0103 persever\u0103m \u00een rug\u0103ciune.<\/p>\n\t\t\t<a href=\"https:\/\/unceasinglypray.org\/ro\/sign-up\/\" target=\"_self\" role=\"button\" rel=\"noopener noreferrer\">\n\t\t\t\t\t\t\tALEGE\u021aI UN INTERVAL\n\t\t\t\t\t<\/a>","protected":false},"excerpt":{"rendered":"<p>DAY 29: PRAYER FOR A NEW REVIVAL 1 Tim. 1:3-4; Gal. 2:20; Phil. 1:21a; John 21:15-17; 1 Cor. 12:24; Col. 3:10-11 Pray for the Lord\u2019s recovery to experience a new revival, a revival that has never occurred in history, which will be the issue of our successful practice of the high peak revelations of God\u2019s&hellip;<\/p>","protected":false},"author":2,"featured_media":0,"parent":0,"menu_order":0,"comment_status":"closed","ping_status":"closed","template":"","meta":{"inline_featured_image":false,"footnotes":""},"class_list":["post-755","page","type-page","status-publish","hentry"],"yoast_head":"<!-- This site is optimized with the Yoast SEO plugin v27.4 - https:\/\/yoast.com\/product\/yoast-seo-wordpress\/ -->\n<title>Day 29 - Unceasingly Pray<\/title>\n<meta name=\"robots\" content=\"index, follow, max-snippet:-1, max-image-preview:large, max-video-preview:-1\" \/>\n<link rel=\"canonical\" href=\"http:\/\/unceasinglypray.org\/ro\/day-29\/\" \/>\n<meta property=\"og:locale\" content=\"ro_RO\" \/>\n<meta property=\"og:type\" content=\"article\" \/>\n<meta property=\"og:title\" content=\"Day 29 - Unceasingly Pray\" \/>\n<meta property=\"og:description\" content=\"DAY 29: PRAYER FOR A NEW REVIVAL 1 Tim. 1:3-4; Gal. 2:20; Phil. 1:21a; John 21:15-17; 1 Cor. 12:24; Col. 3:10-11 Pray for the Lord\u2019s recovery to experience a new revival, a revival that has never occurred in history, which will be the issue of our successful practice of the high peak revelations of God\u2019s&hellip;\" \/>\n<meta property=\"og:url\" content=\"http:\/\/unceasinglypray.org\/ro\/day-29\/\" \/>\n<meta property=\"og:site_name\" content=\"Unceasingly Pray\" \/>\n<meta property=\"article:modified_time\" content=\"2020-06-11T15:13:02+00:00\" \/>\n<meta name=\"twitter:card\" content=\"summary_large_image\" \/>\n<meta name=\"twitter:label1\" content=\"Timp estimat pentru citire\" \/>\n\t<meta name=\"twitter:data1\" content=\"2 minute\" \/>\n<script type=\"application\/ld+json\" class=\"yoast-schema-graph\">{\"@context\":\"https:\\\/\\\/schema.org\",\"@graph\":[{\"@type\":\"WebPage\",\"@id\":\"http:\\\/\\\/unceasinglypray.org\\\/cs\\\/day-29\\\/\",\"url\":\"http:\\\/\\\/unceasinglypray.org\\\/cs\\\/day-29\\\/\",\"name\":\"Day 29 - Unceasingly Pray\",\"isPartOf\":{\"@id\":\"https:\\\/\\\/unceasinglypray.org\\\/ar\\\/#website\"},\"datePublished\":\"2020-04-21T17:35:14+00:00\",\"dateModified\":\"2020-06-11T15:13:02+00:00\",\"breadcrumb\":{\"@id\":\"http:\\\/\\\/unceasinglypray.org\\\/cs\\\/day-29\\\/#breadcrumb\"},\"inLanguage\":\"ro-RO\",\"potentialAction\":[{\"@type\":\"ReadAction\",\"target\":[\"http:\\\/\\\/unceasinglypray.org\\\/cs\\\/day-29\\\/\"]}]},{\"@type\":\"BreadcrumbList\",\"@id\":\"http:\\\/\\\/unceasinglypray.org\\\/cs\\\/day-29\\\/#breadcrumb\",\"itemListElement\":[{\"@type\":\"ListItem\",\"position\":1,\"name\":\"Home\",\"item\":\"https:\\\/\\\/unceasinglypray.org\\\/pt\\\/\"},{\"@type\":\"ListItem\",\"position\":2,\"name\":\"Day 29\"}]},{\"@type\":\"WebSite\",\"@id\":\"https:\\\/\\\/unceasinglypray.org\\\/ar\\\/#website\",\"url\":\"https:\\\/\\\/unceasinglypray.org\\\/ar\\\/\",\"name\":\"Unceasingly Pray\",\"description\":\"\",\"potentialAction\":[{\"@type\":\"SearchAction\",\"target\":{\"@type\":\"EntryPoint\",\"urlTemplate\":\"https:\\\/\\\/unceasinglypray.org\\\/ar\\\/?s={search_term_string}\"},\"query-input\":{\"@type\":\"PropertyValueSpecification\",\"valueRequired\":true,\"valueName\":\"search_term_string\"}}],\"inLanguage\":\"ro-RO\"}]}<\/script>\n<!-- \/ Yoast SEO plugin. -->","yoast_head_json":{"title":"Day 29 - Unceasingly Pray","robots":{"index":"index","follow":"follow","max-snippet":"max-snippet:-1","max-image-preview":"max-image-preview:large","max-video-preview":"max-video-preview:-1"},"canonical":"http:\/\/unceasinglypray.org\/ro\/day-29\/","og_locale":"ro_RO","og_type":"article","og_title":"Day 29 - Unceasingly Pray","og_description":"DAY 29: PRAYER FOR A NEW REVIVAL 1 Tim. 1:3-4; Gal. 2:20; Phil. 1:21a; John 21:15-17; 1 Cor. 12:24; Col. 3:10-11 Pray for the Lord\u2019s recovery to experience a new revival, a revival that has never occurred in history, which will be the issue of our successful practice of the high peak revelations of God\u2019s&hellip;","og_url":"http:\/\/unceasinglypray.org\/ro\/day-29\/","og_site_name":"Unceasingly Pray","article_modified_time":"2020-06-11T15:13:02+00:00","twitter_card":"summary_large_image","twitter_misc":{"Timp estimat pentru citire":"2 minute"},"schema":{"@context":"https:\/\/schema.org","@graph":[{"@type":"WebPage","@id":"http:\/\/unceasinglypray.org\/cs\/day-29\/","url":"http:\/\/unceasinglypray.org\/cs\/day-29\/","name":"Day 29 - Unceasingly Pray","isPartOf":{"@id":"https:\/\/unceasinglypray.org\/ar\/#website"},"datePublished":"2020-04-21T17:35:14+00:00","dateModified":"2020-06-11T15:13:02+00:00","breadcrumb":{"@id":"http:\/\/unceasinglypray.org\/cs\/day-29\/#breadcrumb"},"inLanguage":"ro-RO","potentialAction":[{"@type":"ReadAction","target":["http:\/\/unceasinglypray.org\/cs\/day-29\/"]}]},{"@type":"BreadcrumbList","@id":"http:\/\/unceasinglypray.org\/cs\/day-29\/#breadcrumb","itemListElement":[{"@type":"ListItem","position":1,"name":"Home","item":"https:\/\/unceasinglypray.org\/pt\/"},{"@type":"ListItem","position":2,"name":"Day 29"}]},{"@type":"WebSite","@id":"https:\/\/unceasinglypray.org\/ar\/#website","url":"https:\/\/unceasinglypray.org\/ar\/","name":"Unceasingly Pray","description":"","potentialAction":[{"@type":"SearchAction","target":{"@type":"EntryPoint","urlTemplate":"https:\/\/unceasinglypray.org\/ar\/?s={search_term_string}"},"query-input":{"@type":"PropertyValueSpecification","valueRequired":true,"valueName":"search_term_string"}}],"inLanguage":"ro-RO"}]}},"_links":{"self":[{"href":"https:\/\/unceasinglypray.org\/ro\/wp-json\/wp\/v2\/pages\/755","targetHints":{"allow":["GET"]}}],"collection":[{"href":"https:\/\/unceasinglypray.org\/ro\/wp-json\/wp\/v2\/pages"}],"about":[{"href":"https:\/\/unceasinglypray.org\/ro\/wp-json\/wp\/v2\/types\/page"}],"author":[{"embeddable":true,"href":"https:\/\/unceasinglypray.org\/ro\/wp-json\/wp\/v2\/users\/2"}],"replies":[{"embeddable":true,"href":"https:\/\/unceasinglypray.org\/ro\/wp-json\/wp\/v2\/comments?post=755"}],"version-history":[{"count":0,"href":"https:\/\/unceasinglypray.org\/ro\/wp-json\/wp\/v2\/pages\/755\/revisions"}],"wp:attachment":[{"href":"https:\/\/unceasinglypray.org\/ro\/wp-json\/wp\/v2\/media?parent=755"}],"curies":[{"name":"wp","href":"https:\/\/api.w.org\/{rel}","templated":true}]}}