{"id":754,"date":"2020-04-21T17:34:07","date_gmt":"2020-04-21T17:34:07","guid":{"rendered":"https:\/\/unceasinglypray.org\/?page_id=754"},"modified":"2020-06-11T15:12:41","modified_gmt":"2020-06-11T15:12:41","slug":"day-28","status":"publish","type":"page","link":"https:\/\/unceasinglypray.org\/ro\/day-28\/","title":{"rendered":"Day 28"},"content":{"rendered":"<p><a href=\"https:\/\/unceasinglypray.org\/ro\/day-28\/\">DAY 28: PRAYER FOR THE PREPARATION OF THE BRIDE<\/a><\/p>\n\t<p>Mat. 24:40-47; Apoc. 21:2; 19:7-9<\/p>\n\t<p>S\u0103 ne rug\u0103m ca sfin\u021bii s\u0103 fie veghetori \u0219i pruden\u021bi \u0219i s\u0103 experimenteze tot ceea ce este necesar pentru a fi \u201eg\u0103tit\u0103 ca o mireas\u0103 \u00eempodobit\u0103 pentru b\u0103rbatul ei\u201d \u0219i s\u0103 fie \u201ecei chema\u021bi la osp\u0103\u021bul nun\u021bii Mielului\u201d (Mat. 24:40-47; Apoc. 21:2; 19:7-9).<\/p>\n\t<p><strong>Mat. 24:40-42<\/strong>\u2014 Atunci, din doi b\u0103rba\u021bi care vor fi la c\u00e2mp, unul va fi luat, \u0219i altul va fi l\u0103sat. Din dou\u0103 femei care vor m\u0103cina la moar\u0103, una va fi luat\u0103, \u0219i alta va fi l\u0103sat\u0103. Veghea\u021bi, dar, pentru c\u0103 nu \u0219ti\u021bi \u00een ce zi va veni Domnul vostru.<\/p>\n<p><strong>Mat. 24:45-47<\/strong>\u2014 Care este deci robul credincios \u0219i \u00een\u021belept pe care l-a pus st\u0103p\u00e2nul s\u0103u peste ceata slugilor sale, ca s\u0103 le dea hrana la vremea hot\u0103r\u00e2t\u0103? Ferice de robul acela pe care st\u0103p\u00e2nul s\u0103u, la venirea lui, \u00eel va g\u0103si f\u0103c\u00e2nd a\u0219a! Adev\u0103rat v\u0103 spun c\u0103 \u00eel va pune peste toate averile sale.<\/p>\n<p><strong>Apoc. 21:2<\/strong>\u2014 \u0218i eu am v\u0103zut cobor\u00e2ndu-se din cer, de la Dumnezeu, cetatea sf\u00e2nt\u0103, Noul Ierusalim, g\u0103tit\u0103 ca o mireas\u0103 \u00eempodobit\u0103 pentru b\u0103rbatul ei.<\/p>\n<p><strong>Apoc. 19:7, 9<\/strong>\u2014Let us rejoice and exult, and let us give the glory to Him, for the marriage of the Lamb has come, and His wife has made herself ready&#8230;And he said to me, Write, Blessed are they who are called to the marriage dinner of the Lamb.<\/p>\n\t\t<h3><\/h3>\n\t\t<p>S\u0103 persever\u0103m \u00een rug\u0103ciune.<\/p>\n\t\t\t<a href=\"https:\/\/unceasinglypray.org\/ro\/sign-up\/\" target=\"_self\" role=\"button\" rel=\"noopener noreferrer\">\n\t\t\t\t\t\t\tALEGE\u021aI UN INTERVAL\n\t\t\t\t\t<\/a>","protected":false},"excerpt":{"rendered":"<p>DAY 28: PRAYER FOR THE PREPARATION OF THE BRIDE Matt. 24:40-47; Rev. 21:2; 19:7-9 Pray for the saints to be watchful and prudent and to experience all that is needed to be \u201cprepared as a bride adorned for her husband\u201d and to be \u201ccalled to the marriage dinner of the Lamb\u201d (Matt. 24:40-47; Rev. 21:2;&hellip;<\/p>","protected":false},"author":2,"featured_media":0,"parent":0,"menu_order":0,"comment_status":"closed","ping_status":"closed","template":"","meta":{"inline_featured_image":false,"footnotes":""},"class_list":["post-754","page","type-page","status-publish","hentry"],"yoast_head":"<!-- This site is optimized with the Yoast SEO plugin v27.4 - https:\/\/yoast.com\/product\/yoast-seo-wordpress\/ -->\n<title>Day 28 - Unceasingly Pray<\/title>\n<meta name=\"robots\" content=\"index, follow, max-snippet:-1, max-image-preview:large, max-video-preview:-1\" \/>\n<link rel=\"canonical\" href=\"https:\/\/unceasinglypray.org\/ro\/day-28\/\" \/>\n<meta property=\"og:locale\" content=\"ro_RO\" \/>\n<meta property=\"og:type\" content=\"article\" \/>\n<meta property=\"og:title\" content=\"Day 28 - Unceasingly Pray\" \/>\n<meta property=\"og:description\" content=\"DAY 28: PRAYER FOR THE PREPARATION OF THE BRIDE Matt. 24:40-47; Rev. 21:2; 19:7-9 Pray for the saints to be watchful and prudent and to experience all that is needed to be \u201cprepared as a bride adorned for her husband\u201d and to be \u201ccalled to the marriage dinner of the Lamb\u201d (Matt. 24:40-47; Rev. 21:2;&hellip;\" \/>\n<meta property=\"og:url\" content=\"https:\/\/unceasinglypray.org\/ro\/day-28\/\" \/>\n<meta property=\"og:site_name\" content=\"Unceasingly Pray\" \/>\n<meta property=\"article:modified_time\" content=\"2020-06-11T15:12:41+00:00\" \/>\n<meta name=\"twitter:card\" content=\"summary_large_image\" \/>\n<meta name=\"twitter:label1\" content=\"Timp estimat pentru citire\" \/>\n\t<meta name=\"twitter:data1\" content=\"1 minut\" \/>\n<script type=\"application\/ld+json\" class=\"yoast-schema-graph\">{\"@context\":\"https:\\\/\\\/schema.org\",\"@graph\":[{\"@type\":\"WebPage\",\"@id\":\"https:\\\/\\\/unceasinglypray.org\\\/ru\\\/day-28\\\/\",\"url\":\"https:\\\/\\\/unceasinglypray.org\\\/ru\\\/day-28\\\/\",\"name\":\"Day 28 - Unceasingly Pray\",\"isPartOf\":{\"@id\":\"https:\\\/\\\/unceasinglypray.org\\\/ar\\\/#website\"},\"datePublished\":\"2020-04-21T17:34:07+00:00\",\"dateModified\":\"2020-06-11T15:12:41+00:00\",\"breadcrumb\":{\"@id\":\"https:\\\/\\\/unceasinglypray.org\\\/ru\\\/day-28\\\/#breadcrumb\"},\"inLanguage\":\"ro-RO\",\"potentialAction\":[{\"@type\":\"ReadAction\",\"target\":[\"https:\\\/\\\/unceasinglypray.org\\\/ru\\\/day-28\\\/\"]}]},{\"@type\":\"BreadcrumbList\",\"@id\":\"https:\\\/\\\/unceasinglypray.org\\\/ru\\\/day-28\\\/#breadcrumb\",\"itemListElement\":[{\"@type\":\"ListItem\",\"position\":1,\"name\":\"Home\",\"item\":\"https:\\\/\\\/unceasinglypray.org\\\/pt\\\/\"},{\"@type\":\"ListItem\",\"position\":2,\"name\":\"Day 28\"}]},{\"@type\":\"WebSite\",\"@id\":\"https:\\\/\\\/unceasinglypray.org\\\/ar\\\/#website\",\"url\":\"https:\\\/\\\/unceasinglypray.org\\\/ar\\\/\",\"name\":\"Unceasingly Pray\",\"description\":\"\",\"potentialAction\":[{\"@type\":\"SearchAction\",\"target\":{\"@type\":\"EntryPoint\",\"urlTemplate\":\"https:\\\/\\\/unceasinglypray.org\\\/ar\\\/?s={search_term_string}\"},\"query-input\":{\"@type\":\"PropertyValueSpecification\",\"valueRequired\":true,\"valueName\":\"search_term_string\"}}],\"inLanguage\":\"ro-RO\"}]}<\/script>\n<!-- \/ Yoast SEO plugin. -->","yoast_head_json":{"title":"Day 28 - Unceasingly Pray","robots":{"index":"index","follow":"follow","max-snippet":"max-snippet:-1","max-image-preview":"max-image-preview:large","max-video-preview":"max-video-preview:-1"},"canonical":"https:\/\/unceasinglypray.org\/ro\/day-28\/","og_locale":"ro_RO","og_type":"article","og_title":"Day 28 - Unceasingly Pray","og_description":"DAY 28: PRAYER FOR THE PREPARATION OF THE BRIDE Matt. 24:40-47; Rev. 21:2; 19:7-9 Pray for the saints to be watchful and prudent and to experience all that is needed to be \u201cprepared as a bride adorned for her husband\u201d and to be \u201ccalled to the marriage dinner of the Lamb\u201d (Matt. 24:40-47; Rev. 21:2;&hellip;","og_url":"https:\/\/unceasinglypray.org\/ro\/day-28\/","og_site_name":"Unceasingly Pray","article_modified_time":"2020-06-11T15:12:41+00:00","twitter_card":"summary_large_image","twitter_misc":{"Timp estimat pentru citire":"1 minut"},"schema":{"@context":"https:\/\/schema.org","@graph":[{"@type":"WebPage","@id":"https:\/\/unceasinglypray.org\/ru\/day-28\/","url":"https:\/\/unceasinglypray.org\/ru\/day-28\/","name":"Day 28 - Unceasingly Pray","isPartOf":{"@id":"https:\/\/unceasinglypray.org\/ar\/#website"},"datePublished":"2020-04-21T17:34:07+00:00","dateModified":"2020-06-11T15:12:41+00:00","breadcrumb":{"@id":"https:\/\/unceasinglypray.org\/ru\/day-28\/#breadcrumb"},"inLanguage":"ro-RO","potentialAction":[{"@type":"ReadAction","target":["https:\/\/unceasinglypray.org\/ru\/day-28\/"]}]},{"@type":"BreadcrumbList","@id":"https:\/\/unceasinglypray.org\/ru\/day-28\/#breadcrumb","itemListElement":[{"@type":"ListItem","position":1,"name":"Home","item":"https:\/\/unceasinglypray.org\/pt\/"},{"@type":"ListItem","position":2,"name":"Day 28"}]},{"@type":"WebSite","@id":"https:\/\/unceasinglypray.org\/ar\/#website","url":"https:\/\/unceasinglypray.org\/ar\/","name":"Unceasingly Pray","description":"","potentialAction":[{"@type":"SearchAction","target":{"@type":"EntryPoint","urlTemplate":"https:\/\/unceasinglypray.org\/ar\/?s={search_term_string}"},"query-input":{"@type":"PropertyValueSpecification","valueRequired":true,"valueName":"search_term_string"}}],"inLanguage":"ro-RO"}]}},"_links":{"self":[{"href":"https:\/\/unceasinglypray.org\/ro\/wp-json\/wp\/v2\/pages\/754","targetHints":{"allow":["GET"]}}],"collection":[{"href":"https:\/\/unceasinglypray.org\/ro\/wp-json\/wp\/v2\/pages"}],"about":[{"href":"https:\/\/unceasinglypray.org\/ro\/wp-json\/wp\/v2\/types\/page"}],"author":[{"embeddable":true,"href":"https:\/\/unceasinglypray.org\/ro\/wp-json\/wp\/v2\/users\/2"}],"replies":[{"embeddable":true,"href":"https:\/\/unceasinglypray.org\/ro\/wp-json\/wp\/v2\/comments?post=754"}],"version-history":[{"count":0,"href":"https:\/\/unceasinglypray.org\/ro\/wp-json\/wp\/v2\/pages\/754\/revisions"}],"wp:attachment":[{"href":"https:\/\/unceasinglypray.org\/ro\/wp-json\/wp\/v2\/media?parent=754"}],"curies":[{"name":"wp","href":"https:\/\/api.w.org\/{rel}","templated":true}]}}