{"id":752,"date":"2020-04-21T17:30:43","date_gmt":"2020-04-21T17:30:43","guid":{"rendered":"https:\/\/unceasinglypray.org\/?page_id=752"},"modified":"2020-06-11T15:12:02","modified_gmt":"2020-06-11T15:12:02","slug":"day-26","status":"publish","type":"page","link":"https:\/\/unceasinglypray.org\/ro\/day-26\/","title":{"rendered":"Day 26"},"content":{"rendered":"<p><a href=\"https:\/\/unceasinglypray.org\/ro\/day-26\/\">DAY 26: PRAYER FOR MATURITY<\/a><\/p>\n\t<p>2 Pet. 1:5-11<\/p>\n\t<p>S\u0103 ne rug\u0103m ca sfin\u021bii s\u0103 creasc\u0103 \u00een via\u021b\u0103 spre maturitate, ca astfel s\u0103 li se dea \u201edin bel\u0219ug intrare \u00een \u00cemp\u0103r\u0103\u021bia ve\u0219nic\u0103 a Domnului \u0219i M\u00e2ntuitorului nostru Isus Hristos\u201d (2 Pet. 1:5-11).<\/p>\n\t<p><strong>2 Pet. 1:5-11<\/strong>\u2014 De aceea, da\u021bi-v\u0103 \u0219i voi toate silin\u021bele ca s\u0103 uni\u021bi cu credin\u021ba voastr\u0103 fapta; cu fapta, cuno\u0219tin\u021ba; cu cuno\u0219tin\u021ba, \u00eenfr\u00e2narea; cu \u00eenfr\u00e2narea, r\u0103bdarea; cu r\u0103bdarea, evlavia; cu evlavia, dragostea de fra\u021bi; cu dragostea de fra\u021bi, iubirea de oameni. C\u0103ci, dac\u0103 ave\u021bi din bel\u0219ug aceste lucruri \u00een voi, ele nu v\u0103 vor l\u0103sa s\u0103 fi\u021bi nici lene\u0219i, nici neroditori \u00een ce prive\u0219te deplina cuno\u0219tin\u021b\u0103 a Domnului nostru Isus Hristos. Dar cine nu are aceste lucruri este orb, umbl\u0103 cu ochii \u00eenchi\u0219i \u0219i a uitat c\u0103 a fost cur\u0103\u021bat de vechile lui p\u0103cate. De aceea, fra\u021bilor, c\u0103uta\u021bi cu at\u00e2t mai mult s\u0103 v\u0103 \u00eent\u0103ri\u021bi chemarea \u0219i alegerea voastr\u0103, c\u0103ci, dac\u0103 face\u021bi lucrul acesta, nu ve\u021bi aluneca niciodat\u0103. \u00cen adev\u0103r, \u00een chipul acesta vi se va da din bel\u0219ug intrare \u00een \u00cemp\u0103r\u0103\u021bia ve\u0219nic\u0103 a Domnului \u0219i M\u00e2ntuitorului nostru Isus Hristos.<\/p>\n\t\t<h3><\/h3>\n\t\t<p>S\u0103 persever\u0103m \u00een rug\u0103ciune.<\/p>\n\t\t\t<a href=\"https:\/\/unceasinglypray.org\/ro\/sign-up\/\" target=\"_self\" role=\"button\" rel=\"noopener noreferrer\">\n\t\t\t\t\t\t\tALEGE\u021aI UN INTERVAL\n\t\t\t\t\t<\/a>","protected":false},"excerpt":{"rendered":"<p>DAY 26: PRAYER FOR MATURITY 2 Pet. 1:5-11 Pray for the saints to grow in life unto maturity so that \u201cin this way the entrance into the eternal kingdom of our Lord and Savior Jesus Christ will be richly and bountifully supplied\u201d to them (2 Pet. 1:5-11). 2 Pet. 1:5-11\u2014And for this very reason also,&hellip;<\/p>","protected":false},"author":2,"featured_media":0,"parent":0,"menu_order":0,"comment_status":"closed","ping_status":"closed","template":"","meta":{"inline_featured_image":false,"footnotes":""},"class_list":["post-752","page","type-page","status-publish","hentry"],"yoast_head":"<!-- This site is optimized with the Yoast SEO plugin v27.4 - https:\/\/yoast.com\/product\/yoast-seo-wordpress\/ -->\n<title>Day 26 - Unceasingly Pray<\/title>\n<meta name=\"robots\" content=\"index, follow, max-snippet:-1, max-image-preview:large, max-video-preview:-1\" \/>\n<link rel=\"canonical\" href=\"http:\/\/unceasinglypray.org\/ro\/day-26\/\" \/>\n<meta property=\"og:locale\" content=\"ro_RO\" \/>\n<meta property=\"og:type\" content=\"article\" \/>\n<meta property=\"og:title\" content=\"Day 26 - Unceasingly Pray\" \/>\n<meta property=\"og:description\" content=\"DAY 26: PRAYER FOR MATURITY 2 Pet. 1:5-11 Pray for the saints to grow in life unto maturity so that \u201cin this way the entrance into the eternal kingdom of our Lord and Savior Jesus Christ will be richly and bountifully supplied\u201d to them (2 Pet. 1:5-11). 2 Pet. 1:5-11\u2014And for this very reason also,&hellip;\" \/>\n<meta property=\"og:url\" content=\"http:\/\/unceasinglypray.org\/ro\/day-26\/\" \/>\n<meta property=\"og:site_name\" content=\"Unceasingly Pray\" \/>\n<meta property=\"article:modified_time\" content=\"2020-06-11T15:12:02+00:00\" \/>\n<meta name=\"twitter:card\" content=\"summary_large_image\" \/>\n<meta name=\"twitter:label1\" content=\"Timp estimat pentru citire\" \/>\n\t<meta name=\"twitter:data1\" content=\"1 minut\" \/>\n<script type=\"application\/ld+json\" class=\"yoast-schema-graph\">{\"@context\":\"https:\\\/\\\/schema.org\",\"@graph\":[{\"@type\":\"WebPage\",\"@id\":\"http:\\\/\\\/unceasinglypray.org\\\/ko\\\/day-26\\\/\",\"url\":\"http:\\\/\\\/unceasinglypray.org\\\/ko\\\/day-26\\\/\",\"name\":\"Day 26 - Unceasingly Pray\",\"isPartOf\":{\"@id\":\"https:\\\/\\\/unceasinglypray.org\\\/ar\\\/#website\"},\"datePublished\":\"2020-04-21T17:30:43+00:00\",\"dateModified\":\"2020-06-11T15:12:02+00:00\",\"breadcrumb\":{\"@id\":\"http:\\\/\\\/unceasinglypray.org\\\/ko\\\/day-26\\\/#breadcrumb\"},\"inLanguage\":\"ro-RO\",\"potentialAction\":[{\"@type\":\"ReadAction\",\"target\":[\"http:\\\/\\\/unceasinglypray.org\\\/ko\\\/day-26\\\/\"]}]},{\"@type\":\"BreadcrumbList\",\"@id\":\"http:\\\/\\\/unceasinglypray.org\\\/ko\\\/day-26\\\/#breadcrumb\",\"itemListElement\":[{\"@type\":\"ListItem\",\"position\":1,\"name\":\"Home\",\"item\":\"https:\\\/\\\/unceasinglypray.org\\\/pt\\\/\"},{\"@type\":\"ListItem\",\"position\":2,\"name\":\"Day 26\"}]},{\"@type\":\"WebSite\",\"@id\":\"https:\\\/\\\/unceasinglypray.org\\\/ar\\\/#website\",\"url\":\"https:\\\/\\\/unceasinglypray.org\\\/ar\\\/\",\"name\":\"Unceasingly Pray\",\"description\":\"\",\"potentialAction\":[{\"@type\":\"SearchAction\",\"target\":{\"@type\":\"EntryPoint\",\"urlTemplate\":\"https:\\\/\\\/unceasinglypray.org\\\/ar\\\/?s={search_term_string}\"},\"query-input\":{\"@type\":\"PropertyValueSpecification\",\"valueRequired\":true,\"valueName\":\"search_term_string\"}}],\"inLanguage\":\"ro-RO\"}]}<\/script>\n<!-- \/ Yoast SEO plugin. -->","yoast_head_json":{"title":"Day 26 - Unceasingly Pray","robots":{"index":"index","follow":"follow","max-snippet":"max-snippet:-1","max-image-preview":"max-image-preview:large","max-video-preview":"max-video-preview:-1"},"canonical":"http:\/\/unceasinglypray.org\/ro\/day-26\/","og_locale":"ro_RO","og_type":"article","og_title":"Day 26 - Unceasingly Pray","og_description":"DAY 26: PRAYER FOR MATURITY 2 Pet. 1:5-11 Pray for the saints to grow in life unto maturity so that \u201cin this way the entrance into the eternal kingdom of our Lord and Savior Jesus Christ will be richly and bountifully supplied\u201d to them (2 Pet. 1:5-11). 2 Pet. 1:5-11\u2014And for this very reason also,&hellip;","og_url":"http:\/\/unceasinglypray.org\/ro\/day-26\/","og_site_name":"Unceasingly Pray","article_modified_time":"2020-06-11T15:12:02+00:00","twitter_card":"summary_large_image","twitter_misc":{"Timp estimat pentru citire":"1 minut"},"schema":{"@context":"https:\/\/schema.org","@graph":[{"@type":"WebPage","@id":"http:\/\/unceasinglypray.org\/ko\/day-26\/","url":"http:\/\/unceasinglypray.org\/ko\/day-26\/","name":"Day 26 - Unceasingly Pray","isPartOf":{"@id":"https:\/\/unceasinglypray.org\/ar\/#website"},"datePublished":"2020-04-21T17:30:43+00:00","dateModified":"2020-06-11T15:12:02+00:00","breadcrumb":{"@id":"http:\/\/unceasinglypray.org\/ko\/day-26\/#breadcrumb"},"inLanguage":"ro-RO","potentialAction":[{"@type":"ReadAction","target":["http:\/\/unceasinglypray.org\/ko\/day-26\/"]}]},{"@type":"BreadcrumbList","@id":"http:\/\/unceasinglypray.org\/ko\/day-26\/#breadcrumb","itemListElement":[{"@type":"ListItem","position":1,"name":"Home","item":"https:\/\/unceasinglypray.org\/pt\/"},{"@type":"ListItem","position":2,"name":"Day 26"}]},{"@type":"WebSite","@id":"https:\/\/unceasinglypray.org\/ar\/#website","url":"https:\/\/unceasinglypray.org\/ar\/","name":"Unceasingly Pray","description":"","potentialAction":[{"@type":"SearchAction","target":{"@type":"EntryPoint","urlTemplate":"https:\/\/unceasinglypray.org\/ar\/?s={search_term_string}"},"query-input":{"@type":"PropertyValueSpecification","valueRequired":true,"valueName":"search_term_string"}}],"inLanguage":"ro-RO"}]}},"_links":{"self":[{"href":"https:\/\/unceasinglypray.org\/ro\/wp-json\/wp\/v2\/pages\/752","targetHints":{"allow":["GET"]}}],"collection":[{"href":"https:\/\/unceasinglypray.org\/ro\/wp-json\/wp\/v2\/pages"}],"about":[{"href":"https:\/\/unceasinglypray.org\/ro\/wp-json\/wp\/v2\/types\/page"}],"author":[{"embeddable":true,"href":"https:\/\/unceasinglypray.org\/ro\/wp-json\/wp\/v2\/users\/2"}],"replies":[{"embeddable":true,"href":"https:\/\/unceasinglypray.org\/ro\/wp-json\/wp\/v2\/comments?post=752"}],"version-history":[{"count":0,"href":"https:\/\/unceasinglypray.org\/ro\/wp-json\/wp\/v2\/pages\/752\/revisions"}],"wp:attachment":[{"href":"https:\/\/unceasinglypray.org\/ro\/wp-json\/wp\/v2\/media?parent=752"}],"curies":[{"name":"wp","href":"https:\/\/api.w.org\/{rel}","templated":true}]}}