{"id":747,"date":"2020-04-21T17:06:58","date_gmt":"2020-04-21T17:06:58","guid":{"rendered":"https:\/\/unceasinglypray.org\/?page_id=747"},"modified":"2020-06-11T15:10:40","modified_gmt":"2020-06-11T15:10:40","slug":"day-22","status":"publish","type":"page","link":"https:\/\/unceasinglypray.org\/ro\/day-22\/","title":{"rendered":"Day 22"},"content":{"rendered":"<p><a href=\"https:\/\/unceasinglypray.org\/ro\/day-22\/\">DAY 22: PRAYER FOR BLENDING<\/a><\/p>\n\t<p>1 Cor. 12:12-13, 23-27<\/p>\n\t<p>S\u0103 ne rug\u0103m ca sfin\u021bii s\u0103 tr\u0103iasc\u0103 via\u021ba cre\u0219tin\u0103 \u0219i via\u021ba de biseric\u0103 conform aspectelor practice cu privire la omogenizare, s\u0103 avem omogenizarea tuturor membrelor individuale ale Trupului lui Cristos, a tuturor bisericilor din anumite districte, a tuturor lucr\u0103torilor \u0219i a tuturor prezbiterilor prin p\u0103rt\u0103\u0219ie \u0219i f\u0103c\u00e2nd totul prin cruce \u0219i prin intermediul Duhului ca s\u0103-L \u00eemp\u0103r\u021bim pe Cristos pentru Trup, cu scopul de a fi realitatea Trupului lui Cristos \u00een rec\u00e2\u0219tigarea Domnului (1 Cor. 12:12-13, 23-27).<\/p>\n\t<p><strong>1 Cor. 12:12-13<\/strong>\u2014 C\u0103ci, dup\u0103 cum trupul este unul \u0219i are multe m\u0103dulare \u0219i dup\u0103 cum toate m\u0103dularele trupului, m\u0103car c\u0103 sunt mai multe, sunt un singur trup, tot a\u0219a este \u0219i Hristos. Noi to\u021bi, \u00een adev\u0103r, am fost boteza\u021bi de un singur Duh, ca s\u0103 alc\u0103tuim un singur trup, fie iudei, fie greci, fie robi, fie slobozi; \u0219i to\u021bi am fost ad\u0103pa\u021bi dintr-un singur Duh.<\/p>\n<p><strong>1 Cor. 12:23-27<\/strong>\u2014 \u0218i p\u0103r\u021bile trupului care par vrednice de mai pu\u021bin\u0103 cinste, le \u00eembr\u0103c\u0103m cu mai mult\u0103 podoab\u0103. A\u0219a c\u0103 p\u0103r\u021bile mai pu\u021bin frumoase ale trupului nostru cap\u0103t\u0103 mai mult\u0103 frumuse\u021be, pe c\u00e2nd cele frumoase n-au nevoie s\u0103 fie \u00eempodobite. Dumnezeu a \u00eentocmit trupul \u00een a\u0219a fel ca s\u0103 dea mai mult\u0103 cinste m\u0103dularelor lipsite de cinste, pentru ca s\u0103 nu fie nicio dezbinare \u00een trup, ci m\u0103dularele s\u0103 \u00eengrijeasc\u0103 deopotriv\u0103 unele de altele. \u0218i dac\u0103 sufer\u0103 un m\u0103dular, toate m\u0103dularele sufer\u0103 \u00eempreun\u0103 cu el; dac\u0103 este pre\u021buit un m\u0103dular, toate m\u0103dularele se bucur\u0103 \u00eempreun\u0103 cu el. Voi sunte\u021bi trupul lui Hristos, \u0219i fiecare, \u00een parte, m\u0103dularele lui.<\/p>\n\t\t<h3><\/h3>\n\t\t<p>S\u0103 persever\u0103m \u00een rug\u0103ciune.<\/p>\n\t\t\t<a href=\"https:\/\/unceasinglypray.org\/ro\/sign-up\/\" target=\"_self\" role=\"button\" rel=\"noopener noreferrer\">\n\t\t\t\t\t\t\tALEGE\u021aI UN INTERVAL\n\t\t\t\t\t<\/a>","protected":false},"excerpt":{"rendered":"<p>DAY 22: PRAYER FOR BLENDING 1 Cor. 12:12-13, 23-27 Pray for the saints to live the Christian life and the church life according to the practical points concerning blending, having the blending of all the individual members of the Body of Christ, all the churches in certain districts, all the co-workers, and all the elders&hellip;<\/p>","protected":false},"author":1,"featured_media":0,"parent":0,"menu_order":0,"comment_status":"closed","ping_status":"closed","template":"","meta":{"inline_featured_image":false,"footnotes":""},"class_list":["post-747","page","type-page","status-publish","hentry"],"yoast_head":"<!-- This site is optimized with the Yoast SEO plugin v27.3 - https:\/\/yoast.com\/product\/yoast-seo-wordpress\/ -->\n<title>Day 22 - Unceasingly Pray<\/title>\n<meta name=\"robots\" content=\"index, follow, max-snippet:-1, max-image-preview:large, max-video-preview:-1\" \/>\n<link rel=\"canonical\" href=\"http:\/\/unceasinglypray.org\/ro\/day-22\/\" \/>\n<meta property=\"og:locale\" content=\"ro_RO\" \/>\n<meta property=\"og:type\" content=\"article\" \/>\n<meta property=\"og:title\" content=\"Day 22 - Unceasingly Pray\" \/>\n<meta property=\"og:description\" content=\"DAY 22: PRAYER FOR BLENDING 1 Cor. 12:12-13, 23-27 Pray for the saints to live the Christian life and the church life according to the practical points concerning blending, having the blending of all the individual members of the Body of Christ, all the churches in certain districts, all the co-workers, and all the elders&hellip;\" \/>\n<meta property=\"og:url\" content=\"http:\/\/unceasinglypray.org\/ro\/day-22\/\" \/>\n<meta property=\"og:site_name\" content=\"Unceasingly Pray\" \/>\n<meta property=\"article:modified_time\" content=\"2020-06-11T15:10:40+00:00\" \/>\n<meta name=\"twitter:card\" content=\"summary_large_image\" \/>\n<meta name=\"twitter:label1\" content=\"Timp estimat pentru citire\" \/>\n\t<meta name=\"twitter:data1\" content=\"1 minut\" \/>\n<script type=\"application\/ld+json\" class=\"yoast-schema-graph\">{\"@context\":\"https:\\\/\\\/schema.org\",\"@graph\":[{\"@type\":\"WebPage\",\"@id\":\"http:\\\/\\\/unceasinglypray.org\\\/ko\\\/day-22\\\/\",\"url\":\"http:\\\/\\\/unceasinglypray.org\\\/ko\\\/day-22\\\/\",\"name\":\"Day 22 - Unceasingly Pray\",\"isPartOf\":{\"@id\":\"https:\\\/\\\/unceasinglypray.org\\\/ar\\\/#website\"},\"datePublished\":\"2020-04-21T17:06:58+00:00\",\"dateModified\":\"2020-06-11T15:10:40+00:00\",\"breadcrumb\":{\"@id\":\"http:\\\/\\\/unceasinglypray.org\\\/ko\\\/day-22\\\/#breadcrumb\"},\"inLanguage\":\"ro-RO\",\"potentialAction\":[{\"@type\":\"ReadAction\",\"target\":[\"http:\\\/\\\/unceasinglypray.org\\\/ko\\\/day-22\\\/\"]}]},{\"@type\":\"BreadcrumbList\",\"@id\":\"http:\\\/\\\/unceasinglypray.org\\\/ko\\\/day-22\\\/#breadcrumb\",\"itemListElement\":[{\"@type\":\"ListItem\",\"position\":1,\"name\":\"Home\",\"item\":\"https:\\\/\\\/unceasinglypray.org\\\/pt\\\/\"},{\"@type\":\"ListItem\",\"position\":2,\"name\":\"Day 22\"}]},{\"@type\":\"WebSite\",\"@id\":\"https:\\\/\\\/unceasinglypray.org\\\/ar\\\/#website\",\"url\":\"https:\\\/\\\/unceasinglypray.org\\\/ar\\\/\",\"name\":\"Unceasingly Pray\",\"description\":\"\",\"potentialAction\":[{\"@type\":\"SearchAction\",\"target\":{\"@type\":\"EntryPoint\",\"urlTemplate\":\"https:\\\/\\\/unceasinglypray.org\\\/ar\\\/?s={search_term_string}\"},\"query-input\":{\"@type\":\"PropertyValueSpecification\",\"valueRequired\":true,\"valueName\":\"search_term_string\"}}],\"inLanguage\":\"ro-RO\"}]}<\/script>\n<!-- \/ Yoast SEO plugin. -->","yoast_head_json":{"title":"Day 22 - Unceasingly Pray","robots":{"index":"index","follow":"follow","max-snippet":"max-snippet:-1","max-image-preview":"max-image-preview:large","max-video-preview":"max-video-preview:-1"},"canonical":"http:\/\/unceasinglypray.org\/ro\/day-22\/","og_locale":"ro_RO","og_type":"article","og_title":"Day 22 - Unceasingly Pray","og_description":"DAY 22: PRAYER FOR BLENDING 1 Cor. 12:12-13, 23-27 Pray for the saints to live the Christian life and the church life according to the practical points concerning blending, having the blending of all the individual members of the Body of Christ, all the churches in certain districts, all the co-workers, and all the elders&hellip;","og_url":"http:\/\/unceasinglypray.org\/ro\/day-22\/","og_site_name":"Unceasingly Pray","article_modified_time":"2020-06-11T15:10:40+00:00","twitter_card":"summary_large_image","twitter_misc":{"Timp estimat pentru citire":"1 minut"},"schema":{"@context":"https:\/\/schema.org","@graph":[{"@type":"WebPage","@id":"http:\/\/unceasinglypray.org\/ko\/day-22\/","url":"http:\/\/unceasinglypray.org\/ko\/day-22\/","name":"Day 22 - Unceasingly Pray","isPartOf":{"@id":"https:\/\/unceasinglypray.org\/ar\/#website"},"datePublished":"2020-04-21T17:06:58+00:00","dateModified":"2020-06-11T15:10:40+00:00","breadcrumb":{"@id":"http:\/\/unceasinglypray.org\/ko\/day-22\/#breadcrumb"},"inLanguage":"ro-RO","potentialAction":[{"@type":"ReadAction","target":["http:\/\/unceasinglypray.org\/ko\/day-22\/"]}]},{"@type":"BreadcrumbList","@id":"http:\/\/unceasinglypray.org\/ko\/day-22\/#breadcrumb","itemListElement":[{"@type":"ListItem","position":1,"name":"Home","item":"https:\/\/unceasinglypray.org\/pt\/"},{"@type":"ListItem","position":2,"name":"Day 22"}]},{"@type":"WebSite","@id":"https:\/\/unceasinglypray.org\/ar\/#website","url":"https:\/\/unceasinglypray.org\/ar\/","name":"Unceasingly Pray","description":"","potentialAction":[{"@type":"SearchAction","target":{"@type":"EntryPoint","urlTemplate":"https:\/\/unceasinglypray.org\/ar\/?s={search_term_string}"},"query-input":{"@type":"PropertyValueSpecification","valueRequired":true,"valueName":"search_term_string"}}],"inLanguage":"ro-RO"}]}},"_links":{"self":[{"href":"https:\/\/unceasinglypray.org\/ro\/wp-json\/wp\/v2\/pages\/747","targetHints":{"allow":["GET"]}}],"collection":[{"href":"https:\/\/unceasinglypray.org\/ro\/wp-json\/wp\/v2\/pages"}],"about":[{"href":"https:\/\/unceasinglypray.org\/ro\/wp-json\/wp\/v2\/types\/page"}],"author":[{"embeddable":true,"href":"https:\/\/unceasinglypray.org\/ro\/wp-json\/wp\/v2\/users\/1"}],"replies":[{"embeddable":true,"href":"https:\/\/unceasinglypray.org\/ro\/wp-json\/wp\/v2\/comments?post=747"}],"version-history":[{"count":0,"href":"https:\/\/unceasinglypray.org\/ro\/wp-json\/wp\/v2\/pages\/747\/revisions"}],"wp:attachment":[{"href":"https:\/\/unceasinglypray.org\/ro\/wp-json\/wp\/v2\/media?parent=747"}],"curies":[{"name":"wp","href":"https:\/\/api.w.org\/{rel}","templated":true}]}}