{"id":531,"date":"2020-04-04T21:55:36","date_gmt":"2020-04-04T21:55:36","guid":{"rendered":"https:\/\/unceasinglypray.org\/?page_id=531"},"modified":"2020-06-11T14:46:03","modified_gmt":"2020-06-11T14:46:03","slug":"day-18","status":"publish","type":"page","link":"https:\/\/unceasinglypray.org\/ro\/day-18\/","title":{"rendered":"Day 18"},"content":{"rendered":"<p>DAY 18: PRAYER TO CONTINUE STEADFASTLY<\/p>\n\t<p>Fapte 2:42; Mat. 6:6; 18:19-20; Col. 4:2; 1 Tes. 5:17<\/p>\n\t<p>Pentru ca sfin\u021bii s\u0103 continue cu statornicie \u00een rug\u0103ciune \u0219i pentru ca via\u021ba lor de rug\u0103ciune s\u0103 fie zidit\u0103 \u00een mod personal, \u00een grupuri mici \u0219i \u00een adun\u0103rile bisericii, p\u00e2n\u0103 c\u00e2nd rug\u0103ciunea devine  ne\u00eencetat\u0103 (Fapte 2:42; Mat. 6:6; 18:19-20; Col. 4:2; 1 Tes. 5:17).<\/p>\n\t<p><strong>Fapte 2:42<\/strong>\u2014 Ei st\u0103ruiau \u00een \u00eenv\u0103\u0163\u0103tura apostolilor, \u00een leg\u0103tura fr\u0103\u0163easc\u0103, \u00een fr\u00e2ngerea p\u00e2inii \u015fi \u00een rug\u0103ciuni.<\/p>\n<p><strong>Mat. 6:6<\/strong>\u2014 Ci tu, c\u00e2nd te rogi, intr\u0103 \u00een od\u0103i\u0163a ta, \u00eencuie-\u0163i u\u015fa \u015fi roag\u0103-te Tat\u0103lui t\u0103u, care este \u00een ascuns; \u015fi Tat\u0103l t\u0103u, care vede \u00een ascuns, \u00ee\u0163i va r\u0103spl\u0103ti.<\/p>\n<p><strong>Mat. 18:19-20<\/strong>\u2014 V\u0103 mai spun iar\u0103\u015fi c\u0103, dac\u0103 doi dintre voi se \u00eenvoiesc pe p\u0103m\u00e2nt s\u0103 cear\u0103 un lucru oarecare, le va fi dat de Tat\u0103l Meu care este \u00een ceruri. C\u0103ci acolo unde sunt doi sau trei aduna\u0163i \u00een Numele Meu, sunt \u015fi Eu \u00een mijlocul lor.<\/p>\n<p><strong>Col. 4:2<\/strong>\u2014 St\u0103rui\u0163i \u00een rug\u0103ciune, veghea\u0163i \u00een ea cu mul\u0163umiri.<\/p>\n\t\t<h3><\/h3>\n\t\t<p>S\u0103 persever\u0103m \u00een rug\u0103ciune.<\/p>\n\t\t\t<a href=\"https:\/\/unceasinglypray.org\/ro\/sign-up\/\" target=\"_self\" role=\"button\" rel=\"noopener noreferrer\">\n\t\t\t\t\t\t\tALEGE\u021aI UN INTERVAL\n\t\t\t\t\t<\/a>","protected":false},"excerpt":{"rendered":"<p>DAY 18: PRAYER TO CONTINUE STEADFASTLY Acts 2:42; Matt. 6:6; 18:19-20; Col. 4:2; 1\u00a0Thes. 5:17 For the saints to continue steadfastly in prayer and for their prayer life to be built up personally, in small groups, and in the church meetings until prayer is unceasing (Acts 2:42; Matt. 6:6; 18:19-20; Col. 4:2; 1\u00a0Thes. 5:17). Acts&hellip;<\/p>","protected":false},"author":1,"featured_media":771,"parent":0,"menu_order":0,"comment_status":"closed","ping_status":"closed","template":"","meta":{"inline_featured_image":false,"footnotes":""},"class_list":["post-531","page","type-page","status-publish","has-post-thumbnail","hentry"],"yoast_head":"<!-- This site is optimized with the Yoast SEO plugin v27.3 - https:\/\/yoast.com\/product\/yoast-seo-wordpress\/ -->\n<title>Day 18 - Unceasingly Pray<\/title>\n<meta name=\"robots\" content=\"index, follow, max-snippet:-1, max-image-preview:large, max-video-preview:-1\" \/>\n<link rel=\"canonical\" href=\"https:\/\/unceasinglypray.org\/ro\/day-18\/\" \/>\n<meta property=\"og:locale\" content=\"ro_RO\" \/>\n<meta property=\"og:type\" content=\"article\" \/>\n<meta property=\"og:title\" content=\"Day 18 - Unceasingly Pray\" \/>\n<meta property=\"og:description\" content=\"DAY 18: PRAYER TO CONTINUE STEADFASTLY Acts 2:42; Matt. 6:6; 18:19-20; Col. 4:2; 1\u00a0Thes. 5:17 For the saints to continue steadfastly in prayer and for their prayer life to be built up personally, in small groups, and in the church meetings until prayer is unceasing (Acts 2:42; Matt. 6:6; 18:19-20; Col. 4:2; 1\u00a0Thes. 5:17). Acts&hellip;\" \/>\n<meta property=\"og:url\" content=\"https:\/\/unceasinglypray.org\/ro\/day-18\/\" \/>\n<meta property=\"og:site_name\" content=\"Unceasingly Pray\" \/>\n<meta property=\"article:modified_time\" content=\"2020-06-11T14:46:03+00:00\" \/>\n<meta property=\"og:image\" content=\"https:\/\/unceasinglypray.org\/wp-content\/uploads\/2020\/04\/social_share.gif\" \/>\n\t<meta property=\"og:image:width\" content=\"1200\" \/>\n\t<meta property=\"og:image:height\" content=\"630\" \/>\n\t<meta property=\"og:image:type\" content=\"image\/gif\" \/>\n<meta name=\"twitter:card\" content=\"summary_large_image\" \/>\n<meta name=\"twitter:label1\" content=\"Timp estimat pentru citire\" \/>\n\t<meta name=\"twitter:data1\" content=\"1 minut\" \/>\n<script type=\"application\/ld+json\" class=\"yoast-schema-graph\">{\"@context\":\"https:\\\/\\\/schema.org\",\"@graph\":[{\"@type\":\"WebPage\",\"@id\":\"https:\\\/\\\/unceasinglypray.org\\\/es\\\/day-18\\\/\",\"url\":\"https:\\\/\\\/unceasinglypray.org\\\/es\\\/day-18\\\/\",\"name\":\"Day 18 - Unceasingly Pray\",\"isPartOf\":{\"@id\":\"https:\\\/\\\/unceasinglypray.org\\\/ar\\\/#website\"},\"primaryImageOfPage\":{\"@id\":\"https:\\\/\\\/unceasinglypray.org\\\/es\\\/day-18\\\/#primaryimage\"},\"image\":{\"@id\":\"https:\\\/\\\/unceasinglypray.org\\\/es\\\/day-18\\\/#primaryimage\"},\"thumbnailUrl\":\"https:\\\/\\\/unceasinglypray.org\\\/wp-content\\\/uploads\\\/2020\\\/04\\\/social_share.gif\",\"datePublished\":\"2020-04-04T21:55:36+00:00\",\"dateModified\":\"2020-06-11T14:46:03+00:00\",\"breadcrumb\":{\"@id\":\"https:\\\/\\\/unceasinglypray.org\\\/es\\\/day-18\\\/#breadcrumb\"},\"inLanguage\":\"ro-RO\",\"potentialAction\":[{\"@type\":\"ReadAction\",\"target\":[\"https:\\\/\\\/unceasinglypray.org\\\/es\\\/day-18\\\/\"]}]},{\"@type\":\"ImageObject\",\"inLanguage\":\"ro-RO\",\"@id\":\"https:\\\/\\\/unceasinglypray.org\\\/es\\\/day-18\\\/#primaryimage\",\"url\":\"https:\\\/\\\/unceasinglypray.org\\\/wp-content\\\/uploads\\\/2020\\\/04\\\/social_share.gif\",\"contentUrl\":\"https:\\\/\\\/unceasinglypray.org\\\/wp-content\\\/uploads\\\/2020\\\/04\\\/social_share.gif\",\"width\":1200,\"height\":630},{\"@type\":\"BreadcrumbList\",\"@id\":\"https:\\\/\\\/unceasinglypray.org\\\/es\\\/day-18\\\/#breadcrumb\",\"itemListElement\":[{\"@type\":\"ListItem\",\"position\":1,\"name\":\"Home\",\"item\":\"https:\\\/\\\/unceasinglypray.org\\\/pt\\\/\"},{\"@type\":\"ListItem\",\"position\":2,\"name\":\"Day 18\"}]},{\"@type\":\"WebSite\",\"@id\":\"https:\\\/\\\/unceasinglypray.org\\\/ar\\\/#website\",\"url\":\"https:\\\/\\\/unceasinglypray.org\\\/ar\\\/\",\"name\":\"Unceasingly Pray\",\"description\":\"\",\"potentialAction\":[{\"@type\":\"SearchAction\",\"target\":{\"@type\":\"EntryPoint\",\"urlTemplate\":\"https:\\\/\\\/unceasinglypray.org\\\/ar\\\/?s={search_term_string}\"},\"query-input\":{\"@type\":\"PropertyValueSpecification\",\"valueRequired\":true,\"valueName\":\"search_term_string\"}}],\"inLanguage\":\"ro-RO\"}]}<\/script>\n<!-- \/ Yoast SEO plugin. -->","yoast_head_json":{"title":"Day 18 - Unceasingly Pray","robots":{"index":"index","follow":"follow","max-snippet":"max-snippet:-1","max-image-preview":"max-image-preview:large","max-video-preview":"max-video-preview:-1"},"canonical":"https:\/\/unceasinglypray.org\/ro\/day-18\/","og_locale":"ro_RO","og_type":"article","og_title":"Day 18 - Unceasingly Pray","og_description":"DAY 18: PRAYER TO CONTINUE STEADFASTLY Acts 2:42; Matt. 6:6; 18:19-20; Col. 4:2; 1\u00a0Thes. 5:17 For the saints to continue steadfastly in prayer and for their prayer life to be built up personally, in small groups, and in the church meetings until prayer is unceasing (Acts 2:42; Matt. 6:6; 18:19-20; Col. 4:2; 1\u00a0Thes. 5:17). Acts&hellip;","og_url":"https:\/\/unceasinglypray.org\/ro\/day-18\/","og_site_name":"Unceasingly Pray","article_modified_time":"2020-06-11T14:46:03+00:00","og_image":[{"width":1200,"height":630,"url":"https:\/\/unceasinglypray.org\/wp-content\/uploads\/2020\/04\/social_share.gif","type":"image\/gif"}],"twitter_card":"summary_large_image","twitter_misc":{"Timp estimat pentru citire":"1 minut"},"schema":{"@context":"https:\/\/schema.org","@graph":[{"@type":"WebPage","@id":"https:\/\/unceasinglypray.org\/es\/day-18\/","url":"https:\/\/unceasinglypray.org\/es\/day-18\/","name":"Day 18 - Unceasingly Pray","isPartOf":{"@id":"https:\/\/unceasinglypray.org\/ar\/#website"},"primaryImageOfPage":{"@id":"https:\/\/unceasinglypray.org\/es\/day-18\/#primaryimage"},"image":{"@id":"https:\/\/unceasinglypray.org\/es\/day-18\/#primaryimage"},"thumbnailUrl":"https:\/\/unceasinglypray.org\/wp-content\/uploads\/2020\/04\/social_share.gif","datePublished":"2020-04-04T21:55:36+00:00","dateModified":"2020-06-11T14:46:03+00:00","breadcrumb":{"@id":"https:\/\/unceasinglypray.org\/es\/day-18\/#breadcrumb"},"inLanguage":"ro-RO","potentialAction":[{"@type":"ReadAction","target":["https:\/\/unceasinglypray.org\/es\/day-18\/"]}]},{"@type":"ImageObject","inLanguage":"ro-RO","@id":"https:\/\/unceasinglypray.org\/es\/day-18\/#primaryimage","url":"https:\/\/unceasinglypray.org\/wp-content\/uploads\/2020\/04\/social_share.gif","contentUrl":"https:\/\/unceasinglypray.org\/wp-content\/uploads\/2020\/04\/social_share.gif","width":1200,"height":630},{"@type":"BreadcrumbList","@id":"https:\/\/unceasinglypray.org\/es\/day-18\/#breadcrumb","itemListElement":[{"@type":"ListItem","position":1,"name":"Home","item":"https:\/\/unceasinglypray.org\/pt\/"},{"@type":"ListItem","position":2,"name":"Day 18"}]},{"@type":"WebSite","@id":"https:\/\/unceasinglypray.org\/ar\/#website","url":"https:\/\/unceasinglypray.org\/ar\/","name":"Unceasingly Pray","description":"","potentialAction":[{"@type":"SearchAction","target":{"@type":"EntryPoint","urlTemplate":"https:\/\/unceasinglypray.org\/ar\/?s={search_term_string}"},"query-input":{"@type":"PropertyValueSpecification","valueRequired":true,"valueName":"search_term_string"}}],"inLanguage":"ro-RO"}]}},"_links":{"self":[{"href":"https:\/\/unceasinglypray.org\/ro\/wp-json\/wp\/v2\/pages\/531","targetHints":{"allow":["GET"]}}],"collection":[{"href":"https:\/\/unceasinglypray.org\/ro\/wp-json\/wp\/v2\/pages"}],"about":[{"href":"https:\/\/unceasinglypray.org\/ro\/wp-json\/wp\/v2\/types\/page"}],"author":[{"embeddable":true,"href":"https:\/\/unceasinglypray.org\/ro\/wp-json\/wp\/v2\/users\/1"}],"replies":[{"embeddable":true,"href":"https:\/\/unceasinglypray.org\/ro\/wp-json\/wp\/v2\/comments?post=531"}],"version-history":[{"count":0,"href":"https:\/\/unceasinglypray.org\/ro\/wp-json\/wp\/v2\/pages\/531\/revisions"}],"wp:featuredmedia":[{"embeddable":true,"href":"https:\/\/unceasinglypray.org\/ro\/wp-json\/wp\/v2\/media\/771"}],"wp:attachment":[{"href":"https:\/\/unceasinglypray.org\/ro\/wp-json\/wp\/v2\/media?parent=531"}],"curies":[{"name":"wp","href":"https:\/\/api.w.org\/{rel}","templated":true}]}}