{"id":530,"date":"2020-04-04T21:54:56","date_gmt":"2020-04-04T21:54:56","guid":{"rendered":"https:\/\/unceasinglypray.org\/?page_id=530"},"modified":"2020-06-11T14:43:30","modified_gmt":"2020-06-11T14:43:30","slug":"day-17","status":"publish","type":"page","link":"https:\/\/unceasinglypray.org\/ro\/day-17\/","title":{"rendered":"Day 17"},"content":{"rendered":"<p>DAY 17: PRAYER FOR THE SAINTS TO BE LABORING PRIESTS<\/p>\n\t<p>Rom. 15:16; 2 Tim. 4:2; Fapte 10:24<\/p>\n\t<p>Pentru ca to\u021bi sfin\u021bii s\u0103 fie energiza\u021bi ca preo\u021bi care se ostenesc ai Evangheliei, care predic\u0103 Cuv\u00e2ntul la timp \u0219i ne la timp, rudelor, prietenilor, colegilor \u0219i oamenilor pe care \u00eei \u00eent\u00e2lnesc, pentru a-i c\u00e2\u0219tiga \u0219i oferi ca ofrand\u0103 sfin\u021bit\u0103 lui Dumnezeu (Rom. 15:16; 2 Tim. 4:2; Fapte 10:24).<\/p>\n\t<p><strong>Rom. 15:16<\/strong>\u2014 Ca s\u0103 fiu slujitorul lui Isus Hristos \u00eentre Neamuri. Eu \u00eemi \u00eemplinesc cu scump\u0103tate slujba Evangheliei lui Dumnezeu, pentru ca Neamurile s\u0103-I fie o jertf\u0103 bine primit\u0103, sfin\u0163it\u0103 de Duhul Sf\u00e2nt.<\/p>\n<p><strong>2 Tim. 4:2<\/strong>\u2014  Propov\u0103duie\u015fte Cuv\u00e2ntul, st\u0103ruie asupra lui la timp \u015fi ne la timp, mustr\u0103, ceart\u0103, \u00eendeamn\u0103 cu toat\u0103 bl\u00e2nde\u0163ea \u015fi \u00eenv\u0103\u0163\u0103tura.<\/p>\n<p><strong>Fapte 10:24<\/strong>\u2014  A doua zi s-a sculat \u015fi a plecat cu ei. L-au \u00eenso\u0163it \u015fi c\u00e2\u0163iva fra\u0163i din Iope. \u00cen cealalt\u0103 zi au ajuns la Cezareea. Corneliu \u00eei a\u015ftepta cu rudele \u015fi prietenii de aproape, pe care-i chemase.<\/p>\n\t\t<h3><\/h3>\n\t\t<p>S\u0103 persever\u0103m \u00een rug\u0103ciune.<\/p>\n\t\t\t<a href=\"https:\/\/unceasinglypray.org\/ro\/sign-up\/\" target=\"_self\" role=\"button\" rel=\"noopener noreferrer\">\n\t\t\t\t\t\t\tALEGE\u021aI UN INTERVAL\n\t\t\t\t\t<\/a>","protected":false},"excerpt":{"rendered":"<p>DAY 17: PRAYER FOR THE SAINTS TO BE LABORING PRIESTS Rom. 15:16; 2 Tim. 4:2; Acts 10:24 For all the saints to be energized as laboring priests of the gospel, who preach the Word in season and out of season to their relatives, friends, colleagues, and people they meet, in order to gain them and&hellip;<\/p>","protected":false},"author":1,"featured_media":771,"parent":0,"menu_order":0,"comment_status":"closed","ping_status":"closed","template":"","meta":{"inline_featured_image":false,"footnotes":""},"class_list":["post-530","page","type-page","status-publish","has-post-thumbnail","hentry"],"yoast_head":"<!-- This site is optimized with the Yoast SEO plugin v27.3 - https:\/\/yoast.com\/product\/yoast-seo-wordpress\/ -->\n<title>Day 17 - Unceasingly Pray<\/title>\n<meta name=\"robots\" content=\"index, follow, max-snippet:-1, max-image-preview:large, max-video-preview:-1\" \/>\n<link rel=\"canonical\" href=\"https:\/\/unceasinglypray.org\/ro\/day-17\/\" \/>\n<meta property=\"og:locale\" content=\"ro_RO\" \/>\n<meta property=\"og:type\" content=\"article\" \/>\n<meta property=\"og:title\" content=\"Day 17 - Unceasingly Pray\" \/>\n<meta property=\"og:description\" content=\"DAY 17: PRAYER FOR THE SAINTS TO BE LABORING PRIESTS Rom. 15:16; 2 Tim. 4:2; Acts 10:24 For all the saints to be energized as laboring priests of the gospel, who preach the Word in season and out of season to their relatives, friends, colleagues, and people they meet, in order to gain them and&hellip;\" \/>\n<meta property=\"og:url\" content=\"https:\/\/unceasinglypray.org\/ro\/day-17\/\" \/>\n<meta property=\"og:site_name\" content=\"Unceasingly Pray\" \/>\n<meta property=\"article:modified_time\" content=\"2020-06-11T14:43:30+00:00\" \/>\n<meta property=\"og:image\" content=\"https:\/\/unceasinglypray.org\/wp-content\/uploads\/2020\/04\/social_share.gif\" \/>\n\t<meta property=\"og:image:width\" content=\"1200\" \/>\n\t<meta property=\"og:image:height\" content=\"630\" \/>\n\t<meta property=\"og:image:type\" content=\"image\/gif\" \/>\n<meta name=\"twitter:card\" content=\"summary_large_image\" \/>\n<meta name=\"twitter:label1\" content=\"Timp estimat pentru citire\" \/>\n\t<meta name=\"twitter:data1\" content=\"1 minut\" \/>\n<script type=\"application\/ld+json\" class=\"yoast-schema-graph\">{\"@context\":\"https:\\\/\\\/schema.org\",\"@graph\":[{\"@type\":\"WebPage\",\"@id\":\"https:\\\/\\\/unceasinglypray.org\\\/sk_sk\\\/day-17\\\/\",\"url\":\"https:\\\/\\\/unceasinglypray.org\\\/sk_sk\\\/day-17\\\/\",\"name\":\"Day 17 - Unceasingly Pray\",\"isPartOf\":{\"@id\":\"https:\\\/\\\/unceasinglypray.org\\\/ar\\\/#website\"},\"primaryImageOfPage\":{\"@id\":\"https:\\\/\\\/unceasinglypray.org\\\/sk_sk\\\/day-17\\\/#primaryimage\"},\"image\":{\"@id\":\"https:\\\/\\\/unceasinglypray.org\\\/sk_sk\\\/day-17\\\/#primaryimage\"},\"thumbnailUrl\":\"https:\\\/\\\/unceasinglypray.org\\\/wp-content\\\/uploads\\\/2020\\\/04\\\/social_share.gif\",\"datePublished\":\"2020-04-04T21:54:56+00:00\",\"dateModified\":\"2020-06-11T14:43:30+00:00\",\"breadcrumb\":{\"@id\":\"https:\\\/\\\/unceasinglypray.org\\\/sk_sk\\\/day-17\\\/#breadcrumb\"},\"inLanguage\":\"ro-RO\",\"potentialAction\":[{\"@type\":\"ReadAction\",\"target\":[\"https:\\\/\\\/unceasinglypray.org\\\/sk_sk\\\/day-17\\\/\"]}]},{\"@type\":\"ImageObject\",\"inLanguage\":\"ro-RO\",\"@id\":\"https:\\\/\\\/unceasinglypray.org\\\/sk_sk\\\/day-17\\\/#primaryimage\",\"url\":\"https:\\\/\\\/unceasinglypray.org\\\/wp-content\\\/uploads\\\/2020\\\/04\\\/social_share.gif\",\"contentUrl\":\"https:\\\/\\\/unceasinglypray.org\\\/wp-content\\\/uploads\\\/2020\\\/04\\\/social_share.gif\",\"width\":1200,\"height\":630},{\"@type\":\"BreadcrumbList\",\"@id\":\"https:\\\/\\\/unceasinglypray.org\\\/sk_sk\\\/day-17\\\/#breadcrumb\",\"itemListElement\":[{\"@type\":\"ListItem\",\"position\":1,\"name\":\"Home\",\"item\":\"https:\\\/\\\/unceasinglypray.org\\\/pt\\\/\"},{\"@type\":\"ListItem\",\"position\":2,\"name\":\"Day 17\"}]},{\"@type\":\"WebSite\",\"@id\":\"https:\\\/\\\/unceasinglypray.org\\\/ar\\\/#website\",\"url\":\"https:\\\/\\\/unceasinglypray.org\\\/ar\\\/\",\"name\":\"Unceasingly Pray\",\"description\":\"\",\"potentialAction\":[{\"@type\":\"SearchAction\",\"target\":{\"@type\":\"EntryPoint\",\"urlTemplate\":\"https:\\\/\\\/unceasinglypray.org\\\/ar\\\/?s={search_term_string}\"},\"query-input\":{\"@type\":\"PropertyValueSpecification\",\"valueRequired\":true,\"valueName\":\"search_term_string\"}}],\"inLanguage\":\"ro-RO\"}]}<\/script>\n<!-- \/ Yoast SEO plugin. -->","yoast_head_json":{"title":"Day 17 - Unceasingly Pray","robots":{"index":"index","follow":"follow","max-snippet":"max-snippet:-1","max-image-preview":"max-image-preview:large","max-video-preview":"max-video-preview:-1"},"canonical":"https:\/\/unceasinglypray.org\/ro\/day-17\/","og_locale":"ro_RO","og_type":"article","og_title":"Day 17 - Unceasingly Pray","og_description":"DAY 17: PRAYER FOR THE SAINTS TO BE LABORING PRIESTS Rom. 15:16; 2 Tim. 4:2; Acts 10:24 For all the saints to be energized as laboring priests of the gospel, who preach the Word in season and out of season to their relatives, friends, colleagues, and people they meet, in order to gain them and&hellip;","og_url":"https:\/\/unceasinglypray.org\/ro\/day-17\/","og_site_name":"Unceasingly Pray","article_modified_time":"2020-06-11T14:43:30+00:00","og_image":[{"width":1200,"height":630,"url":"https:\/\/unceasinglypray.org\/wp-content\/uploads\/2020\/04\/social_share.gif","type":"image\/gif"}],"twitter_card":"summary_large_image","twitter_misc":{"Timp estimat pentru citire":"1 minut"},"schema":{"@context":"https:\/\/schema.org","@graph":[{"@type":"WebPage","@id":"https:\/\/unceasinglypray.org\/sk_sk\/day-17\/","url":"https:\/\/unceasinglypray.org\/sk_sk\/day-17\/","name":"Day 17 - Unceasingly Pray","isPartOf":{"@id":"https:\/\/unceasinglypray.org\/ar\/#website"},"primaryImageOfPage":{"@id":"https:\/\/unceasinglypray.org\/sk_sk\/day-17\/#primaryimage"},"image":{"@id":"https:\/\/unceasinglypray.org\/sk_sk\/day-17\/#primaryimage"},"thumbnailUrl":"https:\/\/unceasinglypray.org\/wp-content\/uploads\/2020\/04\/social_share.gif","datePublished":"2020-04-04T21:54:56+00:00","dateModified":"2020-06-11T14:43:30+00:00","breadcrumb":{"@id":"https:\/\/unceasinglypray.org\/sk_sk\/day-17\/#breadcrumb"},"inLanguage":"ro-RO","potentialAction":[{"@type":"ReadAction","target":["https:\/\/unceasinglypray.org\/sk_sk\/day-17\/"]}]},{"@type":"ImageObject","inLanguage":"ro-RO","@id":"https:\/\/unceasinglypray.org\/sk_sk\/day-17\/#primaryimage","url":"https:\/\/unceasinglypray.org\/wp-content\/uploads\/2020\/04\/social_share.gif","contentUrl":"https:\/\/unceasinglypray.org\/wp-content\/uploads\/2020\/04\/social_share.gif","width":1200,"height":630},{"@type":"BreadcrumbList","@id":"https:\/\/unceasinglypray.org\/sk_sk\/day-17\/#breadcrumb","itemListElement":[{"@type":"ListItem","position":1,"name":"Home","item":"https:\/\/unceasinglypray.org\/pt\/"},{"@type":"ListItem","position":2,"name":"Day 17"}]},{"@type":"WebSite","@id":"https:\/\/unceasinglypray.org\/ar\/#website","url":"https:\/\/unceasinglypray.org\/ar\/","name":"Unceasingly Pray","description":"","potentialAction":[{"@type":"SearchAction","target":{"@type":"EntryPoint","urlTemplate":"https:\/\/unceasinglypray.org\/ar\/?s={search_term_string}"},"query-input":{"@type":"PropertyValueSpecification","valueRequired":true,"valueName":"search_term_string"}}],"inLanguage":"ro-RO"}]}},"_links":{"self":[{"href":"https:\/\/unceasinglypray.org\/ro\/wp-json\/wp\/v2\/pages\/530","targetHints":{"allow":["GET"]}}],"collection":[{"href":"https:\/\/unceasinglypray.org\/ro\/wp-json\/wp\/v2\/pages"}],"about":[{"href":"https:\/\/unceasinglypray.org\/ro\/wp-json\/wp\/v2\/types\/page"}],"author":[{"embeddable":true,"href":"https:\/\/unceasinglypray.org\/ro\/wp-json\/wp\/v2\/users\/1"}],"replies":[{"embeddable":true,"href":"https:\/\/unceasinglypray.org\/ro\/wp-json\/wp\/v2\/comments?post=530"}],"version-history":[{"count":0,"href":"https:\/\/unceasinglypray.org\/ro\/wp-json\/wp\/v2\/pages\/530\/revisions"}],"wp:featuredmedia":[{"embeddable":true,"href":"https:\/\/unceasinglypray.org\/ro\/wp-json\/wp\/v2\/media\/771"}],"wp:attachment":[{"href":"https:\/\/unceasinglypray.org\/ro\/wp-json\/wp\/v2\/media?parent=530"}],"curies":[{"name":"wp","href":"https:\/\/api.w.org\/{rel}","templated":true}]}}