{"id":529,"date":"2020-04-04T21:54:22","date_gmt":"2020-04-04T21:54:22","guid":{"rendered":"https:\/\/unceasinglypray.org\/?page_id=529"},"modified":"2020-06-11T14:26:48","modified_gmt":"2020-06-11T14:26:48","slug":"day-16","status":"publish","type":"page","link":"https:\/\/unceasinglypray.org\/ro\/day-16\/","title":{"rendered":"Day 16"},"content":{"rendered":"<p>DAY 16: PRAYER FOR THE GOD-ORDAINED WAY<\/p>\n\t<p>Fapte 2:46-47; 1 Pet. 4:10; 1 Cor. 14:26; Efes. 4:12, 16<\/p>\n\t<p>Pentru ca sfin\u021bii s\u0103 foloseasc\u0103 circumstan\u021bele actuale pentru a cultiva o via\u021b\u0103 de biseric\u0103 mai vital\u0103, triumf\u0103toare, rodnic\u0103 \u0219i mai mult conform c\u0103ii stabilite de Dumnezeu prin eliberarea func\u021biei organice a fiec\u0103rui sf\u00e2nt (Fapte 2:46-47; 1 Pet. 4:10; 1 Cor. 14:26; Efes. 4:12, 16).<\/p>\n\t<p><strong>Fapte 2:46-47<\/strong>\u2014 To\u0163i \u00eempreun\u0103 erau nelipsi\u0163i de la Templu \u00een fiecare zi, fr\u00e2ngeau p\u00e2inea acas\u0103 \u015fi luau hrana cu bucurie \u015fi cur\u0103\u0163ie de inim\u0103. Ei l\u0103udau pe Dumnezeu \u015fi erau pl\u0103cu\u0163i \u00eenaintea \u00eentregului norod. \u015ei Domnul ad\u0103uga \u00een fiecare zi la num\u0103rul lor pe cei ce erau m\u00e2ntui\u0163i.<\/p>\n<p><strong>1 Pet. 4:10<\/strong>\u2014 Ca ni\u015fte buni ispravnici ai harului felurit al lui Dumnezeu, fiecare din voi s\u0103 slujeasc\u0103 altora dup\u0103 darul pe care l-a primit.<\/p>\n<p><strong>1 Cor. 14:26<\/strong>\u2014  Ce este de f\u0103cut atunci, fra\u0163ilor? C\u00e2nd v\u0103 aduna\u0163i laolalt\u0103, dac\u0103 unul din voi are o c\u00e2ntare, altul, o \u00eenv\u0103\u0163\u0103tur\u0103, altul, o descoperire, altul, o vorb\u0103 \u00een alt\u0103 limb\u0103, altul, o t\u0103lm\u0103cire, toate s\u0103 se fac\u0103 spre zidirea sufleteasc\u0103.<\/p>\n<p><strong>Efes. 4:12, 16<\/strong>\u2014  Pentru des\u0103v\u00e2r\u015firea sfin\u0163ilor, \u00een vederea lucr\u0103rii de slujire, pentru zidirea trupului lui Hristos. Din El tot trupul, bine \u00eenchegat \u015fi str\u00e2ns legat, prin ceea ce d\u0103 fiecare \u00eencheietur\u0103, \u00ee\u015fi prime\u015fte cre\u015fterea, potrivit cu lucrarea fiec\u0103rei p\u0103r\u0163i \u00een m\u0103sura ei, \u015fi se zide\u015fte \u00een dragoste.<\/p>\n\t\t<h3><\/h3>\n\t\t<p>S\u0103 persever\u0103m \u00een rug\u0103ciune.<\/p>\n\t\t\t<a href=\"https:\/\/unceasinglypray.org\/ro\/sign-up\/\" target=\"_self\" role=\"button\" rel=\"noopener noreferrer\">\n\t\t\t\t\t\t\tALEGE\u021aI UN INTERVAL\n\t\t\t\t\t<\/a>","protected":false},"excerpt":{"rendered":"<p>DAY 16: PRAYER FOR THE GOD-ORDAINED WAY Acts 2:46-47; 1 Pet. 4:10; 1 Cor. 14:26; Eph. 4:12, 16 For the saints to use the present circumstances to cultivate a church life that is more vital, more prevailing, more fruitful, and more according to the God-ordained way through the release of the organic function of every&hellip;<\/p>","protected":false},"author":1,"featured_media":771,"parent":0,"menu_order":0,"comment_status":"closed","ping_status":"closed","template":"","meta":{"inline_featured_image":false,"footnotes":""},"class_list":["post-529","page","type-page","status-publish","has-post-thumbnail","hentry"],"yoast_head":"<!-- This site is optimized with the Yoast SEO plugin v27.5 - https:\/\/yoast.com\/product\/yoast-seo-wordpress\/ -->\n<title>Day 16 - Unceasingly Pray<\/title>\n<meta name=\"robots\" content=\"index, follow, max-snippet:-1, max-image-preview:large, max-video-preview:-1\" \/>\n<link rel=\"canonical\" href=\"https:\/\/unceasinglypray.org\/ro\/day-16\/\" \/>\n<meta property=\"og:locale\" content=\"ro_RO\" \/>\n<meta property=\"og:type\" content=\"article\" \/>\n<meta property=\"og:title\" content=\"Day 16 - Unceasingly Pray\" \/>\n<meta property=\"og:description\" content=\"DAY 16: PRAYER FOR THE GOD-ORDAINED WAY Acts 2:46-47; 1 Pet. 4:10; 1 Cor. 14:26; Eph. 4:12, 16 For the saints to use the present circumstances to cultivate a church life that is more vital, more prevailing, more fruitful, and more according to the God-ordained way through the release of the organic function of every&hellip;\" \/>\n<meta property=\"og:url\" content=\"https:\/\/unceasinglypray.org\/ro\/day-16\/\" \/>\n<meta property=\"og:site_name\" content=\"Unceasingly Pray\" \/>\n<meta property=\"article:modified_time\" content=\"2020-06-11T14:26:48+00:00\" \/>\n<meta property=\"og:image\" content=\"https:\/\/unceasinglypray.org\/wp-content\/uploads\/2020\/04\/social_share.gif\" \/>\n\t<meta property=\"og:image:width\" content=\"1200\" \/>\n\t<meta property=\"og:image:height\" content=\"630\" \/>\n\t<meta property=\"og:image:type\" content=\"image\/gif\" \/>\n<meta name=\"twitter:card\" content=\"summary_large_image\" \/>\n<meta name=\"twitter:label1\" content=\"Timp estimat pentru citire\" \/>\n\t<meta name=\"twitter:data1\" content=\"1 minut\" \/>\n<script type=\"application\/ld+json\" class=\"yoast-schema-graph\">{\"@context\":\"https:\\\/\\\/schema.org\",\"@graph\":[{\"@type\":\"WebPage\",\"@id\":\"https:\\\/\\\/unceasinglypray.org\\\/pt\\\/day-16\\\/\",\"url\":\"https:\\\/\\\/unceasinglypray.org\\\/pt\\\/day-16\\\/\",\"name\":\"Day 16 - Unceasingly Pray\",\"isPartOf\":{\"@id\":\"https:\\\/\\\/unceasinglypray.org\\\/ar\\\/#website\"},\"primaryImageOfPage\":{\"@id\":\"https:\\\/\\\/unceasinglypray.org\\\/pt\\\/day-16\\\/#primaryimage\"},\"image\":{\"@id\":\"https:\\\/\\\/unceasinglypray.org\\\/pt\\\/day-16\\\/#primaryimage\"},\"thumbnailUrl\":\"https:\\\/\\\/unceasinglypray.org\\\/wp-content\\\/uploads\\\/2020\\\/04\\\/social_share.gif\",\"datePublished\":\"2020-04-04T21:54:22+00:00\",\"dateModified\":\"2020-06-11T14:26:48+00:00\",\"breadcrumb\":{\"@id\":\"https:\\\/\\\/unceasinglypray.org\\\/pt\\\/day-16\\\/#breadcrumb\"},\"inLanguage\":\"ro-RO\",\"potentialAction\":[{\"@type\":\"ReadAction\",\"target\":[\"https:\\\/\\\/unceasinglypray.org\\\/pt\\\/day-16\\\/\"]}]},{\"@type\":\"ImageObject\",\"inLanguage\":\"ro-RO\",\"@id\":\"https:\\\/\\\/unceasinglypray.org\\\/pt\\\/day-16\\\/#primaryimage\",\"url\":\"https:\\\/\\\/unceasinglypray.org\\\/wp-content\\\/uploads\\\/2020\\\/04\\\/social_share.gif\",\"contentUrl\":\"https:\\\/\\\/unceasinglypray.org\\\/wp-content\\\/uploads\\\/2020\\\/04\\\/social_share.gif\",\"width\":1200,\"height\":630},{\"@type\":\"BreadcrumbList\",\"@id\":\"https:\\\/\\\/unceasinglypray.org\\\/pt\\\/day-16\\\/#breadcrumb\",\"itemListElement\":[{\"@type\":\"ListItem\",\"position\":1,\"name\":\"Home\",\"item\":\"https:\\\/\\\/unceasinglypray.org\\\/pt\\\/\"},{\"@type\":\"ListItem\",\"position\":2,\"name\":\"Day 16\"}]},{\"@type\":\"WebSite\",\"@id\":\"https:\\\/\\\/unceasinglypray.org\\\/ar\\\/#website\",\"url\":\"https:\\\/\\\/unceasinglypray.org\\\/ar\\\/\",\"name\":\"Unceasingly Pray\",\"description\":\"\",\"potentialAction\":[{\"@type\":\"SearchAction\",\"target\":{\"@type\":\"EntryPoint\",\"urlTemplate\":\"https:\\\/\\\/unceasinglypray.org\\\/ar\\\/?s={search_term_string}\"},\"query-input\":{\"@type\":\"PropertyValueSpecification\",\"valueRequired\":true,\"valueName\":\"search_term_string\"}}],\"inLanguage\":\"ro-RO\"}]}<\/script>\n<!-- \/ Yoast SEO plugin. -->","yoast_head_json":{"title":"Day 16 - Unceasingly Pray","robots":{"index":"index","follow":"follow","max-snippet":"max-snippet:-1","max-image-preview":"max-image-preview:large","max-video-preview":"max-video-preview:-1"},"canonical":"https:\/\/unceasinglypray.org\/ro\/day-16\/","og_locale":"ro_RO","og_type":"article","og_title":"Day 16 - Unceasingly Pray","og_description":"DAY 16: PRAYER FOR THE GOD-ORDAINED WAY Acts 2:46-47; 1 Pet. 4:10; 1 Cor. 14:26; Eph. 4:12, 16 For the saints to use the present circumstances to cultivate a church life that is more vital, more prevailing, more fruitful, and more according to the God-ordained way through the release of the organic function of every&hellip;","og_url":"https:\/\/unceasinglypray.org\/ro\/day-16\/","og_site_name":"Unceasingly Pray","article_modified_time":"2020-06-11T14:26:48+00:00","og_image":[{"width":1200,"height":630,"url":"https:\/\/unceasinglypray.org\/wp-content\/uploads\/2020\/04\/social_share.gif","type":"image\/gif"}],"twitter_card":"summary_large_image","twitter_misc":{"Timp estimat pentru citire":"1 minut"},"schema":{"@context":"https:\/\/schema.org","@graph":[{"@type":"WebPage","@id":"https:\/\/unceasinglypray.org\/pt\/day-16\/","url":"https:\/\/unceasinglypray.org\/pt\/day-16\/","name":"Day 16 - Unceasingly Pray","isPartOf":{"@id":"https:\/\/unceasinglypray.org\/ar\/#website"},"primaryImageOfPage":{"@id":"https:\/\/unceasinglypray.org\/pt\/day-16\/#primaryimage"},"image":{"@id":"https:\/\/unceasinglypray.org\/pt\/day-16\/#primaryimage"},"thumbnailUrl":"https:\/\/unceasinglypray.org\/wp-content\/uploads\/2020\/04\/social_share.gif","datePublished":"2020-04-04T21:54:22+00:00","dateModified":"2020-06-11T14:26:48+00:00","breadcrumb":{"@id":"https:\/\/unceasinglypray.org\/pt\/day-16\/#breadcrumb"},"inLanguage":"ro-RO","potentialAction":[{"@type":"ReadAction","target":["https:\/\/unceasinglypray.org\/pt\/day-16\/"]}]},{"@type":"ImageObject","inLanguage":"ro-RO","@id":"https:\/\/unceasinglypray.org\/pt\/day-16\/#primaryimage","url":"https:\/\/unceasinglypray.org\/wp-content\/uploads\/2020\/04\/social_share.gif","contentUrl":"https:\/\/unceasinglypray.org\/wp-content\/uploads\/2020\/04\/social_share.gif","width":1200,"height":630},{"@type":"BreadcrumbList","@id":"https:\/\/unceasinglypray.org\/pt\/day-16\/#breadcrumb","itemListElement":[{"@type":"ListItem","position":1,"name":"Home","item":"https:\/\/unceasinglypray.org\/pt\/"},{"@type":"ListItem","position":2,"name":"Day 16"}]},{"@type":"WebSite","@id":"https:\/\/unceasinglypray.org\/ar\/#website","url":"https:\/\/unceasinglypray.org\/ar\/","name":"Unceasingly Pray","description":"","potentialAction":[{"@type":"SearchAction","target":{"@type":"EntryPoint","urlTemplate":"https:\/\/unceasinglypray.org\/ar\/?s={search_term_string}"},"query-input":{"@type":"PropertyValueSpecification","valueRequired":true,"valueName":"search_term_string"}}],"inLanguage":"ro-RO"}]}},"_links":{"self":[{"href":"https:\/\/unceasinglypray.org\/ro\/wp-json\/wp\/v2\/pages\/529","targetHints":{"allow":["GET"]}}],"collection":[{"href":"https:\/\/unceasinglypray.org\/ro\/wp-json\/wp\/v2\/pages"}],"about":[{"href":"https:\/\/unceasinglypray.org\/ro\/wp-json\/wp\/v2\/types\/page"}],"author":[{"embeddable":true,"href":"https:\/\/unceasinglypray.org\/ro\/wp-json\/wp\/v2\/users\/1"}],"replies":[{"embeddable":true,"href":"https:\/\/unceasinglypray.org\/ro\/wp-json\/wp\/v2\/comments?post=529"}],"version-history":[{"count":0,"href":"https:\/\/unceasinglypray.org\/ro\/wp-json\/wp\/v2\/pages\/529\/revisions"}],"wp:featuredmedia":[{"embeddable":true,"href":"https:\/\/unceasinglypray.org\/ro\/wp-json\/wp\/v2\/media\/771"}],"wp:attachment":[{"href":"https:\/\/unceasinglypray.org\/ro\/wp-json\/wp\/v2\/media?parent=529"}],"curies":[{"name":"wp","href":"https:\/\/api.w.org\/{rel}","templated":true}]}}