{"id":527,"date":"2020-04-04T21:52:48","date_gmt":"2020-04-04T21:52:48","guid":{"rendered":"https:\/\/unceasinglypray.org\/?page_id=527"},"modified":"2020-06-11T14:26:08","modified_gmt":"2020-06-11T14:26:08","slug":"day-14","status":"publish","type":"page","link":"https:\/\/unceasinglypray.org\/ro\/day-14\/","title":{"rendered":"Day 14"},"content":{"rendered":"<p>DAY 14: PRAYER TO POSSESS THE ALL-INCLUSIVE CHRIST<\/p>\n\t<p>Col. 1:12; Efes. 3:8, 17-18<\/p>\n\t<p>Pentru ca sfin\u021bii s\u0103 posede pe deplin por\u021bia lor repartizat\u0103 din Cristos atotinclusiv, atotcuprinz\u0103tor, fiind \u00eent\u0103ri\u021bi cu putere prin Duhul \u00een omul lor interior, pentru ca Cristos s\u0103\u2011\u0218i fac\u0103 locuin\u021ba \u00een inimile lor (Col. 1:12; Efes. 3:8, 17-18).<\/p>\n\t<p><strong>Col. 1:12<\/strong>\u2014  Mul\u0163umind Tat\u0103lui, care v-a \u00eenvrednicit s\u0103 ave\u0163i parte de mo\u015ftenirea sfin\u0163ilor \u00een lumin\u0103.<\/p>\n<p><strong>Efes. 3:8<\/strong>\u2014 Da, mie, care sunt cel mai ne\u00eensemnat dintre to\u0163i sfin\u0163ii, mi-a fost dat harul acesta s\u0103 vestesc Neamurilor bog\u0103\u0163iile nep\u0103trunse ale lui Hristos.<\/p>\n<p><strong>Efes. 3:17-18<\/strong>\u2014 A\u015fa \u00eenc\u00e2t Hristos s\u0103 locuiasc\u0103 \u00een inimile voastre prin credin\u0163\u0103; pentru ca, av\u00e2nd r\u0103d\u0103cina \u015fi temelia pus\u0103 \u00een dragoste, s\u0103 pute\u0163i pricepe \u00eempreun\u0103 cu to\u0163i sfin\u0163ii care este l\u0103rgimea, lungimea, ad\u00e2ncimea \u015fi \u00een\u0103l\u0163imea.<\/p>\n\t\t<h3><\/h3>\n\t\t<p>S\u0103 persever\u0103m \u00een rug\u0103ciune.<\/p>\n\t\t\t<a href=\"https:\/\/unceasinglypray.org\/ro\/sign-up\/\" target=\"_self\" role=\"button\" rel=\"noopener noreferrer\">\n\t\t\t\t\t\t\tALEGE\u021aI UN INTERVAL\n\t\t\t\t\t<\/a>","protected":false},"excerpt":{"rendered":"<p>DAY 14: PRAYER TO POSSESS THE ALL-INCLUSIVE CHRIST Col. 1:12; Eph. 3:8, 17-18 For the saints to fully possess their allotted portion of the all-inclusive, all-extensive Christ by being strengthened with power through the Spirit into their inner man that Christ may make His home in their hearts (Col. 1:12; Eph. 3:8, 17-18). Col. 1:12\u2014Giving&hellip;<\/p>","protected":false},"author":1,"featured_media":771,"parent":0,"menu_order":0,"comment_status":"closed","ping_status":"closed","template":"","meta":{"inline_featured_image":false,"footnotes":""},"class_list":["post-527","page","type-page","status-publish","has-post-thumbnail","hentry"],"yoast_head":"<!-- This site is optimized with the Yoast SEO plugin v27.3 - https:\/\/yoast.com\/product\/yoast-seo-wordpress\/ -->\n<title>Day 14 - Unceasingly Pray<\/title>\n<meta name=\"robots\" content=\"index, follow, max-snippet:-1, max-image-preview:large, max-video-preview:-1\" \/>\n<link rel=\"canonical\" href=\"https:\/\/unceasinglypray.org\/ro\/day-14\/\" \/>\n<meta property=\"og:locale\" content=\"ro_RO\" \/>\n<meta property=\"og:type\" content=\"article\" \/>\n<meta property=\"og:title\" content=\"Day 14 - Unceasingly Pray\" \/>\n<meta property=\"og:description\" content=\"DAY 14: PRAYER TO POSSESS THE ALL-INCLUSIVE CHRIST Col. 1:12; Eph. 3:8, 17-18 For the saints to fully possess their allotted portion of the all-inclusive, all-extensive Christ by being strengthened with power through the Spirit into their inner man that Christ may make His home in their hearts (Col. 1:12; Eph. 3:8, 17-18). Col. 1:12\u2014Giving&hellip;\" \/>\n<meta property=\"og:url\" content=\"https:\/\/unceasinglypray.org\/ro\/day-14\/\" \/>\n<meta property=\"og:site_name\" content=\"Unceasingly Pray\" \/>\n<meta property=\"article:modified_time\" content=\"2020-06-11T14:26:08+00:00\" \/>\n<meta property=\"og:image\" content=\"https:\/\/unceasinglypray.org\/wp-content\/uploads\/2020\/04\/social_share.gif\" \/>\n\t<meta property=\"og:image:width\" content=\"1200\" \/>\n\t<meta property=\"og:image:height\" content=\"630\" \/>\n\t<meta property=\"og:image:type\" content=\"image\/gif\" \/>\n<meta name=\"twitter:card\" content=\"summary_large_image\" \/>\n<meta name=\"twitter:label1\" content=\"Timp estimat pentru citire\" \/>\n\t<meta name=\"twitter:data1\" content=\"1 minut\" \/>\n<script type=\"application\/ld+json\" class=\"yoast-schema-graph\">{\"@context\":\"https:\\\/\\\/schema.org\",\"@graph\":[{\"@type\":\"WebPage\",\"@id\":\"https:\\\/\\\/unceasinglypray.org\\\/pt\\\/day-14\\\/\",\"url\":\"https:\\\/\\\/unceasinglypray.org\\\/pt\\\/day-14\\\/\",\"name\":\"Day 14 - Unceasingly Pray\",\"isPartOf\":{\"@id\":\"https:\\\/\\\/unceasinglypray.org\\\/ar\\\/#website\"},\"primaryImageOfPage\":{\"@id\":\"https:\\\/\\\/unceasinglypray.org\\\/pt\\\/day-14\\\/#primaryimage\"},\"image\":{\"@id\":\"https:\\\/\\\/unceasinglypray.org\\\/pt\\\/day-14\\\/#primaryimage\"},\"thumbnailUrl\":\"https:\\\/\\\/unceasinglypray.org\\\/wp-content\\\/uploads\\\/2020\\\/04\\\/social_share.gif\",\"datePublished\":\"2020-04-04T21:52:48+00:00\",\"dateModified\":\"2020-06-11T14:26:08+00:00\",\"breadcrumb\":{\"@id\":\"https:\\\/\\\/unceasinglypray.org\\\/pt\\\/day-14\\\/#breadcrumb\"},\"inLanguage\":\"ro-RO\",\"potentialAction\":[{\"@type\":\"ReadAction\",\"target\":[\"https:\\\/\\\/unceasinglypray.org\\\/pt\\\/day-14\\\/\"]}]},{\"@type\":\"ImageObject\",\"inLanguage\":\"ro-RO\",\"@id\":\"https:\\\/\\\/unceasinglypray.org\\\/pt\\\/day-14\\\/#primaryimage\",\"url\":\"https:\\\/\\\/unceasinglypray.org\\\/wp-content\\\/uploads\\\/2020\\\/04\\\/social_share.gif\",\"contentUrl\":\"https:\\\/\\\/unceasinglypray.org\\\/wp-content\\\/uploads\\\/2020\\\/04\\\/social_share.gif\",\"width\":1200,\"height\":630},{\"@type\":\"BreadcrumbList\",\"@id\":\"https:\\\/\\\/unceasinglypray.org\\\/pt\\\/day-14\\\/#breadcrumb\",\"itemListElement\":[{\"@type\":\"ListItem\",\"position\":1,\"name\":\"Home\",\"item\":\"https:\\\/\\\/unceasinglypray.org\\\/pt\\\/\"},{\"@type\":\"ListItem\",\"position\":2,\"name\":\"Day 14\"}]},{\"@type\":\"WebSite\",\"@id\":\"https:\\\/\\\/unceasinglypray.org\\\/ar\\\/#website\",\"url\":\"https:\\\/\\\/unceasinglypray.org\\\/ar\\\/\",\"name\":\"Unceasingly Pray\",\"description\":\"\",\"potentialAction\":[{\"@type\":\"SearchAction\",\"target\":{\"@type\":\"EntryPoint\",\"urlTemplate\":\"https:\\\/\\\/unceasinglypray.org\\\/ar\\\/?s={search_term_string}\"},\"query-input\":{\"@type\":\"PropertyValueSpecification\",\"valueRequired\":true,\"valueName\":\"search_term_string\"}}],\"inLanguage\":\"ro-RO\"}]}<\/script>\n<!-- \/ Yoast SEO plugin. -->","yoast_head_json":{"title":"Day 14 - Unceasingly Pray","robots":{"index":"index","follow":"follow","max-snippet":"max-snippet:-1","max-image-preview":"max-image-preview:large","max-video-preview":"max-video-preview:-1"},"canonical":"https:\/\/unceasinglypray.org\/ro\/day-14\/","og_locale":"ro_RO","og_type":"article","og_title":"Day 14 - Unceasingly Pray","og_description":"DAY 14: PRAYER TO POSSESS THE ALL-INCLUSIVE CHRIST Col. 1:12; Eph. 3:8, 17-18 For the saints to fully possess their allotted portion of the all-inclusive, all-extensive Christ by being strengthened with power through the Spirit into their inner man that Christ may make His home in their hearts (Col. 1:12; Eph. 3:8, 17-18). Col. 1:12\u2014Giving&hellip;","og_url":"https:\/\/unceasinglypray.org\/ro\/day-14\/","og_site_name":"Unceasingly Pray","article_modified_time":"2020-06-11T14:26:08+00:00","og_image":[{"width":1200,"height":630,"url":"https:\/\/unceasinglypray.org\/wp-content\/uploads\/2020\/04\/social_share.gif","type":"image\/gif"}],"twitter_card":"summary_large_image","twitter_misc":{"Timp estimat pentru citire":"1 minut"},"schema":{"@context":"https:\/\/schema.org","@graph":[{"@type":"WebPage","@id":"https:\/\/unceasinglypray.org\/pt\/day-14\/","url":"https:\/\/unceasinglypray.org\/pt\/day-14\/","name":"Day 14 - Unceasingly Pray","isPartOf":{"@id":"https:\/\/unceasinglypray.org\/ar\/#website"},"primaryImageOfPage":{"@id":"https:\/\/unceasinglypray.org\/pt\/day-14\/#primaryimage"},"image":{"@id":"https:\/\/unceasinglypray.org\/pt\/day-14\/#primaryimage"},"thumbnailUrl":"https:\/\/unceasinglypray.org\/wp-content\/uploads\/2020\/04\/social_share.gif","datePublished":"2020-04-04T21:52:48+00:00","dateModified":"2020-06-11T14:26:08+00:00","breadcrumb":{"@id":"https:\/\/unceasinglypray.org\/pt\/day-14\/#breadcrumb"},"inLanguage":"ro-RO","potentialAction":[{"@type":"ReadAction","target":["https:\/\/unceasinglypray.org\/pt\/day-14\/"]}]},{"@type":"ImageObject","inLanguage":"ro-RO","@id":"https:\/\/unceasinglypray.org\/pt\/day-14\/#primaryimage","url":"https:\/\/unceasinglypray.org\/wp-content\/uploads\/2020\/04\/social_share.gif","contentUrl":"https:\/\/unceasinglypray.org\/wp-content\/uploads\/2020\/04\/social_share.gif","width":1200,"height":630},{"@type":"BreadcrumbList","@id":"https:\/\/unceasinglypray.org\/pt\/day-14\/#breadcrumb","itemListElement":[{"@type":"ListItem","position":1,"name":"Home","item":"https:\/\/unceasinglypray.org\/pt\/"},{"@type":"ListItem","position":2,"name":"Day 14"}]},{"@type":"WebSite","@id":"https:\/\/unceasinglypray.org\/ar\/#website","url":"https:\/\/unceasinglypray.org\/ar\/","name":"Unceasingly Pray","description":"","potentialAction":[{"@type":"SearchAction","target":{"@type":"EntryPoint","urlTemplate":"https:\/\/unceasinglypray.org\/ar\/?s={search_term_string}"},"query-input":{"@type":"PropertyValueSpecification","valueRequired":true,"valueName":"search_term_string"}}],"inLanguage":"ro-RO"}]}},"_links":{"self":[{"href":"https:\/\/unceasinglypray.org\/ro\/wp-json\/wp\/v2\/pages\/527","targetHints":{"allow":["GET"]}}],"collection":[{"href":"https:\/\/unceasinglypray.org\/ro\/wp-json\/wp\/v2\/pages"}],"about":[{"href":"https:\/\/unceasinglypray.org\/ro\/wp-json\/wp\/v2\/types\/page"}],"author":[{"embeddable":true,"href":"https:\/\/unceasinglypray.org\/ro\/wp-json\/wp\/v2\/users\/1"}],"replies":[{"embeddable":true,"href":"https:\/\/unceasinglypray.org\/ro\/wp-json\/wp\/v2\/comments?post=527"}],"version-history":[{"count":0,"href":"https:\/\/unceasinglypray.org\/ro\/wp-json\/wp\/v2\/pages\/527\/revisions"}],"wp:featuredmedia":[{"embeddable":true,"href":"https:\/\/unceasinglypray.org\/ro\/wp-json\/wp\/v2\/media\/771"}],"wp:attachment":[{"href":"https:\/\/unceasinglypray.org\/ro\/wp-json\/wp\/v2\/media?parent=527"}],"curies":[{"name":"wp","href":"https:\/\/api.w.org\/{rel}","templated":true}]}}