{"id":519,"date":"2020-04-04T21:46:52","date_gmt":"2020-04-04T21:46:52","guid":{"rendered":"https:\/\/unceasinglypray.org\/?page_id=519"},"modified":"2020-06-11T13:43:51","modified_gmt":"2020-06-11T13:43:51","slug":"day-6","status":"publish","type":"page","link":"https:\/\/unceasinglypray.org\/ro\/day-6\/","title":{"rendered":"Day 6"},"content":{"rendered":"<p>DAY 6: PRAYER FOR THE GOSPEL<\/p>\n\t<p>Apoc. 6:1-2; Rom. 2:4; Fapte 26:20; Marcu 1:15; 1 Tim. 2:4a<\/p>\n\t<p>Pentru alergarea calului alb al Evangheliei \u0219i pentru ca Dumnezeul \u00eendelung r\u0103bd\u0103tor s\u0103-i conduc\u0103 pe oameni s\u0103 se poc\u0103iasc\u0103, s\u0103 se \u00eentoarc\u0103 la El \u0219i s\u0103 cread\u0103 evanghelia, conform dorin\u021bei Sale ca to\u021bi oamenii s\u0103 fie m\u00e2ntui\u021bi (Apoc. 6:1-2; Rom. 2:4; Fapte 26:20; Marcu 1:15; 1 Tim. 2:4a).<\/p>\n\n\t<p><strong>Apoc. 6:1-2<\/strong>\u2014  C\u00e2nd a rupt Mielul cea dint\u00e2i din cele \u015fapte pece\u0163i, m-am uitat \u015fi am auzit pe una din cele patru f\u0103pturi vii zic\u00e2nd cu un glas ca de tunet: \u201eVino \u015fi vezi!\u201d M-am uitat \u015fi iat\u0103 c\u0103 s-a ar\u0103tat un cal alb. Cel ce st\u0103tea pe el avea un arc; i s-a dat o cunun\u0103 \u015fi a pornit biruitor \u015fi ca s\u0103 biruie.<\/p>\n<p><strong>Rom. 2:4<\/strong>\u2014Or do you despise the riches of His kindness and forbearance and long-suffering, not knowing that God&#8217;s kindness is leading you to repentance?<\/p>\n<p><strong>Fapte 26:20<\/strong>\u2014  Ci am propov\u0103duit \u00eent\u00e2i celor din Damasc, apoi \u00een Ierusalim, \u00een toat\u0103 Iudeea \u015fi la Neamuri, s\u0103 se poc\u0103iasc\u0103 \u015fi s\u0103 se \u00eentoarc\u0103 la Dumnezeu \u015fi s\u0103 fac\u0103 fapte vrednice de poc\u0103in\u0163a lor.<\/p>\n<p><strong>Marcu 1:15<\/strong>\u2014  El zicea: \u201eS-a \u00eemplinit vremea, \u015fi \u00cemp\u0103r\u0103\u0163ia lui Dumnezeu este aproape. Poc\u0103i\u0163i-v\u0103 \u015fi crede\u0163i \u00een Evanghelie.\u201d<\/p>\n<p><strong>1 Tim. 2:4<\/strong>\u2014  Care voie\u015fte ca to\u0163i oamenii s\u0103 fie m\u00e2ntui\u0163i \u015fi s\u0103 vin\u0103 la cuno\u015ftin\u0163a adev\u0103rului.<\/p>\n\t\t<h3><\/h3>\n\t\t<p>S\u0103 persever\u0103m \u00een rug\u0103ciune.<\/p>\n\t\t\t<a href=\"https:\/\/unceasinglypray.org\/ro\/sign-up\/\" target=\"_self\" role=\"button\" rel=\"noopener noreferrer\">\n\t\t\t\t\t\t\tALEGE\u021aI UN INTERVAL\n\t\t\t\t\t<\/a>","protected":false},"excerpt":{"rendered":"<p>DAY 6: PRAYER FOR THE GOSPEL Rev. 6:1-2; Rom. 2:4; Acts 26:20; Mark 1:15; 1 Tim. 2:4a For the white horse of the gospel to run and for the long-suffering God to lead men to repent, to turn to Him and believe the gospel according to His desire that all men be saved (Rev. 6:1-2;&hellip;<\/p>","protected":false},"author":1,"featured_media":771,"parent":0,"menu_order":0,"comment_status":"closed","ping_status":"closed","template":"","meta":{"inline_featured_image":false,"footnotes":""},"class_list":["post-519","page","type-page","status-publish","has-post-thumbnail","hentry"],"yoast_head":"<!-- This site is optimized with the Yoast SEO plugin v27.4 - https:\/\/yoast.com\/product\/yoast-seo-wordpress\/ -->\n<title>Day 6 - Unceasingly Pray<\/title>\n<meta name=\"robots\" content=\"index, follow, max-snippet:-1, max-image-preview:large, max-video-preview:-1\" \/>\n<link rel=\"canonical\" href=\"http:\/\/unceasinglypray.org\/ro\/day-6\/\" \/>\n<meta property=\"og:locale\" content=\"ro_RO\" \/>\n<meta property=\"og:type\" content=\"article\" \/>\n<meta property=\"og:title\" content=\"Day 6 - Unceasingly Pray\" \/>\n<meta property=\"og:description\" content=\"DAY 6: PRAYER FOR THE GOSPEL Rev. 6:1-2; Rom. 2:4; Acts 26:20; Mark 1:15; 1 Tim. 2:4a For the white horse of the gospel to run and for the long-suffering God to lead men to repent, to turn to Him and believe the gospel according to His desire that all men be saved (Rev. 6:1-2;&hellip;\" \/>\n<meta property=\"og:url\" content=\"http:\/\/unceasinglypray.org\/ro\/day-6\/\" \/>\n<meta property=\"og:site_name\" content=\"Unceasingly Pray\" \/>\n<meta property=\"article:modified_time\" content=\"2020-06-11T13:43:51+00:00\" \/>\n<meta property=\"og:image\" content=\"https:\/\/unceasinglypray.org\/wp-content\/uploads\/2020\/04\/social_share.gif\" \/>\n\t<meta property=\"og:image:width\" content=\"1200\" \/>\n\t<meta property=\"og:image:height\" content=\"630\" \/>\n\t<meta property=\"og:image:type\" content=\"image\/gif\" \/>\n<meta name=\"twitter:card\" content=\"summary_large_image\" \/>\n<meta name=\"twitter:label1\" content=\"Timp estimat pentru citire\" \/>\n\t<meta name=\"twitter:data1\" content=\"1 minut\" \/>\n<script type=\"application\/ld+json\" class=\"yoast-schema-graph\">{\"@context\":\"https:\\\/\\\/schema.org\",\"@graph\":[{\"@type\":\"WebPage\",\"@id\":\"http:\\\/\\\/unceasinglypray.org\\\/ru\\\/day-6\\\/\",\"url\":\"http:\\\/\\\/unceasinglypray.org\\\/ru\\\/day-6\\\/\",\"name\":\"Day 6 - Unceasingly Pray\",\"isPartOf\":{\"@id\":\"https:\\\/\\\/unceasinglypray.org\\\/ar\\\/#website\"},\"primaryImageOfPage\":{\"@id\":\"http:\\\/\\\/unceasinglypray.org\\\/ru\\\/day-6\\\/#primaryimage\"},\"image\":{\"@id\":\"http:\\\/\\\/unceasinglypray.org\\\/ru\\\/day-6\\\/#primaryimage\"},\"thumbnailUrl\":\"https:\\\/\\\/unceasinglypray.org\\\/wp-content\\\/uploads\\\/2020\\\/04\\\/social_share.gif\",\"datePublished\":\"2020-04-04T21:46:52+00:00\",\"dateModified\":\"2020-06-11T13:43:51+00:00\",\"breadcrumb\":{\"@id\":\"http:\\\/\\\/unceasinglypray.org\\\/ru\\\/day-6\\\/#breadcrumb\"},\"inLanguage\":\"ro-RO\",\"potentialAction\":[{\"@type\":\"ReadAction\",\"target\":[\"http:\\\/\\\/unceasinglypray.org\\\/ru\\\/day-6\\\/\"]}]},{\"@type\":\"ImageObject\",\"inLanguage\":\"ro-RO\",\"@id\":\"http:\\\/\\\/unceasinglypray.org\\\/ru\\\/day-6\\\/#primaryimage\",\"url\":\"https:\\\/\\\/unceasinglypray.org\\\/wp-content\\\/uploads\\\/2020\\\/04\\\/social_share.gif\",\"contentUrl\":\"https:\\\/\\\/unceasinglypray.org\\\/wp-content\\\/uploads\\\/2020\\\/04\\\/social_share.gif\",\"width\":1200,\"height\":630},{\"@type\":\"BreadcrumbList\",\"@id\":\"http:\\\/\\\/unceasinglypray.org\\\/ru\\\/day-6\\\/#breadcrumb\",\"itemListElement\":[{\"@type\":\"ListItem\",\"position\":1,\"name\":\"Home\",\"item\":\"https:\\\/\\\/unceasinglypray.org\\\/pt\\\/\"},{\"@type\":\"ListItem\",\"position\":2,\"name\":\"Day 6\"}]},{\"@type\":\"WebSite\",\"@id\":\"https:\\\/\\\/unceasinglypray.org\\\/ar\\\/#website\",\"url\":\"https:\\\/\\\/unceasinglypray.org\\\/ar\\\/\",\"name\":\"Unceasingly Pray\",\"description\":\"\",\"potentialAction\":[{\"@type\":\"SearchAction\",\"target\":{\"@type\":\"EntryPoint\",\"urlTemplate\":\"https:\\\/\\\/unceasinglypray.org\\\/ar\\\/?s={search_term_string}\"},\"query-input\":{\"@type\":\"PropertyValueSpecification\",\"valueRequired\":true,\"valueName\":\"search_term_string\"}}],\"inLanguage\":\"ro-RO\"}]}<\/script>\n<!-- \/ Yoast SEO plugin. -->","yoast_head_json":{"title":"Day 6 - Unceasingly Pray","robots":{"index":"index","follow":"follow","max-snippet":"max-snippet:-1","max-image-preview":"max-image-preview:large","max-video-preview":"max-video-preview:-1"},"canonical":"http:\/\/unceasinglypray.org\/ro\/day-6\/","og_locale":"ro_RO","og_type":"article","og_title":"Day 6 - Unceasingly Pray","og_description":"DAY 6: PRAYER FOR THE GOSPEL Rev. 6:1-2; Rom. 2:4; Acts 26:20; Mark 1:15; 1 Tim. 2:4a For the white horse of the gospel to run and for the long-suffering God to lead men to repent, to turn to Him and believe the gospel according to His desire that all men be saved (Rev. 6:1-2;&hellip;","og_url":"http:\/\/unceasinglypray.org\/ro\/day-6\/","og_site_name":"Unceasingly Pray","article_modified_time":"2020-06-11T13:43:51+00:00","og_image":[{"width":1200,"height":630,"url":"https:\/\/unceasinglypray.org\/wp-content\/uploads\/2020\/04\/social_share.gif","type":"image\/gif"}],"twitter_card":"summary_large_image","twitter_misc":{"Timp estimat pentru citire":"1 minut"},"schema":{"@context":"https:\/\/schema.org","@graph":[{"@type":"WebPage","@id":"http:\/\/unceasinglypray.org\/ru\/day-6\/","url":"http:\/\/unceasinglypray.org\/ru\/day-6\/","name":"Day 6 - Unceasingly Pray","isPartOf":{"@id":"https:\/\/unceasinglypray.org\/ar\/#website"},"primaryImageOfPage":{"@id":"http:\/\/unceasinglypray.org\/ru\/day-6\/#primaryimage"},"image":{"@id":"http:\/\/unceasinglypray.org\/ru\/day-6\/#primaryimage"},"thumbnailUrl":"https:\/\/unceasinglypray.org\/wp-content\/uploads\/2020\/04\/social_share.gif","datePublished":"2020-04-04T21:46:52+00:00","dateModified":"2020-06-11T13:43:51+00:00","breadcrumb":{"@id":"http:\/\/unceasinglypray.org\/ru\/day-6\/#breadcrumb"},"inLanguage":"ro-RO","potentialAction":[{"@type":"ReadAction","target":["http:\/\/unceasinglypray.org\/ru\/day-6\/"]}]},{"@type":"ImageObject","inLanguage":"ro-RO","@id":"http:\/\/unceasinglypray.org\/ru\/day-6\/#primaryimage","url":"https:\/\/unceasinglypray.org\/wp-content\/uploads\/2020\/04\/social_share.gif","contentUrl":"https:\/\/unceasinglypray.org\/wp-content\/uploads\/2020\/04\/social_share.gif","width":1200,"height":630},{"@type":"BreadcrumbList","@id":"http:\/\/unceasinglypray.org\/ru\/day-6\/#breadcrumb","itemListElement":[{"@type":"ListItem","position":1,"name":"Home","item":"https:\/\/unceasinglypray.org\/pt\/"},{"@type":"ListItem","position":2,"name":"Day 6"}]},{"@type":"WebSite","@id":"https:\/\/unceasinglypray.org\/ar\/#website","url":"https:\/\/unceasinglypray.org\/ar\/","name":"Unceasingly Pray","description":"","potentialAction":[{"@type":"SearchAction","target":{"@type":"EntryPoint","urlTemplate":"https:\/\/unceasinglypray.org\/ar\/?s={search_term_string}"},"query-input":{"@type":"PropertyValueSpecification","valueRequired":true,"valueName":"search_term_string"}}],"inLanguage":"ro-RO"}]}},"_links":{"self":[{"href":"https:\/\/unceasinglypray.org\/ro\/wp-json\/wp\/v2\/pages\/519","targetHints":{"allow":["GET"]}}],"collection":[{"href":"https:\/\/unceasinglypray.org\/ro\/wp-json\/wp\/v2\/pages"}],"about":[{"href":"https:\/\/unceasinglypray.org\/ro\/wp-json\/wp\/v2\/types\/page"}],"author":[{"embeddable":true,"href":"https:\/\/unceasinglypray.org\/ro\/wp-json\/wp\/v2\/users\/1"}],"replies":[{"embeddable":true,"href":"https:\/\/unceasinglypray.org\/ro\/wp-json\/wp\/v2\/comments?post=519"}],"version-history":[{"count":0,"href":"https:\/\/unceasinglypray.org\/ro\/wp-json\/wp\/v2\/pages\/519\/revisions"}],"wp:featuredmedia":[{"embeddable":true,"href":"https:\/\/unceasinglypray.org\/ro\/wp-json\/wp\/v2\/media\/771"}],"wp:attachment":[{"href":"https:\/\/unceasinglypray.org\/ro\/wp-json\/wp\/v2\/media?parent=519"}],"curies":[{"name":"wp","href":"https:\/\/api.w.org\/{rel}","templated":true}]}}