{"id":518,"date":"2020-04-04T21:46:02","date_gmt":"2020-04-04T21:46:02","guid":{"rendered":"https:\/\/unceasinglypray.org\/?page_id=518"},"modified":"2020-06-11T13:43:31","modified_gmt":"2020-06-11T13:43:31","slug":"day-5","status":"publish","type":"page","link":"https:\/\/unceasinglypray.org\/ro\/day-5\/","title":{"rendered":"Day 5"},"content":{"rendered":"<p><a href=\"https:\/\/unceasinglypray.org\/ro\/day-5\/\">DAY 5: PRAYER FOR GOD&#8217;S ULTIMATE MOVE OVER THE WHOLE EARTH<\/a><\/p>\n\t<p><b>Fapte 17:26-27; Fil. 1:21a; Rom. 12:2; Efes. 4:16; Apoc. 19:7<\/b><\/p>\n\t<p>S\u0103 ne rug\u0103m pentru mi\u0219carea suprem\u0103 a lui Dumnezeu pe \u00eentreg p\u0103m\u00e2ntul s\u0103 c\u00e2\u0219tige un popor care s\u0103-L cunoasc\u0103 pe Cristosul atotinclusiv, care s\u0103-L experimenteze pe El ca via\u021b\u0103 a lor \u0219i s\u0103-L tr\u0103iasc\u0103, \u0219i care sunt transforma\u021bi \u0219i zidi\u021bi pentru a fi Trupul S\u0103u \u0219i \u00een cele din urm\u0103 mireasa preg\u0103tit\u0103 pentru \u00eentoarcerea Sa  (Fapte 17:26-27; Fil. 1:21a;\u00a0Rom. 12:2; Efes. 4:16; Apoc. 19:7).<\/p>\n\t<p><strong>Fapte 17:26-27<\/strong>\u2014 El a f\u0103cut ca to\u0163i oamenii, ie\u015fi\u0163i dintr-unul singur, s\u0103 locuiasc\u0103 pe toat\u0103 fa\u0163a p\u0103m\u00e2ntului; le-a a\u015fezat anumite vremuri \u015fi a pus anumite hotare locuin\u0163ei lor ca ei s\u0103 caute pe Dumnezeu \u015fi s\u0103 se sileasc\u0103 s\u0103-L g\u0103seasc\u0103 b\u00e2jb\u00e2ind, m\u0103car c\u0103 nu este departe de fiecare din noi.<\/p>\n<p><strong>Fil. 1:21a<\/strong>\u2014 C\u0103ci pentru mine a tr\u0103i este Cristos.<\/p>\n<p><strong>Romani 12:2<\/strong>\u2014 S\u0103 nu v\u0103 potrivi\u0163i chipului veacului acestuia, ci s\u0103 v\u0103 preface\u0163i prin \u00eennoirea min\u0163ii voastre, ca s\u0103 pute\u0163i deosebi bine voia lui Dumnezeu: cea bun\u0103, pl\u0103cut\u0103 \u015fi des\u0103v\u00e2r\u015fit\u0103.<\/p>\n<p><strong>Efes. 4:16<\/strong>\u2014 Din El, tot trupul, bine \u00eenchegat \u015fi str\u00e2ns legat prin ceea ce d\u0103 fiecare \u00eencheietur\u0103, \u00ee\u015fi prime\u015fte cre\u015fterea potrivit cu lucrarea fiec\u0103rei p\u0103r\u0163i \u00een m\u0103sura ei \u015fi se zide\u015fte \u00een dragoste.<\/p>\n<p><strong>Apoc. 19:7<\/strong>\u2014 S\u0103 ne bucur\u0103m, s\u0103 ne \u00eenveselim \u015fi s\u0103-I d\u0103m slav\u0103! C\u0103ci a venit nunta Mielului; so\u0163ia Lui s-a preg\u0103tit.<\/p>\n\t\t<h3><\/h3>\n\t\t<p>S\u0103 persever\u0103m \u00een rug\u0103ciune.<\/p>\n\t\t\t<a href=\"https:\/\/unceasinglypray.org\/ro\/sign-up\/\" target=\"_self\" role=\"button\" rel=\"noopener noreferrer\">\n\t\t\t\t\t\t\tALEGE\u021aI UN INTERVAL\n\t\t\t\t\t<\/a>","protected":false},"excerpt":{"rendered":"<p>DAY 5: PRAYER FOR GOD&#8217;S ULTIMATE MOVE OVER THE WHOLE EARTH Acts 17:26-27; Phil. 1:21a; Rom. 12:2; Eph. 4:16; Rev. 19:7 Pray for God\u2019s ultimate move over the whole earth to gain a people who know the wonderful, all-inclusive Christ, who experience Him as their life and live Him, and who are transformed and built&hellip;<\/p>","protected":false},"author":1,"featured_media":771,"parent":0,"menu_order":0,"comment_status":"closed","ping_status":"closed","template":"","meta":{"inline_featured_image":false,"footnotes":""},"class_list":["post-518","page","type-page","status-publish","has-post-thumbnail","hentry"],"yoast_head":"<!-- This site is optimized with the Yoast SEO plugin v27.4 - https:\/\/yoast.com\/product\/yoast-seo-wordpress\/ -->\n<title>Day 5 - Unceasingly Pray<\/title>\n<meta name=\"robots\" content=\"index, follow, max-snippet:-1, max-image-preview:large, max-video-preview:-1\" \/>\n<link rel=\"canonical\" href=\"http:\/\/unceasinglypray.org\/ro\/day-5\/\" \/>\n<meta property=\"og:locale\" content=\"ro_RO\" \/>\n<meta property=\"og:type\" content=\"article\" \/>\n<meta property=\"og:title\" content=\"Day 5 - Unceasingly Pray\" \/>\n<meta property=\"og:description\" content=\"DAY 5: PRAYER FOR GOD&#8217;S ULTIMATE MOVE OVER THE WHOLE EARTH Acts 17:26-27; Phil. 1:21a; Rom. 12:2; Eph. 4:16; Rev. 19:7 Pray for God\u2019s ultimate move over the whole earth to gain a people who know the wonderful, all-inclusive Christ, who experience Him as their life and live Him, and who are transformed and built&hellip;\" \/>\n<meta property=\"og:url\" content=\"http:\/\/unceasinglypray.org\/ro\/day-5\/\" \/>\n<meta property=\"og:site_name\" content=\"Unceasingly Pray\" \/>\n<meta property=\"article:modified_time\" content=\"2020-06-11T13:43:31+00:00\" \/>\n<meta property=\"og:image\" content=\"https:\/\/unceasinglypray.org\/wp-content\/uploads\/2020\/04\/social_share.gif\" \/>\n\t<meta property=\"og:image:width\" content=\"1200\" \/>\n\t<meta property=\"og:image:height\" content=\"630\" \/>\n\t<meta property=\"og:image:type\" content=\"image\/gif\" \/>\n<meta name=\"twitter:card\" content=\"summary_large_image\" \/>\n<meta name=\"twitter:label1\" content=\"Timp estimat pentru citire\" \/>\n\t<meta name=\"twitter:data1\" content=\"1 minut\" \/>\n<script type=\"application\/ld+json\" class=\"yoast-schema-graph\">{\"@context\":\"https:\\\/\\\/schema.org\",\"@graph\":[{\"@type\":\"WebPage\",\"@id\":\"http:\\\/\\\/unceasinglypray.org\\\/de\\\/day-5\\\/\",\"url\":\"http:\\\/\\\/unceasinglypray.org\\\/de\\\/day-5\\\/\",\"name\":\"Day 5 - Unceasingly Pray\",\"isPartOf\":{\"@id\":\"https:\\\/\\\/unceasinglypray.org\\\/ar\\\/#website\"},\"primaryImageOfPage\":{\"@id\":\"http:\\\/\\\/unceasinglypray.org\\\/de\\\/day-5\\\/#primaryimage\"},\"image\":{\"@id\":\"http:\\\/\\\/unceasinglypray.org\\\/de\\\/day-5\\\/#primaryimage\"},\"thumbnailUrl\":\"https:\\\/\\\/unceasinglypray.org\\\/wp-content\\\/uploads\\\/2020\\\/04\\\/social_share.gif\",\"datePublished\":\"2020-04-04T21:46:02+00:00\",\"dateModified\":\"2020-06-11T13:43:31+00:00\",\"breadcrumb\":{\"@id\":\"http:\\\/\\\/unceasinglypray.org\\\/de\\\/day-5\\\/#breadcrumb\"},\"inLanguage\":\"ro-RO\",\"potentialAction\":[{\"@type\":\"ReadAction\",\"target\":[\"http:\\\/\\\/unceasinglypray.org\\\/de\\\/day-5\\\/\"]}]},{\"@type\":\"ImageObject\",\"inLanguage\":\"ro-RO\",\"@id\":\"http:\\\/\\\/unceasinglypray.org\\\/de\\\/day-5\\\/#primaryimage\",\"url\":\"https:\\\/\\\/unceasinglypray.org\\\/wp-content\\\/uploads\\\/2020\\\/04\\\/social_share.gif\",\"contentUrl\":\"https:\\\/\\\/unceasinglypray.org\\\/wp-content\\\/uploads\\\/2020\\\/04\\\/social_share.gif\",\"width\":1200,\"height\":630},{\"@type\":\"BreadcrumbList\",\"@id\":\"http:\\\/\\\/unceasinglypray.org\\\/de\\\/day-5\\\/#breadcrumb\",\"itemListElement\":[{\"@type\":\"ListItem\",\"position\":1,\"name\":\"Home\",\"item\":\"https:\\\/\\\/unceasinglypray.org\\\/pt\\\/\"},{\"@type\":\"ListItem\",\"position\":2,\"name\":\"Day 5\"}]},{\"@type\":\"WebSite\",\"@id\":\"https:\\\/\\\/unceasinglypray.org\\\/ar\\\/#website\",\"url\":\"https:\\\/\\\/unceasinglypray.org\\\/ar\\\/\",\"name\":\"Unceasingly Pray\",\"description\":\"\",\"potentialAction\":[{\"@type\":\"SearchAction\",\"target\":{\"@type\":\"EntryPoint\",\"urlTemplate\":\"https:\\\/\\\/unceasinglypray.org\\\/ar\\\/?s={search_term_string}\"},\"query-input\":{\"@type\":\"PropertyValueSpecification\",\"valueRequired\":true,\"valueName\":\"search_term_string\"}}],\"inLanguage\":\"ro-RO\"}]}<\/script>\n<!-- \/ Yoast SEO plugin. -->","yoast_head_json":{"title":"Day 5 - Unceasingly Pray","robots":{"index":"index","follow":"follow","max-snippet":"max-snippet:-1","max-image-preview":"max-image-preview:large","max-video-preview":"max-video-preview:-1"},"canonical":"http:\/\/unceasinglypray.org\/ro\/day-5\/","og_locale":"ro_RO","og_type":"article","og_title":"Day 5 - Unceasingly Pray","og_description":"DAY 5: PRAYER FOR GOD&#8217;S ULTIMATE MOVE OVER THE WHOLE EARTH Acts 17:26-27; Phil. 1:21a; Rom. 12:2; Eph. 4:16; Rev. 19:7 Pray for God\u2019s ultimate move over the whole earth to gain a people who know the wonderful, all-inclusive Christ, who experience Him as their life and live Him, and who are transformed and built&hellip;","og_url":"http:\/\/unceasinglypray.org\/ro\/day-5\/","og_site_name":"Unceasingly Pray","article_modified_time":"2020-06-11T13:43:31+00:00","og_image":[{"width":1200,"height":630,"url":"https:\/\/unceasinglypray.org\/wp-content\/uploads\/2020\/04\/social_share.gif","type":"image\/gif"}],"twitter_card":"summary_large_image","twitter_misc":{"Timp estimat pentru citire":"1 minut"},"schema":{"@context":"https:\/\/schema.org","@graph":[{"@type":"WebPage","@id":"http:\/\/unceasinglypray.org\/de\/day-5\/","url":"http:\/\/unceasinglypray.org\/de\/day-5\/","name":"Day 5 - Unceasingly Pray","isPartOf":{"@id":"https:\/\/unceasinglypray.org\/ar\/#website"},"primaryImageOfPage":{"@id":"http:\/\/unceasinglypray.org\/de\/day-5\/#primaryimage"},"image":{"@id":"http:\/\/unceasinglypray.org\/de\/day-5\/#primaryimage"},"thumbnailUrl":"https:\/\/unceasinglypray.org\/wp-content\/uploads\/2020\/04\/social_share.gif","datePublished":"2020-04-04T21:46:02+00:00","dateModified":"2020-06-11T13:43:31+00:00","breadcrumb":{"@id":"http:\/\/unceasinglypray.org\/de\/day-5\/#breadcrumb"},"inLanguage":"ro-RO","potentialAction":[{"@type":"ReadAction","target":["http:\/\/unceasinglypray.org\/de\/day-5\/"]}]},{"@type":"ImageObject","inLanguage":"ro-RO","@id":"http:\/\/unceasinglypray.org\/de\/day-5\/#primaryimage","url":"https:\/\/unceasinglypray.org\/wp-content\/uploads\/2020\/04\/social_share.gif","contentUrl":"https:\/\/unceasinglypray.org\/wp-content\/uploads\/2020\/04\/social_share.gif","width":1200,"height":630},{"@type":"BreadcrumbList","@id":"http:\/\/unceasinglypray.org\/de\/day-5\/#breadcrumb","itemListElement":[{"@type":"ListItem","position":1,"name":"Home","item":"https:\/\/unceasinglypray.org\/pt\/"},{"@type":"ListItem","position":2,"name":"Day 5"}]},{"@type":"WebSite","@id":"https:\/\/unceasinglypray.org\/ar\/#website","url":"https:\/\/unceasinglypray.org\/ar\/","name":"Unceasingly Pray","description":"","potentialAction":[{"@type":"SearchAction","target":{"@type":"EntryPoint","urlTemplate":"https:\/\/unceasinglypray.org\/ar\/?s={search_term_string}"},"query-input":{"@type":"PropertyValueSpecification","valueRequired":true,"valueName":"search_term_string"}}],"inLanguage":"ro-RO"}]}},"_links":{"self":[{"href":"https:\/\/unceasinglypray.org\/ro\/wp-json\/wp\/v2\/pages\/518","targetHints":{"allow":["GET"]}}],"collection":[{"href":"https:\/\/unceasinglypray.org\/ro\/wp-json\/wp\/v2\/pages"}],"about":[{"href":"https:\/\/unceasinglypray.org\/ro\/wp-json\/wp\/v2\/types\/page"}],"author":[{"embeddable":true,"href":"https:\/\/unceasinglypray.org\/ro\/wp-json\/wp\/v2\/users\/1"}],"replies":[{"embeddable":true,"href":"https:\/\/unceasinglypray.org\/ro\/wp-json\/wp\/v2\/comments?post=518"}],"version-history":[{"count":0,"href":"https:\/\/unceasinglypray.org\/ro\/wp-json\/wp\/v2\/pages\/518\/revisions"}],"wp:featuredmedia":[{"embeddable":true,"href":"https:\/\/unceasinglypray.org\/ro\/wp-json\/wp\/v2\/media\/771"}],"wp:attachment":[{"href":"https:\/\/unceasinglypray.org\/ro\/wp-json\/wp\/v2\/media?parent=518"}],"curies":[{"name":"wp","href":"https:\/\/api.w.org\/{rel}","templated":true}]}}