{"id":515,"date":"2020-04-04T21:43:27","date_gmt":"2020-04-04T21:43:27","guid":{"rendered":"https:\/\/unceasinglypray.org\/?page_id=515"},"modified":"2020-06-11T13:42:29","modified_gmt":"2020-06-11T13:42:29","slug":"day-2","status":"publish","type":"page","link":"https:\/\/unceasinglypray.org\/ro\/day-2\/","title":{"rendered":"Day 2"},"content":{"rendered":"<p>DAY 2: PRAYER FOR THE NEW MAN &amp; THE BRIDE<\/p>\n\t<p>EFES. 1:9-10, 23; 4:13, 16; 5:27; APOC. 19:7<\/p>\n\t<p>Pentru ca buna pl\u0103cere a lui Dumnezeu s\u0103 fie \u00eemplinit\u0103, scopul Lui s\u0103 fie \u00eendeplinit \u0219i economia Sa s\u0103 fie dus\u0103 la \u00eendeplinire (Efes. 1:9-10) pentru ca El s\u0103 poat\u0103 avea biserica \u00een calitate de Trup zidit al lui Cristos, un om nou pe deplin crescut pentru a-L exprima pe El (v. 23; 4:13, 16) \u0219i ca mireasa preg\u0103tit\u0103 a lui Cristos pentru satisfac\u021bia Lui \u00een dragoste (5:27; Apoc. 19:7).<\/p>\n\n\t<p><strong>Efes. 1:9-10<\/strong>\u2014 C\u0103ci a binevoit s\u0103 ne descopere taina voii Sale dup\u0103 planul pe care-l alc\u0103tuise \u00een Sine \u00censu\u015fi, ca s\u0103-l aduc\u0103 la \u00eendeplinire la \u00eemplinirea vremurilor, spre a-\u015ei uni iar\u0103\u015fi \u00eentr-unul \u00een Hristos toate lucrurile: cele din ceruri \u015fi cele de pe p\u0103m\u00e2nt.<\/p>\n<p><strong>Efes. 1:23<\/strong>\u2014 Care este trupul Lui, plin\u0103tatea Celui ce \u00eempline\u0219te totul \u00een to\u021bi.<\/p>\n<p><strong>Efes. 4:13<\/strong>\u2014 P\u00e2n\u0103 vom ajunge to\u0163i la unirea credin\u0163ei \u015fi a cuno\u015ftin\u0163ei Fiului lui Dumnezeu, la starea de om mare, la \u00een\u0103l\u0163imea staturii plin\u0103t\u0103\u0163ii lui Hristos.<\/p>\n<p><strong>Efes. 4:16<\/strong>\u2014 Din El, tot trupul, bine \u00eenchegat \u015fi str\u00e2ns legat prin ceea ce d\u0103 fiecare \u00eencheietur\u0103, \u00ee\u015fi prime\u015fte cre\u015fterea potrivit cu lucrarea fiec\u0103rei p\u0103r\u0163i \u00een m\u0103sura ei \u015fi se zide\u015fte \u00een dragoste.<\/p>\n<p><strong>Efes. 5:27<\/strong>\u2014 Ca s\u0103 \u00eenf\u0103\u0163i\u015feze \u00eenaintea Lui aceast\u0103 Biseric\u0103, sl\u0103vit\u0103, f\u0103r\u0103 pat\u0103, f\u0103r\u0103 zb\u00e2rcitur\u0103 sau altceva de felul acesta, ci sf\u00e2nt\u0103 \u015fi f\u0103r\u0103 prihan\u0103.<\/p>\n<p><strong>Apoc. 19:7<\/strong>\u2014 S\u0103 ne bucur\u0103m, s\u0103 ne \u00eenveselim \u015fi s\u0103-I d\u0103m slav\u0103! C\u0103ci a venit nunta Mielului; so\u0163ia Lui s-a preg\u0103tit.<\/p>\n\t\t<h3><\/h3>\n\t\t<p>S\u0103 persever\u0103m \u00een rug\u0103ciune.<\/p>\n\t\t\t<a href=\"https:\/\/unceasinglypray.org\/ro\/sign-up\/\" target=\"_self\" role=\"button\" rel=\"noopener noreferrer\">\n\t\t\t\t\t\t\tALEGE\u021aI UN INTERVAL\n\t\t\t\t\t<\/a>","protected":false},"excerpt":{"rendered":"<p>DAY 2: PRAYER FOR THE NEW MAN &amp; THE BRIDE EPH. 1:9\u201310, 23; 4:13, 16; 5:27; REV 19:7 For God\u2019s good pleasure to be fulfilled, His purpose to be accomplished, and His economy to be carried out (Eph. 1:9-10) that He might have the church as Christ\u2019s built-up Body and a full-grown new man to&hellip;<\/p>","protected":false},"author":1,"featured_media":771,"parent":0,"menu_order":0,"comment_status":"closed","ping_status":"closed","template":"","meta":{"inline_featured_image":false,"footnotes":""},"class_list":["post-515","page","type-page","status-publish","has-post-thumbnail","hentry"],"yoast_head":"<!-- This site is optimized with the Yoast SEO plugin v27.3 - https:\/\/yoast.com\/product\/yoast-seo-wordpress\/ -->\n<title>Day 2 - Unceasingly Pray<\/title>\n<meta name=\"robots\" content=\"index, follow, max-snippet:-1, max-image-preview:large, max-video-preview:-1\" \/>\n<link rel=\"canonical\" href=\"http:\/\/unceasinglypray.org\/ro\/day-2\/\" \/>\n<meta property=\"og:locale\" content=\"ro_RO\" \/>\n<meta property=\"og:type\" content=\"article\" \/>\n<meta property=\"og:title\" content=\"Day 2 - Unceasingly Pray\" \/>\n<meta property=\"og:description\" content=\"DAY 2: PRAYER FOR THE NEW MAN &amp; THE BRIDE EPH. 1:9\u201310, 23; 4:13, 16; 5:27; REV 19:7 For God\u2019s good pleasure to be fulfilled, His purpose to be accomplished, and His economy to be carried out (Eph. 1:9-10) that He might have the church as Christ\u2019s built-up Body and a full-grown new man to&hellip;\" \/>\n<meta property=\"og:url\" content=\"http:\/\/unceasinglypray.org\/ro\/day-2\/\" \/>\n<meta property=\"og:site_name\" content=\"Unceasingly Pray\" \/>\n<meta property=\"article:modified_time\" content=\"2020-06-11T13:42:29+00:00\" \/>\n<meta property=\"og:image\" content=\"https:\/\/unceasinglypray.org\/wp-content\/uploads\/2020\/04\/social_share.gif\" \/>\n\t<meta property=\"og:image:width\" content=\"1200\" \/>\n\t<meta property=\"og:image:height\" content=\"630\" \/>\n\t<meta property=\"og:image:type\" content=\"image\/gif\" \/>\n<meta name=\"twitter:card\" content=\"summary_large_image\" \/>\n<meta name=\"twitter:label1\" content=\"Timp estimat pentru citire\" \/>\n\t<meta name=\"twitter:data1\" content=\"1 minut\" \/>\n<script type=\"application\/ld+json\" class=\"yoast-schema-graph\">{\"@context\":\"https:\\\/\\\/schema.org\",\"@graph\":[{\"@type\":\"WebPage\",\"@id\":\"http:\\\/\\\/unceasinglypray.org\\\/hr\\\/day-2\\\/\",\"url\":\"http:\\\/\\\/unceasinglypray.org\\\/hr\\\/day-2\\\/\",\"name\":\"Day 2 - Unceasingly Pray\",\"isPartOf\":{\"@id\":\"https:\\\/\\\/unceasinglypray.org\\\/ar\\\/#website\"},\"primaryImageOfPage\":{\"@id\":\"http:\\\/\\\/unceasinglypray.org\\\/hr\\\/day-2\\\/#primaryimage\"},\"image\":{\"@id\":\"http:\\\/\\\/unceasinglypray.org\\\/hr\\\/day-2\\\/#primaryimage\"},\"thumbnailUrl\":\"https:\\\/\\\/unceasinglypray.org\\\/wp-content\\\/uploads\\\/2020\\\/04\\\/social_share.gif\",\"datePublished\":\"2020-04-04T21:43:27+00:00\",\"dateModified\":\"2020-06-11T13:42:29+00:00\",\"breadcrumb\":{\"@id\":\"http:\\\/\\\/unceasinglypray.org\\\/hr\\\/day-2\\\/#breadcrumb\"},\"inLanguage\":\"ro-RO\",\"potentialAction\":[{\"@type\":\"ReadAction\",\"target\":[\"http:\\\/\\\/unceasinglypray.org\\\/hr\\\/day-2\\\/\"]}]},{\"@type\":\"ImageObject\",\"inLanguage\":\"ro-RO\",\"@id\":\"http:\\\/\\\/unceasinglypray.org\\\/hr\\\/day-2\\\/#primaryimage\",\"url\":\"https:\\\/\\\/unceasinglypray.org\\\/wp-content\\\/uploads\\\/2020\\\/04\\\/social_share.gif\",\"contentUrl\":\"https:\\\/\\\/unceasinglypray.org\\\/wp-content\\\/uploads\\\/2020\\\/04\\\/social_share.gif\",\"width\":1200,\"height\":630},{\"@type\":\"BreadcrumbList\",\"@id\":\"http:\\\/\\\/unceasinglypray.org\\\/hr\\\/day-2\\\/#breadcrumb\",\"itemListElement\":[{\"@type\":\"ListItem\",\"position\":1,\"name\":\"Home\",\"item\":\"https:\\\/\\\/unceasinglypray.org\\\/pt\\\/\"},{\"@type\":\"ListItem\",\"position\":2,\"name\":\"Day 2\"}]},{\"@type\":\"WebSite\",\"@id\":\"https:\\\/\\\/unceasinglypray.org\\\/ar\\\/#website\",\"url\":\"https:\\\/\\\/unceasinglypray.org\\\/ar\\\/\",\"name\":\"Unceasingly Pray\",\"description\":\"\",\"potentialAction\":[{\"@type\":\"SearchAction\",\"target\":{\"@type\":\"EntryPoint\",\"urlTemplate\":\"https:\\\/\\\/unceasinglypray.org\\\/ar\\\/?s={search_term_string}\"},\"query-input\":{\"@type\":\"PropertyValueSpecification\",\"valueRequired\":true,\"valueName\":\"search_term_string\"}}],\"inLanguage\":\"ro-RO\"}]}<\/script>\n<!-- \/ Yoast SEO plugin. -->","yoast_head_json":{"title":"Day 2 - Unceasingly Pray","robots":{"index":"index","follow":"follow","max-snippet":"max-snippet:-1","max-image-preview":"max-image-preview:large","max-video-preview":"max-video-preview:-1"},"canonical":"http:\/\/unceasinglypray.org\/ro\/day-2\/","og_locale":"ro_RO","og_type":"article","og_title":"Day 2 - Unceasingly Pray","og_description":"DAY 2: PRAYER FOR THE NEW MAN &amp; THE BRIDE EPH. 1:9\u201310, 23; 4:13, 16; 5:27; REV 19:7 For God\u2019s good pleasure to be fulfilled, His purpose to be accomplished, and His economy to be carried out (Eph. 1:9-10) that He might have the church as Christ\u2019s built-up Body and a full-grown new man to&hellip;","og_url":"http:\/\/unceasinglypray.org\/ro\/day-2\/","og_site_name":"Unceasingly Pray","article_modified_time":"2020-06-11T13:42:29+00:00","og_image":[{"width":1200,"height":630,"url":"https:\/\/unceasinglypray.org\/wp-content\/uploads\/2020\/04\/social_share.gif","type":"image\/gif"}],"twitter_card":"summary_large_image","twitter_misc":{"Timp estimat pentru citire":"1 minut"},"schema":{"@context":"https:\/\/schema.org","@graph":[{"@type":"WebPage","@id":"http:\/\/unceasinglypray.org\/hr\/day-2\/","url":"http:\/\/unceasinglypray.org\/hr\/day-2\/","name":"Day 2 - Unceasingly Pray","isPartOf":{"@id":"https:\/\/unceasinglypray.org\/ar\/#website"},"primaryImageOfPage":{"@id":"http:\/\/unceasinglypray.org\/hr\/day-2\/#primaryimage"},"image":{"@id":"http:\/\/unceasinglypray.org\/hr\/day-2\/#primaryimage"},"thumbnailUrl":"https:\/\/unceasinglypray.org\/wp-content\/uploads\/2020\/04\/social_share.gif","datePublished":"2020-04-04T21:43:27+00:00","dateModified":"2020-06-11T13:42:29+00:00","breadcrumb":{"@id":"http:\/\/unceasinglypray.org\/hr\/day-2\/#breadcrumb"},"inLanguage":"ro-RO","potentialAction":[{"@type":"ReadAction","target":["http:\/\/unceasinglypray.org\/hr\/day-2\/"]}]},{"@type":"ImageObject","inLanguage":"ro-RO","@id":"http:\/\/unceasinglypray.org\/hr\/day-2\/#primaryimage","url":"https:\/\/unceasinglypray.org\/wp-content\/uploads\/2020\/04\/social_share.gif","contentUrl":"https:\/\/unceasinglypray.org\/wp-content\/uploads\/2020\/04\/social_share.gif","width":1200,"height":630},{"@type":"BreadcrumbList","@id":"http:\/\/unceasinglypray.org\/hr\/day-2\/#breadcrumb","itemListElement":[{"@type":"ListItem","position":1,"name":"Home","item":"https:\/\/unceasinglypray.org\/pt\/"},{"@type":"ListItem","position":2,"name":"Day 2"}]},{"@type":"WebSite","@id":"https:\/\/unceasinglypray.org\/ar\/#website","url":"https:\/\/unceasinglypray.org\/ar\/","name":"Unceasingly Pray","description":"","potentialAction":[{"@type":"SearchAction","target":{"@type":"EntryPoint","urlTemplate":"https:\/\/unceasinglypray.org\/ar\/?s={search_term_string}"},"query-input":{"@type":"PropertyValueSpecification","valueRequired":true,"valueName":"search_term_string"}}],"inLanguage":"ro-RO"}]}},"_links":{"self":[{"href":"https:\/\/unceasinglypray.org\/ro\/wp-json\/wp\/v2\/pages\/515","targetHints":{"allow":["GET"]}}],"collection":[{"href":"https:\/\/unceasinglypray.org\/ro\/wp-json\/wp\/v2\/pages"}],"about":[{"href":"https:\/\/unceasinglypray.org\/ro\/wp-json\/wp\/v2\/types\/page"}],"author":[{"embeddable":true,"href":"https:\/\/unceasinglypray.org\/ro\/wp-json\/wp\/v2\/users\/1"}],"replies":[{"embeddable":true,"href":"https:\/\/unceasinglypray.org\/ro\/wp-json\/wp\/v2\/comments?post=515"}],"version-history":[{"count":0,"href":"https:\/\/unceasinglypray.org\/ro\/wp-json\/wp\/v2\/pages\/515\/revisions"}],"wp:featuredmedia":[{"embeddable":true,"href":"https:\/\/unceasinglypray.org\/ro\/wp-json\/wp\/v2\/media\/771"}],"wp:attachment":[{"href":"https:\/\/unceasinglypray.org\/ro\/wp-json\/wp\/v2\/media?parent=515"}],"curies":[{"name":"wp","href":"https:\/\/api.w.org\/{rel}","templated":true}]}}