{"id":313,"date":"2020-03-30T23:34:54","date_gmt":"2020-03-30T23:34:54","guid":{"rendered":"https:\/\/unceasepray.wpengine.com\/?page_id=313"},"modified":"2020-03-30T23:56:56","modified_gmt":"2020-03-30T23:56:56","slug":"privacy-policy-temp","status":"publish","type":"page","link":"https:\/\/unceasinglypray.org\/ro\/privacy-policy-temp\/","title":{"rendered":"Privacy Policy Temp"},"content":{"rendered":"<h1>\n\t\tPOLITICA DE CONFIDEN\u021aIALITATE\n\t<\/h1>\n\t<p>Ruga\u021bi-v\u0103 ne\u00eencetat (\u201eRUGA\u021aI-V\u0103 NE\u00ceNCETAT\u201d) dore\u0219te s\u0103 ofere informa\u021bii vizitatorilor site-ului nostru cu privire la politica noastr\u0103 de confiden\u021bialitate online. Confiden\u021bialitatea dvs. este important\u0103 pentru noi, iar politica noastr\u0103 de confiden\u021bialitate online este menit\u0103 s\u0103 protejeze \u0219i s\u0103 asigure orice informa\u021bii de identificare personal\u0103 (\u201eInforma\u021bii personale\u201d) pe care le oferi\u021bi site-ului \u201eRUGA\u021aI-V\u0102 NE\u00ceNCETAT\u201d atunci c\u00e2nd vizita\u021bi \u0219i utiliza\u021bi site-urile sau serviciile \u201eRUGA\u021aI-V\u0102 NE\u00ceNCETAT\u201d (colectiv \u201eSite-uri\u201d).<\/p>\n<p>Aceast\u0103 politic\u0103 de confiden\u021bialitate va r\u0103m\u00e2ne \u00een vigoare \u0219i \u00een efect at\u00e2t timp c\u00e2t sunte\u021bi utilizator al oric\u0103ror site-uri \u201eRUGA\u021aI-V\u0102 NE\u00ceNCETAT\u201d. Vizit\u00e2nd sau utiliz\u00e2nd oricare dintre site-urile \u201eRUGA\u021aI-V\u0102 NE\u00ceNCETAT\u201d, accepta\u021bi practicile descrise \u00een aceast\u0103 politic\u0103 de confiden\u021bialitate. Dac\u0103 nu sunte\u021bi de acord cu aceast\u0103 politic\u0103 de confiden\u021bialitate, nu ar trebui s\u0103 participa\u021bi la niciuna dintre activit\u0103\u021bile site-urilor care v\u0103 solicit\u0103 s\u0103 furniza\u021bi informa\u021biile dvs. personale.<\/p>\n<p>Analiz\u0103m \u00een mod regulat \u0219i, dup\u0103 caz, actualiz\u0103m politica noastr\u0103 de confiden\u021bialitate. Toate actualiz\u0103rile \u0219i modific\u0103rile sunt efective imediat \u0219i ve\u021bi fi \u00een\u0219tiin\u021bat cu privire la orice modificare aplicabil\u0103 la vizitarea site-urilor noastre.<\/p>\n<p>&nbsp;<\/p>\n<p><strong>Informa\u021bii pe care le colect\u0103m<\/strong><\/p>\n<p>Informa\u021biile personale pe care le colect\u0103m sunt furnizate voluntar de dvs. atunci c\u00e2nd:<\/p>\n<ul>\n<li>Solicita\u021bi informa\u021bii de la \u201eRUGA\u021aI-V\u0102 NE\u00ceNCETAT\u201d.<\/li>\n<li>Crea\u021bi un cont cu \u201eRUGA\u021aI-V\u0102 NE\u00ceNCETAT\u201d.<\/li>\n<li>V\u0103 \u00eenscrie\u021bi pentru a primi e-mailuri de la \u201eRUGA\u021aI-V\u0102 NE\u00ceNCETAT\u201d.<\/li>\n<\/ul>\n<p>Informa\u021biile personale pe care le colect\u0103m pot include numele \u0219i prenumele, adresa de e-mail \u0219i\/sau ora\u0219ul \u0219i \u021bara de re\u0219edin\u021b\u0103.<\/p>\n<p>\u00cen plus, colect\u0103m date neidentificabile de natur\u0103 demografic\u0103 \u0219i date de interes utiliz\u00e2nd serviciile Google Analytics. Vizitatorii pot renun\u021ba la Google Analytics pentru publicitate afi\u0219at\u0103 prin intermediul set\u0103rilor de anun\u021buri Google sau prin intermediul suplimentului de navigare cu op\u021biune de renun\u021bare  a Google Analytics, care poate fi g\u0103sit la\u00a0<a href=\"http:\/\/tools.google.com\/dlpage\/gaoptout\">http:\/\/tools.google.com\/dlpage\/gaoptout<\/a>.<\/p>\n<p>&nbsp;<\/p>\n<p><strong>Cum sunt utilizate informa\u021biile<\/strong><\/p>\n<p>Informa\u021biile dvs. personale vor fi utilizate pentru a v\u0103 trimite informa\u021biile pe care le-a\u021bi solicitat \u0219i orice literatur\u0103 suplimentar\u0103 referitoare la activit\u0103\u021bile \u201eRUGA\u021aI-V\u0102 NE\u00ceNCETAT\u201d.<\/p>\n<p>\u201eRUGA\u021aI-V\u0102 NE\u00ceNCETAT\u201d nu vinde, nu schimb\u0103, nu \u00eenchiriaz\u0103, nu sub\u00eenchiriaz\u0103, \u0219i nu dezv\u0103luie informa\u021biile dvs. personale c\u0103tre ter\u021b\u0103 parte pentru marketing, c\u0103tre persoane sau organiza\u021bii. Nu folosim informa\u021biile dvs. personale \u00een scopuri comerciale.<\/p>\n<p>\u201eRUGA\u021aI-V\u0102 NE\u00ceNCETAT\u201d  \u00ee\u0219i rezerv\u0103 dreptul de a utiliza sau de a dezv\u0103lui orice informa\u021bii necesare pentru a satisface orice lege, regulament sau cerere legal\u0103 pentru protejarea integrit\u0103\u021bii site-urilor; s\u0103 va \u00eendeplineasc\u0103 solicit\u0103rile; sau s\u0103 coopereze \u00een orice anchet\u0103 de aplicare a legii sau \u00een orice investiga\u021bie pe o problem\u0103 de siguran\u021b\u0103 public\u0103.<\/p>\n<p>Datele demografice \u0219i de interes colectate prin intermediul Google Analytics sunt pentru analizarea tendin\u021belor \u00een total \u0219i nu sunt combinate niciodat\u0103 cu informa\u021bii de identificare personal\u0103.<\/p>\n<p>De asemenea, v\u0103 oferim posibilitatea de a revizui, actualiza sau \u0219terge informa\u021biile dvs. personale colectate de site-uri. V\u0103 rug\u0103m s\u0103 consulta\u021bi sec\u021biunea \u201eSchimbarea informa\u021biilor personale\u201d din aceast\u0103 politic\u0103 de confiden\u021bialitate de mai jos.<\/p>\n<p>&nbsp;<\/p>\n<p><strong>Trimiterile utilizatorilor<\/strong><\/p>\n<p>\u00centreb\u0103rile, comentariile \u0219i observa\u021biile pe care le transmite\u021bi c\u0103tre \u201eRUGA\u021aI-V\u0102 NE\u00ceNCETAT\u201d prin oricare dintre site-urile sale sau prin orice alte mijloace, inclusiv, f\u0103r\u0103 a se limita la email va fi tratat ca neconfiden\u021bial \u0219i neproprietar.<\/p>\n<p>\u201eRUGA\u021aI-V\u0102 NE\u00ceNCETAT\u201d \u00ee\u0219i rezerv\u0103 dreptul la discre\u021bia sa de a edita, utiliza sau a nu folosi orice trimitere f\u0103cut\u0103 de utilizatori prin orice mijloace pe site-urile de \u201eRUGA\u021aI-V\u0102 NE\u00ceNCETAT\u201d sau \u00een alte materiale.<\/p>\n<p>&nbsp;<\/p>\n<p><strong>C\u00e2t timp v\u0103 p\u0103str\u0103m informa\u021biile personale<\/strong><\/p>\n<p>Deoarece informa\u021biile dvs. personale sunt utilizate cu acordul dvs. pentru serviciile \u201eRUGA\u021aI-V\u0102 NE\u00ceNCETAT\u201d v\u0103 pute\u021bi anula abonamentul \u00een orice moment.<\/p>\n<p>&nbsp;<\/p>\n<p><strong>Cum v\u0103 protej\u0103m informa\u021biile personale<\/strong><\/p>\n<p>Facem tot posibilul pentru a v\u0103 proteja confiden\u021bialitatea. Ca atare, am implementat sisteme \u0219i proceduri de securitate standard pentru industrie pentru a v\u0103 proteja informa\u021biile personale \u00eempotriva dezv\u0103luirii neautorizate, a utiliz\u0103rii gre\u0219ite sau a distrugerilor.<\/p>\n<p>&nbsp;<\/p>\n<p><strong>Schimbarea informa\u021biilor personale<\/strong><\/p>\n<p>Pute\u021bi revizui, actualiza sau solicita \u0219tergerea informa\u021biilor dvs. personale colectate de site-uri. Pentru a face acest lucru, v\u0103 rug\u0103m s\u0103 trimite\u021bi un e-mail la administratorul de informa\u021bii la\u00a0<a href=\"mailto:info@unceasinglypray.org\">info@unceasinglypray.org<\/a>\u00a0cu solicitarea dvs. \u00cenainte de efectuarea oric\u0103ror modific\u0103ri, vi se va cere s\u0103 v\u0103 verifica\u021bi identitatea. Ne rezerv\u0103m dreptul de a refuza accesul oric\u0103rui utilizator dac\u0103 consider\u0103m c\u0103 exist\u0103 un semn de  \u00eentrebare cu privire la identitatea dvs.<\/p>\n<p>&nbsp;<\/p>\n<p><strong>Politica de confiden\u021bialitate referitoare la minori<\/strong><\/p>\n<p>Utilizatorii site-urilor \u201eRUGA\u021aI-V\u0102 NE\u00ceNCETAT\u201d trebuie s\u0103 aib\u0103 v\u00e2rsta de cel pu\u021bin 14 ani pentru a participa la orice activitate care necesit\u0103 transmiterea de informa\u021bii personale. Prin trimiterea informa\u021biilor personale la \u201eRUGA\u021aI-V\u0102 NE\u00ceNCETAT\u201d sau participarea la site-urile noastre, certifica\u021bi c\u0103 ave\u021bi v\u00e2rsta de cel pu\u021bin 14 ani. To\u021bi utilizatorii site-urilor sunt obliga\u021bi s\u0103 furnizeze informa\u021bii personale adev\u0103rate, actuale, complete \u0219i exacte atunci c\u00e2nd vi se solicit\u0103 \u0219i vom respinge \u0219i \u0219terge orice intrare pe care credem pe bun\u0103 credin\u021b\u0103 c\u0103 este fie fals\u0103 sau frauduloas\u0103.<\/p>\n<p>Nu accept\u0103m \u00een cuno\u0219tin\u021b\u0103 de cauz\u0103 informa\u021biile personale de la nimeni sub 14 ani \u0219i vom respinge \u0219i \u0219terge automat informa\u021biile personale ale oric\u0103rei persoane pe care o credem pe bun\u0103 credin\u021b\u0103 c\u0103 sunt sub 14 ani.<\/p>\n<p>&nbsp;<\/p>\n<p><strong>Linkuri c\u0103tre alte site-uri web<\/strong><\/p>\n<p>Site-urile \u201eRUGA\u021aI-V\u0102 NE\u00ceNCETAT\u201d  ofer\u0103 link-uri c\u0103tre site-uri web ale unor ter\u021be p\u0103r\u021bi care ar putea fi de interes pentru utilizatorii no\u0219tri. \u201eRUGA\u021aI-V\u0102 NE\u00ceNCETAT\u201d  nu opereaz\u0103 aceste site-uri web \u0219i nu este responsabil pentru politicile \u0219i practicile altor companii \u0219i site-urile lor web.<\/p>\n<p>&nbsp;<\/p>\n<p><strong>Cookie-uri web<\/strong><\/p>\n<p>Un cookie este un fi\u0219ier text mic pe care site-urile web \u00eel creeaz\u0103 \u0219i \u00eel stocheaz\u0103 pe computerul dvs. care con\u021bine date precum informa\u021biile de identificare ale utilizatorului, preferin\u021bele personalizate sau opera\u021biile executate \u00een timpul vizitei unui site web. \u201eRUGA\u021aI-V\u0102 NE\u00ceNCETAT\u201d nu dezv\u0103luie ter\u021bilor nicio informa\u021bie cookie creat\u0103 de site-ul nostru web, cu excep\u021bia cazului \u00een care este necesar pentru a satisface orice lege, regulament sau solicitare legal\u0103. \u201eRUGA\u021aI-V\u0102 NE\u00ceNCETAT\u201d nu este responsabil pentru crearea sau stocarea oric\u0103ror cookie-uri pe computer de c\u0103tre alte companii sau site-uri web. Pute\u021bi alege s\u0103 refuza\u021bi sau s\u0103 dezactiva\u021bi cookie-urile prin ajustarea set\u0103rilor de securitate ale browser-ului dvs. de internet.<strong>\u00a0<\/strong><\/p>\n<p>&nbsp;<\/p>\n<p><strong>Contacta\u021bi-ne<\/strong><\/p>\n<p class=\"translation-block\">Dac\u0103 ave\u021bi \u00eentreb\u0103ri sau nel\u0103muriri, ne pute\u021bi contacta prin emailul <a href=\"mailto:info@unceasinglypray.org\" target=\"_self\">info@unceasinglypray.org<\/a>.<\/p>","protected":false},"excerpt":{"rendered":"<p>PRIVACY POLICY Unceasingly Pray (\u201cUnceasingly Pray\u201d) is pleased to provide information to our website visitors about our online Privacy Policy. Your privacy is important to us, and our online Privacy Policy is intended to protect and secure any personally identifiable information (\u201cPersonal Information\u201d) you provide to Unceasingly Pray online when you visit and use Unceasingly&hellip;<\/p>","protected":false},"author":3,"featured_media":0,"parent":0,"menu_order":0,"comment_status":"closed","ping_status":"closed","template":"","meta":{"inline_featured_image":false,"footnotes":""},"class_list":["post-313","page","type-page","status-publish","hentry"],"yoast_head":"<!-- This site is optimized with the Yoast SEO plugin v27.3 - https:\/\/yoast.com\/product\/yoast-seo-wordpress\/ -->\n<title>Privacy Policy Temp - Unceasingly Pray<\/title>\n<meta name=\"robots\" content=\"index, follow, max-snippet:-1, max-image-preview:large, max-video-preview:-1\" \/>\n<link rel=\"canonical\" href=\"https:\/\/unceasinglypray.org\/ro\/privacy-policy-temp\/\" \/>\n<meta property=\"og:locale\" content=\"ro_RO\" \/>\n<meta property=\"og:type\" content=\"article\" \/>\n<meta property=\"og:title\" content=\"Privacy Policy Temp - Unceasingly Pray\" \/>\n<meta property=\"og:description\" content=\"PRIVACY POLICY Unceasingly Pray (\u201cUnceasingly Pray\u201d) is pleased to provide information to our website visitors about our online Privacy Policy. Your privacy is important to us, and our online Privacy Policy is intended to protect and secure any personally identifiable information (\u201cPersonal Information\u201d) you provide to Unceasingly Pray online when you visit and use Unceasingly&hellip;\" \/>\n<meta property=\"og:url\" content=\"https:\/\/unceasinglypray.org\/ro\/privacy-policy-temp\/\" \/>\n<meta property=\"og:site_name\" content=\"Unceasingly Pray\" \/>\n<meta property=\"article:modified_time\" content=\"2020-03-30T23:56:56+00:00\" \/>\n<meta name=\"twitter:card\" content=\"summary_large_image\" \/>\n<meta name=\"twitter:label1\" content=\"Timp estimat pentru citire\" \/>\n\t<meta name=\"twitter:data1\" content=\"5 minute\" \/>\n<script type=\"application\/ld+json\" class=\"yoast-schema-graph\">{\"@context\":\"https:\\\/\\\/schema.org\",\"@graph\":[{\"@type\":\"WebPage\",\"@id\":\"https:\\\/\\\/unceasinglypray.org\\\/sk_sk\\\/privacy-policy-temp\\\/\",\"url\":\"https:\\\/\\\/unceasinglypray.org\\\/sk_sk\\\/privacy-policy-temp\\\/\",\"name\":\"Privacy Policy Temp - Unceasingly Pray\",\"isPartOf\":{\"@id\":\"https:\\\/\\\/unceasinglypray.org\\\/ar\\\/#website\"},\"datePublished\":\"2020-03-30T23:34:54+00:00\",\"dateModified\":\"2020-03-30T23:56:56+00:00\",\"breadcrumb\":{\"@id\":\"https:\\\/\\\/unceasinglypray.org\\\/sk_sk\\\/privacy-policy-temp\\\/#breadcrumb\"},\"inLanguage\":\"ro-RO\",\"potentialAction\":[{\"@type\":\"ReadAction\",\"target\":[\"https:\\\/\\\/unceasinglypray.org\\\/sk_sk\\\/privacy-policy-temp\\\/\"]}]},{\"@type\":\"BreadcrumbList\",\"@id\":\"https:\\\/\\\/unceasinglypray.org\\\/sk_sk\\\/privacy-policy-temp\\\/#breadcrumb\",\"itemListElement\":[{\"@type\":\"ListItem\",\"position\":1,\"name\":\"Home\",\"item\":\"https:\\\/\\\/unceasinglypray.org\\\/pt\\\/\"},{\"@type\":\"ListItem\",\"position\":2,\"name\":\"Privacy Policy Temp\"}]},{\"@type\":\"WebSite\",\"@id\":\"https:\\\/\\\/unceasinglypray.org\\\/ar\\\/#website\",\"url\":\"https:\\\/\\\/unceasinglypray.org\\\/ar\\\/\",\"name\":\"Unceasingly Pray\",\"description\":\"\",\"potentialAction\":[{\"@type\":\"SearchAction\",\"target\":{\"@type\":\"EntryPoint\",\"urlTemplate\":\"https:\\\/\\\/unceasinglypray.org\\\/ar\\\/?s={search_term_string}\"},\"query-input\":{\"@type\":\"PropertyValueSpecification\",\"valueRequired\":true,\"valueName\":\"search_term_string\"}}],\"inLanguage\":\"ro-RO\"}]}<\/script>\n<!-- \/ Yoast SEO plugin. -->","yoast_head_json":{"title":"Privacy Policy Temp - Unceasingly Pray","robots":{"index":"index","follow":"follow","max-snippet":"max-snippet:-1","max-image-preview":"max-image-preview:large","max-video-preview":"max-video-preview:-1"},"canonical":"https:\/\/unceasinglypray.org\/ro\/privacy-policy-temp\/","og_locale":"ro_RO","og_type":"article","og_title":"Privacy Policy Temp - Unceasingly Pray","og_description":"PRIVACY POLICY Unceasingly Pray (\u201cUnceasingly Pray\u201d) is pleased to provide information to our website visitors about our online Privacy Policy. Your privacy is important to us, and our online Privacy Policy is intended to protect and secure any personally identifiable information (\u201cPersonal Information\u201d) you provide to Unceasingly Pray online when you visit and use Unceasingly&hellip;","og_url":"https:\/\/unceasinglypray.org\/ro\/privacy-policy-temp\/","og_site_name":"Unceasingly Pray","article_modified_time":"2020-03-30T23:56:56+00:00","twitter_card":"summary_large_image","twitter_misc":{"Timp estimat pentru citire":"5 minute"},"schema":{"@context":"https:\/\/schema.org","@graph":[{"@type":"WebPage","@id":"https:\/\/unceasinglypray.org\/sk_sk\/privacy-policy-temp\/","url":"https:\/\/unceasinglypray.org\/sk_sk\/privacy-policy-temp\/","name":"Privacy Policy Temp - Unceasingly Pray","isPartOf":{"@id":"https:\/\/unceasinglypray.org\/ar\/#website"},"datePublished":"2020-03-30T23:34:54+00:00","dateModified":"2020-03-30T23:56:56+00:00","breadcrumb":{"@id":"https:\/\/unceasinglypray.org\/sk_sk\/privacy-policy-temp\/#breadcrumb"},"inLanguage":"ro-RO","potentialAction":[{"@type":"ReadAction","target":["https:\/\/unceasinglypray.org\/sk_sk\/privacy-policy-temp\/"]}]},{"@type":"BreadcrumbList","@id":"https:\/\/unceasinglypray.org\/sk_sk\/privacy-policy-temp\/#breadcrumb","itemListElement":[{"@type":"ListItem","position":1,"name":"Home","item":"https:\/\/unceasinglypray.org\/pt\/"},{"@type":"ListItem","position":2,"name":"Privacy Policy Temp"}]},{"@type":"WebSite","@id":"https:\/\/unceasinglypray.org\/ar\/#website","url":"https:\/\/unceasinglypray.org\/ar\/","name":"Unceasingly Pray","description":"","potentialAction":[{"@type":"SearchAction","target":{"@type":"EntryPoint","urlTemplate":"https:\/\/unceasinglypray.org\/ar\/?s={search_term_string}"},"query-input":{"@type":"PropertyValueSpecification","valueRequired":true,"valueName":"search_term_string"}}],"inLanguage":"ro-RO"}]}},"_links":{"self":[{"href":"https:\/\/unceasinglypray.org\/ro\/wp-json\/wp\/v2\/pages\/313","targetHints":{"allow":["GET"]}}],"collection":[{"href":"https:\/\/unceasinglypray.org\/ro\/wp-json\/wp\/v2\/pages"}],"about":[{"href":"https:\/\/unceasinglypray.org\/ro\/wp-json\/wp\/v2\/types\/page"}],"author":[{"embeddable":true,"href":"https:\/\/unceasinglypray.org\/ro\/wp-json\/wp\/v2\/users\/3"}],"replies":[{"embeddable":true,"href":"https:\/\/unceasinglypray.org\/ro\/wp-json\/wp\/v2\/comments?post=313"}],"version-history":[{"count":0,"href":"https:\/\/unceasinglypray.org\/ro\/wp-json\/wp\/v2\/pages\/313\/revisions"}],"wp:attachment":[{"href":"https:\/\/unceasinglypray.org\/ro\/wp-json\/wp\/v2\/media?parent=313"}],"curies":[{"name":"wp","href":"https:\/\/api.w.org\/{rel}","templated":true}]}}