{"id":170,"date":"2020-03-28T22:23:04","date_gmt":"2020-03-28T22:23:04","guid":{"rendered":"https:\/\/unceasepray.wpengine.com\/?page_id=170"},"modified":"2020-06-11T20:14:31","modified_gmt":"2020-06-11T20:14:31","slug":"letter","status":"publish","type":"page","link":"https:\/\/unceasinglypray.org\/ro\/letter\/","title":{"rendered":"Letter"},"content":{"rendered":"<h2>\n\t\tUN ANUN\u021a FINAL\n\t<\/h2>\n\t<p>31 mai 2020<\/p>\n\t<p>\u00cen momentul de fa\u021b\u0103, bisericile locale din rec\u00e2\u0219tigarea Domnului au \u00eencheiat perioada f\u0103r\u0103 precedent de rug\u0103ciune global\u0103 24\/7, \u00eencep\u00e2nd cu 1 aprilie \u0219i sf\u00e2r\u0219indu-se cu 30 mai, 2020. \u00cen total, peste 13.700 de sfin\u021bi s-au \u00eenscris pe site-ul<a href=\"https:\/\/unceasinglypray.org\/ro\/\"> unceasinglypray.org<\/a> pentru a se ruga \u00een intervale de c\u00e2te 15 minute, acoperind fiecare minut al zilei \u0219i reprezent\u00e2nd fiecare zon\u0103 locuit\u0103 din lume. De asemenea am primit rapoarte de la mul\u021bi, mul\u021bi al\u021bii care s-au rugat pe \u00eentreg p\u0103m\u00e2ntul f\u0103r\u0103 a se \u00eenscrie; de fapt, credem c\u0103 num\u0103rul total al sfin\u021bilor participan\u021bi a dep\u0103\u0219it cu mult 50.000.&nbsp;<\/p>\n<p>\u00cel l\u0103ud\u0103m pe Domnul c\u0103 i-a p\u0103truns pe sfin\u021bi cu un duh de cerere \u00een acest timp. Avem siguran\u021ba c\u0103 avansul mi\u0219c\u0103rii lui Dumnezeu pe p\u0103m\u00e2nt \u00een zilele care urmeaz\u0103 ca rezultat al unit\u0103\u021bii noastre cu El pentru a mijloci \u00eenaintea tronului S\u0103u. Fie ca toate rug\u0103ciunile noastre s\u0103-I fie acceptabile Lui cu Cristos ca t\u0103m\u00e2ie, \u0219i fie ca El s\u0103-\u0218i toarne r\u0103spunsul credincios la timpul S\u0103u suveran. Fie ca to\u021bi sfin\u021bii s\u0103 continue s\u0103 persevereze \u00een rug\u0103ciune zilnic pentru ca atmosfera de rug\u0103ciune s\u0103 fie predominant\u0103 \u00een toate bisericile locale.<\/p>\n<p>Site-ul web<a href=\"https:\/\/unceasinglypray.org\/ro\/\"> unceasinglypray.org<\/a> va r\u0103m\u00e2ne activ, de\u0219i e-mail-urile de aducere aminte zilnice nu vor mai fi trimise. Sper\u0103m c\u0103 sfin\u021bii s\u0103 continue s\u0103 viziteze site-ul \u0219i s\u0103 foloseasc\u0103 diferitele sec\u021biuni, inclusiv cele<a href=\"https:\/\/unceasinglypray.org\/ro\/prayer-burdens\/\"> 30 de poveri de rug\u0103ciune<\/a>pentru a-\u0219i \u00eembog\u0103\u021bi vie\u021bile de rug\u0103ciune. \u00cenc\u0103 mai avem multe pentru care s\u0103 ne rug\u0103m \u0219i credem c\u0103 mul\u021bi sfin\u021bi care au atins acum aceast\u0103 povar\u0103 de mijlocire vor fi \u00eencuraja\u021bi s\u0103 persiste \u00een aceast\u0103 slujb\u0103 strategic\u0103 a rug\u0103ciunii.<\/p>\n<p>Ne \u00eencredem c\u0103 fra\u021bii lucr\u0103tori \u0219i conduc\u0103tori din toate bisericile locale vor continua ei \u00een\u0219i\u0219i s\u0103 fie un exemplu \u00een care \u201cb\u0103rba\u021bii s\u0103 se roage \u00een orice loc \u0219i s\u0103 ridice spre cer m\u00e2ini curate\u201d, ca modele pentru a fi urmate de ceilal\u021bi sfin\u021bi. De asemenea, sper\u0103m c\u0103 va fi o cre\u0219tere \u00een prezen\u021ba \u0219i participarea la \u00eent\u00e2lnirile s\u0103pt\u0103m\u00e2nale de rug\u0103ciune ale bisericilor. Mai presus de toate, privim la Domnul pentru ca rug\u0103ciunea, mijlocirea, cererile \u0219i aducerile de mul\u021bumiri s\u0103 devin\u0103 cu adev\u0103rat tr\u0103s\u0103tura deosebit\u0103 a rec\u00e2\u0219tig\u0103rii Domnului. Fie ca numele Tat\u0103lui nostru s\u0103 fie sfin\u021bit, \u00eemp\u0103r\u0103\u021bia Sa s\u0103 vin\u0103 \u0219i voia Sa s\u0103 fie f\u0103cut\u0103 pe p\u0103m\u00e2nt a\u0219a cum este \u00een cer.<\/p>\n\n<h2>\n\t\tSCRISORI ANTERIOARE\n\t<\/h2>\n\t<p><a href=\"https:\/\/unceasinglypray.org\/ro\/letter-3\/\">29 aprilie 2020: S\u0103 continu\u0103m cu statornicie \u00een mijlocire<\/a><\/p>\n<p><a href=\"https:\/\/unceasinglypray.org\/ro\/letter-2\/\">16 aprilie 2020: S\u0103 persever\u0103m \u00een rug\u0103ciune<\/a><\/p>\n<p><a href=\"https:\/\/unceasinglypray.org\/ro\/letter-1\/\">30 martie 2020: Chemare la rug\u0103ciune global\u0103<\/a><\/p>","protected":false},"excerpt":{"rendered":"<p>A FINAL ANNOUNCEMENT MAY 31, 2020 As you read this, the local churches in the Lord\u2019s recovery have concluded an unprecedented period of 24\/7 global prayer, beginning April 1 and ending May 30, 2020. In all, over 13,700 saints signed up on unceasinglypray.org to pray in 15-minute time slots, covering every minute of the day&hellip;<\/p>","protected":false},"author":3,"featured_media":0,"parent":0,"menu_order":0,"comment_status":"closed","ping_status":"closed","template":"","meta":{"inline_featured_image":false,"footnotes":""},"class_list":["post-170","page","type-page","status-publish","hentry"],"yoast_head":"<!-- This site is optimized with the Yoast SEO plugin v27.4 - https:\/\/yoast.com\/product\/yoast-seo-wordpress\/ -->\n<title>Letter - Unceasingly Pray<\/title>\n<meta name=\"robots\" content=\"index, follow, max-snippet:-1, max-image-preview:large, max-video-preview:-1\" \/>\n<link rel=\"canonical\" href=\"https:\/\/unceasinglypray.org\/ro\/letter\/\" \/>\n<meta property=\"og:locale\" content=\"ro_RO\" \/>\n<meta property=\"og:type\" content=\"article\" \/>\n<meta property=\"og:title\" content=\"Letter - Unceasingly Pray\" \/>\n<meta property=\"og:description\" content=\"A FINAL ANNOUNCEMENT MAY 31, 2020 As you read this, the local churches in the Lord\u2019s recovery have concluded an unprecedented period of 24\/7 global prayer, beginning April 1 and ending May 30, 2020. In all, over 13,700 saints signed up on unceasinglypray.org to pray in 15-minute time slots, covering every minute of the day&hellip;\" \/>\n<meta property=\"og:url\" content=\"https:\/\/unceasinglypray.org\/ro\/letter\/\" \/>\n<meta property=\"og:site_name\" content=\"Unceasingly Pray\" \/>\n<meta property=\"article:modified_time\" content=\"2020-06-11T20:14:31+00:00\" \/>\n<meta name=\"twitter:card\" content=\"summary_large_image\" \/>\n<meta name=\"twitter:label1\" content=\"Timp estimat pentru citire\" \/>\n\t<meta name=\"twitter:data1\" content=\"2 minute\" \/>\n<script type=\"application\/ld+json\" class=\"yoast-schema-graph\">{\"@context\":\"https:\\\/\\\/schema.org\",\"@graph\":[{\"@type\":\"WebPage\",\"@id\":\"https:\\\/\\\/unceasinglypray.org\\\/hr\\\/letter\\\/\",\"url\":\"https:\\\/\\\/unceasinglypray.org\\\/hr\\\/letter\\\/\",\"name\":\"Letter - Unceasingly Pray\",\"isPartOf\":{\"@id\":\"https:\\\/\\\/unceasinglypray.org\\\/ar\\\/#website\"},\"datePublished\":\"2020-03-28T22:23:04+00:00\",\"dateModified\":\"2020-06-11T20:14:31+00:00\",\"breadcrumb\":{\"@id\":\"https:\\\/\\\/unceasinglypray.org\\\/hr\\\/letter\\\/#breadcrumb\"},\"inLanguage\":\"ro-RO\",\"potentialAction\":[{\"@type\":\"ReadAction\",\"target\":[\"https:\\\/\\\/unceasinglypray.org\\\/hr\\\/letter\\\/\"]}]},{\"@type\":\"BreadcrumbList\",\"@id\":\"https:\\\/\\\/unceasinglypray.org\\\/hr\\\/letter\\\/#breadcrumb\",\"itemListElement\":[{\"@type\":\"ListItem\",\"position\":1,\"name\":\"Home\",\"item\":\"https:\\\/\\\/unceasinglypray.org\\\/pt\\\/\"},{\"@type\":\"ListItem\",\"position\":2,\"name\":\"Letter\"}]},{\"@type\":\"WebSite\",\"@id\":\"https:\\\/\\\/unceasinglypray.org\\\/ar\\\/#website\",\"url\":\"https:\\\/\\\/unceasinglypray.org\\\/ar\\\/\",\"name\":\"Unceasingly Pray\",\"description\":\"\",\"potentialAction\":[{\"@type\":\"SearchAction\",\"target\":{\"@type\":\"EntryPoint\",\"urlTemplate\":\"https:\\\/\\\/unceasinglypray.org\\\/ar\\\/?s={search_term_string}\"},\"query-input\":{\"@type\":\"PropertyValueSpecification\",\"valueRequired\":true,\"valueName\":\"search_term_string\"}}],\"inLanguage\":\"ro-RO\"}]}<\/script>\n<!-- \/ Yoast SEO plugin. -->","yoast_head_json":{"title":"Letter - Unceasingly Pray","robots":{"index":"index","follow":"follow","max-snippet":"max-snippet:-1","max-image-preview":"max-image-preview:large","max-video-preview":"max-video-preview:-1"},"canonical":"https:\/\/unceasinglypray.org\/ro\/letter\/","og_locale":"ro_RO","og_type":"article","og_title":"Letter - Unceasingly Pray","og_description":"A FINAL ANNOUNCEMENT MAY 31, 2020 As you read this, the local churches in the Lord\u2019s recovery have concluded an unprecedented period of 24\/7 global prayer, beginning April 1 and ending May 30, 2020. In all, over 13,700 saints signed up on unceasinglypray.org to pray in 15-minute time slots, covering every minute of the day&hellip;","og_url":"https:\/\/unceasinglypray.org\/ro\/letter\/","og_site_name":"Unceasingly Pray","article_modified_time":"2020-06-11T20:14:31+00:00","twitter_card":"summary_large_image","twitter_misc":{"Timp estimat pentru citire":"2 minute"},"schema":{"@context":"https:\/\/schema.org","@graph":[{"@type":"WebPage","@id":"https:\/\/unceasinglypray.org\/hr\/letter\/","url":"https:\/\/unceasinglypray.org\/hr\/letter\/","name":"Letter - Unceasingly Pray","isPartOf":{"@id":"https:\/\/unceasinglypray.org\/ar\/#website"},"datePublished":"2020-03-28T22:23:04+00:00","dateModified":"2020-06-11T20:14:31+00:00","breadcrumb":{"@id":"https:\/\/unceasinglypray.org\/hr\/letter\/#breadcrumb"},"inLanguage":"ro-RO","potentialAction":[{"@type":"ReadAction","target":["https:\/\/unceasinglypray.org\/hr\/letter\/"]}]},{"@type":"BreadcrumbList","@id":"https:\/\/unceasinglypray.org\/hr\/letter\/#breadcrumb","itemListElement":[{"@type":"ListItem","position":1,"name":"Home","item":"https:\/\/unceasinglypray.org\/pt\/"},{"@type":"ListItem","position":2,"name":"Letter"}]},{"@type":"WebSite","@id":"https:\/\/unceasinglypray.org\/ar\/#website","url":"https:\/\/unceasinglypray.org\/ar\/","name":"Unceasingly Pray","description":"","potentialAction":[{"@type":"SearchAction","target":{"@type":"EntryPoint","urlTemplate":"https:\/\/unceasinglypray.org\/ar\/?s={search_term_string}"},"query-input":{"@type":"PropertyValueSpecification","valueRequired":true,"valueName":"search_term_string"}}],"inLanguage":"ro-RO"}]}},"_links":{"self":[{"href":"https:\/\/unceasinglypray.org\/ro\/wp-json\/wp\/v2\/pages\/170","targetHints":{"allow":["GET"]}}],"collection":[{"href":"https:\/\/unceasinglypray.org\/ro\/wp-json\/wp\/v2\/pages"}],"about":[{"href":"https:\/\/unceasinglypray.org\/ro\/wp-json\/wp\/v2\/types\/page"}],"author":[{"embeddable":true,"href":"https:\/\/unceasinglypray.org\/ro\/wp-json\/wp\/v2\/users\/3"}],"replies":[{"embeddable":true,"href":"https:\/\/unceasinglypray.org\/ro\/wp-json\/wp\/v2\/comments?post=170"}],"version-history":[{"count":0,"href":"https:\/\/unceasinglypray.org\/ro\/wp-json\/wp\/v2\/pages\/170\/revisions"}],"wp:attachment":[{"href":"https:\/\/unceasinglypray.org\/ro\/wp-json\/wp\/v2\/media?parent=170"}],"curies":[{"name":"wp","href":"https:\/\/api.w.org\/{rel}","templated":true}]}}