{"id":993,"date":"2020-05-31T19:34:28","date_gmt":"2020-05-31T19:34:28","guid":{"rendered":"https:\/\/unceasinglypray.org\/?page_id=993"},"modified":"2020-05-31T19:34:28","modified_gmt":"2020-05-31T19:34:28","slug":"letter-3","status":"publish","type":"page","link":"https:\/\/unceasinglypray.org\/pt\/letter-3\/","title":{"rendered":"Letter 3"},"content":{"rendered":"<h2>\n\t\tPERSEVERAR NA INTERCESS\u00c3O\n\t<\/h2>\n\t<p>29 DE ABRIL, 2020<\/p>\n\t<p>Queridos santos,<\/p>\n<p>Agradecemos ao Senhor por Seu suprimento abundante \u00e0s igrejas e aos santos em Sua restaura\u00e7\u00e3o que capacitou tantos a interceder como um s\u00f3 novo homem nesse \u00faltimo m\u00eas. Nunca houve tal ora\u00e7\u00e3o de vinte e quatro horas por dia com amplitude global na hist\u00f3ria da Sua restaura\u00e7\u00e3o. Embora tenhamos o sentimento de encerrar labor coordenado no dia 30 de abril, esperamos no Senhor que isso n\u00e3o ser\u00e1 somente um per\u00edodo de ora\u00e7\u00e3o, mas que Ele sustentar\u00e1 todos n\u00f3s para continuarmos a avan\u00e7ar em nossa vida de ora\u00e7\u00e3o pessoal e no minist\u00e9rio coletivo de ora\u00e7\u00e3o da igreja.<\/p>\n<p>\u00a0Cremos que todo santo que tomou este encargo ganhou mais percep\u00e7\u00e3o da perseveran\u00e7a exigida pela ora\u00e7\u00e3o de intercess\u00e3o (Cl 4:2). Isso ocorre porque na esfera invis\u00edvel h\u00e1 uma guerra feroz entre Deus e Seu inimigo, Satan\u00e1s. Certamente o prop\u00f3sito de Deus ser\u00e1, por fim, cumprido, mas a velocidade que isso ocorre e quem aparenta estar ganhando a luta em um tempo espec\u00edfico depende do quanto o povo de Deus coopera com Ele em ora\u00e7\u00e3o. Satan\u00e1s sabe disso, ent\u00e3o ele busca de todas as maneiras frustrar nossa ora\u00e7\u00e3o. Na verdade, porque toda a tend\u00eancia dessa era \u00e9 contra a nossa ora\u00e7\u00e3o, o irm\u00e3o Lee nos disse: \u201cPerseverar em ora\u00e7\u00e3o \u00e9 como remar um barco rio acima. Se voc\u00ea n\u00e3o perseverar, ser\u00e1 levado rio abaixo pela correnteza. Sem d\u00favida, perseverar dessa maneira, remando ou orando, exige uma grande quantidade de energia\u201d (<i>Estudo-vida de Colossenses<\/i>, mens. 65). Por isso, precisamos do fortalecimento do Senhor (Ef 6:10).<\/p>\n<p>\u00a0O irm\u00e3o Lee deu algumas dicas pr\u00e1ticas para nos ajudar a perseverar em ora\u00e7\u00e3o. Primeiro, nos incumbiu de lidar cabalmente com o Senhor e at\u00e9 mesmo de fazer um voto a Ele com respeito a nossa vida de ora\u00e7\u00e3o. Esse voto expressa nossa aspira\u00e7\u00e3o de sermos uma pessoa de ora\u00e7\u00e3o, reconhecendo que precisamos do Senhor nos permitir ser fi\u00e9is para cumprir nosso voto. Segundo, precisamos separar um ou mais tempos definidos cada dia para orar (Dn 6:10). Devemos considerar a ora\u00e7\u00e3o a coisa mais importante e n\u00e3o permitir que nada usurpe esses tempos ou interrompa nossa ora\u00e7\u00e3o. Terceiro, precisamos ser cuidadosos com nosso falar durante nossa vida di\u00e1ria, pois conversa torpe amortece nosso esp\u00edrito de ora\u00e7\u00e3o (Ef 4:29-30; cf. 1Ts 5:19 e nota de rodap\u00e9). Quarto, precisamos usar nosso esp\u00edrito, exercitar nossa vontade, acalmar nossa mente e regular nossas emo\u00e7\u00f5es para orar adequadamente (Ef 6:18; 2Tm 1:7; 1Pe 4:7). Quinto, a experi\u00eancia nos ensina que orar com um companheiro nos ajuda a desenvolver mais consist\u00eancia em nossa ora\u00e7\u00e3o (ver <i>Estudo-vida de Colossenses<\/i>, mens. 65 e <i>Estudo-vida de Ef\u00e9sios<\/i>, mens. 66 para mais detalhes destas pr\u00e1ticas \u00fateis).<\/p>\n<p>\u00a0Exercitar-se para orar dessa maneira tem benef\u00edcios tremendos. Faz-nos sermos mesclados com o Senhor para que nos tornemos uma reprodu\u00e7\u00e3o Dele como um homem de ora\u00e7\u00e3o (Mt 14:23; Mc 1:35; Lc 5:16). Faz-nos colocar nossa mente nas coisas do alto em vez de assuntos terrenos relacionados aos nossos pr\u00f3prios interesses (Cl 3:2). Permite nos unirmos ao minist\u00e9rio intercessor do Cristo ascendido para os interesses de Deus na terra (Rm 8:34; Hb 7:25). Essa ora\u00e7\u00e3o de intercess\u00e3o, que \u00e9 em Cristo e com Cristo como o incenso \u201cn\u00e3o \u00e9 orar por n\u00f3s mesmos, mas orar pelo cumprimento da administra\u00e7\u00e3o divina, pelo dispensar do suprimento da gra\u00e7a de Deus e pelas igrejas e santos. Essa ora\u00e7\u00e3o \u00e9 um incenso arom\u00e1tico para Deus \u2013 cumpre Seu prop\u00f3sito, satisfaz Seu desejo e apraz Seu cora\u00e7\u00e3o\u201d (\u00cax 30:7, nota de rodap\u00e9 1). Al\u00e9m disso, conforme nos aproximamos junto ao trono da gra\u00e7a em ora\u00e7\u00e3o, recebemos miseric\u00f3rdia e achamos gra\u00e7a para socorro em ocasi\u00e3o oportuna (Hb 4:16). Nossa ora\u00e7\u00e3o trar\u00e1 ben\u00e7\u00e3o para n\u00f3s, para nossas igrejas e para nossas na\u00e7\u00f5es.<\/p>\n<p>\u00a0Independente de, segundo nossa avali\u00e7\u00e3o, termos tido sucesso ou fracasso em nossa ora\u00e7\u00e3o nos \u00faltimos trinta dias, precisamos prosseguir e avan\u00e7ar a partir de agora. Encorajamos fortemente todos os santos a tomarem os trinta encargos de ora\u00e7\u00e3o sugeridos no site <a href=\"https:\/\/unceasinglypray.org\/pt\/prayer-burdens\/\">unceasinglypray.org\/pt<\/a> e orar sobre eles novamente durante o m\u00eas de maio. Cremos que se orar sobre estes trinta itens e vers\u00edculos que os acompanham novamente, perceber\u00e1 que ainda h\u00e1 muito que requer nossa intercess\u00e3o cont\u00ednua. Que o Senhor fortale\u00e7a Sua restaura\u00e7\u00e3o e fa\u00e7a-nos Sua casa de ora\u00e7\u00e3o (Mc 11:17). Louvemos nosso Sumo Sacerdote misericordioso e fiel que \u00e9 mais alto que os c\u00e9us (Hb 2:17; 7:26) e que nos introduz na unidade com Ele em Seu minist\u00e9rio celestial de intercess\u00e3o (Tg 5:17 e nota de rodap\u00e9).<\/p>\n<p>\u00a0Seus irm\u00e3os em Cristo,<\/p>\n<p>Os cooperadores na restaura\u00e7\u00e3o do Senhor<\/p>\n<p>&nbsp;<\/p>","protected":false},"excerpt":{"rendered":"<p>CONTINUING STEADFASTLY IN INTERCESSION APRIL 29, 2020 Dear saints, How we thank the Lord for His abundant supply to the churches and the saints in His recovery that has enabled so many to intercede as one man over this past month. There has never been such global, round-the-clock prayer in the history of His recovery.&hellip;<\/p>","protected":false},"author":2,"featured_media":0,"parent":0,"menu_order":0,"comment_status":"closed","ping_status":"closed","template":"","meta":{"inline_featured_image":false,"footnotes":""},"class_list":["post-993","page","type-page","status-publish","hentry"],"yoast_head":"<!-- This site is optimized with the Yoast SEO plugin v27.4 - https:\/\/yoast.com\/product\/yoast-seo-wordpress\/ -->\n<title>Letter 3 - Unceasingly Pray<\/title>\n<meta name=\"robots\" content=\"index, follow, max-snippet:-1, max-image-preview:large, max-video-preview:-1\" \/>\n<link rel=\"canonical\" href=\"https:\/\/unceasinglypray.org\/pt\/letter-3\/\" \/>\n<meta property=\"og:locale\" content=\"pt_BR\" \/>\n<meta property=\"og:type\" content=\"article\" \/>\n<meta property=\"og:title\" content=\"Letter 3 - Unceasingly Pray\" \/>\n<meta property=\"og:description\" content=\"CONTINUING STEADFASTLY IN INTERCESSION APRIL 29, 2020 Dear saints, How we thank the Lord for His abundant supply to the churches and the saints in His recovery that has enabled so many to intercede as one man over this past month. There has never been such global, round-the-clock prayer in the history of His recovery.&hellip;\" \/>\n<meta property=\"og:url\" content=\"https:\/\/unceasinglypray.org\/pt\/letter-3\/\" \/>\n<meta property=\"og:site_name\" content=\"Unceasingly Pray\" \/>\n<meta name=\"twitter:card\" content=\"summary_large_image\" \/>\n<meta name=\"twitter:label1\" content=\"Est. tempo de leitura\" \/>\n\t<meta name=\"twitter:data1\" content=\"4 minutos\" \/>\n<script type=\"application\/ld+json\" class=\"yoast-schema-graph\">{\"@context\":\"https:\\\/\\\/schema.org\",\"@graph\":[{\"@type\":\"WebPage\",\"@id\":\"https:\\\/\\\/unceasinglypray.org\\\/letter-3\\\/\",\"url\":\"https:\\\/\\\/unceasinglypray.org\\\/letter-3\\\/\",\"name\":\"Letter 3 - Unceasingly Pray\",\"isPartOf\":{\"@id\":\"https:\\\/\\\/unceasinglypray.org\\\/ar\\\/#website\"},\"datePublished\":\"2020-05-31T19:34:28+00:00\",\"breadcrumb\":{\"@id\":\"https:\\\/\\\/unceasinglypray.org\\\/letter-3\\\/#breadcrumb\"},\"inLanguage\":\"pt-BR\",\"potentialAction\":[{\"@type\":\"ReadAction\",\"target\":[\"https:\\\/\\\/unceasinglypray.org\\\/letter-3\\\/\"]}]},{\"@type\":\"BreadcrumbList\",\"@id\":\"https:\\\/\\\/unceasinglypray.org\\\/letter-3\\\/#breadcrumb\",\"itemListElement\":[{\"@type\":\"ListItem\",\"position\":1,\"name\":\"Home\",\"item\":\"https:\\\/\\\/unceasinglypray.org\\\/pt\\\/\"},{\"@type\":\"ListItem\",\"position\":2,\"name\":\"Letter 3\"}]},{\"@type\":\"WebSite\",\"@id\":\"https:\\\/\\\/unceasinglypray.org\\\/ar\\\/#website\",\"url\":\"https:\\\/\\\/unceasinglypray.org\\\/ar\\\/\",\"name\":\"Unceasingly Pray\",\"description\":\"\",\"potentialAction\":[{\"@type\":\"SearchAction\",\"target\":{\"@type\":\"EntryPoint\",\"urlTemplate\":\"https:\\\/\\\/unceasinglypray.org\\\/ar\\\/?s={search_term_string}\"},\"query-input\":{\"@type\":\"PropertyValueSpecification\",\"valueRequired\":true,\"valueName\":\"search_term_string\"}}],\"inLanguage\":\"pt-BR\"}]}<\/script>\n<!-- \/ Yoast SEO plugin. -->","yoast_head_json":{"title":"Letter 3 - Unceasingly Pray","robots":{"index":"index","follow":"follow","max-snippet":"max-snippet:-1","max-image-preview":"max-image-preview:large","max-video-preview":"max-video-preview:-1"},"canonical":"https:\/\/unceasinglypray.org\/pt\/letter-3\/","og_locale":"pt_BR","og_type":"article","og_title":"Letter 3 - Unceasingly Pray","og_description":"CONTINUING STEADFASTLY IN INTERCESSION APRIL 29, 2020 Dear saints, How we thank the Lord for His abundant supply to the churches and the saints in His recovery that has enabled so many to intercede as one man over this past month. There has never been such global, round-the-clock prayer in the history of His recovery.&hellip;","og_url":"https:\/\/unceasinglypray.org\/pt\/letter-3\/","og_site_name":"Unceasingly Pray","twitter_card":"summary_large_image","twitter_misc":{"Est. tempo de leitura":"4 minutos"},"schema":{"@context":"https:\/\/schema.org","@graph":[{"@type":"WebPage","@id":"https:\/\/unceasinglypray.org\/letter-3\/","url":"https:\/\/unceasinglypray.org\/letter-3\/","name":"Letter 3 - Unceasingly Pray","isPartOf":{"@id":"https:\/\/unceasinglypray.org\/ar\/#website"},"datePublished":"2020-05-31T19:34:28+00:00","breadcrumb":{"@id":"https:\/\/unceasinglypray.org\/letter-3\/#breadcrumb"},"inLanguage":"pt-BR","potentialAction":[{"@type":"ReadAction","target":["https:\/\/unceasinglypray.org\/letter-3\/"]}]},{"@type":"BreadcrumbList","@id":"https:\/\/unceasinglypray.org\/letter-3\/#breadcrumb","itemListElement":[{"@type":"ListItem","position":1,"name":"Home","item":"https:\/\/unceasinglypray.org\/pt\/"},{"@type":"ListItem","position":2,"name":"Letter 3"}]},{"@type":"WebSite","@id":"https:\/\/unceasinglypray.org\/ar\/#website","url":"https:\/\/unceasinglypray.org\/ar\/","name":"Unceasingly Pray","description":"","potentialAction":[{"@type":"SearchAction","target":{"@type":"EntryPoint","urlTemplate":"https:\/\/unceasinglypray.org\/ar\/?s={search_term_string}"},"query-input":{"@type":"PropertyValueSpecification","valueRequired":true,"valueName":"search_term_string"}}],"inLanguage":"pt-BR"}]}},"_links":{"self":[{"href":"https:\/\/unceasinglypray.org\/pt\/wp-json\/wp\/v2\/pages\/993","targetHints":{"allow":["GET"]}}],"collection":[{"href":"https:\/\/unceasinglypray.org\/pt\/wp-json\/wp\/v2\/pages"}],"about":[{"href":"https:\/\/unceasinglypray.org\/pt\/wp-json\/wp\/v2\/types\/page"}],"author":[{"embeddable":true,"href":"https:\/\/unceasinglypray.org\/pt\/wp-json\/wp\/v2\/users\/2"}],"replies":[{"embeddable":true,"href":"https:\/\/unceasinglypray.org\/pt\/wp-json\/wp\/v2\/comments?post=993"}],"version-history":[{"count":0,"href":"https:\/\/unceasinglypray.org\/pt\/wp-json\/wp\/v2\/pages\/993\/revisions"}],"wp:attachment":[{"href":"https:\/\/unceasinglypray.org\/pt\/wp-json\/wp\/v2\/media?parent=993"}],"curies":[{"name":"wp","href":"https:\/\/api.w.org\/{rel}","templated":true}]}}