{"id":791,"date":"2020-04-30T03:46:41","date_gmt":"2020-04-30T03:46:41","guid":{"rendered":"https:\/\/unceasinglypray.org\/?page_id=791"},"modified":"2020-05-08T20:52:16","modified_gmt":"2020-05-08T20:52:16","slug":"prayer-burdens-16-20","status":"publish","type":"page","link":"https:\/\/unceasinglypray.org\/pt\/prayer-burdens-16-20\/","title":{"rendered":"Prayer Burdens 16-20"},"content":{"rendered":"<p>DAY 16: PRAYER FOR THE GOD-ORDAINED WAY<\/p>\n\t<p>AT 2:46-47; 1PE 4:10; 1CO 14:26; EF 4:12, 16<\/p>\n\t<p>Para que os santos usem as circunst\u00e2ncias atuais para cultivar uma vida da igreja mais vital, mais prevalecente, mais frut\u00edfera e mais de acordo com a maneira ordenada por Deus, pela libera\u00e7\u00e3o do funcionamento org\u00e2nico de todos os santos (At 2:46-47; 1Pe 4:10; 1Co 14:26; Ef 4:12, 16).<\/p>\n\t<p><strong>At 2:46-47<\/strong>\u2014E, diariamente, perseverando un\u00e2nimes no templo e partindo p\u00e3o de casa em casa, partilhavam o alimento com grande alegria e singeleza de cora\u00e7\u00e3o, louvando a Deus e caindo na gra\u00e7a de todo o povo. E o Senhor lhes acrescentava, dia a dia, os que iam sendo salvos.<\/p>\n<p><strong>1Pe 4:10<\/strong>\u2014Cada um ministre aos outros o dom que recebeu, como bons despenseiros da multiforme gra\u00e7a de Deus.<\/p>\n<p><strong>1Co 14:26<\/strong>\u2014Que fazer, pois, irm\u00e3os? Quando vos reunis, cada um tem salmo, tem ensinamento, tem revela\u00e7\u00e3o, tem outra l\u00edngua, tem interpreta\u00e7\u00e3o. Seja tudo feito para edifica\u00e7\u00e3o.<\/p>\n<p><strong>Ef 4:12, 16<\/strong>\u2014tendo em vista o aperfei\u00e7oamento dos santos para a obra do minist\u00e9rio, para a edifica\u00e7\u00e3o do Corpo de Cristo (...) de quem todo o Corpo, bem ajustado e entrela\u00e7ado por meio de toda junta do rico suprimento e por meio da opera\u00e7\u00e3o segundo a medida de cada parte, realiza o crescimento do pr\u00f3prio Corpo para a edifica\u00e7\u00e3o de si mesmo em amor.<\/p>\n\t<p><b>Minist\u00e9rio: <strong>Incenso adicionado \u00e0 ora\u00e7\u00e3o<\/strong><\/b><\/p>\n<p>Apocalipse 8 mostra-nos como Deus, em Sua administra\u00e7\u00e3o, ir\u00e1 julgar esta era. Mas esse ju\u00edzo aguarda as ora\u00e7\u00f5es dos que receberam a reden\u00e7\u00e3o do sangue e a termina\u00e7\u00e3o da cruz. Ele aguarda ora\u00e7\u00f5es dos que foram ressuscitados para buscar o Seu cora\u00e7\u00e3o e que ficam firmes na posi\u00e7\u00e3o de morte, permitindo assim que o Cristo ressurreto se una \u00e0s ora\u00e7\u00f5es deles. Essas, ent\u00e3o, ser\u00e3o ora\u00e7\u00f5es tremendas que podem julgar e terminar esta era. Repetindo: a raz\u00e3o de serem capazes de orar por tal coisa elevada e grandiosa \u00e9 que foram terminados na cruz e conseguem agora permitir que o Cristo ressurreto seja acrescentado \u00e0s suas ora\u00e7\u00f5es. Esse \u00e9 o significado de o incenso ser acrescentado \u00e0s ora\u00e7\u00f5es. (<em>Li\u00e7\u00f5es sobre Ora\u00e7\u00e3o<\/em>, pp. 172-173)<\/p>\n<p><em>\u00a9 Living Stream Ministry. Usado com permiss\u00e3o.<\/em><\/p>\n\t<p>DAY 17: PRAYER FOR THE SAINTS TO BE LABORING PRIESTS<\/p>\n\t<p>RM 15:16; 2TM 4:2; AT 10:24<\/p>\n\t<p>Para que todos os santos sejam energizados como sacerdotes que laboram no evangelho, que pregam a Palavra, quer seja oportuno quer n\u00e3o, aos seus parentes, amigos, colegas e pessoas que encontrem, a fim de ganh\u00e1-los e oferec\u00ea-los como oferta santificada a Deus (Rm 15:16; 2Tm 4:2; At 10:24).<\/p>\n\t<p><strong>Rm 15:16<\/strong>\u2014A fim de que eu seja ministro de Cristo Jesus para os gentios, um sacerdote que labora no evangelho de Deus, de modo que a oferta dos gentios seja aceit\u00e1vel, tendo sido santificada no Esp\u00edrito Santo.<\/p>\n<p><strong>2Tm 4:2<\/strong>\u2014Proclama a palavra; fica preparado, quer seja oportuno, quer n\u00e3o; convence, repreende, exorta com toda a longanimidade e ensino.<\/p>\n<p><strong>At 10:24<\/strong>\u2014No dia seguinte, entraram em Cesareia. Corn\u00e9lio estava esperando por eles, tendo convocado seus parentes e amigos \u00edntimos.<\/p>\n\t<p><b>Minist\u00e9rio: <strong>No nome do Senhor Jesus \u2014 A comiss\u00e3o de Deus<\/strong><\/b><\/p>\n<p>Na terra, a igreja n\u00e3o tem autoridade maior do que a de fazer coisas no nome do Senhor Jesus. O Senhor confiou Seu nome \u00e0 igreja. \u00c9 a maior comiss\u00e3o, porque o nome representa Ele mesmo. Tudo o que voc\u00ea fala em nome do Senhor Jesus torna-se o que Ele mesmo fala. Tudo o que voc\u00ea decide no nome do Senhor Jesus torna-se o que o Senhor decide. A igreja tem autoridade para falar no nome do Senhor. Que responsabilidade Deus deu \u00e0 igreja!. (<em>O minist\u00e9rio de ora\u00e7\u00e3o da igreja<\/em>, p. 53)<\/p>\n<p><em>\u00a9 Living Stream Ministry. Usado com permiss\u00e3o.<\/em><\/p>\n\t<p>DAY 18: PRAYER TO CONTINUE STEADFASTLY<\/p>\n\t<p>Acts 2:42; Matt. 6:6; 18:19-20; Col. 4:2; 1&nbsp;Thes. 5:17<\/p>\n\t<p>For the saints to continue steadfastly in prayer and for their prayer life to be built up personally, in small groups, and in the church meetings until prayer is unceasing (Acts 2:42; Matt. 6:6; 18:19-20; Col. 4:2; 1&nbsp;Thes. 5:17).<\/p>\n\t<p><strong>At 2:42<\/strong>\u2014E perseveravam no ensinamento e na comunh\u00e3o dos ap\u00f3stolos, no partir do p\u00e3o e nas ora\u00e7\u00f5es.<\/p>\n<p><strong>Mt 6:6<\/strong>\u2014Tu, por\u00e9m, quando orares, entra no teu aposento \u00edntimo e, fechada a porta, ora a teu Pai que est\u00e1 em secreto; e teu Pai, que v\u00ea em secreto, te recompensar\u00e1.<\/p>\n<p><strong>Mt 18:19-20<\/strong>\u2014Em verdade ainda vos digo que, se dois dentre v\u00f3s sobre a terra concordarem a respeito de qualquer coisa que pedirem, isso lhes ser\u00e1 feito por Meu Pai que est\u00e1 nos c\u00e9us. Pois onde est\u00e3o dois ou tr\u00eas reunidos em Meu nome, ali estou no meio deles.<\/p>\n<p><strong>Cl 4:2<\/strong>\u2014Perseverai na ora\u00e7\u00e3o, vigiando nela com a\u00e7\u00f5es de gra\u00e7as.<\/p>\n\t<p><b>Minist\u00e9rio: <strong>A Ora\u00e7\u00e3o de Autoridade<\/strong><\/b><\/p>\n<p>A B\u00edblia cont\u00e9m a ora\u00e7\u00e3o mais elevada e espiritual. Mas poucas pessoas fazem tal ora\u00e7\u00e3o, e poucas d\u00e3o aten\u00e7\u00e3o para ela. Que ora\u00e7\u00e3o \u00e9 essa? \u00c9 a \u201cora\u00e7\u00e3o de autoridade\u201d. Sabemos que h\u00e1 ora\u00e7\u00f5es de louvor, ora\u00e7\u00f5es de a\u00e7\u00f5es de gra\u00e7a, ora\u00e7\u00f5es de s\u00faplica e ora\u00e7\u00f5es de peti\u00e7\u00e3o. Mas poucos de n\u00f3s sabemos que h\u00e1 uma ora\u00e7\u00e3o de autoridade. A ora\u00e7\u00e3o de autoridade \u00e9 uma ora\u00e7\u00e3o de comando. Trata-se da ora\u00e7\u00e3o mais crucial e mais espiritual na B\u00edblia. Esse tipo de ora\u00e7\u00e3o \u00e9 um sinal e uma declara\u00e7\u00e3o de autoridade.<\/p>\n<p>Brothers and sisters, if you want to be a man of prayer, you have to learn to pray with authority. This kind of prayer is described by the Lord in Matthew 18:18. \u201cWhatever you bind on the earth shall have been bound in heaven, and whatever you loose on the earth shall have been loosed in heaven.\u201d In this verse, there is a prayer that is called a binding prayer and a prayer that is called a loosing prayer&#8230;Heaven listens to the earth and obeys the command of the earth. Whatever the earth binds will be bound in heaven, and whatever the earth looses will be loosed in heaven. The earth does not pray; it binds and looses. This is to pray with authority. (<em>O minist\u00e9rio de ora\u00e7\u00e3o da igreja<\/em>, p. 61)<\/p>\n<p><em>\u00a9 Living Stream Ministry. Usado com permiss\u00e3o.<\/em><\/p>\n\t<p>DAY 19: PRAYER FOR THE OVERCOMERS<\/p>\n\t<p>AP 2:7, 11, 17, 26; 3:5, 12, 21; 12:5, 10-11; 14:1-5<\/p>\n\t<p>For the saints to be raised up and constituted as overcomers to be the Lord&#8217;s dispensational instrument to turn the age (Rev. 2:7, 11, 17, 26; 3:5, 12, 21; 12:5, 10-11; 14:1-5).<\/p>\n\t<p><strong>Ap 3:21<\/strong>\u2014Ao vencedor, Eu lhe darei sentar-se Comigo no Meu trono, assim como tamb\u00e9m Eu venci e me sentei com Meu Pai no Seu trono.<\/p>\n<p><strong>Ap 12:5<\/strong>\u2014E ela deu \u00e0 luz um filho var\u00e3o, que h\u00e1 de apascentar todas as na\u00e7\u00f5es com vara de ferro; e o seu filho foi arrebatado para junto de Deus e do Seu trono.<\/p>\n<p><strong>Ap 12:10-11<\/strong>\u2014Ent\u00e3o ouvi uma grande voz no c\u00e9u, dizendo: Agora veio a salva\u00e7\u00e3o, o poder, o reino do nosso Deus e a autoridade do Seu Cristo, pois foi expulso o acusador de nossos irm\u00e3os, o que os acusa dia e noite diante do nosso Deus. Eles o venceram por causa do sangue do Cordeiro e por causa da palavra do seu testemunho, e n\u00e3o amaram a pr\u00f3pria vida da alma at\u00e9 a morte.<\/p>\n\t<p><b>Minist\u00e9rio: <strong>A Ora\u00e7\u00e3o de Autoridade<\/strong><\/b><\/p>\n<p>The Bible shows us the relationship between prayer, fasting, and authority. Prayer indicates that we seek after God, while fasting indicates that we deny our self&#8230;We have to seek God and deny the self at the same time. When our pursuit of God and our denial of self are joined and mingled together, immediately there is faith. When we have faith, we have the authority to command the demons to go away. Brothers and sisters, if we seek after God but do not deny our self, we do not have faith, and we do not have authority. But if we seek after God and deny our self, immediately we will have faith and authority and be able to utter prayers of faith and authority. Brothers and sisters, the most important prayers and the most spiritual prayers are prayers of authority. (<em>O minist\u00e9rio de ora\u00e7\u00e3o da igreja<\/em>, pp. 73-74)<\/p>\n<p><em>\u00a9 Living Stream Ministry. Usado com permiss\u00e3o.<\/em><\/p>\n\t<p>DAY 20: PRAYER TO BIND THE ENEMY<\/p>\n\t<p>MC 3:27; 1JO 3:8; AP 12:10-11; LC 18:7<\/p>\n\t<p>Para que o inimigo, Satan\u00e1s, seja amarrado, as obras do diabo destru\u00eddas, o acusador dos irm\u00e3os seja expulso e os santos sejam vingados contra o seu advers\u00e1rio (Mc 3:27; 1Jo 3:8; Ap 12:10-11; Lc 18:7).<\/p>\n\t<p><strong>Mc 3:27<\/strong>\u2014Ningu\u00e9m pode entrar na casa do homem forte e saquear-lhe completamente os bens se primeiro n\u00e3o amarrar o homem forte; e ent\u00e3o lhe saquear\u00e1 completamente a casa.<\/p>\n<p><strong>1Jo 3:8<\/strong>\u2014Aquele que pratica o pecado \u00e9 do diabo, porque o diabo vive pecando desde o princ\u00edpio. Para isto se manifestou o Filho de Deus: para destruir as obras do diabo.<\/p>\n<p><strong>Ap 12:10-11<\/strong>\u2014Ent\u00e3o ouvi uma grande voz no c\u00e9u, dizendo: Agora veio a salva\u00e7\u00e3o, o poder, o reino do nosso Deus e a autoridade do Seu Cristo, pois foi expulso o acusador de nossos irm\u00e3os, o que os acusa dia e noite diante do nosso Deus. Eles o venceram por causa do sangue do Cordeiro e por causa da palavra do seu testemunho, e n\u00e3o amaram a pr\u00f3pria vida da alma at\u00e9 a morte.<\/p>\n<p><strong>Lc 18:7<\/strong>\u2014E n\u00e3o far\u00e1 Deus, certamente, justi\u00e7a aos Seus escolhidos, que a Ele clamam dia e noite, ainda que os fa\u00e7a esperar?<\/p>\n\t<p><b>Minist\u00e9rio: <strong>Uma Plena Provis\u00e3o para Nossa Ora\u00e7\u00e3o<\/strong><\/b><\/p>\n<p>Nossa fraqueza \u00e9 mais facilmente manifestada em nossas ora\u00e7\u00f5es. Nada exp\u00f5e tanto a nossa fraqueza espiritual que ora\u00e7\u00e3o. Sabemos qu\u00e3o dif\u00edcil foi para os disc\u00edpulos orarem no jardim do Gets\u00eamani. Eles n\u00e3o puderam vigiar e orar. Mas gra\u00e7as ao Senhor que temos o poderoso Esp\u00edrito como nossa ajuda. Devemos confiar no Esp\u00edrito que habita interiormente para operar em n\u00f3s segundo o Seu poder, porque Ele \u00e9 a nossa ajuda em tempo de fraqueza e insensatez. Apesar de n\u00e3o sabermos como orar, o Esp\u00edrito Santo est\u00e1 em n\u00f3s; Ele conhece a vontade de Deus e nos ensinar\u00e1 a orar segundo a vontade de Deus. Ele nos ensinar\u00e1 a ter comunh\u00e3o intelig\u00edvel com Deus e nos introduzir\u00e1 na realidade de comunh\u00e3o. Devemos confiar no Cristo em quem cremos e no Esp\u00edrito que nos sustenta e nos ajuda a orar. (<em>The Collected Works of Watchman Nee, vol. 38<\/em>, pp. 460-461)<\/p>\n<p><em>\u00a9 Living Stream Ministry. Usado com permiss\u00e3o.<\/em><\/p>\n\t\t<h3><\/h3>\n\t\t<p>Persevere em ora\u00e7\u00e3o.<\/p>\n\t\t\t<a href=\"https:\/\/unceasinglypray.org\/pt\/sign-up\/\" target=\"_self\" role=\"button\" rel=\"noopener noreferrer\">\n\t\t\t\t\t\t\tESCOLHA UM HOR\u00c1RIO\n\t\t\t\t\t<\/a>","protected":false},"excerpt":{"rendered":"<p>DAY 16: PRAYER FOR THE GOD-ORDAINED WAY Acts 2:46-47; 1 Pet. 4:10; 1 Cor. 14:26; Eph. 4:12, 16 For the saints to use the present circumstances to cultivate a church life that is more vital, more prevailing, more fruitful, and more according to the God-ordained way through the release of the organic function of every&hellip;<\/p>","protected":false},"author":2,"featured_media":0,"parent":0,"menu_order":0,"comment_status":"closed","ping_status":"closed","template":"","meta":{"inline_featured_image":false,"footnotes":""},"class_list":["post-791","page","type-page","status-publish","hentry"],"yoast_head":"<!-- This site is optimized with the Yoast SEO plugin v27.3 - https:\/\/yoast.com\/product\/yoast-seo-wordpress\/ -->\n<title>Prayer Burdens 16-20 - Unceasingly Pray<\/title>\n<meta name=\"robots\" content=\"index, follow, max-snippet:-1, max-image-preview:large, max-video-preview:-1\" \/>\n<link rel=\"canonical\" href=\"https:\/\/unceasinglypray.org\/pt\/prayer-burdens-16-20\/\" \/>\n<meta property=\"og:locale\" content=\"pt_BR\" \/>\n<meta property=\"og:type\" content=\"article\" \/>\n<meta property=\"og:title\" content=\"Prayer Burdens 16-20 - Unceasingly Pray\" \/>\n<meta property=\"og:description\" content=\"DAY 16: PRAYER FOR THE GOD-ORDAINED WAY Acts 2:46-47; 1 Pet. 4:10; 1 Cor. 14:26; Eph. 4:12, 16 For the saints to use the present circumstances to cultivate a church life that is more vital, more prevailing, more fruitful, and more according to the God-ordained way through the release of the organic function of every&hellip;\" \/>\n<meta property=\"og:url\" content=\"https:\/\/unceasinglypray.org\/pt\/prayer-burdens-16-20\/\" \/>\n<meta property=\"og:site_name\" content=\"Unceasingly Pray\" \/>\n<meta property=\"article:modified_time\" content=\"2020-05-08T20:52:16+00:00\" \/>\n<meta name=\"twitter:card\" content=\"summary_large_image\" \/>\n<meta name=\"twitter:label1\" content=\"Est. tempo de leitura\" \/>\n\t<meta name=\"twitter:data1\" content=\"9 minutos\" \/>\n<script type=\"application\/ld+json\" class=\"yoast-schema-graph\">{\"@context\":\"https:\\\/\\\/schema.org\",\"@graph\":[{\"@type\":\"WebPage\",\"@id\":\"https:\\\/\\\/unceasinglypray.org\\\/ar\\\/prayer-burdens-16-20\\\/\",\"url\":\"https:\\\/\\\/unceasinglypray.org\\\/ar\\\/prayer-burdens-16-20\\\/\",\"name\":\"Prayer Burdens 16-20 - Unceasingly Pray\",\"isPartOf\":{\"@id\":\"https:\\\/\\\/unceasinglypray.org\\\/ar\\\/#website\"},\"datePublished\":\"2020-04-30T03:46:41+00:00\",\"dateModified\":\"2020-05-08T20:52:16+00:00\",\"breadcrumb\":{\"@id\":\"https:\\\/\\\/unceasinglypray.org\\\/ar\\\/prayer-burdens-16-20\\\/#breadcrumb\"},\"inLanguage\":\"pt-BR\",\"potentialAction\":[{\"@type\":\"ReadAction\",\"target\":[\"https:\\\/\\\/unceasinglypray.org\\\/ar\\\/prayer-burdens-16-20\\\/\"]}]},{\"@type\":\"BreadcrumbList\",\"@id\":\"https:\\\/\\\/unceasinglypray.org\\\/ar\\\/prayer-burdens-16-20\\\/#breadcrumb\",\"itemListElement\":[{\"@type\":\"ListItem\",\"position\":1,\"name\":\"Home\",\"item\":\"https:\\\/\\\/unceasinglypray.org\\\/pt\\\/\"},{\"@type\":\"ListItem\",\"position\":2,\"name\":\"Prayer Burdens 16-20\"}]},{\"@type\":\"WebSite\",\"@id\":\"https:\\\/\\\/unceasinglypray.org\\\/ar\\\/#website\",\"url\":\"https:\\\/\\\/unceasinglypray.org\\\/ar\\\/\",\"name\":\"Unceasingly Pray\",\"description\":\"\",\"potentialAction\":[{\"@type\":\"SearchAction\",\"target\":{\"@type\":\"EntryPoint\",\"urlTemplate\":\"https:\\\/\\\/unceasinglypray.org\\\/ar\\\/?s={search_term_string}\"},\"query-input\":{\"@type\":\"PropertyValueSpecification\",\"valueRequired\":true,\"valueName\":\"search_term_string\"}}],\"inLanguage\":\"pt-BR\"}]}<\/script>\n<!-- \/ Yoast SEO plugin. -->","yoast_head_json":{"title":"Prayer Burdens 16-20 - Unceasingly Pray","robots":{"index":"index","follow":"follow","max-snippet":"max-snippet:-1","max-image-preview":"max-image-preview:large","max-video-preview":"max-video-preview:-1"},"canonical":"https:\/\/unceasinglypray.org\/pt\/prayer-burdens-16-20\/","og_locale":"pt_BR","og_type":"article","og_title":"Prayer Burdens 16-20 - Unceasingly Pray","og_description":"DAY 16: PRAYER FOR THE GOD-ORDAINED WAY Acts 2:46-47; 1 Pet. 4:10; 1 Cor. 14:26; Eph. 4:12, 16 For the saints to use the present circumstances to cultivate a church life that is more vital, more prevailing, more fruitful, and more according to the God-ordained way through the release of the organic function of every&hellip;","og_url":"https:\/\/unceasinglypray.org\/pt\/prayer-burdens-16-20\/","og_site_name":"Unceasingly Pray","article_modified_time":"2020-05-08T20:52:16+00:00","twitter_card":"summary_large_image","twitter_misc":{"Est. tempo de leitura":"9 minutos"},"schema":{"@context":"https:\/\/schema.org","@graph":[{"@type":"WebPage","@id":"https:\/\/unceasinglypray.org\/ar\/prayer-burdens-16-20\/","url":"https:\/\/unceasinglypray.org\/ar\/prayer-burdens-16-20\/","name":"Prayer Burdens 16-20 - Unceasingly Pray","isPartOf":{"@id":"https:\/\/unceasinglypray.org\/ar\/#website"},"datePublished":"2020-04-30T03:46:41+00:00","dateModified":"2020-05-08T20:52:16+00:00","breadcrumb":{"@id":"https:\/\/unceasinglypray.org\/ar\/prayer-burdens-16-20\/#breadcrumb"},"inLanguage":"pt-BR","potentialAction":[{"@type":"ReadAction","target":["https:\/\/unceasinglypray.org\/ar\/prayer-burdens-16-20\/"]}]},{"@type":"BreadcrumbList","@id":"https:\/\/unceasinglypray.org\/ar\/prayer-burdens-16-20\/#breadcrumb","itemListElement":[{"@type":"ListItem","position":1,"name":"Home","item":"https:\/\/unceasinglypray.org\/pt\/"},{"@type":"ListItem","position":2,"name":"Prayer Burdens 16-20"}]},{"@type":"WebSite","@id":"https:\/\/unceasinglypray.org\/ar\/#website","url":"https:\/\/unceasinglypray.org\/ar\/","name":"Unceasingly Pray","description":"","potentialAction":[{"@type":"SearchAction","target":{"@type":"EntryPoint","urlTemplate":"https:\/\/unceasinglypray.org\/ar\/?s={search_term_string}"},"query-input":{"@type":"PropertyValueSpecification","valueRequired":true,"valueName":"search_term_string"}}],"inLanguage":"pt-BR"}]}},"_links":{"self":[{"href":"https:\/\/unceasinglypray.org\/pt\/wp-json\/wp\/v2\/pages\/791","targetHints":{"allow":["GET"]}}],"collection":[{"href":"https:\/\/unceasinglypray.org\/pt\/wp-json\/wp\/v2\/pages"}],"about":[{"href":"https:\/\/unceasinglypray.org\/pt\/wp-json\/wp\/v2\/types\/page"}],"author":[{"embeddable":true,"href":"https:\/\/unceasinglypray.org\/pt\/wp-json\/wp\/v2\/users\/2"}],"replies":[{"embeddable":true,"href":"https:\/\/unceasinglypray.org\/pt\/wp-json\/wp\/v2\/comments?post=791"}],"version-history":[{"count":0,"href":"https:\/\/unceasinglypray.org\/pt\/wp-json\/wp\/v2\/pages\/791\/revisions"}],"wp:attachment":[{"href":"https:\/\/unceasinglypray.org\/pt\/wp-json\/wp\/v2\/media?parent=791"}],"curies":[{"name":"wp","href":"https:\/\/api.w.org\/{rel}","templated":true}]}}