{"id":778,"date":"2020-04-29T19:42:00","date_gmt":"2020-04-29T19:42:00","guid":{"rendered":"https:\/\/unceasinglypray.org\/?page_id=778"},"modified":"2020-04-29T22:46:57","modified_gmt":"2020-04-29T22:46:57","slug":"letter-2","status":"publish","type":"page","link":"https:\/\/unceasinglypray.org\/pt\/letter-2\/","title":{"rendered":"Letter 2"},"content":{"rendered":"<h2>\n\t\tPERSEVERAR EM ORA\u00c7\u00c3O\n\t<\/h2>\n\t<p>16 DE ABRIL, 2020<\/p>\n\t<p><img \/>Queridos santos,<\/p>\n<p class=\"translation-block\">Adoramos o Senhor por ter motivado tantos de voc\u00eas para participar do presente encargo por vinte e um dias de ora\u00e7\u00e3o. Nunca houve tantos por todo o globo unidos em unanimidade para orar como um s\u00f3 homem de maneira duradoura. Temos confian\u00e7a que nosso Senhor ascendido ouve a ora\u00e7\u00e3o da igreja e que elas ser\u00e3o de grande valia com rela\u00e7\u00e3o ao cumprimento do Seu desejo. Ap\u00f3s termos mais considera\u00e7\u00e3o e comunh\u00e3o, decidimos pedir a todos os santos que <strong>perseverem nessa ora\u00e7\u00e3o por nove dias adicionais<\/strong>, ou seja, at\u00e9 o dia 30 de abril.<\/p>\n&nbsp;<br \/>\nNossa esperan\u00e7a \u00e9 que este m\u00eas de ora\u00e7\u00e3o n\u00e3o ser\u00e1 simplesmente um evento passageiro, mas fortalecer\u00e1 grandemente nossa vida de ora\u00e7\u00e3o pessoal e o minist\u00e9rio de ora\u00e7\u00e3o coletivo da igreja. Ora\u00e7\u00e3o \u00e9 a nossa maior obra diante de Deus, e \u00e9 tamb\u00e9m a maior amea\u00e7a para o Seu inimigo. Por esse motivo, Satan\u00e1s busca enfraquecer nossa vida de ora\u00e7\u00e3o e o minist\u00e9rio de ora\u00e7\u00e3o da igreja. Sabendo disso, o ap\u00f3stolo Paulo uniu perseveran\u00e7a e ora\u00e7\u00e3o (Rm 12:12; Ef 6:18; Cl 4:2; cf. 1Ts 5:17). Consist\u00eancia e persist\u00eancia diante de obst\u00e1culos s\u00e3o cruciais para edificar uma vida de ora\u00e7\u00e3o e um minist\u00e9rio de ora\u00e7\u00e3o. Esse n\u00e3o \u00e9 somente o ensinamento do ap\u00f3stolo, \u00e9 tamb\u00e9m algo extensivamente ilustrado na Palavra de Deus.<br \/>\n&nbsp;<br \/>\nEnquanto Josu\u00e9 conduzia os israelitas \u00e0 batalha contra Amaleque, Mois\u00e9s subiu no cimo do outeiro com seu bord\u00e3o na m\u00e3o (\u00cax 17:9-10). O vers\u00edculo 11 diz: \u201cQuando Mois\u00e9s levantava a m\u00e3o, Israel prevalecia; quando, por\u00e9m, ele abaixava a m\u00e3o, prevalecia Amaleque\u201d. Mois\u00e9s levantando sua m\u00e3o no cimo do monte tipifica o Cristo ascendido intercedendo nos c\u00e9us (Rm 8:34b; Hb 7:25; cf. 1Tm 2:8) e Josu\u00e9 tipifica Cristo como o Esp\u00edrito que habita interiormente lutando contra a carne, tipificada por Amaleque (Rm 8:9-11; Gl 5:16-17). Isso significa que vit\u00f3ria na luta espiritual depende muito da intercess\u00e3o de Cristo. Contudo, o vers\u00edculo 12 nos diz que as m\u00e3os de Mois\u00e9s ficaram pesadas e precisavam de sustenta\u00e7\u00e3o. Como algu\u00e9m com as m\u00e3os pesadas, Mois\u00e9s n\u00e3o representa Cristo, mas a n\u00f3s, significando que enquanto Cristo est\u00e1 orando nos c\u00e9us, n\u00f3s tamb\u00e9m precisamos orar na terra (1Tm 2:8). Uma pedra, que tipifica Cristo como nossa for\u00e7a e firmeza na ora\u00e7\u00e3o, foi colocada para Mois\u00e9s sentar-se. Al\u00e9m disso, suas m\u00e3os foram sustentadas de um lado por Ar\u00e3o, representando o sacerd\u00f3cio, e do outro lado por Hur, representando a realeza. Isso significa que para perseverar nas ora\u00e7\u00f5es intercessoras de luta, devemos ser sacerdotes que se exercitam para orar em nosso esp\u00edrito, o Santo dos Santos de hoje, e devemos estar em plena submiss\u00e3o ao Senhor sob Sua autoridade.<br \/>\n&nbsp;<br \/>\nDaniel was a person who, knowing the promise of God regarding Israel\u2019s return from captivity (Jer. 29:10), persevered in prayer for the Lord\u2019s desire (Dan. 9:2-3). He had the habit of praying three times daily (6:10) and would not let anything frustrate his prayer, not even the threat of death (vv. 7-9). Daniel was thus a channel of prayer the Lord could use to carry out His desire. Regarding Daniel chapter 6, Brother Lee said, \u201cGod desires to carry out His economy, but man is needed to pray for His economy on earth. God carries out His economy on the earth through His faithful channels of prayer. Satan&#8217;s strategy is to frustrate the prayer which is for God&#8217;s move&#8230;There is no other way to bring God\u2019s economy into fullness and into fulfillment except by prayer\u201d (Life-study of Daniel, p. 45). Daniel\u2019s cooperation with the Lord in prayer afforded the Lord a way to take a great step in His move.<br \/>\n&nbsp;<br \/>\nHoje o Senhor est\u00e1 buscando ora\u00e7\u00f5es com valor dispensacional, ora\u00e7\u00f5es que correspondem ao cora\u00e7\u00e3o de Deus, ora\u00e7\u00f5es para o avan\u00e7o do mover de Deus, ora\u00e7\u00f5es pela prepara\u00e7\u00e3o da noiva, ora\u00e7\u00f5es pela produ\u00e7\u00e3o de vencedores como o ex\u00e9rcito do Senhor, ora\u00e7\u00e3o pela derrota do inimigo de Deus, ora\u00e7\u00f5es que mudam a era. As ora\u00e7\u00f5es dos santos e da igreja s\u00e3o um fator significativo para efetuar a mudan\u00e7a dispensacional da presente era para a era do reino (Lc 18:1-8; Ap 6:9-10; 8:3-5). Para perseverar em tais ora\u00e7\u00f5es, certamente precisamos do fortalecimento do Senhor (Ef 6:10).<br \/>\n&nbsp;<br \/>\nQueridos santos, o Senhor deseja levantar um sacerd\u00f3cio real para unir-se a Ele como o Intercessor ascendido em Seu minist\u00e9rio celestial de intercess\u00e3o. Tendo isso em vista, pedimos que continuem nossa presente ora\u00e7\u00e3o global ininterrupta at\u00e9 o fim deste m\u00eas, e os encorajamos a convidarem outros para unirem-se a essa ora\u00e7\u00e3o. Voc\u00ea pode visitar o site unceasinglypray.org para se inscrever em um hor\u00e1rio para orar, se ainda n\u00e3o o fez. Os que est\u00e3o inscritos receber\u00e3o diariamente uma sugest\u00e3o de encargo de ora\u00e7\u00e3o por email. Que o Senhor fa\u00e7a o que Ele deseja em n\u00f3s e que as nossas ora\u00e7\u00f5es ponham os trilhos para Ele realize o desejo do Seu cora\u00e7\u00e3o na terra. <a href=\"https:\/\/unceasinglypray.org\/pt\/sign-up\/\">unceasinglypray.org\/pt<\/a> to sign up for a time slot to pray. Those who sign up will receive a suggested prayer burden for each day via email. May the Lord do what He desires within us, and may our prayers lay the tracks for Him to carry out His heart\u2019s desire on the earth.<br \/>\n&nbsp;<br \/>\nSeus irm\u00e3os em Cristo,<br \/>\nOs cooperadores na restaura\u00e7\u00e3o do Senhor\n<p><img alt=\"\" width=\"25650\" height=\"150\" \/><\/p>","protected":false},"excerpt":{"rendered":"<p>PERSEVERING IN PRAYER APRIL 16, 2020 Dear saints, We worship the Lord that He has stirred up so many of you to participate in the present burden for twenty-one days of prayer. Never before have so many across the entire globe joined together in one accord to pray as one man in such a sustained&hellip;<\/p>","protected":false},"author":1,"featured_media":0,"parent":0,"menu_order":0,"comment_status":"closed","ping_status":"closed","template":"","meta":{"inline_featured_image":false,"footnotes":""},"class_list":["post-778","page","type-page","status-publish","hentry"],"yoast_head":"<!-- This site is optimized with the Yoast SEO plugin v27.3 - https:\/\/yoast.com\/product\/yoast-seo-wordpress\/ -->\n<title>Letter 2 - Unceasingly Pray<\/title>\n<meta name=\"robots\" content=\"index, follow, max-snippet:-1, max-image-preview:large, max-video-preview:-1\" \/>\n<link rel=\"canonical\" href=\"https:\/\/unceasinglypray.org\/pt\/letter-2\/\" \/>\n<meta property=\"og:locale\" content=\"pt_BR\" \/>\n<meta property=\"og:type\" content=\"article\" \/>\n<meta property=\"og:title\" content=\"Letter 2 - Unceasingly Pray\" \/>\n<meta property=\"og:description\" content=\"PERSEVERING IN PRAYER APRIL 16, 2020 Dear saints, We worship the Lord that He has stirred up so many of you to participate in the present burden for twenty-one days of prayer. Never before have so many across the entire globe joined together in one accord to pray as one man in such a sustained&hellip;\" \/>\n<meta property=\"og:url\" content=\"https:\/\/unceasinglypray.org\/pt\/letter-2\/\" \/>\n<meta property=\"og:site_name\" content=\"Unceasingly Pray\" \/>\n<meta property=\"article:modified_time\" content=\"2020-04-29T22:46:57+00:00\" \/>\n<meta name=\"twitter:card\" content=\"summary_large_image\" \/>\n<meta name=\"twitter:label1\" content=\"Est. tempo de leitura\" \/>\n\t<meta name=\"twitter:data1\" content=\"4 minutos\" \/>\n<script type=\"application\/ld+json\" class=\"yoast-schema-graph\">{\"@context\":\"https:\\\/\\\/schema.org\",\"@graph\":[{\"@type\":\"WebPage\",\"@id\":\"https:\\\/\\\/unceasinglypray.org\\\/sk_sk\\\/letter-2\\\/\",\"url\":\"https:\\\/\\\/unceasinglypray.org\\\/sk_sk\\\/letter-2\\\/\",\"name\":\"Letter 2 - Unceasingly Pray\",\"isPartOf\":{\"@id\":\"https:\\\/\\\/unceasinglypray.org\\\/ar\\\/#website\"},\"datePublished\":\"2020-04-29T19:42:00+00:00\",\"dateModified\":\"2020-04-29T22:46:57+00:00\",\"breadcrumb\":{\"@id\":\"https:\\\/\\\/unceasinglypray.org\\\/sk_sk\\\/letter-2\\\/#breadcrumb\"},\"inLanguage\":\"pt-BR\",\"potentialAction\":[{\"@type\":\"ReadAction\",\"target\":[\"https:\\\/\\\/unceasinglypray.org\\\/sk_sk\\\/letter-2\\\/\"]}]},{\"@type\":\"BreadcrumbList\",\"@id\":\"https:\\\/\\\/unceasinglypray.org\\\/sk_sk\\\/letter-2\\\/#breadcrumb\",\"itemListElement\":[{\"@type\":\"ListItem\",\"position\":1,\"name\":\"Home\",\"item\":\"https:\\\/\\\/unceasinglypray.org\\\/pt\\\/\"},{\"@type\":\"ListItem\",\"position\":2,\"name\":\"Letter 2\"}]},{\"@type\":\"WebSite\",\"@id\":\"https:\\\/\\\/unceasinglypray.org\\\/ar\\\/#website\",\"url\":\"https:\\\/\\\/unceasinglypray.org\\\/ar\\\/\",\"name\":\"Unceasingly Pray\",\"description\":\"\",\"potentialAction\":[{\"@type\":\"SearchAction\",\"target\":{\"@type\":\"EntryPoint\",\"urlTemplate\":\"https:\\\/\\\/unceasinglypray.org\\\/ar\\\/?s={search_term_string}\"},\"query-input\":{\"@type\":\"PropertyValueSpecification\",\"valueRequired\":true,\"valueName\":\"search_term_string\"}}],\"inLanguage\":\"pt-BR\"}]}<\/script>\n<!-- \/ Yoast SEO plugin. -->","yoast_head_json":{"title":"Letter 2 - Unceasingly Pray","robots":{"index":"index","follow":"follow","max-snippet":"max-snippet:-1","max-image-preview":"max-image-preview:large","max-video-preview":"max-video-preview:-1"},"canonical":"https:\/\/unceasinglypray.org\/pt\/letter-2\/","og_locale":"pt_BR","og_type":"article","og_title":"Letter 2 - Unceasingly Pray","og_description":"PERSEVERING IN PRAYER APRIL 16, 2020 Dear saints, We worship the Lord that He has stirred up so many of you to participate in the present burden for twenty-one days of prayer. Never before have so many across the entire globe joined together in one accord to pray as one man in such a sustained&hellip;","og_url":"https:\/\/unceasinglypray.org\/pt\/letter-2\/","og_site_name":"Unceasingly Pray","article_modified_time":"2020-04-29T22:46:57+00:00","twitter_card":"summary_large_image","twitter_misc":{"Est. tempo de leitura":"4 minutos"},"schema":{"@context":"https:\/\/schema.org","@graph":[{"@type":"WebPage","@id":"https:\/\/unceasinglypray.org\/sk_sk\/letter-2\/","url":"https:\/\/unceasinglypray.org\/sk_sk\/letter-2\/","name":"Letter 2 - Unceasingly Pray","isPartOf":{"@id":"https:\/\/unceasinglypray.org\/ar\/#website"},"datePublished":"2020-04-29T19:42:00+00:00","dateModified":"2020-04-29T22:46:57+00:00","breadcrumb":{"@id":"https:\/\/unceasinglypray.org\/sk_sk\/letter-2\/#breadcrumb"},"inLanguage":"pt-BR","potentialAction":[{"@type":"ReadAction","target":["https:\/\/unceasinglypray.org\/sk_sk\/letter-2\/"]}]},{"@type":"BreadcrumbList","@id":"https:\/\/unceasinglypray.org\/sk_sk\/letter-2\/#breadcrumb","itemListElement":[{"@type":"ListItem","position":1,"name":"Home","item":"https:\/\/unceasinglypray.org\/pt\/"},{"@type":"ListItem","position":2,"name":"Letter 2"}]},{"@type":"WebSite","@id":"https:\/\/unceasinglypray.org\/ar\/#website","url":"https:\/\/unceasinglypray.org\/ar\/","name":"Unceasingly Pray","description":"","potentialAction":[{"@type":"SearchAction","target":{"@type":"EntryPoint","urlTemplate":"https:\/\/unceasinglypray.org\/ar\/?s={search_term_string}"},"query-input":{"@type":"PropertyValueSpecification","valueRequired":true,"valueName":"search_term_string"}}],"inLanguage":"pt-BR"}]}},"_links":{"self":[{"href":"https:\/\/unceasinglypray.org\/pt\/wp-json\/wp\/v2\/pages\/778","targetHints":{"allow":["GET"]}}],"collection":[{"href":"https:\/\/unceasinglypray.org\/pt\/wp-json\/wp\/v2\/pages"}],"about":[{"href":"https:\/\/unceasinglypray.org\/pt\/wp-json\/wp\/v2\/types\/page"}],"author":[{"embeddable":true,"href":"https:\/\/unceasinglypray.org\/pt\/wp-json\/wp\/v2\/users\/1"}],"replies":[{"embeddable":true,"href":"https:\/\/unceasinglypray.org\/pt\/wp-json\/wp\/v2\/comments?post=778"}],"version-history":[{"count":0,"href":"https:\/\/unceasinglypray.org\/pt\/wp-json\/wp\/v2\/pages\/778\/revisions"}],"wp:attachment":[{"href":"https:\/\/unceasinglypray.org\/pt\/wp-json\/wp\/v2\/media?parent=778"}],"curies":[{"name":"wp","href":"https:\/\/api.w.org\/{rel}","templated":true}]}}